{"id":39009,"date":"2026-03-18T17:11:00","date_gmt":"2026-03-18T17:11:00","guid":{"rendered":"https:\/\/soydeaqui.ddns.net\/pachuca\/index.php\/producto\/barra-para-union-de-cobre-medidas-20-x-10-16-x-0-64-cm-con-aisladores\/"},"modified":"2026-03-18T17:11:01","modified_gmt":"2026-03-18T17:11:01","slug":"barra-para-union-de-cobre-medidas-20-x-10-16-x-0-64-cm-con-aisladores","status":"publish","type":"product","link":"https:\/\/soydeaqui.ddns.net\/pachuca\/index.php\/producto\/barra-para-union-de-cobre-medidas-20-x-10-16-x-0-64-cm-con-aisladores\/","title":{"rendered":"Barra para Uni\u00f3n de Cobre, medidas  20 x 10.16 x 0.64 cm., con Aisladores"},"content":{"rendered":"<div style='width: 100%; max-width: 1200px; margin: 0 auto; font-family: sans-serif; line-height: 1.6; color: inherit; background-color: transparent;'>\n<div style='display: flex; flex-wrap: wrap; gap: 30px; margin-bottom: 30px;'>\n<div style='flex: 1 1 300px; min-width: 280px;'>\n<h3 style='font-size: 22px; border-bottom: 2px solid currentColor; padding-bottom: 5px; margin-top: 0; color: inherit; opacity: 0.8;'>Descripci\u00f3n<\/h3>\n<p style='margin: 0 0 10px; color: inherit;'>Las barras de uni\u00f3n son el m\u00e9todo de empalme permitido&comma; cuando es imposible mantener un s\u00f3lo tramo continuo de conductor. Tambi\u00e9n es utilizado para la distribuci\u00f3n de las diferentes redes de tierra f\u00edsica en un edificio. Su funci\u00f3n es distribuir los hilos de tierra tanto de manera directa a los equipos a proteger o bien mediante la utilizaci\u00f3n de acopladores secundarios. Asegura la continuidad el\u00e9ctrica y la capacidad de conducir corriente.<\/p>\n<\/p><\/div>\n<\/p><\/div>\n<div style='display: flex; flex-wrap: wrap; gap: 30px; margin-bottom: 30px;'>\n<div style='flex: 1 1 300px; min-width: 280px;'>\n<h3 style='font-size: 22px; border-bottom: 2px solid currentColor; padding-bottom: 5px; margin-top: 0; color: inherit; opacity: 0.8;'>Caracter\u00edsticas<\/h3>\n<ul style='padding-left: 20px; font-size: 15px; color: inherit;'>\n<li style='margin-bottom: 5px;'>Facilitan la revisi\u00f3n y mantenimiento de sus conexiones<\/li>\n<li style='margin-bottom: 5px;'>Listas para instalarse&comma; evitan ensamblar en campo o barrenar en sitio<\/li>\n<li style='margin-bottom: 5px;'>Permite que la conexi\u00f3n sea segura&comma; duradera&comma; confiable y evita las uniones de cables con cinta aislante&comma; capuchones o termocontr\u00e1ctiles&comma; que no son seguros ni duraderos<\/li>\n<\/ul><\/div>\n<\/p><\/div>\n<div style='display: flex; flex-wrap: wrap; gap: 30px; margin-bottom: 30px;'>\n<div style='flex: 1 1 300px; min-width: 280px;'>\n<h3 style='font-size: 22px; border-bottom: 2px solid currentColor; padding-bottom: 5px; margin-top: 0; color: inherit; opacity: 0.8;'>Especificaciones<\/h3>\n<ul style='padding-left: 20px; font-size: 15px; color: inherit;'>\n<li style='margin-bottom: 5px;'><strong>Dimensiones:<\/strong> 20 x 10.16 x 0.64 cm<\/li>\n<li style='margin-bottom: 5px;'><strong>Material:<\/strong> Cobre<\/li>\n<li style='margin-bottom: 5px;'><strong>Modelo:<\/strong> TGBTBE10<\/li>\n<li style='margin-bottom: 5px;'><strong>Marca:<\/strong> TOTAL GROUND<\/li>\n<\/ul><\/div>\n<\/p><\/div>\n<div style='display: flex; flex-wrap: wrap; gap: 30px; margin-bottom: 30px;'>\n<div style='flex: 1 1 300px; min-width: 280px;'>\n<h3 style='font-size: 22px; border-bottom: 2px solid currentColor; padding-bottom: 5px; margin-top: 0; color: inherit; opacity: 0.8;'>Dimensiones<\/h3>\n<ul style='padding-left: 20px; font-size: 15px; color: inherit;'>\n<li style='margin-bottom: 5px;'><strong>Ancho:<\/strong> 20 cm<\/li>\n<li style='margin-bottom: 5px;'><strong>Largo:<\/strong> 10.16 cm<\/li>\n<li style='margin-bottom: 5px;'><strong>Espesor:<\/strong> 0.64 cm<\/li>\n<\/ul><\/div>\n<\/p><\/div>\n<div style='display: flex; flex-wrap: wrap; gap: 30px; margin-bottom: 30px;'>\n<div style='flex: 1 1 300px; min-width: 280px;'>\n<h3 style='font-size: 22px; border-bottom: 2px solid currentColor; padding-bottom: 5px; margin-top: 0; color: inherit; opacity: 0.8;'>Notas<\/h3>\n<p style='margin: 0 0 10px; color: inherit;'>La barra de uni\u00f3n permite mantener la continuidad el\u00e9ctrica entre conductores de tierra&comma; facilitando la conexi\u00f3n a tierra de m\u00faltiples equipos en un mismo punto. Se utiliza cuando es imposible mantener un solo tramo continuo de conductor de tierra o cuando se requiere distribuir el sistema de tierra en diferentes puntos de un edificio.<\/p>\n<\/p><\/div>\n<\/p><\/div>\n<div style='display: flex; flex-wrap: wrap; gap: 30px; margin-bottom: 30px;'>\n<div style='flex: 1 1 300px; min-width: 280px;'>\n<h3 style='font-size: 22px; border-bottom: 2px solid currentColor; padding-bottom: 5px; margin-top: 0; color: inherit; opacity: 0.8;'>Aplicaciones<\/h3>\n<p style='margin: 0 0 10px; color: inherit;'>La barra de uni\u00f3n se utiliza principalmente en sistemas de puesta a tierra para: <\/p>\n<ul style='padding-left: 20px; margin-top: 10px; margin-bottom: 10px; font-size: 15px; list-style-type: disc; color: inherit;'>\n<li style='margin-bottom: 5px;'>Conexi\u00f3n de m\u00faltiples conductores de tierra<\/li>\n<li style='margin-bottom: 5px;'>Distribuci\u00f3n de tierras en edificios<\/li>\n<li style='margin-bottom: 5px;'>Conexi\u00f3n de sistemas de tierra de equipos el\u00e9ctricos<\/li>\n<li style='margin-bottom: 5px;'>Interconexi\u00f3n de redes de tierra<\/li>\n<\/ul>\n<\/p><\/div>\n<\/p><\/div>\n<div style='display: flex; flex-wrap: wrap; gap: 30px; margin-bottom: 30px;'>\n<div style='flex: 1 1 300px; min-width: 280px;'>\n<h3 style='font-size: 22px; border-bottom: 2px solid currentColor; padding-bottom: 5px; margin-top: 0; color: inherit; opacity: 0.8;'>Ventajas<\/h3>\n<ul style='padding-left: 20px; font-size: 15px; color: inherit;'>\n<li style='margin-bottom: 5px;'>Mayor seguridad el\u00e9ctrica<\/li>\n<li style='margin-bottom: 5px;'>Conexi\u00f3n m\u00e1s confiable que con cinta aislante o termocontr\u00e1ctiles<\/li>\n<li style='margin-bottom: 5px;'>Mayor durabilidad<\/li>\n<li style='margin-bottom: 5px;'>Facilita el mantenimiento<\/li>\n<li style='margin-bottom: 5px;'>Mejor continuidad el\u00e9ctrica<\/li>\n<li style='margin-bottom: 5px;'>Evita puntos de alta resistencia<\/li>\n<li style='margin-bottom: 5px;'>Mayor capacidad de conducci\u00f3n de corriente<\/li>\n<\/ul><\/div>\n<\/p><\/div>\n<div style='display: flex; flex-wrap: wrap; gap: 30px; margin-bottom: 30px;'>\n<div style='flex: 1 1 300px; min-width: 280px;'>\n<h3 style='font-size: 22px; border-bottom: 2px solid currentColor; padding-bottom: 5px; margin-top: 0; color: inherit; opacity: 0.8;'>Instalaci\u00f3n<\/h3>\n<p style='margin: 0 0 10px; color: inherit;'>La barra de uni\u00f3n se instala en un punto central del sistema de tierra&comma; donde se conectan todos los conductores de tierra individuales. Debe montarse en una ubicaci\u00f3n accesible para mantenimiento y verificaci\u00f3n. Los conductores de tierra se conectan a la barra mediante conectores aprobados para tierra&comma; asegurando buen contacto el\u00e9ctrico y mec\u00e1nico. La barra debe estar conectada a la red de tierra principal del edificio.<\/p>\n<\/p><\/div>\n<\/p><\/div>\n<div style='display: flex; flex-wrap: wrap; gap: 30px; margin-bottom: 30px;'>\n<div style='flex: 1 1 300px; min-width: 280px;'>\n<h3 style='font-size: 22px; border-bottom: 2px solid currentColor; padding-bottom: 5px; margin-top: 0; color: inherit; opacity: 0.8;'>Mantenimiento<\/h3>\n<p style='margin: 0 0 10px; color: inherit;'>El mantenimiento de la barra de uni\u00f3n consiste en verificar peri\u00f3dicamente:<\/p>\n<ul style='padding-left: 20px; font-size: 15px; color: inherit;'>\n<li style='margin-bottom: 5px;'>Conexi\u00f3n segura de todos los conductores<\/li>\n<li style='margin-bottom: 5px;'>Estado de los conectores<\/li>\n<li style='margin-bottom: 5px;'>Integridad de la barra<\/li>\n<li style='margin-bottom: 5px;'>Conexi\u00f3n a tierra principal<\/li>\n<\/ul><\/div>\n<\/p><\/div>\n<div style='display: flex; flex-wrap: wrap; gap: 30px; margin-bottom: 30px;'>\n<div style='flex: 1 1 300px; min-width: 280px;'>\n<h3 style='font-size: 22px; border-bottom: 2px solid currentColor; padding-bottom: 5px; margin-top: 0; color: inherit; opacity: 0.8;'>Normas y est\u00e1ndares<\/h3>\n<p style='margin: 0 0 10px; color: inherit;'>La barra de uni\u00f3n debe cumplir con los siguientes est\u00e1ndares:<\/p>\n<ul style='padding-left: 20px; font-size: 15px; color: inherit;'>\n<li style='margin-bottom: 5px;'>Normas locales de puesta a tierra<\/li>\n<li style='margin-bottom: 5px;'>IEC 62561 (Componentes para sistemas de protecci\u00f3n contra rayos)<\/li>\n<li style='margin-bottom: 5px;'>UL 96UL (Norma para conectores de tierra)<\/li>\n<\/ul><\/div>\n<\/p><\/div>\n<div style='display: flex; flex-wrap: wrap; gap: 30px;'>\n<div style='flex: 1 1 300px; min-width: 280px;'>\n<h3 style='font-size: 22px; border-bottom: 2px solid currentColor; padding-bottom: 5px; margin-top: 0; color: inherit; opacity: 0.8;'>Recomendaciones<\/h3>\n<p style='margin: 0 0 10px; color: inherit;'>Para el correcto uso de la barra de uni\u00f3n se recomienda:<\/p>\n<ul style='padding-left: 20px; font-size: 15px; color: inherit;'>\n<li style='margin-bottom: 5px;'>Usar conectores aprobados para tierra<\/li>\n<li style='margin-bottom: 5px;'>Evitar conexiones en lugares h\u00famedos o expuestos<\/li>\n<li style='margin-bottom: 5px;'>Realizar mantenimiento peri\u00f3dico<\/li>\n<li style='margin-bottom: 5px;'>Instalar en lugar accesible<\/li>\n<li style='margin-bottom: 5px;'>Conectar todos los conductores de tierra al sistema<\/li>\n<li style='margin-bottom: 5px;'>Evitar conexiones en paralelo de conductores de tierra<\/li>\n<\/ul><\/div>\n<\/p><\/div>\n<hr style='border: 0; border-top: 1px solid rgba(150&comma; 150&comma; 150&comma; 0.3); margin: 30px 0;'> <\/div>\n","protected":false},"excerpt":{"rendered":"<p>Barra para Uni\u00f3n de Cobre, medidas  20 x 10.16 x 0.64 cm., con Aisladores<\/p>\n","protected":false},"featured_media":39008,"comment_status":"open","ping_status":"closed","template":"","meta":[],"product_brand":[],"product_cat":[633],"product_tag":[634,605,635],"class_list":{"0":"post-39009","1":"product","2":"type-product","3":"status-publish","4":"has-post-thumbnail","6":"product_cat-accesorios-para-rack-gabinetes","7":"product_tag-accesorios-para-rack-gabinetes","8":"product_tag-racks-y-gabinetes","9":"product_tag-total-ground","11":"first","12":"outofstock","13":"sale","14":"shipping-taxable","15":"purchasable","16":"product-type-simple"},"_links":{"self":[{"href":"https:\/\/soydeaqui.ddns.net\/pachuca\/index.php\/wp-json\/wp\/v2\/product\/39009","targetHints":{"allow":["GET"]}}],"collection":[{"href":"https:\/\/soydeaqui.ddns.net\/pachuca\/index.php\/wp-json\/wp\/v2\/product"}],"about":[{"href":"https:\/\/soydeaqui.ddns.net\/pachuca\/index.php\/wp-json\/wp\/v2\/types\/product"}],"replies":[{"embeddable":true,"href":"https:\/\/soydeaqui.ddns.net\/pachuca\/index.php\/wp-json\/wp\/v2\/comments?post=39009"}],"wp:featuredmedia":[{"embeddable":true,"href":"https:\/\/soydeaqui.ddns.net\/pachuca\/index.php\/wp-json\/wp\/v2\/media\/39008"}],"wp:attachment":[{"href":"https:\/\/soydeaqui.ddns.net\/pachuca\/index.php\/wp-json\/wp\/v2\/media?parent=39009"}],"wp:term":[{"taxonomy":"product_brand","embeddable":true,"href":"https:\/\/soydeaqui.ddns.net\/pachuca\/index.php\/wp-json\/wp\/v2\/product_brand?post=39009"},{"taxonomy":"product_cat","embeddable":true,"href":"https:\/\/soydeaqui.ddns.net\/pachuca\/index.php\/wp-json\/wp\/v2\/product_cat?post=39009"},{"taxonomy":"product_tag","embeddable":true,"href":"https:\/\/soydeaqui.ddns.net\/pachuca\/index.php\/wp-json\/wp\/v2\/product_tag?post=39009"}],"curies":[{"name":"wp","href":"https:\/\/api.w.org\/{rel}","templated":true}]}}