{"id":38990,"date":"2026-03-18T17:10:27","date_gmt":"2026-03-18T17:10:27","guid":{"rendered":"https:\/\/soydeaqui.ddns.net\/pachuca\/index.php\/producto\/lampara-arbotante-4-w-220-lm-dimensiones-120-x-80-x-40-mm-85-265-vca-50-60hz-luz-calida-2-700-k-uso-en-exterior-ip-54\/"},"modified":"2026-03-18T17:10:33","modified_gmt":"2026-03-18T17:10:33","slug":"lampara-arbotante-4-w-220-lm-dimensiones-120-x-80-x-40-mm-85-265-vca-50-60hz-luz-calida-2-700-k-uso-en-exterior-ip-54","status":"publish","type":"product","link":"https:\/\/soydeaqui.ddns.net\/pachuca\/index.php\/producto\/lampara-arbotante-4-w-220-lm-dimensiones-120-x-80-x-40-mm-85-265-vca-50-60hz-luz-calida-2-700-k-uso-en-exterior-ip-54\/","title":{"rendered":"L\u00e1mpara Arbotante 4 W 220 lm \/ Dimensiones 120 x 80 x 40 mm \/ 85 &#8211; 265 Vca~ 50\/60Hz \/ Luz C\u00e1lida 2 700 K \/ Uso en exterior IP 54."},"content":{"rendered":"<div style='width: 100%; max-width: 1200px; margin: 0 auto; font-family: sans-serif; line-height: 1.6; color: inherit; background-color: transparent;'>\n<div style='display: flex; flex-wrap: wrap; gap: 30px; margin-bottom: 30px;'>\n<div style='flex: 1 1 300px; min-width: 280px;'>\n<h3 style='font-size: 22px; border-bottom: 2px solid currentColor; padding-bottom: 5px; margin-top: 0; color: inherit; opacity: 0.8;'>Caracter\u00edsticas Principales<\/h3>\n<ul style='padding-left: 20px; font-size: 15px; color: inherit;'>\n<li style='margin-bottom: 5px;'><strong>Potencia:<\/strong> 4 W<\/li>\n<li style='margin-bottom: 5px;'><strong>Montaje:<\/strong> sobre Pared<\/li>\n<li style='margin-bottom: 5px;'><strong>Tipo de luz:<\/strong> indirecta<\/li>\n<li style='margin-bottom: 5px;'><strong>Flujo luminoso:<\/strong> 220 lm<\/li>\n<\/ul><\/div>\n<div style='flex: 1 1 300px; min-width: 280px;'>\n<h3 style='font-size: 22px; border-bottom: 2px solid currentColor; padding-bottom: 5px; margin-top: 0; color: inherit; opacity: 0.8;'>Caracter\u00edsticas F\u00edsicas y El\u00e9ctricas<\/h3>\n<ul style='padding-left: 20px; font-size: 15px; color: inherit;'>\n<li style='margin-bottom: 5px;'><strong>Temperatura de color:<\/strong> 2700 K<\/li>\n<li style='margin-bottom: 5px;'><strong>Voltaje:<\/strong> 85-265 Vca 50\/60Hz<\/li>\n<li style='margin-bottom: 5px;'><strong>Material:<\/strong> Aleaci\u00f3n de acero en color negro mate<\/li>\n<li style='margin-bottom: 5px;'><strong>Lentes:<\/strong> 4 lupas de cristal templado<\/li>\n<li style='margin-bottom: 5px;'><strong>Dimensiones:<\/strong> 120 x 80 x 40 mm<\/li>\n<\/ul><\/div>\n<div style='flex: 1 1 300px; min-width: 280px;'>\n<h3 style='font-size: 22px; border-bottom: 2px solid currentColor; padding-bottom: 5px; margin-top: 0; color: inherit; opacity: 0.8;'>Caracter\u00edsticas Destacadas<\/h3>\n<ul style='padding-left: 20px; font-size: 15px; color: inherit;'>\n<li style='margin-bottom: 5px;'>Luz uniforme y extensa hacia arriba y abajo<\/li>\n<li style='margin-bottom: 5px;'>Chips LED de alta calidad<\/li>\n<li style='margin-bottom: 5px;'>Protecci\u00f3n IP 54 (polvo y salpicaduras de agua)<\/li>\n<li style='margin-bottom: 5px;'>Garant\u00eda de 3 a\u00f1os sobre defectos de fabricaci\u00f3n<\/li>\n<\/ul><\/div>\n<\/p><\/div>\n<div style='text-align: center; margin: 30px 0;'>\n<p style='font-size: 18px; color: #267a30; font-weight: bold; margin-bottom: 15px;'>Ideal para instalaciones exteriores\/jard\u00edn<\/p>\n<\/p><\/div>\n<div style='display: flex; flex-wrap: wrap; justify-content: center; gap: 30px;'>\n<div style='width: 100%; max-width: 600px;'> <img style='width: 100%; height: auto; border: 1px solid rgba(150&comma;150&comma;150&comma;0.3); border-radius: 8px;' src='data:image\/jpeg;base64&comma;\/9j\/4AAQSkZJRgABAQAAAQABAAD\/2wCEAAkGBxISEhUTExISFhIXGBUWFRUXGRUVGhgXFRYYGxkbFh0YHSgsGB0nHxYdIjEhJSkrLi4uFyAzODMtNygtLisBCgoKDg0OGxAQGi0lICYvLS0tLS0vLS8tLS0tLS0tLS0tLS0tLS0tLS0tLS0tLS0tLS0tLS0tLS0tLS0tLS0tLS0tLf\/AABEIAGUBVQMBEQACEQEDEQH\/xAAcAAEAAwADAQEAAAAAAAAAAAAABQYHAQMEAgj\/xABFEAACAQIDAwkEBQkHBQAAAAABAgADEQQSIQUGMQciQVFhcYGRoRMycrEUI0KCw8MVJTVi0eHxMzVj\/8QAGQEBAAMBAQAAAAAAAAAAAAAAAAECAwQF\/8QALhEAAgIBAwMCBQMEAwAAAAAAAAECEQMSITEEBSExUQYicYGRsRQjQtHh8DJC\/8QAFgEBAQEAAAAAAAAAAAAAAAAAAAAA\/8QAHRABAAECBAUDBQAAAAAAAAAAAAEAAhEDIRIxBEFRE2FxgaHh8f\/EABQRAQAAAAAAAAAAAAAAAAAAAAD\/xAAUEAEBAQAAAAAAAAAAAAAAAAAAAAA\/8QAFhEBAQEAAAAAAAAAAAAAAAAAAAAA\/8QAFhEBAQEAAAAAAAAAAAAAAAAAAAAA\/8QAFhEBAQEAAAAAAAAAAAAAAAAAAAAA\/8QAARwBAQADAQEBAQAAAAAAAAAAAAABAgMREiExQf\/EADIRAAEDAgQFAgUFAAAAAAAAAAEAAhEhMQMSQVEUYXGB8JGhsdHxM8Hh\/8QAUBgBAAMBAQEAAAAAAAAAAAAAAAECAwQFBhEJ\/8QAPhEAAgECBAMGAwUGBQUBAAAAAAECAxEEEiExBUEGcRMyUqEUI7HwBxUjMkJSYnKC0eE1Y4KS\/8QAFgEBAQEBAQAAAAAAAAAAAAAAAAECAwT\/xAAgEQEBAQEBAQEAAAAAAAAAAAAAAREhMUH\/2gAMAwEAAhEDEQA\/AL+AB\/\/Z' alt='JLML-5050 | PRODUCTOS | JWJ | LIGHTING KING'> <\/div>\n<\/p><\/div>\n<hr style='border: 0; border-top: 1px solid rgba(150&comma; 150&comma; 150&comma; 0.3); margin: 30px 0;'> <\/div>\n","protected":false},"excerpt":{"rendered":"<p>L\u00e1mpara Arbotante 4 W 220 lm \/ Dimensiones 120 x 80 x 40 mm \/ 85 &#8211; 265 Vca~ 50\/60Hz \/ Luz C\u00e1lida 2 700 K \/ Uso en exterior IP 54.<\/p>\n","protected":false},"featured_media":38989,"comment_status":"open","ping_status":"closed","template":"","meta":[],"product_brand":[],"product_cat":[1198],"product_tag":[1167,1169,1199],"class_list":{"0":"post-38990","1":"product","2":"type-product","3":"status-publish","4":"has-post-thumbnail","6":"product_cat-uso-exterior","7":"product_tag-iluminacion","8":"product_tag-jwj","9":"product_tag-uso-exterior","11":"first","12":"outofstock","13":"sale","14":"shipping-taxable","15":"purchasable","16":"product-type-simple"},"_links":{"self":[{"href":"https:\/\/soydeaqui.ddns.net\/pachuca\/index.php\/wp-json\/wp\/v2\/product\/38990","targetHints":{"allow":["GET"]}}],"collection":[{"href":"https:\/\/soydeaqui.ddns.net\/pachuca\/index.php\/wp-json\/wp\/v2\/product"}],"about":[{"href":"https:\/\/soydeaqui.ddns.net\/pachuca\/index.php\/wp-json\/wp\/v2\/types\/product"}],"replies":[{"embeddable":true,"href":"https:\/\/soydeaqui.ddns.net\/pachuca\/index.php\/wp-json\/wp\/v2\/comments?post=38990"}],"wp:featuredmedia":[{"embeddable":true,"href":"https:\/\/soydeaqui.ddns.net\/pachuca\/index.php\/wp-json\/wp\/v2\/media\/38989"}],"wp:attachment":[{"href":"https:\/\/soydeaqui.ddns.net\/pachuca\/index.php\/wp-json\/wp\/v2\/media?parent=38990"}],"wp:term":[{"taxonomy":"product_brand","embeddable":true,"href":"https:\/\/soydeaqui.ddns.net\/pachuca\/index.php\/wp-json\/wp\/v2\/product_brand?post=38990"},{"taxonomy":"product_cat","embeddable":true,"href":"https:\/\/soydeaqui.ddns.net\/pachuca\/index.php\/wp-json\/wp\/v2\/product_cat?post=38990"},{"taxonomy":"product_tag","embeddable":true,"href":"https:\/\/soydeaqui.ddns.net\/pachuca\/index.php\/wp-json\/wp\/v2\/product_tag?post=38990"}],"curies":[{"name":"wp","href":"https:\/\/api.w.org\/{rel}","templated":true}]}}