{"id":38985,"date":"2026-03-18T17:10:19","date_gmt":"2026-03-18T17:10:19","guid":{"rendered":"https:\/\/soydeaqui.ddns.net\/pachuca\/index.php\/producto\/bateria-de-litio-lfp-inteligente-de-4096wh-para-aumentar-tiempo-de-respaldo-compatible-con-efd521-delta-pro-3\/"},"modified":"2026-03-18T17:10:25","modified_gmt":"2026-03-18T17:10:25","slug":"bateria-de-litio-lfp-inteligente-de-4096wh-para-aumentar-tiempo-de-respaldo-compatible-con-efd521-delta-pro-3","status":"publish","type":"product","link":"https:\/\/soydeaqui.ddns.net\/pachuca\/index.php\/producto\/bateria-de-litio-lfp-inteligente-de-4096wh-para-aumentar-tiempo-de-respaldo-compatible-con-efd521-delta-pro-3\/","title":{"rendered":"Bater\u00eda de Litio LFP Inteligente de 4096Wh para Aumentar Tiempo de Respaldo Compatible con EFD521 (Delta Pro 3)"},"content":{"rendered":"<div style='width: 100%; max-width: 1200px; margin: 0 auto; font-family: sans-serif; line-height: 1.6; color: inherit; background-color: transparent;'>\n<div style='display: flex; flex-direction: column; align-items: center; text-align: center; margin-bottom: 30px;'>\n<h2 style='font-size: 2rem; margin: 0 0 15px; color: inherit; font-family: Satoshi-Variable&comma; sans-serif;'>Hazlo triple<\/h2>\n<p style='font-size: 20px; color: inherit; margin: 0; max-width: 800px;'>Duplica o triplica la capacidad de tu DELTA Pro a 7.2kWh o 10.8kWh. Esto te puede dar incluso hasta d\u00edas de energ\u00eda para tus electrodom\u00e9sticos esenciales.<\/p>\n<\/p><\/div>\n<p style='text-align: center; margin: 30px 0;'><img style='width: 100%; height: auto; border: 1px solid rgba(150&comma;150&comma;150&comma;0.3); border-radius: 8px;' src='https:\/\/ftp3.syscom.mx\/usuarios\/fotos\/EFD500EB\/216301-capacidad_ampliable.jpg' alt=''><\/p>\n<h2 style='text-align: center; font-size: 24px; color: #3598db; margin: 40px 0 20px;'>Especificaciones<\/h2>\n<div style='display: flex; flex-wrap: wrap; gap: 20px; margin-bottom: 30px;'>\n<div style='flex: 1 1 300px; min-width: 280px;'>\n<div style='border: 1px solid rgba(150&comma; 150&comma; 150&comma; 0.4); border-radius: 8px; overflow: hidden;'>\n<div style='padding: 15px; border-bottom: 1px solid rgba(150&comma; 150&comma; 150&comma; 0.2); font-weight: bold; font-size: 18px; color: #3598db;'>Caracter\u00edsticas Generales<\/div>\n<div style='padding: 15px; color: inherit;'>\n<ul style='padding-left: 20px; margin: 0; font-size: 14px; list-style-type: disc;'>\n<li style='margin-bottom: 5px;'>Peso Neto: 38 kg<\/li>\n<li style='margin-bottom: 5px;'>Dimensiones: 635 \u00d7 285 \u00d7 416 mm<\/li>\n<li style='margin-bottom: 5px;'>Capacidad: 3600Wh a 48V<\/li>\n<li style='margin-bottom: 5px;'>Qu\u00edmica de las celdas: LFP<\/li>\n<li style='margin-bottom: 5px;'>Ciclos de vida \u00fatil: 3500 ciclos a m\u00e1s del 80% de la capacidad<\/li>\n<\/ul><\/div>\n<\/p><\/div>\n<\/p><\/div>\n<div style='flex: 1 1 300px; min-width: 280px;'>\n<div style='border: 1px solid rgba(150&comma; 150&comma; 150&comma; 0.4); border-radius: 8px; overflow: hidden;'>\n<div style='padding: 15px; border-bottom: 1px solid rgba(150&comma; 150&comma; 150&comma; 0.2); font-weight: bold; font-size: 18px; color: #3598db;'>Puerto de Entrada<\/div>\n<div style='padding: 15px; color: inherit;'>\n<ul style='padding-left: 20px; margin: 0; font-size: 14px; list-style-type: disc;'>\n<li style='margin-bottom: 5px;'>Entrada de la bater\u00eda adicional: 48V 3200W M\u00e1x.<\/li>\n<\/ul><\/div>\n<\/p><\/div>\n<div style='margin-top: 20px; border: 1px solid rgba(150&comma; 150&comma; 150&comma; 0.4); border-radius: 8px; overflow: hidden;'>\n<div style='padding: 15px; border-bottom: 1px solid rgba(150&comma; 150&comma; 150&comma; 0.2); font-weight: bold; font-size: 18px; color: #3598db;'>Puerto de Salida<\/div>\n<div style='padding: 15px; color: inherit;'>\n<ul style='padding-left: 20px; margin: 0; font-size: 14px; list-style-type: disc;'>\n<li style='margin-bottom: 5px;'>Salida de la bater\u00eda adicional: 45V-54V 4260W M\u00e1x.<\/li>\n<\/ul><\/div>\n<\/p><\/div>\n<\/p><\/div>\n<\/p><\/div>\n<div style='display: flex; flex-direction: column; align-items: center; text-align: center; margin: 40px 0;'>\n<h2 style='font-size: 22px; margin: 0 0 15px; color: inherit;'>Carga en cualquier momento&comma; en cualquier lugar<\/h2>\n<p style='font-size: 20px; color: inherit; max-width: 800px; margin: 0 auto;'>La bater\u00eda adicional inteligente EFD500EB se beneficia de todos los m\u00e9todos de carga que tiene DELTA Pro. Esto significa que puedes cargar en cualquier momento&comma; en cualquier lugar&comma; siempre y cuando tu bater\u00eda adicional est\u00e9 conectada al DELTA Pro. Una vez conectadas&comma; cargar\u00e1n y descargar\u00e1n al unisono&comma; manteniendo el nivel de bater\u00eda en porcentajes \u00f3ptimos en ambas unidades.<\/p>\n<\/p><\/div>\n<p style='text-align: center; margin: 30px 0;'><img style='width: 100%; height: auto; border: 1px solid rgba(150&comma;150&comma;150&comma;0.3); border-radius: 8px;' src='https:\/\/ftp3.syscom.mx\/usuarios\/fotos\/EFD500EB\/216301-tipos_de_carga.jpg' alt=''><\/p>\n<div style='display: flex; flex-direction: column; align-items: center; text-align: center; margin: 40px 0;'>\n<h2 style='font-size: 22px; margin: 0 0 15px; color: inherit;'>Mantente informado.<\/h2>\n<p style='font-size: 20px; color: inherit; max-width: 800px; margin: 0 auto;'>La bater\u00eda adicional inteligente EFD500EB cuenta con una brillante pantalla LCD en la parte frontal de la unidad que te proporciona toda la informaci\u00f3n que necesitas. Salida&comma; entrada&comma; carga restante y tiempo restante. Todo est\u00e1 ah\u00ed. \u00bfNecesitas informaci\u00f3n sobre la marcha? La aplicaci\u00f3n EcoFlow puede proporcionarte todo eso y mucho m\u00e1s.<\/p>\n<\/p><\/div>\n<p style='text-align: center; margin: 30px 0;'><img style='width: 100%; height: auto; border: 1px solid rgba(150&comma;150&comma;150&comma;0.3); border-radius: 8px;' src='https:\/\/ftp3.syscom.mx\/usuarios\/fotos\/EFD500EB\/216301-monitoreo_local.jpg' alt=''><\/p>\n<div style='display: flex; flex-wrap: wrap; gap: 30px; margin-top: 40px;'>\n<div style='flex: 1 1 300px; min-width: 280px;'>\n<h3 style='font-size: 20px; border-bottom: 2px solid currentColor; padding-bottom: 5px; margin-top: 0; color: inherit; opacity: 0.8;'>Contenido<\/h3>\n<ul style='padding-left: 20px; font-size: 15px; color: inherit;'>\n<li style='margin-bottom: 5px;'>Bater\u00eda Adicional DELTA Pro (EFD500EB)<\/li>\n<li style='margin-bottom: 5px;'>Cable de carga<\/li>\n<li style='margin-bottom: 5px;'>Protector<\/li>\n<li style='margin-bottom: 5px;'>Manual de Usuario<\/li>\n<li style='margin-bottom: 5px;'>Warranty Card<\/li>\n<\/ul><\/div>\n<div style='flex: 1 1 300px; min-width: 280px;'>\n<p style='margin: 0;'><img style='width: 100%; height: auto; border: 1px solid rgba(150&comma;150&comma;150&comma;0.3); border-radius: 8px;' src='https:\/\/ftp3.syscom.mx\/usuarios\/fotos\/EFD500EB\/216301-contenido.jpg' alt=''><\/p>\n<\/p><\/div>\n<\/p><\/div>\n<\/p><\/div>\n","protected":false},"excerpt":{"rendered":"<p>Bater\u00eda de Litio LFP Inteligente de 4096Wh para Aumentar Tiempo de Respaldo Compatible con EFD521 (Delta Pro 3)<\/p>\n","protected":false},"featured_media":38984,"comment_status":"open","ping_status":"closed","template":"","meta":[],"product_brand":[],"product_cat":[1114],"product_tag":[1116,1115,1101],"class_list":{"0":"post-38985","1":"product","2":"type-product","3":"status-publish","4":"has-post-thumbnail","6":"product_cat-estaciones-de-energia-portables","7":"product_tag-ecoflow","8":"product_tag-estaciones-de-energia-portables","9":"product_tag-respaldo-de-energia","11":"first","12":"outofstock","13":"sale","14":"shipping-taxable","15":"purchasable","16":"product-type-simple"},"_links":{"self":[{"href":"https:\/\/soydeaqui.ddns.net\/pachuca\/index.php\/wp-json\/wp\/v2\/product\/38985","targetHints":{"allow":["GET"]}}],"collection":[{"href":"https:\/\/soydeaqui.ddns.net\/pachuca\/index.php\/wp-json\/wp\/v2\/product"}],"about":[{"href":"https:\/\/soydeaqui.ddns.net\/pachuca\/index.php\/wp-json\/wp\/v2\/types\/product"}],"replies":[{"embeddable":true,"href":"https:\/\/soydeaqui.ddns.net\/pachuca\/index.php\/wp-json\/wp\/v2\/comments?post=38985"}],"wp:featuredmedia":[{"embeddable":true,"href":"https:\/\/soydeaqui.ddns.net\/pachuca\/index.php\/wp-json\/wp\/v2\/media\/38984"}],"wp:attachment":[{"href":"https:\/\/soydeaqui.ddns.net\/pachuca\/index.php\/wp-json\/wp\/v2\/media?parent=38985"}],"wp:term":[{"taxonomy":"product_brand","embeddable":true,"href":"https:\/\/soydeaqui.ddns.net\/pachuca\/index.php\/wp-json\/wp\/v2\/product_brand?post=38985"},{"taxonomy":"product_cat","embeddable":true,"href":"https:\/\/soydeaqui.ddns.net\/pachuca\/index.php\/wp-json\/wp\/v2\/product_cat?post=38985"},{"taxonomy":"product_tag","embeddable":true,"href":"https:\/\/soydeaqui.ddns.net\/pachuca\/index.php\/wp-json\/wp\/v2\/product_tag?post=38985"}],"curies":[{"name":"wp","href":"https:\/\/api.w.org\/{rel}","templated":true}]}}