{"id":38980,"date":"2026-03-18T17:10:13","date_gmt":"2026-03-18T17:10:13","guid":{"rendered":"https:\/\/soydeaqui.ddns.net\/pachuca\/index.php\/producto\/lampara-arbotante-6-w-330-lm-dimensiones-141-x-80-mm-85-265-vca-50-60hz-luz-calida-2-700-k-uso-en-exterior-ip-54\/"},"modified":"2026-03-18T17:10:18","modified_gmt":"2026-03-18T17:10:18","slug":"lampara-arbotante-6-w-330-lm-dimensiones-141-x-80-mm-85-265-vca-50-60hz-luz-calida-2-700-k-uso-en-exterior-ip-54","status":"publish","type":"product","link":"https:\/\/soydeaqui.ddns.net\/pachuca\/index.php\/producto\/lampara-arbotante-6-w-330-lm-dimensiones-141-x-80-mm-85-265-vca-50-60hz-luz-calida-2-700-k-uso-en-exterior-ip-54\/","title":{"rendered":"L\u00e1mpara Arbotante 6 W 330 lm \/ Dimensiones 141 x 80 mm \/ 85 &#8211; 265 Vca~ 50\/60Hz \/ Luz C\u00e1lida 2 700 K \/ Uso en exterior IP 54."},"content":{"rendered":"<div class='row'>\n<div class='col-12 text-center'>\n<h1 class='text-primary' style='text-align: center;'><img src='data:image\/jpeg;base64&comma;\/9j\/4AAQSkZJRgABAQAAAQABAAD\/2wCEAAkGBxISEhUTExISFhIXGBUWFRUXGRUVGhgXFRYYGxkbFh0YHSgsGB0nHxYdIjEhJSsrLi4uFyAzODMtNygtLisBCgoKDg0OGxAQGi0lICYvLzAtLS0tLTAtMCsvLS0tLS0vLS8tLS0tKy0vLS0tLy0tLS0tLS0tLS0vLS0tLS0tLf\/AABEIAGUBVQMBEQACEQEDEQH\/xAAcAAEAAwADAQEAAAAAAAAAAAAABQYHAQMEAgj\/xABFEAACAQIDAwkEBQkHBQAAAAABAgADEQQSIQUGMQciQVFhcYGRoRMycrEUI0KCwSQzRFJic5Ki0TRDVIOys8IVJdLh8P\/EABoBAQACAwEAAAAAAAAAAAAAAAAEBQIDBgH\/xAA0EQACAQMCBAIIBgMBAQAAAAAAAQIDBBESMQUTIUFRcRQyQlKBkbHwIjNhocHRIzTh8ST\/2gAMAwEAAhEDEQA\/ANxgCAIAgEbtzbdLCoGqXJOiqupJ\/Ads0V68aKzI1Vq0aSzIpWM3\/rt+bp00Hbdz56D0lZPiVR+qkv3K+V\/N+qsERV3oxjca7+GVfkJGd3XftGh3NV+0ef8A65iv8RW\/jb+sw59X3n8zDn1PefzOV29ih+kVv42PzM9VxWXtP5nvPqe8z10N7sYp\/PEjqYKfwmyN7XXtGau6q7kxgeUGoD9dSVh1pdSPAk39JJp8Sl7a+Rvhfy9pF52djkr01qoeYwuL6EWNiD3ES1p1I1IqUdixhNTjqRUNrb\/AErh6Ya323vY69CjW3eR3Suq8Sw8U18WQal+toL5lfxG+GMY39rlHUqqB6i8hyva77kZ3dV9zzNvHiz+kVPO01+lVveZh6RV94LvHix+kVPO8elVveY9Iq+8d9He7GKfzxPYVU\/hM1e117Rkruqu5at1t8DXqCjWVQ7XystwDYXsQSbHTjLC1vXUlomupNt7vXLTLcs+0MalCm1SobKvHpPUAJOqVI04uUtiXOahHUyiY7lAqk\/VUkVddWux7DpYDu1lTU4lN+oseZXTv5P1URFTe3GH++I7AEH4SO7yu\/aNDuqr9o6W3jxZ\/SKnnaYelVveZj6RV94DePFj9Iqed49Kre8x6RV947qe9uMH98T2EIfwmavK69oyV1VXtExs7f+qGArU0ZOkpdWHbqSD3aSTT4lPP410\/Q3wv5Z\/Ei\/4esHVXU3VgCD2GW8ZKSyizi01lEDvZvKMIFVVDVWFxfgova5676+UiXd1yeiXVka5ueV0W5SMRvfjHJPtco6lCgD0v6yqle15PcrpXdV9zyneHFH9Iq\/xETD0mt7zMPSKnvM7KO8+MXhXfxs3zE9V3WXtGSuaq9ouG6e9xxDijVUByDkZb2awuQR0GwvfhpLK0vXUlomupOtrvmPTLckt4956eEspUvUIzBRoAL2ux6OB4X4Tdc3caPTGWba9zGl03ZT8Xv3iWvkFNB0WBJHixt6SunxGq9sIgyvqj2wiNq7z4xuNd\/Cy\/ICaHd1n7RpdzVftHR\/1zE\/4it\/G39Zhz6vvP5mPPqe8\/mfSbfxQ1GIq+LE\/Oeq4rL2n8z1V6i9pntw2+OMQ3NQOOplUj0sfWbY31ePfJsjd1V3J7ZnKACQK9Kw6XS5t3qejuPhJdLiXXFRfFf0Sad\/2mvkXelUDAMpBBFwR0gy0TTWUWCaayj6np6ReIx1VmK0FTKCA1WoSF4i4QDVyBfpAB6eM0SqTbxBLze3w8TTKcm8Q+bGIfEgBqRoVQL5k1QnTgjXIBv1xJ1V1jh\/t\/YbqLrHDPZgsWtVcwuCCQynQqw4hu306pshNTWUbITUllHomZkIAgCAZxyl0n9vTYg+zyWU9GYEkjsPCU\/EYy1p9sFRxBPWn2wU68rsEDIvGBkXjAyLxgZF4wMn1SRmIVQWY8AAST3AT1RbeEerLeEaju9sqtTwD0m5tV1q5QT7pcELqOHX4y7t6M427i93kuaFKcaDi93ky2opUkEEEEggixBHEEdBlG008MpX0eGcXjAyLxgZF4wMi8YGSxbh4F6mKVx7lPnOe8EAd5PyMmWVNyqp9kS7KDlUTXYvm92znr4Zkp6vcMBe17HhLS7pOpTajuWd1TdSm1HcyOopUkMCCNCCLEHtBlA010ZQvp0Z83nmBkXjAyLxgZF4wMnt2Rsypiagp01ueJPAKOsmbKVGVSWmJspU5VJaYmxbNwgo0kpg3yKFv12E6KnDRBR8C\/pw0RUfAre\/G7lTE5atIAuqlSpNiRe4tfTS56ZCvbaVXEo7kS8t5VMSjuZzisO9NstRGRh0MCD69EqJQlF4ksFTJOLxJYOq8xwY5F4wMlv5P9jVGrLiCCKaBspP2mIK2HYLnXulhYUJOfMeyJ9jRk563sj65Qtl1vbmsFZqRVRmGoUjQg9Q6b8NZ7f0Z69eOh7fUp69fYp15XYK\/IvGBkXjAyLxgZF4wMi8YGTXtzqTrg6QqAhrE2PEKWJX0tOgtIyVFKRfWqapLJKYtytNyOIViO8Cb5vEWzdJ4i2VzeCiEw+EUDOvt6AK6fWXDXGtgc1+nTWQ68UqcEuvVfH\/0iV0lCC36r4npwS5sQvsqJoLTLe2Vsqlw6EJZaZIYX1uT0TOCzUWmOnG\/6\/Izh1mtKxjf7R341zTrMUNsyoWGnEFxfvPDwmU3pm8GU3pm8EzJJIEAQBAPirSVgVYBlPEEXB8540msM8aTWGUbfrdmklI16KhCpGdRoCpNrgDpuR4XlbeWsVHXBYKu+tYxhrgsY3M+zSswVGRmjAyM0YGRmjAybHutsNMNRXmj2rKDUbibkXIB6hL63oRpxXj3OjtqEaUF49yakgkkLvLsCniqbc0e2AOR+BvY2BPVeR7i3jVj+pGuLeNWL8exjraaHjKLBzmTjNPMDIzRgZGaMDJoPJZWGWuvTdG7wQw9LestOHPpJFvwySakvIvksi1K3vrsJcRRZ1X65ASpHFgOKnr04dsiXdBVIZW6Id5bqpBtboybNKTBz+RmjAyM0YGRmjAyaFyW11y1ktz7q1+tSCAPAg\/xS04c1iSLfhkk1Jdy9yyLUQDPeVNlzUBpmtUv12JS3yPrKviOMx+JUcUazH4\/wUTNK3BVZJndPZf0nEqh9wXd\/hX+pIHjJFtR5lRJ7Em0pc2oovbubEiAAAAADQAS9SwdEljoj6np6Ztyi7FSkUr01ChyVcCwGa1wQO3W\/dKm+oKLU49ym4hQUGpx7lLzSvwVmRmjAyM0YGTuwVBqtRKa+87BR3sba9kyjBykoruZQTnJRXc2DZG7mHw4GWmpcfbYAtfv6Je0ranT2XXxOipW1Omui6+JLzeSDgi+kArePRKQppXFQUaNRKtKqgLjmXstQKCVte17WItr0SJNKKSnsnlPy8SFUSgkp5wmmmv08TvxO1sM1Sm6VHeoobKlJWcuGGoawsOg3JFrTKVWm5Jp5f6Gcq1NyTTy\/Bdz3bPwrHNVrKBUe3N0ORVvlW\/Secb20uTNkIvrKW7NlODf4pbv9iQm03CAIAgCARm8wvhMR+6qHyQmaqyzTl5M0XX5M\/J\/Qw7PKPScjzBnjSOYM8aRzBnjSOYfoMToTtTmAIBkPKBs72GKJA5tW9QfESc3r85T3VLTUyu5zPEqfKrZWz6\/2VnPI2kgcwZ40jmDPGkcwn9xtqChi0LGyPem33uH8wEkWstFREywuFCss7PobLLk6kQDCNtqiYisqe4tRwvcGNpQ1IJTaXicfXko1ZKO2WeLPMNJq5gzxpHMGeNI5hN7nbX+j4pGJ5jcx\/hYjXwNj4Tfbz5dRMlWVzyqyb2fRm0A3l0dWcwDHN\/dpe1xlS3u07Uh9y+b+YtKe6lqqP9Ohy\/ELjXXf6dPv4lezyNpIXMNT5M9m+zoGseNW1vhQm3nf0EtLKlpjq8ToeF0sU9b7lxk0tBAKbypn8lp\/vl\/26kh3yzTXn\/ZV8WeKK8\/4ZlueVWk57mDPGkcwZ40jmE\/uGb4+gO1z5U3P4SRax\/yr77Ezh8s3EV5\/Rmyy5OpEAQBAFoAgCAIAgCAIBHbxj8kxH7mt\/ttNdX1JeTNF1+RPyf0MHlMcYIAgH1TQkgDiYSPUsvB+h5enciAIBVOUjZvtcIXAu1Ih\/u8G9Dfwka6hqhnwK3ilHmUNS3XX+zIZVnLiAIByGtrB6bZuXtP6RhKbE89R7N\/iTS57xY+Mt6E9cEzrbCtzaCfddH8D2bwbQ+j4erV6VU5e1joo8yJnUnoi5G25q8qlKfgYOTKU4w4gCAIAgGx7gba+k4bKfzlKyN2i3NbxsR92WttU1w8jquG3POpYe66EztrHjD0KlU\/YUm3Wegec2zlpi2S69VUqbm+xg1WoWYsxuxJJPWSbmUz69Ti223lnZgcMatRKa8XZVHibT2MdTSMqcHOaiu5vmEw600WmosqgADsEuopJYR2sIKEVFbI7p6ZCAU7lTS+ETsrKf5Kg\/GRbxfg+JVcXWaC8\/wCGZPKw5oQBALHyej\/uFH\/M\/wBp5vtvzV99ifwz\/Zj8fozZpbHViAIAgCAIAgCAIAgCAeXaq3o1R103H8pmM\/VZrrLNOXkzAJS4OKEYAjAPXshb1qY62EygvxI2UVmojfpdHaiAIB8V6QdWRhdWBUjrBFiJ41lYPJRUk0+5ge1cC1CtUpNe6MygkWuASAw7DxlNOGmTRxdak6c3B9jyzHBrEYAjALdyebwphqj06rZaVQA5jeysvd1g8ewSVbVVBtPYs+GXUaMnGb6P6nfv\/vUmItRokmmpuzcA50ta\/QOue3NZT\/DHYz4lexq\/46e31KVImCpEYAjAEYAjAJndXb7YOtnsWRhlqL1jrHaP69c20anLlklWdy7epq7dyW3z3yGLVaVJXWlxfNa7G+mgJsB3637Jtr1+YsLYlX3EOelCCwu+SoSLgqy5cl2z\/aYlqpGlJdPie4Hpm8pKtIZnnwLXhNHVWc\/D6v7Zq8sjpBAEAq\/KOt8E3Yyn0Mj3S\/xldxRZt2Y9KvBy4jAEYBaeTQXxy9iVD6W\/GSbVf5Cx4Uv\/AKF5M2CWZ1AgCAIAgCAIAgCAIAgHnx\/5qp8Df6TPJbMwqeo\/I\/PspTiRAEAkNgC+JpfGs2U\/WRvtvzY+ZvUtzshAEAQDNuVbZlmp4gDQ\/Vt3i5X0v5SDdw2kUPGKOGqq8mZ9IRSCAIAgCAIB6cRs+sih3pVFRuDMrAHuJGsycGllo2SpTitUotLyPNMTWIAgCAIAgGzbg7IOHwoze\/UPtGBFiLgAL4W9ZaW8NEDquHUOVR67vqWSbyeIAgFb5Qh+RVO8TRcflsgcS\/12YzKs5UQBALZyY\/20fu3\/AAkm1\/MLLhX+x8Ga9LI6cQBAEAQBAIreHb1HB089Qkk6Ig95j027BfU9HeQDrqVFBZZHubqFvHVL4LxM82hyjYpyfZrTpr0CxZvEn+khyupPYo6nFq0n+FJI4wXKLilIzrTqL0ixUnuI4eRiN1NbnlPi1aL\/ABJM0HdzeKjjEzUzZx71M2zL29o7ZMp1VNdC7truFxHMd+6JibCUdOMH1b\/C3yM8exjP1WfnuU5xAgCASe7IviqPxrNlL10SLT86PmbvLU7EQBAEAit6dm\/SMLVpgXYqSg\/bXVfMi3jNdWGqLRGu6PNoyj8vMwqVRx4gCAIAgE7uXsr6TikQi6Ld37l4eZsPGbaMNc8Eyxoc6sk9t2a7t3Zi4nDvRIGqnKepgOafAyxqQ1RwdNcUVVpuDMGdCpIIIIJBB0II4gypOOaaeGcQeCAIAgEnuzs76RiaVK2ha7fCuregt4zZShqkkSLWjza0YfeDdgJanYnMAQBAK9v6PyGr3D5zTX9RkLiP+vIxaVhyYgCAW7kv\/tv+W\/zWSLX1yz4T\/sfBmuSxOmEApW8u\/wDToMadBRVcaFr8xT1ae8fLvkWpcqLxHqVN1xSNN6aay\/2\/6VR+UDGk3zUx2BdPUzR6TMrXxS4b3XyJrYnKRqFxKAAm3tEvp2sutx3eU2QuveJdvxfriqviv6NEpVAwDKQVIBBBuCDqCCOIk1PJeJprKMb5QdpGtjHW90p2RR4DN43+QlbcS1TOX4lVdSu12XQrU0kAQCZ3P2g9HF0SptmdKbdquwBmyjJxmsEqyqyp1otd2l8GblLQ646cYwFNyeAVie4Azx7GM3iLbPz1Kg4kQBAJjc5b42gP2x6AzZRX40SrJZrw8zc5aHXCAIAgCAYlvvsw0MZVGUhHbOh4AhrEgdgJI8JWVoaZs5O\/o8uvLwfVEDNRDEAQBANV5K9nZMO1YjnVWsD+wmnhzs3kJOtY4jnxOi4RR00nN9\/ov+5LtJRbGO8o2zPY4tnC2SqA4NjbMbhhfruC33pXXEMTz4nL8To8uu2tn1\/sq00FeIAgCAaNyTbO\/O4gjqpIfJn\/AOPrJlrDeRecHo+tUfkv5\/g0WTC8EAQBAIPfZL4Gv2JfyImqt6jIl8s28vIxCVhyQgCAW7kvcDG69NNwO+6n5AyRbeuWXCXiv8Ga7LA6YhN9Me9DB1aiGz2UA\/E6qfQmaq0nGDaIl9VdOhKUd\/8Aph5MrDkhAEA1Xky2sXw7U3P5ogL15WuQPCxEnW08xw+x0XCq7lScZdjPt6KJTF11PHOx\/i1HoZFqLE2Ut3FxrST8SLmBHEAl90aIfGUASBaoja9JVgQPHhNlJZmiTZxUq8c+KN0lmdeV3fzai0MHUBIz1QaSDrzizHwW577dc0156YMg8QrKnQfi+iMWlccqIAgFu5MsEXxee3NpqST1FhYfj5TfbRzPJZcKpuVfV4GuywOmEAQBAEApvKfsz2mGFUDn0iCTbXI2h8LkHwke5hmOfAq+K0ddLWt19DJpAObEAQD1bLwTV6qUlGrsB4dJ8Bcz2MdTwbKVN1JqC7m+YXDrTRUUWVQAB3S1SwsI7KEVCKiux2z0yK3v\/sr6RhGIHPp3qL90HMB3iaa8NUCBxGhzaLxuupjErjlhAEA7MPRLuqKLsxCgdrGw+cJZeDKMXJqK7m9bGwAoUKdIfZUA9ptqfOWsI6YpHY0KSp01Bdj2zI2iAIAgHm2lh\/aUalP9ZGXzBmMllNGurDXBx8UYBWplGKsLMpII7QbGVTWDjJJxeGfEHggEnuxtIYbFUqx91Ws3wsCrHTjYMT4TOnLTJMkWtZUq0Zv77G7I4IBBBB1BGoIPVLQ69PPVEJvvQD4GsCQBZTc9aupHna3jNVZZgyJfxUreSf31MRlacmIAgF+5MMIWWuRwvTHkG\/rJVss5LnhUG1J+X8nHKnsYrUXEqOa9lfsYDmk940+7FzDrqHFrfElVXffzKDIpTCAfdGqyMGUkMpBBHEEG4Inq6dT2MnF5RdqPKZXCWajSZ\/1rsPMf+5JVzLGxbR4xUSw4rJV9tbarYp89Vr24KNFXuE0Tm5vLK+vcTrS1TZHTA0CAIBsnJ\/sQ4bDZnFqtWzsCLED7Knw1t1kywoU9MfM6jh1tyaWXu\/tFom8sBAEAQBAOrF4daiPTb3XVlPcwsfnPGsrBjOKnFxfc\/P8AjsMaVR6be8jMht1qSNPKVTWHg4ypBwk4vt0OieGAgF85KdmZqtTEEaUxlXT7T8bdoA\/mkq2hl6i44RRzN1H2+\/vzNQk06AQDgi+kAwnenZn0bFVaVuaGunH3G1XvsDbvBlZUhpk0cfd0eVWlD5eRFTWRxALhyY7M9rijVI5tFc332uF\/5H7skW8Myz4FnwqjrrantH6muSedKIAgCAIAgGR8pOwzRr+2UfV1iSeoVPtDsvx7ed1SBcU9Ms+JzXE7bl1Na2f1KfI5WCAIBZ9gb7YjCqE5tSmOAa9x2Kegdk3wryj0J9vxGrRWndfqcbx76V8Wnsiq06dwSFuSbcASei+trdAipWlNYFzxCpXjpxhFZmggCAcqCTYak8BPQbfudsb6LhkQj6xudU+I9Hhw8JY0oaI4Otsrfk0knv3JXG4RKyNTqKGRhZgf\/tD036LTY0msMkThGcXGSymZjvPuBUpXqYe9Sn+pqXGvQAOdIVS3a6xKC64XKH4qfVeHcpVRCpIIII0IIsQe2R8FU008M+YPBAEAQDtw2Heo2WmjO36qgsfIT1JvYyjCUniKyzT9z9xhQIrYizVRqqDVV7+syZSoaesjoLLhqpvXU6vwLxJJbCAIAgCAIAgGW8qWx8lUYhb2qaP2MqgDuuB6GQrmGHqOe4tb6Z8xd9yiyMVByikkAC5JsB2mMHqTfRG57p7I+i4ZKWmbVnI6Wb+gsPCWVKGiODrbOhyaSj37kxNhKEAQCicqWxs9NcSoJdLK9rnmXJB8CePbI1zDK1FPxa31RVVbrfyMukI585AvoOMHuDbNyti\/RcMqn33s79hIGncLepljRhpidXY2\/JpJd31ZPzaTBAEAQBAEA8+OwaVkanUUMjCxB\/DqM8kk1hmFSnGpFxkuhlG9O5NXDEvSDVKJOlgWZRYnngDhp70g1KDj1Wxzl3w6dJ6odV+68ypTQVogCAIAgHs2ZsytiGCUqbMbgEgEhb9LEe6O0zKMHLY20qM6rxBZNP3U3Gp4crVrWesDdR9lD0EdZ7TwkylQUer3L+z4bGk1OfWX7IuMkFoIAgHj2hsqhXFqtKm\/QCygkdx4jwmMoxlujVUo06nrxTK7jeTvBP7gqU\/ha\/8ArvNTt4PYhT4VQltlff6kPiuTemPdxD+Kg\/Iia3brxIs+ExW0n8jjC8m9M+9iH8FA+ZMK3XiIcJi95fsTWB5PMEnvCpUP7TEf6LTYreCJUOF0I75fn\/wsuDwVKiuWlTRF6lAXztxm5RS2J8KcILEVg9E9MxAEAQBAEAQBAPPj8FTrU2p1FDIwsQfw6j2zyUVJYZhUpxqRcZLKZn2O5OqYc5K7hegFQx8wR8pElbrPRlLU4VFPpL9ia3W3JoYdhWZjUqD3bgALx1A6++badFR6ku04fTpPW3llvm8shAEAQD5q0wwKsAVIIIOoIPEGNzxpNYZQdscndHNmpVXpgn3SM4Hdcg+d5FnbrsynrcKp5zF4\/c9m7O4tCi4qu7VXU3UEBVBHA21uR3zKnQSeWbLXhtOnLW3loukkFqIAgCAIAgCAIAgEVtTdzC4jWrRQt+sLq3iy2JmEqcZboj1bSjV9eJXMXybYYklKlVOy6sB5i\/rNLto9iDPhNJ9U2iLfk6W\/9oa3wD\/ymHo\/6kd8KWfW\/Y92G5NKB96vVPcFHzBmStl4m2PCKfeTJzA7kYGnY+xDkdLkt5gm3pNqoQXYmU+HW8PZz5\/eCfo0lRQqqFUcAoAA7gOE2pYJkYqKwkfcHogH\/9k=' alt='JLML-5050 | PRODUCTOS | JWJ | LIGHTING KING' class='fr-fic fr-dii'><\/h1>\n<\/p>\n<h1 class='text-primary' style='text-align: center;'><strong><span style='color: #000000;'>Especificaciones de Arbotante<\/span><\/strong><\/h1>\n<\/p>\n<\/div>\n<div class='col-12 col-md-4 mb-3'>\n<ul class='bg-light border-5 border-bottom border-success list-group list-group-flush rounded-2 shadow'>\n<li class='list-group-item text-bg-success bg-success fw-bolder'>Caracter\u00edsticas Principales:<\/li>\n<li class='list-group-item py-1'>Potencia de 6 W<\/li>\n<li class='list-group-item py-1'>Montaje sobre Pared<\/li>\n<li class='list-group-item py-1'>Luz indirecta<\/li>\n<li class='list-group-item py-1'>Flujo luminoso 330 lm<\/li>\n<\/ul>\n<\/div>\n<div class='col-12 col-md-4 mb-3'>\n<ul class='bg-light border-5 border-bottom border-success list-group list-group-flush rounded-2 shadow'>\n<li class='list-group-item text-bg-success bg-success fw-bolder'>Caracter\u00edsticas F\u00edsicas y El\u00e9ctricas:<\/li>\n<li class='list-group-item py-1'>Luz C\u00e1lida 2 700 \u00b0K<\/li>\n<li class='list-group-item py-1'>Voltaje de 85-265V~ 50\/60Hz<\/li>\n<li class='list-group-item py-1'>Material: Aleaci\u00f3n de acero en color negro mate<\/li>\n<li class='list-group-item py-1'>Cuenta con 4 Lupas de cristal templado<\/li>\n<li class='list-group-item py-1'>Dimensiones: 141 x 80 (Alto x ancho)<\/li>\n<\/ul>\n<\/div>\n<div class='col-12 col-md-4 mb-3'>\n<ul class='bg-light border-5 border-bottom border-success list-group list-group-flush rounded-2 shadow'>\n<li class='list-group-item text-bg-success bg-success '>Caracter\u00edsticas Destacadas:<\/li>\n<li class='list-group-item py-1'>Luz uniforme y extensa hacia arriba y abajo.<\/li>\n<li class='list-group-item py-1'>Chips LED de alta calidad<\/li>\n<li class='list-group-item py-1'>Protecci\u00f3n IP 54 (polvo y salpicaduras de agua)<\/li>\n<li class='list-group-item py-1'>Garant\u00eda de 3 a\u00f1os sobre defectos de fabricaci\u00f3n<\/li>\n<\/ul>\n<\/div>\n<p style='text-align: center;'><span style='color: #267a30; font-size: 18pt;'><strong>Ideal para instalaciones exteriores\/jard\u00edn.<\/strong><\/span><\/p>\n<p style='text-align: center;'><img src='https:\/\/ftp3.syscom.mx\/usuarios\/fotos\/JPAA0605\/233425-jpaa-0605_4.png' alt='' width='629' height='644' class='fr-fic fr-dii'><\/p>\n<p style='text-align: center;'>\n<\/div>\n","protected":false},"excerpt":{"rendered":"<p>L\u00e1mpara Arbotante 6 W 330 lm \/ Dimensiones 141 x 80 mm \/ 85 &#8211; 265 Vca~ 50\/60Hz \/ Luz C\u00e1lida 2 700 K \/ Uso en exterior IP 54.<\/p>\n","protected":false},"featured_media":38979,"comment_status":"open","ping_status":"closed","template":"","meta":[],"product_brand":[],"product_cat":[1198],"product_tag":[1167,1169,1199],"class_list":{"0":"post-38980","1":"product","2":"type-product","3":"status-publish","4":"has-post-thumbnail","6":"product_cat-uso-exterior","7":"product_tag-iluminacion","8":"product_tag-jwj","9":"product_tag-uso-exterior","11":"first","12":"instock","13":"sale","14":"shipping-taxable","15":"purchasable","16":"product-type-simple"},"_links":{"self":[{"href":"https:\/\/soydeaqui.ddns.net\/pachuca\/index.php\/wp-json\/wp\/v2\/product\/38980","targetHints":{"allow":["GET"]}}],"collection":[{"href":"https:\/\/soydeaqui.ddns.net\/pachuca\/index.php\/wp-json\/wp\/v2\/product"}],"about":[{"href":"https:\/\/soydeaqui.ddns.net\/pachuca\/index.php\/wp-json\/wp\/v2\/types\/product"}],"replies":[{"embeddable":true,"href":"https:\/\/soydeaqui.ddns.net\/pachuca\/index.php\/wp-json\/wp\/v2\/comments?post=38980"}],"wp:featuredmedia":[{"embeddable":true,"href":"https:\/\/soydeaqui.ddns.net\/pachuca\/index.php\/wp-json\/wp\/v2\/media\/38979"}],"wp:attachment":[{"href":"https:\/\/soydeaqui.ddns.net\/pachuca\/index.php\/wp-json\/wp\/v2\/media?parent=38980"}],"wp:term":[{"taxonomy":"product_brand","embeddable":true,"href":"https:\/\/soydeaqui.ddns.net\/pachuca\/index.php\/wp-json\/wp\/v2\/product_brand?post=38980"},{"taxonomy":"product_cat","embeddable":true,"href":"https:\/\/soydeaqui.ddns.net\/pachuca\/index.php\/wp-json\/wp\/v2\/product_cat?post=38980"},{"taxonomy":"product_tag","embeddable":true,"href":"https:\/\/soydeaqui.ddns.net\/pachuca\/index.php\/wp-json\/wp\/v2\/product_tag?post=38980"}],"curies":[{"name":"wp","href":"https:\/\/api.w.org\/{rel}","templated":true}]}}