{"id":3895,"date":"2026-03-18T06:13:16","date_gmt":"2026-03-18T06:13:16","guid":{"rendered":"https:\/\/soydeaqui.ddns.net\/pachuca\/index.php\/producto\/montaje-para-sensores-pir-hikvision-montaje-en-pared-o-techo-ajuste-rotativo-compatible-con-el-pir-cableado-o-inalambrico-axpro-facil-de-instalar-en-segundos\/"},"modified":"2026-03-18T06:13:18","modified_gmt":"2026-03-18T06:13:18","slug":"montaje-para-sensores-pir-hikvision-montaje-en-pared-o-techo-ajuste-rotativo-compatible-con-el-pir-cableado-o-inalambrico-axpro-facil-de-instalar-en-segundos","status":"publish","type":"product","link":"https:\/\/soydeaqui.ddns.net\/pachuca\/index.php\/producto\/montaje-para-sensores-pir-hikvision-montaje-en-pared-o-techo-ajuste-rotativo-compatible-con-el-pir-cableado-o-inalambrico-axpro-facil-de-instalar-en-segundos\/","title":{"rendered":"Montaje para Sensores PIR HIKVISION \/ Montaje en Pared o Techo \/ Ajuste Rotativo \/ Compatible con el PIR Cableado o Inalambrico (AXPRO) \/ Facil de Instalar (En Segundos)"},"content":{"rendered":"<div style='width: 100%; max-width: 1200px; margin: 0 auto; font-family: sans-serif; line-height: 1.6; color: inherit; background-color: transparent;'> <!-- Logo --> <\/p>\n<div style='display: flex; justify-content: center; margin: 30px 0;'> <img style='width: 45%; height: auto; border: 1px solid rgba(150&comma;150&comma;150&comma;0.3); border-radius: 8px;' src='https:\/\/ftp3.syscom.mx\/usuarios\/jsosa\/HIKVISION\/imagenes\/logo\/hikvision%20see%20far.png' alt='Logo Hikvision'> <\/div>\n<p> <!-- Secci\u00f3n de caracter\u00edsticas --> <\/p>\n<div style='display: flex; flex-wrap: wrap; gap: 30px; margin: 30px 0;'>\n<div style='flex: 1 1 300px; min-width: 280px;'>\n<div style='border-left: 5px solid #ff0000; border-radius: 5px; padding: 15px; box-shadow: 2px 2px 10px rgba(216&comma;216&comma;216&comma;0.3);'>\n<h3 style='font-size: 20px; margin-top: 0; margin-bottom: 15px; color: inherit; opacity: 0.85;'><strong>Caracter\u00edsticas principales:<\/strong><\/h3>\n<ul style='padding-left: 20px; font-size: 15px; color: inherit;'>\n<li style='margin-bottom: 8px;'>Montaje para sensores PIR Hikvision.<\/li>\n<li style='margin-bottom: 8px;'><strong>Modelos compatibles:<\/strong>\n<ul style='padding-left: 25px; margin-top: 8px; margin-bottom: 8px; font-size: 14px;'>\n<li style='margin-bottom: 5px;'><a href='https:\/\/www.syscom.mx\/producto\/DS-PD2-P10P-W-HIKVISION-164951.html' target='_blank' rel='noopener' style='color: inherit; text-decoration: underline; opacity: 0.9;'>DS-PD2-P10P-W<\/a><\/li>\n<li style='margin-bottom: 5px;'><a href='https:\/\/www.syscom.mx\/producto\/DS-PDC15-EG2-HIKVISION-200605.html' target='_blank' rel='noopener' style='color: inherit; text-decoration: underline; opacity: 0.9;'>DS-PDC15-EG2<\/a><\/li>\n<li style='margin-bottom: 5px;'><a href='https:\/\/www.syscom.mx\/producto\/DS-PDD12P-EG2-HIKVISION-195392.html' target='_blank' rel='noopener' style='color: inherit; text-decoration: underline; opacity: 0.9;'>DS-PDD12P-EG2<\/a><\/li>\n<li style='margin-bottom: 5px;'><a href='https:\/\/www.syscom.mx\/producto\/DS-PDD15AM-EG2-HIKVISION-200610.html' target='_blank' rel='noopener' style='color: inherit; text-decoration: underline; opacity: 0.9;'>DS-PDD15AM-EG2<\/a><\/li>\n<li style='margin-bottom: 5px;'><a href='https:\/\/www.syscom.mx\/producto\/DS-PDP18-EG2(P)-HIKVISION-186664.html' target='_blank' rel='noopener' style='color: inherit; text-decoration: underline; opacity: 0.9;'>DS-PDP18-EG2(P)<\/a><\/li>\n<li style='margin-bottom: 5px;'><a href='https:\/\/www.syscom.mx\/producto\/DS-PDPG12P-EG2-HIKVISION-200607.html' target='_blank' rel='noopener' style='color: inherit; text-decoration: underline; opacity: 0.9;'>DS-PDPG12P-EG2<\/a><\/li>\n<li style='margin-bottom: 5px;'><a href='https:\/\/www.syscom.mx\/producto\/DS-PDC15-EG2-WB-HIKVISION-189425.html' target='_blank' rel='noopener' style='color: inherit; text-decoration: underline; opacity: 0.9;'>DS-PDC15-EG2-WB<\/a><\/li>\n<li style='margin-bottom: 5px;'><a href='https:\/\/www.syscom.mx\/producto\/DS-PDD12P-EG2-WB-HIKVISION-189604.html' target='_blank' rel='noopener' style='color: inherit; text-decoration: underline; opacity: 0.9;'>DS-PDD12P-EG2-WB<\/a><\/li>\n<li style='margin-bottom: 5px;'><a href='https:\/\/www.syscom.mx\/producto\/DS-PDP15P-EG2-WB-HIKVISION-189858.html' target='_blank' rel='noopener' style='color: inherit; text-decoration: underline; opacity: 0.9;'>DS-PDP15P-EG2-WB<\/a><\/li>\n<li style='margin-bottom: 5px;'><a href='https:\/\/www.syscom.mx\/producto\/DS-PDPG12P-EG2-WB-HIKVISION-191811.html' target='_blank' rel='noopener' style='color: inherit; text-decoration: underline; opacity: 0.9;'>DS-PDPG12P-EG2-WB<\/a><\/li>\n<li style='margin-bottom: 5px;'><a href='https:\/\/www.syscom.mx\/producto\/DS-PDPC12P-EG2-WB-HIKVISION-189862.html' target='_blank' rel='noopener' style='color: inherit; text-decoration: underline; opacity: 0.9;'>DS-PDPC12P-EG2-WB<\/a><\/li>\n<\/ul>\n<\/li>\n<\/ul><\/div>\n<\/p><\/div>\n<div style='flex: 1 1 300px; min-width: 280px;'>\n<div style='border-left: 5px solid #ff0000; border-radius: 5px; padding: 15px; box-shadow: 2px 2px 10px rgba(216&comma;216&comma;216&comma;0.3);'>\n<h3 style='font-size: 20px; margin-top: 0; margin-bottom: 15px; color: inherit; opacity: 0.85;'><strong>Caracter\u00edsticas F\u00edsicas y El\u00e9ctricas<\/strong><\/h3>\n<ul style='padding-left: 20px; font-size: 15px; color: inherit;'>\n<li style='margin-bottom: 8px;'>Dimensiones: 29.3 x 53.2 x 35.5 mm<\/li>\n<li style='margin-bottom: 8px;'>Peso: 13 gramos.<\/li>\n<li style='margin-bottom: 8px;'><strong>Ajuste de \u00e1ngulo:<\/strong>\n<ul style='padding-left: 25px; margin-top: 8px; margin-bottom: 8px; font-size: 14px;'>\n<li style='margin-bottom: 5px;'>Horizontal: -40\u00b0 a 40\u00b0<\/li>\n<li style='margin-bottom: 5px;'>Vertical: 0\u00b0 a 90\u00b0<\/li>\n<\/ul>\n<\/li>\n<li style='margin-bottom: 8px;'>Instalaci\u00f3n en pared o techo.<\/li>\n<\/ul><\/div>\n<\/p><\/div>\n<\/p><\/div>\n<p> <!-- Video --> <\/p>\n<div style='margin: 30px 0;'>\n<h3 style='font-size: 18px; text-align: center; margin-bottom: 20px; color: inherit; opacity: 0.85;'><strong>Montaje universal para sensores PIR Hikvision<\/strong><\/h3>\n<div style='position: relative; padding-bottom: 56.25%; height: 0; overflow: hidden; margin-bottom: 30px;'>   <\/div>\n<\/p><\/div>\n<p> <!-- Banner --> <\/p>\n<div style='margin: 30px 0;'> <a href='https:\/\/www.syscom.mx\/principal\/listadoproductosazul\/intrusion-hikvision-paneles-de-alarma-y-accesorios-ax-hub-series-66285.html?ordenar=Precio_de_Menor_a_Mayor&#038;pag=1' target='_blank' rel='noopener'> <img style='width: 100%; height: auto; border: 1px solid rgba(150&comma;150&comma;150&comma;0.3); border-radius: 8px;' src='https:\/\/ftp3.syscom.mx\/usuarios\/jsosa\/banners\/hikvision-integracion.jpg' alt='Banner Hikvision'> <\/a> <\/div>\n<\/p><\/div>\n","protected":false},"excerpt":{"rendered":"<p>Montaje para Sensores PIR HIKVISION \/ Montaje en Pared o Techo \/ Ajuste Rotativo \/ Compatible con el PIR Cableado o Inalambrico (AXPRO) \/ Facil de Instalar (En Segundos)<\/p>\n","protected":false},"featured_media":3894,"comment_status":"open","ping_status":"closed","template":"","meta":[],"product_brand":[],"product_cat":[68],"product_tag":[70,54,69],"class_list":{"0":"post-3895","1":"product","2":"type-product","3":"status-publish","4":"has-post-thumbnail","6":"product_cat-ax-pro-series","7":"product_tag-ax-pro-series","8":"product_tag-hikvision","9":"product_tag-paneles-de-alarma-y-accesorios-hikvision","11":"first","12":"instock","13":"sale","14":"shipping-taxable","15":"purchasable","16":"product-type-simple"},"_links":{"self":[{"href":"https:\/\/soydeaqui.ddns.net\/pachuca\/index.php\/wp-json\/wp\/v2\/product\/3895","targetHints":{"allow":["GET"]}}],"collection":[{"href":"https:\/\/soydeaqui.ddns.net\/pachuca\/index.php\/wp-json\/wp\/v2\/product"}],"about":[{"href":"https:\/\/soydeaqui.ddns.net\/pachuca\/index.php\/wp-json\/wp\/v2\/types\/product"}],"replies":[{"embeddable":true,"href":"https:\/\/soydeaqui.ddns.net\/pachuca\/index.php\/wp-json\/wp\/v2\/comments?post=3895"}],"wp:featuredmedia":[{"embeddable":true,"href":"https:\/\/soydeaqui.ddns.net\/pachuca\/index.php\/wp-json\/wp\/v2\/media\/3894"}],"wp:attachment":[{"href":"https:\/\/soydeaqui.ddns.net\/pachuca\/index.php\/wp-json\/wp\/v2\/media?parent=3895"}],"wp:term":[{"taxonomy":"product_brand","embeddable":true,"href":"https:\/\/soydeaqui.ddns.net\/pachuca\/index.php\/wp-json\/wp\/v2\/product_brand?post=3895"},{"taxonomy":"product_cat","embeddable":true,"href":"https:\/\/soydeaqui.ddns.net\/pachuca\/index.php\/wp-json\/wp\/v2\/product_cat?post=3895"},{"taxonomy":"product_tag","embeddable":true,"href":"https:\/\/soydeaqui.ddns.net\/pachuca\/index.php\/wp-json\/wp\/v2\/product_tag?post=3895"}],"curies":[{"name":"wp","href":"https:\/\/api.w.org\/{rel}","templated":true}]}}