{"id":38917,"date":"2026-03-18T17:08:33","date_gmt":"2026-03-18T17:08:33","guid":{"rendered":"https:\/\/soydeaqui.ddns.net\/pachuca\/index.php\/producto\/sensor-trifasico-huawei-para-medicion-de-consumo-de-la-red-electrica\/"},"modified":"2026-03-18T17:08:34","modified_gmt":"2026-03-18T17:08:34","slug":"sensor-trifasico-huawei-para-medicion-de-consumo-de-la-red-electrica","status":"publish","type":"product","link":"https:\/\/soydeaqui.ddns.net\/pachuca\/index.php\/producto\/sensor-trifasico-huawei-para-medicion-de-consumo-de-la-red-electrica\/","title":{"rendered":"Sensor Trif\u00e1sico Huawei Para Medici\u00f3n De Consumo de la Red El\u00e9ctrica"},"content":{"rendered":"<div style=\"width: 100%; max-width: 1200px; margin: 0 auto; font-family: sans-serif; line-height: 1.6; color: inherit; background-color: transparent;\">\n<div style=\"display: flex; flex-wrap: wrap; gap: 20px; margin-bottom: 30px;\">\n<div style=\"flex: 1 1 300px; min-width: 280px;\">\n<h3 style=\"font-size: 22px; border-bottom: 2px solid currentColor; padding-bottom: 5px; margin-top: 0; color: inherit; opacity: 0.8;\">Caracter&iacute;sticas de Alimentaci&oacute;n (CA)<\/h3>\n<ul style=\"padding-left: 20px; font-size: 15px; color: inherit;\">\n<li style=\"margin-bottom: 5px;\"><strong>Tipo de red:<\/strong> 3P4W\/3P3W<\/li>\n<li style=\"margin-bottom: 5px;\"><strong>Voltaje de entrada:<\/strong> 90 ~ 500 Vac<\/li>\n<li style=\"margin-bottom: 5px;\"><strong>Consumo:<\/strong> 1.5w<\/li>\n<\/ul>\n<\/div>\n<div style=\"flex: 1 1 300px; min-width: 280px;\">\n<h3 style=\"font-size: 22px; border-bottom: 2px solid currentColor; padding-bottom: 5px; margin-top: 0; color: inherit; opacity: 0.8;\">Caracter&iacute;sticas Generales<\/h3>\n<ul style=\"padding-left: 20px; font-size: 15px; color: inherit;\">\n<li style=\"margin-bottom: 5px;\"><strong>Dimensiones:<\/strong> 472 mm x 100 mm x 65.5 mm<\/li>\n<li style=\"margin-bottom: 5px;\"><strong>Tipo de Montaje:<\/strong> Riel DIN<\/li>\n<li style=\"margin-bottom: 5px;\"><strong>Peso:<\/strong> 0.99 kg<\/li>\n<\/ul>\n<\/div>\n<\/div>\n<hr style=\"border: 0; border-top: 1px solid rgba(150&comma; 150&comma; 150&comma; 0.3); margin: 30px 0;\">\n<div style=\"display: flex; flex-wrap: wrap; gap: 20px; margin-bottom: 30px;\">\n<div style=\"flex: 1 1 300px; min-width: 280px;\">\n<h3 style=\"font-size: 22px; border-bottom: 2px solid currentColor; padding-bottom: 5px; margin-top: 0; color: inherit; opacity: 0.8;\">Rango de Medici&oacute;n<\/h3>\n<ul style=\"padding-left: 20px; font-size: 15px; color: inherit;\">\n<li style=\"margin-bottom: 5px;\"><strong>Voltaje de l&iacute;nea:<\/strong> 90~1000 Vca<\/li>\n<li style=\"margin-bottom: 5px;\"><strong>Voltaje de fase:<\/strong> 52~577 Vca<\/li>\n<li style=\"margin-bottom: 5px;\"><strong>Corriente:<\/strong> 0~80 A<\/li>\n<\/ul>\n<\/div>\n<div style=\"flex: 1 1 300px; min-width: 280px;\">\n<h3 style=\"font-size: 22px; border-bottom: 2px solid currentColor; padding-bottom: 5px; margin-top: 0; color: inherit; opacity: 0.8;\">Precisi&oacute;n de Medici&oacute;n<\/h3>\n<ul style=\"padding-left: 20px; font-size: 15px; color: inherit;\">\n<li style=\"margin-bottom: 5px;\"><strong>Voltaje \/ Corriente:<\/strong> &plusmn;0.5 %<\/li>\n<li style=\"margin-bottom: 5px;\"><strong>Potencia \/ Energ&iacute;a:<\/strong> &plusmn;1 %<\/li>\n<li style=\"margin-bottom: 5px;\"><strong>Frecuencia:<\/strong> &plusmn;0.01 Hz<\/li>\n<\/ul>\n<\/div>\n<\/div>\n<\/div>\n","protected":false},"excerpt":{"rendered":"<p>Sensor Trif\u00e1sico Huawei Para Medici\u00f3n De Consumo de la Red El\u00e9ctrica<\/p>\n","protected":false},"featured_media":38916,"comment_status":"open","ping_status":"closed","template":"","meta":[],"product_brand":[],"product_cat":[1136],"product_tag":[964,1159,1137],"class_list":{"0":"post-38917","1":"product","2":"type-product","3":"status-publish","4":"has-post-thumbnail","6":"product_cat-microinversores","7":"product_tag-energia-solar","8":"product_tag-huawei-fusionsolar","9":"product_tag-microinversores","11":"first","12":"outofstock","13":"sale","14":"shipping-taxable","15":"purchasable","16":"product-type-simple"},"_links":{"self":[{"href":"https:\/\/soydeaqui.ddns.net\/pachuca\/index.php\/wp-json\/wp\/v2\/product\/38917","targetHints":{"allow":["GET"]}}],"collection":[{"href":"https:\/\/soydeaqui.ddns.net\/pachuca\/index.php\/wp-json\/wp\/v2\/product"}],"about":[{"href":"https:\/\/soydeaqui.ddns.net\/pachuca\/index.php\/wp-json\/wp\/v2\/types\/product"}],"replies":[{"embeddable":true,"href":"https:\/\/soydeaqui.ddns.net\/pachuca\/index.php\/wp-json\/wp\/v2\/comments?post=38917"}],"wp:featuredmedia":[{"embeddable":true,"href":"https:\/\/soydeaqui.ddns.net\/pachuca\/index.php\/wp-json\/wp\/v2\/media\/38916"}],"wp:attachment":[{"href":"https:\/\/soydeaqui.ddns.net\/pachuca\/index.php\/wp-json\/wp\/v2\/media?parent=38917"}],"wp:term":[{"taxonomy":"product_brand","embeddable":true,"href":"https:\/\/soydeaqui.ddns.net\/pachuca\/index.php\/wp-json\/wp\/v2\/product_brand?post=38917"},{"taxonomy":"product_cat","embeddable":true,"href":"https:\/\/soydeaqui.ddns.net\/pachuca\/index.php\/wp-json\/wp\/v2\/product_cat?post=38917"},{"taxonomy":"product_tag","embeddable":true,"href":"https:\/\/soydeaqui.ddns.net\/pachuca\/index.php\/wp-json\/wp\/v2\/product_tag?post=38917"}],"curies":[{"name":"wp","href":"https:\/\/api.w.org\/{rel}","templated":true}]}}