{"id":38900,"date":"2026-03-18T17:08:00","date_gmt":"2026-03-18T17:08:00","guid":{"rendered":"https:\/\/soydeaqui.ddns.net\/pachuca\/index.php\/producto\/transfer-divisor-de-cargas\/"},"modified":"2026-03-18T17:08:08","modified_gmt":"2026-03-18T17:08:08","slug":"transfer-divisor-de-cargas","status":"publish","type":"product","link":"https:\/\/soydeaqui.ddns.net\/pachuca\/index.php\/producto\/transfer-divisor-de-cargas\/","title":{"rendered":"Transfer Divisor De Cargas"},"content":{"rendered":"<div style='width: 100%; max-width: 1200px; margin: 0 auto; font-family: sans-serif; line-height: 1.6; color: inherit; background-color: transparent;'> <!-- T\u00edtulo (ya est\u00e1 en otra parte de la p\u00e1gina) --> <\/p>\n<div style='text-align: center; margin-bottom: 20px;'>\n<h2 style='font-size: 24px; color: inherit; margin: 0;'> Transfer Divisor De Cargas <\/h2>\n<\/p><\/div>\n<p> <!-- Imagen principal --> <\/p>\n<div style='margin-bottom: 30px;'> <img style='width: 100%; height: auto; border: 1px solid rgba(150&comma;150&comma;150&comma;0.3); border-radius: 8px;' src='https:\/\/ftp3.syscom.mx\/usuarios\/fotos\/BACKUPBOXB0\/233518-ho_banner_2.png' alt=''> <\/div>\n<p> <!-- Secci\u00f3n de especificaciones --> <\/p>\n<div style='display: flex; flex-wrap: wrap; gap: 20px; margin-bottom: 30px;'>\n<div style='flex: 1 1 300px; min-width: 280px;'>\n<div style='border: 1px solid rgba(150&comma; 150&comma; 150&comma; 0.4); border-radius: 8px; overflow: hidden; display: flex; flex-direction: column;'>\n<div style='padding: 15px; border-bottom: 1px solid rgba(150&comma; 150&comma; 150&comma; 0.2); font-weight: bold; font-size: 18px; color: inherit; background-color: rgba(192&comma; 57&comma; 43&comma; 0.1);'>Caracter\u00edsticas de Salida (CA) Modo On-Grid<\/div>\n<div style='padding: 15px; color: inherit;'>\n<ul style='padding-left: 20px; margin: 0; font-size: 14px; list-style-type: disc;'>\n<li style='margin-bottom: 5px;'><strong>Rango de Voltaje de Salida CA:<\/strong> 198-253 Vca<\/li>\n<li style='margin-bottom: 5px;'><strong>Voltaje nominal:<\/strong> 220 Vca \/ 230 Vca<\/li>\n<li style='margin-bottom: 5px;'><strong>Rango de Frecuencia CA:<\/strong> 50Hz\/60Hz<\/li>\n<\/ul><\/div>\n<\/p><\/div>\n<\/p><\/div>\n<div style='flex: 1 1 300px; min-width: 280px;'>\n<div style='border: 1px solid rgba(150&comma; 150&comma; 150&comma; 0.4); border-radius: 8px; overflow: hidden; display: flex; flex-direction: column;'>\n<div style='padding: 15px; border-bottom: 1px solid rgba(150&comma; 150&comma; 150&comma; 0.2); font-weight: bold; font-size: 18px; color: inherit; background-color: rgba(192&comma; 57&comma; 43&comma; 0.1);'>Caracter\u00edsticas de Salida (CA) Modo Respaldo<\/div>\n<div style='padding: 15px; color: inherit;'>\n<ul style='padding-left: 20px; margin: 0; font-size: 14px; list-style-type: disc;'>\n<li style='margin-bottom: 5px;'><strong>M\u00e1xima Potencia Aparente:<\/strong> 5000 Va<\/li>\n<li style='margin-bottom: 5px;'><strong>Voltaje nominal:<\/strong> 220 Vca \/ 230 Vca<\/li>\n<li style='margin-bottom: 5px;'><strong>Rango de Frecuencia CA:<\/strong> 50Hz\/60Hz<\/li>\n<li style='margin-bottom: 5px;'><strong>M\u00e1xima Corriente de Salida:<\/strong> 22.7A<\/li>\n<\/ul><\/div>\n<\/p><\/div>\n<\/p><\/div>\n<div style='flex: 1 1 300px; min-width: 280px;'>\n<div style='border: 1px solid rgba(150&comma; 150&comma; 150&comma; 0.4); border-radius: 8px; overflow: hidden; display: flex; flex-direction: column;'>\n<div style='padding: 15px; border-bottom: 1px solid rgba(150&comma; 150&comma; 150&comma; 0.2); font-weight: bold; font-size: 18px; color: inherit; background-color: rgba(192&comma; 57&comma; 43&comma; 0.1);'>Caracter\u00edsticas de Entrada CA (Puerto de Entrada del Inversor)<\/div>\n<div style='padding: 15px; color: inherit;'>\n<ul style='padding-left: 20px; margin: 0; font-size: 14px; list-style-type: disc;'>\n<li style='margin-bottom: 5px;'><strong>Inversores Compatibles:<\/strong> SUN2000-2\/3\/3.6\/4\/4.6\/5\/6KTL-L1<\/li>\n<li style='margin-bottom: 5px;'><strong>Voltaje nominal:<\/strong> 220 Vca \/ 230 Vca<\/li>\n<li style='margin-bottom: 5px;'><strong>Rango de Frecuencia CA:<\/strong> 50Hz\/60Hz<\/li>\n<\/ul><\/div>\n<\/p><\/div>\n<\/p><\/div>\n<div style='flex: 1 1 300px; min-width: 280px;'>\n<div style='border: 1px solid rgba(150&comma; 150&comma; 150&comma; 0.4); border-radius: 8px; overflow: hidden; display: flex; flex-direction: column;'>\n<div style='padding: 15px; border-bottom: 1px solid rgba(150&comma; 150&comma; 150&comma; 0.2); font-weight: bold; font-size: 18px; color: inherit; background-color: rgba(192&comma; 57&comma; 43&comma; 0.1);'>Caracter\u00edsticas Generales<\/div>\n<div style='padding: 15px; color: inherit;'>\n<ul style='padding-left: 20px; margin: 0; font-size: 14px; list-style-type: disc;'>\n<li style='margin-bottom: 5px;'><strong>Temperatura de operaci\u00f3n:<\/strong> -21\u00b0~ 45\u00b0C<\/li>\n<li style='margin-bottom: 5px;'><strong>Rango de Humedad Relativa:<\/strong> 0% ~ 100% RH<\/li>\n<li style='margin-bottom: 5px;'><strong>Dimensines:<\/strong> 400 mm x 350 mm x 130 mm<\/li>\n<li style='margin-bottom: 5px;'><strong>Peso:<\/strong> 11kg<\/li>\n<li style='margin-bottom: 5px;'><strong>Protecci\u00f3n:<\/strong> IP65<\/li>\n<\/ul><\/div>\n<\/p><\/div>\n<\/p><\/div>\n<\/p><\/div>\n<p> <!-- Nota de compatibilidad --> <\/p>\n<div style='margin: 30px 0; padding: 15px; border-left: 4px solid rgba(192&comma; 57&comma; 43&comma; 0.8); background-color: rgba(192&comma; 57&comma; 43&comma; 0.05);'>\n<p style='margin: 0; font-size: 14px; color: inherit;'><strong>Nota:<\/strong> NO COMPATIBLE CON INVERSORES SUN2000-8K-LC0 Y SUN2000-10K-LC0<\/p>\n<\/p><\/div>\n<\/p><\/div>\n","protected":false},"excerpt":{"rendered":"<p>Transfer Divisor De Cargas<\/p>\n","protected":false},"featured_media":38899,"comment_status":"open","ping_status":"closed","template":"","meta":[],"product_brand":[],"product_cat":[1084],"product_tag":[143,1085,1159],"class_list":{"0":"post-38900","1":"product","2":"type-product","3":"status-publish","4":"has-post-thumbnail","6":"product_cat-baterias-baterias-y-cargadores","7":"product_tag-baterias","8":"product_tag-baterias-y-cargadores","9":"product_tag-huawei-fusionsolar","11":"first","12":"instock","13":"sale","14":"shipping-taxable","15":"purchasable","16":"product-type-simple"},"_links":{"self":[{"href":"https:\/\/soydeaqui.ddns.net\/pachuca\/index.php\/wp-json\/wp\/v2\/product\/38900","targetHints":{"allow":["GET"]}}],"collection":[{"href":"https:\/\/soydeaqui.ddns.net\/pachuca\/index.php\/wp-json\/wp\/v2\/product"}],"about":[{"href":"https:\/\/soydeaqui.ddns.net\/pachuca\/index.php\/wp-json\/wp\/v2\/types\/product"}],"replies":[{"embeddable":true,"href":"https:\/\/soydeaqui.ddns.net\/pachuca\/index.php\/wp-json\/wp\/v2\/comments?post=38900"}],"wp:featuredmedia":[{"embeddable":true,"href":"https:\/\/soydeaqui.ddns.net\/pachuca\/index.php\/wp-json\/wp\/v2\/media\/38899"}],"wp:attachment":[{"href":"https:\/\/soydeaqui.ddns.net\/pachuca\/index.php\/wp-json\/wp\/v2\/media?parent=38900"}],"wp:term":[{"taxonomy":"product_brand","embeddable":true,"href":"https:\/\/soydeaqui.ddns.net\/pachuca\/index.php\/wp-json\/wp\/v2\/product_brand?post=38900"},{"taxonomy":"product_cat","embeddable":true,"href":"https:\/\/soydeaqui.ddns.net\/pachuca\/index.php\/wp-json\/wp\/v2\/product_cat?post=38900"},{"taxonomy":"product_tag","embeddable":true,"href":"https:\/\/soydeaqui.ddns.net\/pachuca\/index.php\/wp-json\/wp\/v2\/product_tag?post=38900"}],"curies":[{"name":"wp","href":"https:\/\/api.w.org\/{rel}","templated":true}]}}