{"id":389,"date":"2026-03-18T05:39:14","date_gmt":"2026-03-18T05:39:14","guid":{"rendered":"https:\/\/soydeaqui.ddns.net\/pachuca\/index.php\/producto\/bobina-de-cable-de-305-metros-para-mini-split-4-x-14-awg-revestimiento-metal-clad-negro\/"},"modified":"2026-03-18T05:39:15","modified_gmt":"2026-03-18T05:39:15","slug":"bobina-de-cable-de-305-metros-para-mini-split-4-x-14-awg-revestimiento-metal-clad-negro","status":"publish","type":"product","link":"https:\/\/soydeaqui.ddns.net\/pachuca\/index.php\/producto\/bobina-de-cable-de-305-metros-para-mini-split-4-x-14-awg-revestimiento-metal-clad-negro\/","title":{"rendered":"Bobina de Cable de 305 Metros \/ Para Mini-split \/ 4 x 14 AWG \/ Revestimiento Metal Clad \/ Negro"},"content":{"rendered":"<div style='width: 100%; max-width: 1200px; margin: 0 auto; font-family: sans-serif; line-height: 1.6; color: inherit; background-color: transparent;'>\n<div style='display: flex; flex-wrap: wrap; gap: 30px; margin-bottom: 30px;'>\n<div style='flex: 1 1 300px; min-width: 280px;'>\n<h3 style='font-size: 22px; border-bottom: 2px solid currentColor; padding-bottom: 5px; margin-top: 0; color: inherit; opacity: 0.8;'>Aplicaciones<\/h3>\n<ul style='padding-left: 20px; font-size: 15px; color: inherit;'>\n<li style='margin-bottom: 5px;'>En lugares expuestos a rellenos de ceniza&comma; cloruros fuertes&comma; \u00e1lcalis c\u00e1usticos o vapores de cloro o \u00e1cido clorh\u00eddrico.<\/li>\n<li style='margin-bottom: 5px;'>Empotrado en yeso.<\/li>\n<li style='margin-bottom: 5px;'>Instalaci\u00f3n sin conducto.<\/li>\n<li style='margin-bottom: 5px;'>Instalaciones ocultas o expuestas.<\/li>\n<li style='margin-bottom: 5px;'>Apto para entornos h\u00famedos seg\u00fan NEC 330.10(A)(11).<\/li>\n<li style='margin-bottom: 5px;'>Instalaci\u00f3n en bandejas portacables y canalizaciones homologadas&comma; o como cable a\u00e9reo sobre una cinta transportadora.<\/li>\n<li style='margin-bottom: 5px;'>Tipo THHN\/THWN\/TFN con clasificaci\u00f3n de 90 \u00b0C en seco\/75 \u00b0C en h\u00famedo.<\/li>\n<li style='margin-bottom: 5px;'>No requiere casquillo anticortocircuito.<\/li>\n<\/ul><\/div>\n<div style='flex: 1 1 300px; min-width: 280px;'>\n<h3 style='font-size: 22px; border-bottom: 2px solid currentColor; padding-bottom: 5px; margin-top: 0; color: inherit; opacity: 0.8;'>Caracter\u00edsticas F\u00edsicas y El\u00e9ctricas<\/h3>\n<ul style='padding-left: 20px; font-size: 15px; color: inherit;'>\n<li style='margin-bottom: 5px;'><strong>Tipo:<\/strong> 4 Conductores<\/li>\n<li style='margin-bottom: 5px;'><strong>Conductor:<\/strong> 14 AWG<\/li>\n<li style='margin-bottom: 5px;'>Soporta 20 Amperes de corriente.<\/li>\n<li style='margin-bottom: 5px;'>Blindaje: Armadura entrelazada de aluminio<\/li>\n<li style='margin-bottom: 5px;'>Di\u00e1metro Exterior: 12.17 mm<\/li>\n<li style='margin-bottom: 5px;'>Color interior: Negro&comma; Rojo&comma; Blanco y Verde<\/li>\n<li style='margin-bottom: 5px;'>Color exterior: Negro<\/li>\n<li style='margin-bottom: 5px;'><strong>Temperatura de operaci\u00f3n:<\/strong> -20\u00b0C a 90\u00b0C<\/li>\n<\/ul><\/div>\n<div style='flex: 1 1 300px; min-width: 280px;'>\n<h3 style='font-size: 22px; border-bottom: 2px solid currentColor; padding-bottom: 5px; margin-top: 0; color: inherit; opacity: 0.8;'>Est\u00e1ndares<\/h3>\n<ul style='padding-left: 20px; font-size: 15px; color: inherit;'>\n<li style='margin-bottom: 5px;'>ASTM B3 Alambre de cobre blando o recocido<\/li>\n<li style='margin-bottom: 5px;'>ASTM B8 Conductores de cobre trenzados conc\u00e9ntricos<\/li>\n<li style='margin-bottom: 5px;'>UL 83 Cables y alambres con aislamiento termopl\u00e1stico<\/li>\n<li style='margin-bottom: 5px;'>UL 1569 Cables revestidos de metal<\/li>\n<li style='margin-bottom: 5px;'>UL 1685 FT4 Prueba de propagaci\u00f3n de incendios y liberaci\u00f3n de humo en bandeja vertical<\/li>\n<li style='margin-bottom: 5px;'>IEEE 1202 FT4 Prueba de llama (70&comma;000) BTU\/hr en bandeja vertical<\/li>\n<li style='margin-bottom: 5px;'>RoHS-3 cumple con la Directiva Europea 2015\/863<\/li>\n<li style='margin-bottom: 5px;'>NFPA 70 (National Electrical Code)&comma; Art\u00edculo 330<\/li>\n<\/ul><\/div>\n<\/p><\/div>\n<div style='display: flex; flex-wrap: wrap; gap: 30px; margin-bottom: 30px;'>\n<div style='flex: 1 1 300px; min-width: 280px;'>\n<h3 style='font-size: 22px; border-bottom: 2px solid currentColor; padding-bottom: 5px; margin-top: 0; color: inherit; opacity: 0.8;'>Caracter\u00edsticas Adicionales<\/h3>\n<ul style='padding-left: 20px; font-size: 15px; color: inherit;'>\n<li style='margin-bottom: 5px;'><strong>Certificaci\u00f3n RoHS:<\/strong> <img style='width: 100px; height: auto; border: 1px solid rgba(150&comma;150&comma;150&comma;0.3); border-radius: 8px;' src='http:\/\/ftp3.syscom.mx\/usuarios\/maguilar\/Icons\/RoHS%20Icon.png' alt=''><\/li>\n<li style='margin-bottom: 5px;'><strong>Tipo de cable:<\/strong> EZ-IN\u2122 Mini-Split con revestimiento tipo MC<\/li>\n<li style='margin-bottom: 5px;'><strong>Capacidad:<\/strong> Bobina de 305 metros<\/li>\n<li style='margin-bottom: 5px;'><strong>Uso:<\/strong> Para sistemas Mini-split<\/li>\n<li style='margin-bottom: 5px;'><strong>Calibre:<\/strong> 4 x 14 AWG<\/li>\n<li style='margin-bottom: 5px;'><strong>Revestimiento:<\/strong> Metal Clad<\/li>\n<li style='margin-bottom: 5px;'><strong>Color:<\/strong> Negro<\/li>\n<\/ul><\/div>\n<\/p><\/div>\n<p style='font-size: 14px; color: inherit; margin-top: 20px;'><strong>* Precio por bobina de 305 metros.<\/strong><\/p>\n<\/p><\/div>\n","protected":false},"excerpt":{"rendered":"<p>Bobina de Cable de 305 Metros \/ Para Mini-split \/ 4 x 14 AWG \/ Revestimiento Metal Clad \/ Negro<\/p>\n","protected":false},"featured_media":388,"comment_status":"open","ping_status":"closed","template":"","meta":[],"product_brand":[],"product_cat":[137],"product_tag":[138,183,62],"class_list":{"0":"post-389","1":"product","2":"type-product","3":"status-publish","4":"has-post-thumbnail","6":"product_cat-todos-cables","7":"product_tag-cables","8":"product_tag-southwire","9":"product_tag-todos","11":"first","12":"outofstock","13":"sale","14":"shipping-taxable","15":"purchasable","16":"product-type-simple"},"_links":{"self":[{"href":"https:\/\/soydeaqui.ddns.net\/pachuca\/index.php\/wp-json\/wp\/v2\/product\/389","targetHints":{"allow":["GET"]}}],"collection":[{"href":"https:\/\/soydeaqui.ddns.net\/pachuca\/index.php\/wp-json\/wp\/v2\/product"}],"about":[{"href":"https:\/\/soydeaqui.ddns.net\/pachuca\/index.php\/wp-json\/wp\/v2\/types\/product"}],"replies":[{"embeddable":true,"href":"https:\/\/soydeaqui.ddns.net\/pachuca\/index.php\/wp-json\/wp\/v2\/comments?post=389"}],"wp:featuredmedia":[{"embeddable":true,"href":"https:\/\/soydeaqui.ddns.net\/pachuca\/index.php\/wp-json\/wp\/v2\/media\/388"}],"wp:attachment":[{"href":"https:\/\/soydeaqui.ddns.net\/pachuca\/index.php\/wp-json\/wp\/v2\/media?parent=389"}],"wp:term":[{"taxonomy":"product_brand","embeddable":true,"href":"https:\/\/soydeaqui.ddns.net\/pachuca\/index.php\/wp-json\/wp\/v2\/product_brand?post=389"},{"taxonomy":"product_cat","embeddable":true,"href":"https:\/\/soydeaqui.ddns.net\/pachuca\/index.php\/wp-json\/wp\/v2\/product_cat?post=389"},{"taxonomy":"product_tag","embeddable":true,"href":"https:\/\/soydeaqui.ddns.net\/pachuca\/index.php\/wp-json\/wp\/v2\/product_tag?post=389"}],"curies":[{"name":"wp","href":"https:\/\/api.w.org\/{rel}","templated":true}]}}