{"id":38898,"date":"2026-03-18T17:07:57","date_gmt":"2026-03-18T17:07:57","guid":{"rendered":"https:\/\/soydeaqui.ddns.net\/pachuca\/index.php\/producto\/modulo-solar-690-w-bifacial-47-8vcc-monocristalino-celda-tipo-n\/"},"modified":"2026-03-18T17:07:58","modified_gmt":"2026-03-18T17:07:58","slug":"modulo-solar-690-w-bifacial-47-8vcc-monocristalino-celda-tipo-n","status":"publish","type":"product","link":"https:\/\/soydeaqui.ddns.net\/pachuca\/index.php\/producto\/modulo-solar-690-w-bifacial-47-8vcc-monocristalino-celda-tipo-n\/","title":{"rendered":"M\u00f3dulo Solar 690 W, Bifacial, 47.8Vcc, Monocristalino. Celda tipo N."},"content":{"rendered":"<div style='width: 100%; max-width: 1200px; margin: 0 auto; font-family: sans-serif; line-height: 1.6; color: inherit; background-color: transparent;'>\n<div style='text-align: center; margin-bottom: 20px;'> <span style='font-size: 24px; color: #2880b9; font-family: tahoma&comma; arial&comma; helvetica&comma; sans-serif;'>M\u00f3dulo Solar Monocristalino<\/span> <\/div>\n<div style='width: 100%; max-width: 662px; margin: 0 auto 20px;'> <img style='width: 100%; height: auto; border: 1px solid rgba(150&comma;150&comma;150&comma;0.3); border-radius: 8px;' src='https:\/\/ftp3.syscom.mx\/usuarios\/fotos\/LP210*210M66NB690W\/233565-panel_.jpg' alt=''> <\/div>\n<div style='text-align: center; margin-bottom: 30px;'> <span style='font-family: tahoma&comma; arial&comma; helvetica&comma; sans-serif;'>Este m\u00f3dulo esta dise\u00f1ado para ser usado en sistemas fotovoltaicos de <strong>interconexi\u00f3n<\/strong> y <strong>aislados<\/strong> de la red con controladores <strong>MPPT<\/strong>. Quedate protegido con <strong>25 a\u00f1os<\/strong> de <strong>garant\u00eda<\/strong> contra <strong>defectos de fabricaci\u00f3n<\/strong><\/span> <\/div>\n<div style='width: 100%; max-width: 1200px; margin: 0 auto; margin-bottom: 30px;'>\n<div style='display: flex; flex-wrap: wrap; gap: 30px; justify-content: center;'>\n<div style='flex: 1 1 300px; min-width: 280px;'>\n<div style='border: 1px solid rgba(150&comma; 150&comma; 150&comma; 0.4); border-radius: 8px; overflow: hidden; display: flex; flex-direction: column;'>\n<div style='padding: 15px; border-bottom: 1px solid rgba(150&comma; 150&comma; 150&comma; 0.2); font-weight: bold; font-size: 18px; color: #2880b9; background-color: #e6f0fa;'>Caracter\u00edsticas El\u00e9ctricas:<\/div>\n<ul style='padding: 15px 20px; margin: 0; font-size: 14px; list-style-type: disc; color: inherit;'>\n<li style='margin-bottom: 5px;'><strong>Potencia Nominal:<\/strong> 690W<\/li>\n<li style='margin-bottom: 5px;'><strong>VOC:<\/strong> 47.80 V<\/li>\n<li style='margin-bottom: 5px;'><strong>ISC:<\/strong> 18.30A<\/li>\n<li style='margin-bottom: 5px;'><strong>Voltaje a M\u00e1xima Potencia:<\/strong> 39.80 V<\/li>\n<li style='margin-bottom: 5px;'><strong>Corriente a M\u00e1xima Potencia:<\/strong> 17.34 A<\/li>\n<\/ul><\/div>\n<\/p><\/div>\n<div style='flex: 1 1 300px; min-width: 280px;'>\n<div style='border: 1px solid rgba(150&comma; 150&comma; 150&comma; 0.4); border-radius: 8px; overflow: hidden; display: flex; flex-direction: column;'>\n<div style='padding: 15px; border-bottom: 1px solid rgba(150&comma; 150&comma; 150&comma; 0.2); font-weight: bold; font-size: 18px; color: #2880b9; background-color: #e6f0fa;'>Caracter\u00edsticas F\u00edsicas:<\/div>\n<ul style='padding: 15px 20px; margin: 0; font-size: 14px; list-style-type: disc; color: inherit;'>\n<li style='margin-bottom: 5px;'><strong>Peso:<\/strong> 37.5kg<\/li>\n<li style='margin-bottom: 5px;'><strong>Dimensiones:<\/strong> 2384mm x 1303mm x 35mm<\/li>\n<li style='margin-bottom: 5px;'><strong>Temperatura de Operaci\u00f3n:<\/strong> -40\u00b0C ~ 85\u00b0C<\/li>\n<\/ul><\/div>\n<\/p><\/div>\n<div style='flex: 1 1 300px; min-width: 280px;'>\n<div style='border: 1px solid rgba(150&comma; 150&comma; 150&comma; 0.4); border-radius: 8px; overflow: hidden; display: flex; flex-direction: column;'>\n<div style='padding: 15px; border-bottom: 1px solid rgba(150&comma; 150&comma; 150&comma; 0.2); font-weight: bold; font-size: 18px; color: #2880b9; background-color: #e6f0fa;'>Caracter\u00edsticas Destacadas:<\/div>\n<ul style='padding: 15px 20px; margin: 0; font-size: 14px; list-style-type: disc; color: inherit;'>\n<li style='margin-bottom: 5px;'><strong>Celda tipo N<\/strong><\/li>\n<li style='margin-bottom: 5px;'><strong>Mejor desempe\u00f1o en condiciones de poca luz<\/strong><\/li>\n<li style='margin-bottom: 5px;'><strong>Reduce la probabilidad de atenuaci\u00f3n causada por el fen\u00f3meno PID<\/strong><\/li>\n<li style='margin-bottom: 5px;'><strong>Adaptabilidad en ambientes severos: Prueba de corrosi\u00f3n por niebla salina y amoniaco efectuada por TUV Nord<\/strong><\/li>\n<li style='margin-bottom: 5px;'><strong>Prueba de Carga efectuada por TUV Nord: incluyen carga de viento de 2400 Pa y carga de nieve de 5400Pa<\/strong><\/li>\n<\/ul><\/div>\n<\/p><\/div>\n<\/p><\/div>\n<\/p><\/div>\n<hr style='border: 0; border-top: 1px solid rgba(150&comma; 150&comma; 150&comma; 0.3); margin: 30px 0;'> <\/div>\n","protected":false},"excerpt":{"rendered":"<p>M\u00f3dulo Solar 690 W, Bifacial, 47.8Vcc, Monocristalino. Celda tipo N.<\/p>\n","protected":false},"featured_media":38897,"comment_status":"open","ping_status":"closed","template":"","meta":[],"product_brand":[],"product_cat":[1152],"product_tag":[964,1179,1153],"class_list":{"0":"post-38898","1":"product","2":"type-product","3":"status-publish","4":"has-post-thumbnail","6":"product_cat-modulos-solares","7":"product_tag-energia-solar","8":"product_tag-leapton","9":"product_tag-modulos-solares","11":"first","12":"outofstock","13":"sale","14":"shipping-taxable","15":"purchasable","16":"product-type-simple"},"_links":{"self":[{"href":"https:\/\/soydeaqui.ddns.net\/pachuca\/index.php\/wp-json\/wp\/v2\/product\/38898","targetHints":{"allow":["GET"]}}],"collection":[{"href":"https:\/\/soydeaqui.ddns.net\/pachuca\/index.php\/wp-json\/wp\/v2\/product"}],"about":[{"href":"https:\/\/soydeaqui.ddns.net\/pachuca\/index.php\/wp-json\/wp\/v2\/types\/product"}],"replies":[{"embeddable":true,"href":"https:\/\/soydeaqui.ddns.net\/pachuca\/index.php\/wp-json\/wp\/v2\/comments?post=38898"}],"wp:featuredmedia":[{"embeddable":true,"href":"https:\/\/soydeaqui.ddns.net\/pachuca\/index.php\/wp-json\/wp\/v2\/media\/38897"}],"wp:attachment":[{"href":"https:\/\/soydeaqui.ddns.net\/pachuca\/index.php\/wp-json\/wp\/v2\/media?parent=38898"}],"wp:term":[{"taxonomy":"product_brand","embeddable":true,"href":"https:\/\/soydeaqui.ddns.net\/pachuca\/index.php\/wp-json\/wp\/v2\/product_brand?post=38898"},{"taxonomy":"product_cat","embeddable":true,"href":"https:\/\/soydeaqui.ddns.net\/pachuca\/index.php\/wp-json\/wp\/v2\/product_cat?post=38898"},{"taxonomy":"product_tag","embeddable":true,"href":"https:\/\/soydeaqui.ddns.net\/pachuca\/index.php\/wp-json\/wp\/v2\/product_tag?post=38898"}],"curies":[{"name":"wp","href":"https:\/\/api.w.org\/{rel}","templated":true}]}}