{"id":38879,"date":"2026-03-18T17:07:30","date_gmt":"2026-03-18T17:07:30","guid":{"rendered":"https:\/\/soydeaqui.ddns.net\/pachuca\/index.php\/producto\/ventilador-de-techo-con-luminario-led-de-110-v-ca-50-60-hz-40-w-3-tonos-de-luz-6500-4-000-2-700-k-diametro-250-mm-3-velocidades-dimeable\/"},"modified":"2026-03-18T17:07:31","modified_gmt":"2026-03-18T17:07:31","slug":"ventilador-de-techo-con-luminario-led-de-110-v-ca-50-60-hz-40-w-3-tonos-de-luz-6500-4-000-2-700-k-diametro-250-mm-3-velocidades-dimeable","status":"publish","type":"product","link":"https:\/\/soydeaqui.ddns.net\/pachuca\/index.php\/producto\/ventilador-de-techo-con-luminario-led-de-110-v-ca-50-60-hz-40-w-3-tonos-de-luz-6500-4-000-2-700-k-diametro-250-mm-3-velocidades-dimeable\/","title":{"rendered":"Ventilador de Techo con Luminario LED de 110 V CA 50\/60 Hz \/  40 W \/ 3 Tonos de Luz (6500 &#8211; 4 000 &#8211; 2 700 K) \/ Di\u00e1metro 250 mm \/ 3 Velocidades \/ Dimeable."},"content":{"rendered":"<div style='width: 100%; max-width: 1200px; margin: 0 auto; font-family: sans-serif; line-height: 1.6; color: inherit; background-color: transparent;'>\n<div style='display: flex; flex-wrap: wrap; gap: 30px; margin-bottom: 30px;'>\n<div style='flex: 1 1 300px; min-width: 280px;'>\n<h3 style='font-size: 22px; border-bottom: 2px solid currentColor; padding-bottom: 5px; margin-top: 0; color: inherit; opacity: 0.8;'>Caracter\u00edsticas Principales:<\/h3>\n<ul style='padding-left: 20px; font-size: 15px; color: inherit;'>\n<li style='margin-bottom: 5px;'>Ventilador de techo con aspas de Policarbonato.<\/li>\n<li style='margin-bottom: 5px;'>L\u00e1mpara de LED suave y sin reflejos<\/li>\n<li style='margin-bottom: 5px;'>F\u00e1cil instalaci\u00f3n para techo&comma; sobre socket entrada E-27<\/li>\n<li style='margin-bottom: 5px;'>Voltaje de Alimentaci\u00f3n: 110 V~ 50\/60Hz<\/li>\n<li style='margin-bottom: 5px;'>3 Velocidades<\/li>\n<li style='margin-bottom: 5px;'>Cambia entre 3 tonos de luz<\/li>\n<li style='margin-bottom: 5px;'>Temperatura de Color de 65 00 K Luz Blanca &#8211; 4 000 K Luz Neutra &#8211; 2 700 K Luz C\u00e1lida<\/li>\n<\/ul><\/div>\n<div style='flex: 1 1 300px; min-width: 280px;'>\n<h3 style='font-size: 22px; border-bottom: 2px solid currentColor; padding-bottom: 5px; margin-top: 0; color: inherit; opacity: 0.8;'>Caracter\u00edsticas F\u00edsicas y El\u00e9ctricas:<\/h3>\n<ul style='padding-left: 20px; font-size: 15px; color: inherit;'>\n<li style='margin-bottom: 5px;'>Potencia de 40 W<\/li>\n<li style='margin-bottom: 5px;'>\u00c1ngulo de Luz 160\u00b0<\/li>\n<li style='margin-bottom: 5px;'>Cabezal giratorio 120\u00b0<\/li>\n<li style='margin-bottom: 5px;'>Dimensiones 250 mm * 257 mm<\/li>\n<li style='margin-bottom: 5px;'>Dimeable<\/li>\n<\/ul><\/div>\n<div style='flex: 1 1 300px; min-width: 280px;'>\n<h3 style='font-size: 22px; border-bottom: 2px solid currentColor; padding-bottom: 5px; margin-top: 0; color: inherit; opacity: 0.8;'>Caracter\u00edsticas Destacadas:<\/h3>\n<ul style='padding-left: 20px; font-size: 15px; color: inherit;'>\n<li style='margin-bottom: 5px;'>Controla todas las funciones del ventilador y de luz desde el control remoto incluido<\/li>\n<li style='margin-bottom: 5px;'>Este ventilador de techo esta dise\u00f1ado con l\u00e1mpara LED<\/li>\n<li style='margin-bottom: 5px;'>Funci\u00f3n clima c\u00e1lido (hacia adelante) un flujo de aire descendente crea un ambiente m\u00e1s c\u00e1lido sin afectar su comodidad<\/li>\n<li style='margin-bottom: 5px;'>Motor de viento silencioso con control remoto garantiza un flujo de aire suave y fluido. El funcionamiento silencioso utiliza energ\u00eda de manera eficiente y prolonga la vida \u00fatil del ventilador.<\/li>\n<li style='margin-bottom: 5px;'>Ideal para refrescar e iluminar cualquier espacio como habitaciones&comma; estudios&comma; cocinas&comma; salas&comma; despachos&comma; hoteles&comma; entre otros.<\/li>\n<\/ul><\/div>\n<\/p><\/div>\n<hr style='border: 0; border-top: 1px solid rgba(150&comma; 150&comma; 150&comma; 0.3); margin: 30px 0;'>\n<div style='display: flex; flex-wrap: wrap; justify-content: center; gap: 30px; margin-bottom: 30px;'> <img style='width: 100%; max-width: 680px; height: auto; border: 1px solid rgba(150&comma;150&comma;150&comma;0.3); border-radius: 8px;' src='http:\/\/ftp3.syscom.mx\/usuarios\/ftp\/2025\/04\/28\/815\/1745877570484.png_froala_680ffa438ec77' alt=''> <img style='width: 100%; max-width: 680px; height: auto; border: 1px solid rgba(150&comma;150&comma;150&comma;0.3); border-radius: 8px;' src='http:\/\/ftp3.syscom.mx\/usuarios\/ftp\/2025\/04\/28\/815\/1745877614416.png_froala_680ffa6f6a0eb' alt=''> <\/div>\n<\/p><\/div>\n","protected":false},"excerpt":{"rendered":"<p>Ventilador de Techo con Luminario LED de 110 V CA 50\/60 Hz \/  40 W \/ 3 Tonos de Luz (6500 &#8211; 4 000 &#8211; 2 700 K) \/ Di\u00e1metro 250 mm \/ 3 Velocidades \/ Dimeable.<\/p>\n","protected":false},"featured_media":38878,"comment_status":"open","ping_status":"closed","template":"","meta":[],"product_brand":[],"product_cat":[1166],"product_tag":[1167,1169,1168],"class_list":{"0":"post-38879","1":"product","2":"type-product","3":"status-publish","4":"has-post-thumbnail","6":"product_cat-uso-interior","7":"product_tag-iluminacion","8":"product_tag-jwj","9":"product_tag-uso-interior","11":"first","12":"instock","13":"sale","14":"shipping-taxable","15":"purchasable","16":"product-type-simple"},"_links":{"self":[{"href":"https:\/\/soydeaqui.ddns.net\/pachuca\/index.php\/wp-json\/wp\/v2\/product\/38879","targetHints":{"allow":["GET"]}}],"collection":[{"href":"https:\/\/soydeaqui.ddns.net\/pachuca\/index.php\/wp-json\/wp\/v2\/product"}],"about":[{"href":"https:\/\/soydeaqui.ddns.net\/pachuca\/index.php\/wp-json\/wp\/v2\/types\/product"}],"replies":[{"embeddable":true,"href":"https:\/\/soydeaqui.ddns.net\/pachuca\/index.php\/wp-json\/wp\/v2\/comments?post=38879"}],"wp:featuredmedia":[{"embeddable":true,"href":"https:\/\/soydeaqui.ddns.net\/pachuca\/index.php\/wp-json\/wp\/v2\/media\/38878"}],"wp:attachment":[{"href":"https:\/\/soydeaqui.ddns.net\/pachuca\/index.php\/wp-json\/wp\/v2\/media?parent=38879"}],"wp:term":[{"taxonomy":"product_brand","embeddable":true,"href":"https:\/\/soydeaqui.ddns.net\/pachuca\/index.php\/wp-json\/wp\/v2\/product_brand?post=38879"},{"taxonomy":"product_cat","embeddable":true,"href":"https:\/\/soydeaqui.ddns.net\/pachuca\/index.php\/wp-json\/wp\/v2\/product_cat?post=38879"},{"taxonomy":"product_tag","embeddable":true,"href":"https:\/\/soydeaqui.ddns.net\/pachuca\/index.php\/wp-json\/wp\/v2\/product_tag?post=38879"}],"curies":[{"name":"wp","href":"https:\/\/api.w.org\/{rel}","templated":true}]}}