{"id":3886,"date":"2026-03-18T06:13:10","date_gmt":"2026-03-18T06:13:10","guid":{"rendered":"https:\/\/soydeaqui.ddns.net\/pachuca\/index.php\/producto\/ax-pro-detector-de-temperatura-inalambrico-para-panel-de-alarma-hikvision-interior-soporta-funcionalidad-autonoma-alerta-cuando-excede-los-57c-no-compatible-con-el-panel-ds-pha64-lp\/"},"modified":"2026-03-18T06:13:13","modified_gmt":"2026-03-18T06:13:13","slug":"ax-pro-detector-de-temperatura-inalambrico-para-panel-de-alarma-hikvision-interior-soporta-funcionalidad-autonoma-alerta-cuando-excede-los-57c-no-compatible-con-el-panel-ds-pha64-lp","status":"publish","type":"product","link":"https:\/\/soydeaqui.ddns.net\/pachuca\/index.php\/producto\/ax-pro-detector-de-temperatura-inalambrico-para-panel-de-alarma-hikvision-interior-soporta-funcionalidad-autonoma-alerta-cuando-excede-los-57c-no-compatible-con-el-panel-ds-pha64-lp\/","title":{"rendered":"(AX PRO) Detector de Temperatura Inal\u00e1mbrico para Panel de Alarma HIKVISION \/ Interior \/ Soporta Funcionalidad Aut\u00f3noma \/ Alerta cuando Excede los 57\u00b0C \/ No compatible con el panel DS-PHA64-LP"},"content":{"rendered":"<div style='width: 100%; max-width: 1200px; margin: 0 auto; font-family: sans-serif; line-height: 1.6; color: inherit; background-color: transparent;'> <!-- Logo --> <\/p>\n<div style='width: 100%; text-align: center; margin: 20px 0;'> <img style='width: 45%; height: auto; border: 1px solid rgba(150&comma;150&comma;150&comma;0.3); border-radius: 8px;' src='https:\/\/ftp3.syscom.mx\/usuarios\/jsosa\/HIKVISION\/imagenes\/logo\/hikvision%20see%20far.png' alt='Logo Hikvision'> <\/div>\n<p> <!-- Video principal --> <\/p>\n<div style='width: 100%; margin: 30px 0;'>\n<h3 style='text-align: center; font-size: 22px; margin-bottom: 20px; color: inherit; opacity: 0.8;'> <strong>Conoce la serie AX PRO de alarmas Hikvision<\/strong> <\/h3>\n<div style='position: relative; padding-bottom: 56.25%; height: 0; overflow: hidden; margin-bottom: 30px;'>   <\/div>\n<\/p><\/div>\n<p> <!-- Secci\u00f3n de videos --> <\/p>\n<div style='display: flex; flex-wrap: wrap; gap: 20px; margin: 30px 0;'>\n<div style='flex: 1 1 300px; min-width: 280px;'>\n<h4 style='text-align: center; font-size: 20px; margin-bottom: 15px; color: inherit; opacity: 0.8;'> <strong>Configuraci\u00f3n de la alarma AX PRO de Hikvision<\/strong> <\/h4>\n<div style='position: relative; padding-bottom: 56.25%; height: 0; overflow: hidden; margin-bottom: 15px;'>   <\/div>\n<\/p><\/div>\n<div style='flex: 1 1 300px; min-width: 280px;'>\n<h4 style='text-align: center; font-size: 20px; margin-bottom: 15px; color: inherit; opacity: 0.8;'> <strong>Bienvenido al futuro con AX PRO Hikvision<\/strong> <\/h4>\n<div style='position: relative; padding-bottom: 56.25%; height: 0; overflow: hidden; margin-bottom: 15px;'>   <\/div>\n<\/p><\/div>\n<div style='flex: 1 1 300px; min-width: 280px;'>\n<h4 style='text-align: center; font-size: 20px; margin-bottom: 15px; color: inherit; opacity: 0.8;'> <strong>Sistema Robusto contra Intrusiones AX PRO<\/strong> <\/h4>\n<div style='position: relative; padding-bottom: 56.25%; height: 0; overflow: hidden; margin-bottom: 15px;'>   <\/div>\n<\/p><\/div>\n<\/p><\/div>\n<p> <!-- Secci\u00f3n de caracter\u00edsticas --> <\/p>\n<div style='display: flex; flex-wrap: wrap; gap: 20px; margin: 30px 0;'>\n<div style='flex: 1 1 300px; min-width: 280px;'>\n<div style='border-left: 5px solid #ff0000; border-radius: 8px; padding: 15px; box-shadow: 2px 2px 10px rgba(216&comma;216&comma;216&comma;0.4);'> <span style='font-family: verdana&comma; geneva&comma; sans-serif; font-weight: bold; display: block; margin-bottom: 10px; color: inherit;'> Caracter\u00edsticas principales: <\/span> <\/p>\n<ul style='padding-left: 20px; margin: 0; font-size: 14px; list-style-type: disc; color: inherit;'>\n<li style='margin-bottom: 5px;'>Comunicaci\u00f3n inal\u00e1mbrica con el panel de alarma.<\/li>\n<li style='margin-bottom: 5px;'>Los datos inal\u00e1mbricos est\u00e1n protegidos por el cifrado AES-128.<\/li>\n<li style='margin-bottom: 5px; font-weight: bold;'>Env\u00eda alerta cuando excede los 57\u00b0C<\/li>\n<li style='margin-bottom: 5px;'>Funci\u00f3n aut\u00f3noma&comma; incluye buzzer (85dB a 3 metros).<\/li>\n<li style='margin-bottom: 5px;'>Led indicador rojo.<\/li>\n<\/ul><\/div>\n<\/p><\/div>\n<div style='flex: 1 1 300px; min-width: 280px;'>\n<div style='border-left: 5px solid #ff0000; border-radius: 8px; padding: 15px; box-shadow: 2px 2px 10px rgba(216&comma;216&comma;216&comma;0.4);'> <span style='font-family: verdana&comma; geneva&comma; sans-serif; font-weight: bold; display: block; margin-bottom: 10px; color: inherit;'> Caracter\u00edsticas F\u00edsicas y El\u00e9ctricas: <\/span> <\/p>\n<ul style='padding-left: 20px; margin: 0; font-size: 14px; list-style-type: disc; color: inherit;'>\n<li style='margin-bottom: 5px;'>Alimentaci\u00f3n: Bater\u00eda de 3V \/ Energizador L91 (Bater\u00eda incluida \/ Tiempo de vida 10 a\u00f1os).<\/li>\n<li style='margin-bottom: 5px;'>Temperatura de operaci\u00f3n: -10 \u00b0C a 50 \u00b0C.<\/li>\n<li style='margin-bottom: 5px;'>Peso: 179.5 gramos.<\/li>\n<li style='margin-bottom: 5px;'>Dimensiones: 120 x 42 mm.<\/li>\n<\/ul>\n<p style='margin: 15px 0 0; color: inherit;'> <strong> <a href='https:\/\/soporte.syscom.mx\/es\/articles\/5117840-hikvision-alarmas-ax-pro-configuraciones-ax-pro' target='_blank' rel='noopener' style='color: inherit; text-decoration: underline;'> Configuraciones b\u00e1sicas aqu\u00ed <\/a> <\/strong> <\/p>\n<\/p><\/div>\n<\/p><\/div>\n<div style='flex: 1 1 300px; min-width: 280px;'>\n<div style='border-left: 5px solid #ff0000; border-radius: 8px; padding: 15px; box-shadow: 2px 2px 10px rgba(216&comma;216&comma;216&comma;0.4);'> <span style='font-family: verdana&comma; geneva&comma; sans-serif; font-weight: bold; display: block; margin-bottom: 10px; color: inherit;'> Caracter\u00edsticas Destacadas: <\/span> <\/p>\n<p style='margin: 0 0 15px; color: inherit;'> Detector de temperatura&comma; env\u00eda la se\u00f1al inal\u00e1mbrica al panel de alarma AXPRO. <\/p>\n<p style='margin: 15px 0 0; color: inherit;'> Conozca todos los dispositivos que pueden integrar en la Serie AX PRO dando clic <a href='https:\/\/www.syscom.mx\/principal\/listadoproductosazul\/intrusion-hikvision-paneles-de-alarma-y-accesorios-ax-pro-series-66286.html?ordenar=Precio_de_Menor_a_Mayor&#038;pag=1' target='_blank' rel='noopener' style='color: inherit; text-decoration: underline;'> <strong>aqu\u00ed<\/strong> <\/a>. <\/p>\n<\/p><\/div>\n<\/p><\/div>\n<\/p><\/div>\n<p> <!-- Diagrama Familia AX PRO --> <\/p>\n<div style='width: 100%; margin: 30px 0;'>\n<h2 style='text-align: center; font-size: 24px; margin-bottom: 20px; color: inherit; opacity: 0.8;'> <strong>Linea de Productos AX PRO<\/strong> <\/h2>\n<p> <a href='https:\/\/www.syscom.mx\/principal\/listadoproductosazul\/intrusion-hikvision-paneles-de-alarma-y-accesorios-ax-pro-series-66286.html?ordenar=Precio_de_Menor_a_Mayor&#038;pag=1' target='_blank' rel='noopener'> <img style='width: 100%; height: auto; border: 1px solid rgba(150&comma;150&comma;150&comma;0.3); border-radius: 8px;' src='https:\/\/ftp3.syscom.mx\/usuarios\/jsosa\/HIKVISION\/alarmas\/AXPPRO\/banner\/AX%20PRO%20disgramas-hikvision.jpg' alt='Linea de Productos AX PRO'> <\/a> <\/div>\n<p> <!-- Serie AX PRO --> <\/p>\n<div style='display: flex; flex-wrap: wrap; gap: 20px; margin: 30px 0;'>\n<div style='flex: 1 1 300px; min-width: 280px;'> <a href='https:\/\/www.syscom.mx\/principal\/listadoproductosazul\/intrusion-hikvision-paneles-de-alarma-y-accesorios-ax-pro-series-66286.html?ordenar=Precio_de_Menor_a_Mayor&#038;pag=1' target='_blank' rel='noopener'> <img style='width: 100%; height: auto; border: 1px solid rgba(150&comma;150&comma;150&comma;0.3); border-radius: 8px;' src='https:\/\/ftp3.syscom.mx\/usuarios\/jsosa\/HIKVISION\/alarmas\/AXPPRO\/Serie%20AXPRO.png' alt='Serie AX PRO'> <\/a> <\/div>\n<div style='flex: 1 1 300px; min-width: 280px;'>\n<h2 style='font-size: 22px; margin-bottom: 15px; color: inherit; opacity: 0.8;'> <span style='font-family: verdana&comma; geneva&comma; sans-serif;'>Serie AX PRO<\/span> <\/h2>\n<p style='margin: 8px 0; color: inherit;'> <span style='font-family: verdana&comma; geneva&comma; sans-serif;'>\u00bfNecesita proteger su hogar&comma; oficina o tienda?<\/span> <\/p>\n<p style='margin: 8px 0; color: inherit;'> <span style='font-family: verdana&comma; geneva&comma; sans-serif;'>\u00bfCansado de tantos cables y mucho tiempo de instalaci\u00f3n?<\/span> <\/p>\n<p style='margin: 8px 0; color: inherit;'> <span style='font-family: verdana&comma; geneva&comma; sans-serif;'>\u00a1Utilice una soluci\u00f3n de alarma inal\u00e1mbrica profesional!<\/span> <\/p>\n<p style='margin: 15px 0 0; color: inherit;'> <span style='font-family: verdana&comma; geneva&comma; sans-serif;'>Conozca todos los dispositivos que pueden integrar en la Serie AX PRO dando clic <\/span> <a href='https:\/\/www.syscom.mx\/principal\/listadoproductosazul\/intrusion-hikvision-paneles-de-alarma-y-accesorios-ax-pro-series-66286.html?ordenar=Precio_de_Menor_a_Mayor&#038;pag=1' target='_blank' rel='noopener' style='color: inherit; text-decoration: underline;'> <strong>aqu\u00ed<\/strong> <\/a> <span style='font-family: verdana&comma; geneva&comma; sans-serif;'>.<\/span> <\/p>\n<\/p><\/div>\n<\/p><\/div>\n<p> <!-- Banner --> <\/p>\n<div style='width: 100%; margin: 30px 0;'> <a title='Serie AX PRO' href='https:\/\/www.syscom.mx\/principal\/promociones\/serie_ax_pro_alarmas_hikvision-5416.html?ordenar=Relevancia&#038;pag=1' target='_blank' rel='noopener'> <img style='width: 100%; height: auto; border: 1px solid rgba(150&comma;150&comma;150&comma;0.3); border-radius: 8px;' src='https:\/\/ftp3.syscom.mx\/usuarios\/jsosa\/HIKVISION\/alarmas\/AXPPRO\/banner\/HIKVISION-AXPRO-SERIES.jpg' alt='Banner Serie AX PRO'> <\/a> <\/div>\n<p> <!-- Separador final --> <\/p>\n<hr style='border: 0; border-top: 1px solid rgba(150&comma; 150&comma; 150&comma; 0.3); margin: 30px 0;'> <\/div>\n","protected":false},"excerpt":{"rendered":"<p>(AX PRO) Detector de Temperatura Inal\u00e1mbrico para Panel de Alarma HIKVISION \/ Interior \/ Soporta Funcionalidad Aut\u00f3noma \/ Alerta cuando Excede los 57\u00b0C \/ No compatible con el panel DS-PHA64-LP<\/p>\n","protected":false},"featured_media":3885,"comment_status":"open","ping_status":"closed","template":"","meta":[],"product_brand":[],"product_cat":[68],"product_tag":[70,54,69],"class_list":{"0":"post-3886","1":"product","2":"type-product","3":"status-publish","4":"has-post-thumbnail","6":"product_cat-ax-pro-series","7":"product_tag-ax-pro-series","8":"product_tag-hikvision","9":"product_tag-paneles-de-alarma-y-accesorios-hikvision","11":"first","12":"instock","13":"sale","14":"shipping-taxable","15":"purchasable","16":"product-type-simple"},"_links":{"self":[{"href":"https:\/\/soydeaqui.ddns.net\/pachuca\/index.php\/wp-json\/wp\/v2\/product\/3886","targetHints":{"allow":["GET"]}}],"collection":[{"href":"https:\/\/soydeaqui.ddns.net\/pachuca\/index.php\/wp-json\/wp\/v2\/product"}],"about":[{"href":"https:\/\/soydeaqui.ddns.net\/pachuca\/index.php\/wp-json\/wp\/v2\/types\/product"}],"replies":[{"embeddable":true,"href":"https:\/\/soydeaqui.ddns.net\/pachuca\/index.php\/wp-json\/wp\/v2\/comments?post=3886"}],"wp:featuredmedia":[{"embeddable":true,"href":"https:\/\/soydeaqui.ddns.net\/pachuca\/index.php\/wp-json\/wp\/v2\/media\/3885"}],"wp:attachment":[{"href":"https:\/\/soydeaqui.ddns.net\/pachuca\/index.php\/wp-json\/wp\/v2\/media?parent=3886"}],"wp:term":[{"taxonomy":"product_brand","embeddable":true,"href":"https:\/\/soydeaqui.ddns.net\/pachuca\/index.php\/wp-json\/wp\/v2\/product_brand?post=3886"},{"taxonomy":"product_cat","embeddable":true,"href":"https:\/\/soydeaqui.ddns.net\/pachuca\/index.php\/wp-json\/wp\/v2\/product_cat?post=3886"},{"taxonomy":"product_tag","embeddable":true,"href":"https:\/\/soydeaqui.ddns.net\/pachuca\/index.php\/wp-json\/wp\/v2\/product_tag?post=3886"}],"curies":[{"name":"wp","href":"https:\/\/api.w.org\/{rel}","templated":true}]}}