{"id":38859,"date":"2026-03-18T17:07:01","date_gmt":"2026-03-18T17:07:01","guid":{"rendered":"https:\/\/soydeaqui.ddns.net\/pachuca\/index.php\/producto\/kit-de-centro-de-carga-trifasico-para-corriente-alterna-breaker-de-hasta-690-vc-de-125-a-con-supresor-de-descargas-atmosfericas\/"},"modified":"2026-03-18T17:07:01","modified_gmt":"2026-03-18T17:07:01","slug":"kit-de-centro-de-carga-trifasico-para-corriente-alterna-breaker-de-hasta-690-vc-de-125-a-con-supresor-de-descargas-atmosfericas","status":"publish","type":"product","link":"https:\/\/soydeaqui.ddns.net\/pachuca\/index.php\/producto\/kit-de-centro-de-carga-trifasico-para-corriente-alterna-breaker-de-hasta-690-vc-de-125-a-con-supresor-de-descargas-atmosfericas\/","title":{"rendered":"Kit de Centro de Carga Trifasico Para Corriente Alterna, Breaker de hasta 690 Vc de 125 A con Supresor de Descargas Atmosf\u00e9ricas."},"content":{"rendered":"<div style='width: 100%; max-width: 1200px; margin: 0 auto; font-family: sans-serif; line-height: 1.6; color: inherit; background-color: transparent;'> <!-- Secci\u00f3n principal --> <\/p>\n<div style='margin-bottom: 30px;'>\n<h3 style='font-size: 22px; border-bottom: 2px solid currentColor; padding-bottom: 5px; margin-top: 0; color: inherit; opacity: 0.8; font-weight: 600; font-family: sans-serif;'> Kit de Centro de Carga con Supresor de Picos Transitorios y Pastilla T\u00e9rmica en CA <\/h3>\n<p style='margin-top: 0; margin-bottom: 1rem; font-size: 15px; color: inherit; font-family: sans-serif;'> El KIT es recomendado para uso en sistemas fotovoltaicos en protecci\u00f3n de corriente alterna&comma; la principal aplicaci\u00f3n son los sistemas de interconexi\u00f3n entre el inversor y el centro de carga. La pastilla t\u00e9rmica es de 690 Vca&comma; 125 A&comma; de 3 polos&comma; donde se pretende proteger 3 fases. <\/p>\n<\/p><\/div>\n<p> <!-- Secci\u00f3n de compatibilidad --> <\/p>\n<div style='margin-bottom: 30px;'>\n<h3 style='font-size: 22px; border-bottom: 2px solid currentColor; padding-bottom: 5px; margin-top: 0; color: inherit; opacity: 0.8; font-weight: 600; font-family: sans-serif;'> Compatibilidad <\/h3>\n<ul style='padding-left: 20px; font-size: 15px; color: inherit; font-family: sans-serif;'>\n<li style='margin-bottom: 5px;'>Ideal para MAC70KTL3XMV<\/li>\n<li style='margin-bottom: 5px;'>Ideal para MAC36KTL3XL<\/li>\n<\/ul><\/div>\n<p> <!-- Secci\u00f3n de componentes --> <\/p>\n<div style='margin-bottom: 30px;'>\n<h3 style='font-size: 22px; border-bottom: 2px solid currentColor; padding-bottom: 5px; margin-top: 0; color: inherit; opacity: 0.8; font-weight: 600; font-family: sans-serif;'> El kit incluye <\/h3>\n<ul style='padding-left: 20px; font-size: 15px; color: inherit; font-family: sans-serif;'>\n<li style='margin-bottom: 5px;'> 1 &#8211; <a href='https:\/\/www.syscom.mx\/principal\/searchcont?route=FEM11253P125A-EPCOM-POWERLINE-202276&#038;autodetect=Fem' style='color: inherit; text-decoration: none; font-weight: 600;'> FEM11253P125A <\/a> <\/li>\n<li style='margin-bottom: 5px;'> 1 &#8211; <a href='https:\/\/www.syscom.mx\/principal\/searchcont?route=PST-3040-20A-PRECISION-154656&#038;autodetect=GABINETE' style='color: inherit; text-decoration: none; font-weight: 600;'> PST-3040-20A <\/a> <\/li>\n<li style='margin-bottom: 5px;'> 1 &#8211; <a href='https:\/\/www.syscom.mx\/principal\/searchcont?route=MO603-DELTA-189325&#038;autodetect=MO603' style='color: inherit; text-decoration: none; font-weight: 600;'> MO603 <\/a> <\/li>\n<\/ul><\/div>\n<p> <!-- Separador --> <\/p>\n<hr style='border: 0; border-top: 1px solid rgba(150&comma; 150&comma; 150&comma; 0.3); margin: 30px 0;'> <\/div>\n","protected":false},"excerpt":{"rendered":"<p>Kit de Centro de Carga Trifasico Para Corriente Alterna, Breaker de hasta 690 Vc de 125 A con Supresor de Descargas Atmosf\u00e9ricas.<\/p>\n","protected":false},"featured_media":38858,"comment_status":"open","ping_status":"closed","template":"","meta":[],"product_brand":[],"product_cat":[1067],"product_tag":[1068,964,935],"class_list":{"0":"post-38859","1":"product","2":"type-product","3":"status-publish","4":"has-post-thumbnail","6":"product_cat-accesorios-cables-jumpers","7":"product_tag-accesorios-cables-jumpers","8":"product_tag-energia-solar","9":"product_tag-epcom","11":"first","12":"instock","13":"sale","14":"shipping-taxable","15":"purchasable","16":"product-type-simple"},"_links":{"self":[{"href":"https:\/\/soydeaqui.ddns.net\/pachuca\/index.php\/wp-json\/wp\/v2\/product\/38859","targetHints":{"allow":["GET"]}}],"collection":[{"href":"https:\/\/soydeaqui.ddns.net\/pachuca\/index.php\/wp-json\/wp\/v2\/product"}],"about":[{"href":"https:\/\/soydeaqui.ddns.net\/pachuca\/index.php\/wp-json\/wp\/v2\/types\/product"}],"replies":[{"embeddable":true,"href":"https:\/\/soydeaqui.ddns.net\/pachuca\/index.php\/wp-json\/wp\/v2\/comments?post=38859"}],"wp:featuredmedia":[{"embeddable":true,"href":"https:\/\/soydeaqui.ddns.net\/pachuca\/index.php\/wp-json\/wp\/v2\/media\/38858"}],"wp:attachment":[{"href":"https:\/\/soydeaqui.ddns.net\/pachuca\/index.php\/wp-json\/wp\/v2\/media?parent=38859"}],"wp:term":[{"taxonomy":"product_brand","embeddable":true,"href":"https:\/\/soydeaqui.ddns.net\/pachuca\/index.php\/wp-json\/wp\/v2\/product_brand?post=38859"},{"taxonomy":"product_cat","embeddable":true,"href":"https:\/\/soydeaqui.ddns.net\/pachuca\/index.php\/wp-json\/wp\/v2\/product_cat?post=38859"},{"taxonomy":"product_tag","embeddable":true,"href":"https:\/\/soydeaqui.ddns.net\/pachuca\/index.php\/wp-json\/wp\/v2\/product_tag?post=38859"}],"curies":[{"name":"wp","href":"https:\/\/api.w.org\/{rel}","templated":true}]}}