{"id":3884,"date":"2026-03-18T06:13:09","date_gmt":"2026-03-18T06:13:09","guid":{"rendered":"https:\/\/soydeaqui.ddns.net\/pachuca\/index.php\/producto\/ax-prokit-contacto-magnetico-inalambrico-2-zonas-para-agregar-sensores-cableados-3-en-1-soporta-2-zonas-cableadas-magnetico-de-uso-rudo-cableado\/"},"modified":"2026-03-18T06:13:10","modified_gmt":"2026-03-18T06:13:10","slug":"ax-prokit-contacto-magnetico-inalambrico-2-zonas-para-agregar-sensores-cableados-3-en-1-soporta-2-zonas-cableadas-magnetico-de-uso-rudo-cableado","status":"publish","type":"product","link":"https:\/\/soydeaqui.ddns.net\/pachuca\/index.php\/producto\/ax-prokit-contacto-magnetico-inalambrico-2-zonas-para-agregar-sensores-cableados-3-en-1-soporta-2-zonas-cableadas-magnetico-de-uso-rudo-cableado\/","title":{"rendered":"(AX PRO)Kit  Contacto Magn\u00e9tico Inal\u00e1mbrico + 2 ZONAS PARA AGREGAR SENSORES CABLEADOS \/ 3 en 1 \/ Soporta 2 Zonas Cableadas\/Magnetico de uso rudo cableado"},"content":{"rendered":"<div style='width: 100%; max-width: 1200px; margin: 0 auto; font-family: sans-serif; line-height: 1.6; color: inherit; background-color: transparent;'> <!-- Logo --> <\/p>\n<div style='text-align: center; margin: 30px 0;'> <img style='width: 45%; height: auto; border: 1px solid rgba(150&comma;150&comma;150&comma;0.3); border-radius: 8px;' src='https:\/\/ftp3.syscom.mx\/usuarios\/jsosa\/HIKVISION\/imagenes\/logo\/hikvision%20see%20far.png' alt='Logo Hikvision'> <\/div>\n<p> <!-- Video principal --> <\/p>\n<div style='margin: 30px 0;'>\n<h3 style='text-align: center; font-size: 20px; color: inherit; opacity: 0.8; margin-bottom: 20px;'>Conoce la serie AX PRO de alarmas Hikvision<\/h3>\n<div style='position: relative; padding-bottom: 56.25%; height: 0; overflow: hidden; margin-bottom: 30px;'>   <\/div>\n<\/p><\/div>\n<p> <!-- Videos adicionales --> <\/p>\n<div style='display: flex; flex-wrap: wrap; gap: 30px; margin: 30px 0;'>\n<div style='flex: 1 1 300px; min-width: 280px;'>\n<h4 style='text-align: center; font-size: 18px; color: inherit; opacity: 0.8; margin-bottom: 15px;'>Configuraci\u00f3n de la alarma AX PRO de Hikvision<\/h4>\n<div style='position: relative; padding-bottom: 56.25%; height: 0; overflow: hidden; margin-bottom: 30px;'>   <\/div>\n<\/p><\/div>\n<div style='flex: 1 1 300px; min-width: 280px;'>\n<h4 style='text-align: center; font-size: 18px; color: inherit; opacity: 0.8; margin-bottom: 15px;'>Bienvenido al futuro con AX PRO Hikvision<\/h4>\n<div style='position: relative; padding-bottom: 56.25%; height: 0; overflow: hidden; margin-bottom: 30px;'>   <\/div>\n<\/p><\/div>\n<div style='flex: 1 1 300px; min-width: 280px;'>\n<h4 style='text-align: center; font-size: 18px; color: inherit; opacity: 0.8; margin-bottom: 15px;'>Sistema Robusto contra Intrusiones AX PRO<\/h4>\n<div style='position: relative; padding-bottom: 56.25%; height: 0; overflow: hidden; margin-bottom: 30px;'>   <\/div>\n<\/p><\/div>\n<\/p><\/div>\n<p> <!-- Informaci\u00f3n del kit --> <\/p>\n<div style='margin: 30px 0; text-align: center;'>\n<h1 style='font-size: 24px; color: inherit; margin: 15px 0;'>DS-PDMC-EG2-WB<\/h1>\n<h3 style='font-size: 20px; color: inherit; opacity: 0.8; margin: 15px 0;'>KIT incluye:<\/h3>\n<p style='margin: 10px 0;'><a style='color: inherit; text-decoration: none;' href='https:\/\/www.syscom.mx\/producto\/DS-PDMC-EG2-WB-HIKVISION-189749.html' target='_blank' rel='noopener'>DS-PDMC-EG2-WB<\/a><\/p>\n<p style='margin: 10px 0;'><a style='color: inherit; text-decoration: none;' href='https:\/\/www.syscom.mx\/producto\/DS-PD1-MC-RS-HIKVISION-175712.html' target='_blank' rel='noopener'>DS-PD1-MC-RS<\/a><\/p>\n<\/p><\/div>\n<p> <!-- Componentes del kit --> <\/p>\n<div style='display: flex; flex-wrap: wrap; gap: 30px; margin: 30px 0;'>\n<div style='flex: 1 1 400px; min-width: 300px; border: 1px solid rgba(150&comma; 150&comma; 150&comma; 0.3); border-radius: 8px; overflow: hidden; display: flex; flex-direction: column;'>\n<div style='background-color: #eeeeee; text-align: center; padding: 15px;'> <a style='color: inherit; text-decoration: none;' href='https:\/\/www.syscom.mx\/producto\/DS-PDMC-EG2-WB-HIKVISION-189749.html' target='_blank' rel='noopener'> <img style='width: 100%; height: auto; max-width: 400px; border: none; border-radius: 0;' src='https:\/\/ftp3.syscom.mx\/usuarios\/fotos\/BancoFotografiasSyscom\/HIKVISION\/DSPDMCEG2WB\/DSPDMCEG2WB-p.PNG' alt='DS-PDMC-EG2-WB'> <\/a> <\/div>\n<div style='padding: 15px; border-top: 5px solid #DF001D;'>\n<h4 style='color: inherit; font-size: 18px; margin-top: 0;'><a style='color: inherit; text-decoration: none;' href='https:\/\/www.syscom.mx\/producto\/DS-PDMC-EG2-WB-HIKVISION-189749.html' target='_blank' rel='noopener'>DS-PDMC-EG2-WB<\/a><\/h4>\n<h4 style='color: rgba(0&comma;0&comma;0&comma;0.6); font-size: 16px; margin: 15px 0 10px 0;'>Caracter\u00edsticas:<\/h4>\n<ul style='padding-left: 20px; font-size: 14px; color: inherit; list-style-type: disc;'>\n<li style='margin-bottom: 8px;'>Comunicaci\u00f3n de dos v\u00edas.<\/li>\n<li style='margin-bottom: 8px;'>2 zonas para conectarle sensores cableados.<\/li>\n<li style='margin-bottom: 8px;'>Gap de 43mm como m\u00e1ximo.<\/li>\n<li style='margin-bottom: 8px;'>Voltaje de Operaci\u00f3n: 1 x <a style='color: inherit; text-decoration: underline;' href='https:\/\/www.syscom.mx\/producto\/CR123A-EPCOM-POWERLINE-13896.html' target='_blank' rel='noopener'>CR123A<\/a> (Incluida).<\/li>\n<\/ul><\/div>\n<\/p><\/div>\n<div style='flex: 1 1 400px; min-width: 300px; border: 1px solid rgba(150&comma; 150&comma; 150&comma; 0.3); border-radius: 8px; overflow: hidden; display: flex; flex-direction: column;'>\n<div style='background-color: #eee; padding: 15px; text-align: center;'> <a style='color: inherit; text-decoration: none;' href='https:\/\/www.syscom.mx\/producto\/DS-PD1-MC-RS-HIKVISION-175712.html' target='_blank' rel='noopener'> <img style='width: 100%; height: auto; max-width: 400px; border: none; border-radius: 0;' src='https:\/\/ftp3.syscom.mx\/usuarios\/fotos\/BancoFotografiasSyscom\/HIKVISION\/DSPD1MCRS\/DSPD1MCRS-p.PNG' alt='DS-PD1-MC-RS'> <\/a> <\/div>\n<div style='padding: 15px; border-top: 5px solid #DF001D;'>\n<h4 style='color: inherit; font-size: 18px; margin-top: 0;'><a style='color: inherit; text-decoration: none;' href='https:\/\/www.syscom.mx\/producto\/DS-PD1-MC-RS-HIKVISION-175712.html' target='_blank' rel='noopener'>DS-PDP15P-EG2-WB<\/a><\/h4>\n<h4 style='color: rgba(0&comma;0&comma;0&comma;0.6); font-size: 16px; margin: 15px 0 10px 0;'>Caracter\u00edsticas:<\/h4>\n<ul style='padding-left: 20px; font-size: 14px; color: inherit; list-style-type: disc;'>\n<li style='margin-bottom: 8px;'>Dimensiones: 108 x 40 x 8 mm (maestro)&comma; 88 x 20 x 21 mm (esclavo).<\/li>\n<li style='margin-bottom: 8px;'>GAP de 6.5 cm.<\/li>\n<li style='margin-bottom: 8px;'>Material: Metal.<\/li>\n<\/ul><\/div>\n<\/p><\/div>\n<\/p><\/div>\n<p> <!-- Serie AX PRO --> <\/p>\n<div style='display: flex; flex-wrap: wrap; gap: 30px; margin: 30px 0;'>\n<div style='flex: 1 1 400px; min-width: 300px;'> <a style='text-decoration: none;' href='https:\/\/www.syscom.mx\/principal\/listadoproductosazul\/intrusion-hikvision-paneles-de-alarma-y-accesorios-ax-pro-series-66286.html?ordenar=Precio_de_Menor_a_Mayor&#038;pag=1' target='_blank' rel='noopener'> <img style='width: 100%; height: auto; border: 1px solid rgba(150&comma;150&comma;150&comma;0.3); border-radius: 8px;' src='https:\/\/ftp3.syscom.mx\/usuarios\/jsosa\/HIKVISION\/alarmas\/AXPPRO\/Serie%20AXPRO.png' alt='Serie AX PRO'> <\/a> <\/div>\n<div style='flex: 1 1 400px; min-width: 300px;'>\n<h2 style='font-size: 22px; color: inherit; margin-bottom: 15px;'>Serie AX PRO<\/h2>\n<p style='margin-bottom: 10px;'>\u00bfNecesita proteger su hogar&comma; oficina o tienda?<\/p>\n<p style='margin-bottom: 10px;'>\u00bfCansado de tantos cables y mucho tiempo de instalaci\u00f3n?<\/p>\n<p style='margin-bottom: 10px;'>\u00a1Utilice una soluci\u00f3n de alarma inal\u00e1mbrica profesional!<\/p>\n<p style='margin-bottom: 10px;'>Conozca todos los dispositivos que pueden integrar en la Serie AX PRO dando clic <a style='color: inherit; text-decoration: underline;' href='https:\/\/www.syscom.mx\/principal\/listadoproductosazul\/intrusion-hikvision-paneles-de-alarma-y-accesorios-ax-pro-series-66286.html?ordenar=Precio_de_Menor_a_Mayor&#038;pag=1' target='_blank' rel='noopener'>aqu\u00ed<\/a>.<\/p>\n<\/p><\/div>\n<\/p><\/div>\n<p> <!-- Familia AX PRO --> <\/p>\n<div style='text-align: center; margin: 30px 0;'> <img style='width: 100%; height: auto; border: 1px solid rgba(150&comma;150&comma;150&comma;0.3); border-radius: 8px;' src='https:\/\/ftp3.syscom.mx\/usuarios\/jsosa\/HIKVISION\/alarmas\/imagenes\/panel%20ax%20pro%20diagrama%20hikvision%202.jpg' alt='Familia AX PRO'> <\/p>\n<h2 style='font-size: 20px; color: inherit; opacity: 0.8; margin-top: 20px; margin-bottom: 10px;'>Aseg\u00farese que todos sus equipos son compatibles con la linea AX PRO.<\/h2>\n<\/p><\/div>\n<p> <!-- Videos adicionales 2 --> <\/p>\n<div style='display: flex; flex-wrap: wrap; gap: 30px; margin: 30px 0;'>\n<div style='flex: 1 1 300px; min-width: 280px;'>\n<h3 style='text-align: center; font-size: 18px; color: inherit; opacity: 0.8; margin-bottom: 15px;'>Alta del panel AX PRO en aplicaci\u00f3n Hik-Connect<\/h3>\n<div style='position: relative; padding-bottom: 56.25%; height: 0; overflow: hidden; margin-bottom: 30px;'>   <\/div>\n<\/p><\/div>\n<div style='flex: 1 1 300px; min-width: 280px;'>\n<h3 style='text-align: center; font-size: 18px; color: inherit; opacity: 0.8; margin-bottom: 15px;'>Reset del panel AX PRO por medio de bot\u00f3n<\/h3>\n<div style='position: relative; padding-bottom: 56.25%; height: 0; overflow: hidden; margin-bottom: 30px;'>   <\/div>\n<\/p><\/div>\n<\/p><\/div>\n<p> <!-- Videos adicionales 3 --> <\/p>\n<div style='display: flex; flex-wrap: wrap; gap: 30px; margin: 30px 0;'>\n<div style='flex: 1 1 300px; min-width: 280px;'>\n<h3 style='text-align: center; font-size: 18px; color: inherit; opacity: 0.8; margin-bottom: 15px;'>Video Verificaci\u00f3n con PIR con C\u00e1mara DS-PDPC12P-EG2-WB<\/h3>\n<div style='position: relative; padding-bottom: 56.25%; height: 0; overflow: hidden; margin-bottom: 30px;'>   <\/div>\n<\/p><\/div>\n<div style='flex: 1 1 300px; min-width: 280px;'>\n<h3 style='text-align: center; font-size: 18px; color: inherit; opacity: 0.8; margin-bottom: 15px;'>Vinculo de Sensor Magn\u00e9tico con C\u00e1mara IP<\/h3>\n<div style='position: relative; padding-bottom: 56.25%; height: 0; overflow: hidden; margin-bottom: 30px;'>   <\/div>\n<\/p><\/div>\n<\/p><\/div>\n<p> <!-- Diagrama de aplicaci\u00f3n --> <\/p>\n<div style='margin: 30px 0; text-align: center;'>\n<h2 style='font-size: 20px; color: inherit; opacity: 0.8; margin-bottom: 20px;'>DIAGRAMA DE APLICACI\u00d3N<\/h2>\n<p> <img style='width: 100%; height: auto; border: 1px solid rgba(150&comma;150&comma;150&comma;0.3); border-radius: 8px;' src='https:\/\/ftp3.syscom.mx\/usuarios\/jsosa\/HIKVISION\/alarmas\/AXPPRO\/banner\/diagrama%20AX%20Pro.png' alt='Diagrama de aplicaci\u00f3n'> <\/div>\n<p> <!-- Novedades --> <\/p>\n<h2 style='text-align: center; font-size: 20px; color: inherit; opacity: 0.8; margin: 30px 0 20px 0;'>NOVEDADES DE LA SERIE AX-PRO<\/h2>\n<p> <!-- Repetidor DS-PR1-WB --> <\/p>\n<div style='display: flex; flex-wrap: wrap; gap: 30px; margin: 30px 0;'>\n<div style='flex: 1 1 400px; min-width: 300px; text-align: center;'> <a style='text-decoration: none;' href='https:\/\/www.syscom.mx\/producto\/DS-PR1-WB-HIKVISION-191817.html' target='_blank' rel='noopener'> <img style='width: 100%; height: auto; max-width: 400px; border: 1px solid rgba(150&comma;150&comma;150&comma;0.3); border-radius: 8px;' src='https:\/\/ftp3.syscom.mx\/usuarios\/fotos\/BancoFotografiasSyscom\/HIKVISION\/DSPR1WB\/DSPR1WB-p.PNG' alt='DS-PR1-WB'> <\/a> <\/div>\n<div style='flex: 1 1 400px; min-width: 300px;'>\n<h2 style='font-size: 18px; color: inherit; margin-bottom: 15px;'>REPETIDOR DE SE\u00d1AL <a style='color: inherit; text-decoration: underline;' href='https:\/\/www.syscom.mx\/producto\/DS-PR1-WB-HIKVISION-191817.html' target='_blank' rel='noopener'>DS-PR1-WB<\/a><\/h2>\n<p style='margin-bottom: 15px;'><strong>Aumenta la cobertura de tus dispositivos<\/strong><\/p>\n<p style='margin-bottom: 15px;'>Extiende la se\u00f1al de los dispositivos de la serie AXPRO&comma; recibe mensajes de alarma&comma; estado y control de los dispositivos y repite estos mensajes al panel de control.<\/p>\n<ul style='padding-left: 20px; font-size: 14px; color: inherit; list-style-type: disc;'>\n<li style='margin-bottom: 8px;'>Comunicaci\u00f3n inal\u00e1mbrica bidireccional de 433 MHz estable y segura.<\/li>\n<li style='margin-bottom: 8px;'>Indicador LED&comma; muestra los diferentes estatus del dispositivo con f\u00e1cil comprensi\u00f3n.<\/li>\n<li style='margin-bottom: 8px;'>Hasta 35 horas de respaldo de bater\u00eda despu\u00e9s de la p\u00e9rdida energ\u00eda principal.<\/li>\n<li style='margin-bottom: 8px;'>Encuentra y conecta detectores autom\u00e1ticamente&comma; emparejamiento autom\u00e1tico inteligente.<\/li>\n<li style='margin-bottom: 8px;'>F\u00e1cil instalaci\u00f3n debido a nuevo dise\u00f1o.<\/li>\n<\/ul><\/div>\n<\/p><\/div>\n<p> <!-- PIR con c\u00e1mara DS-PDPC12P-EG2-WB --> <\/p>\n<div style='display: flex; flex-wrap: wrap; gap: 30px; margin: 30px 0;'>\n<div style='flex: 1 1 400px; min-width: 300px;'>\n<h2 style='font-size: 18px; color: inherit; margin-bottom: 15px;'>DETECTOR PIR CON CAMARA INALAMBRICO <a style='color: inherit; text-decoration: underline;' href='https:\/\/www.syscom.mx\/producto\/DS-PDPC12P-EG2-WB-HIKVISION-189862.html' target='_blank' rel='noopener'>DS-PDPC12P-EG2-WB<\/a><\/h2>\n<p style='margin-bottom: 15px;'>Detector inal\u00e1mbrico bidireccional totalmente supervisado con c\u00e1mara incorporada de alta calidad que puede proporcionar una soluci\u00f3n ideal para la verificaci\u00f3n de video.<\/p>\n<ul style='padding-left: 20px; font-size: 14px; color: inherit; list-style-type: disc;'>\n<li style='margin-bottom: 8px;'>Rango de detecci\u00f3n: 12 m.<\/li>\n<li style='margin-bottom: 8px;'>Angulo de detecci\u00f3n: 85.9\u00b0.<\/li>\n<li style='margin-bottom: 8px;'>Inmunidad contra mascotas: 30Kg.<\/li>\n<li style='margin-bottom: 8px;'>Resoluci\u00f3n m\u00e1xima de la c\u00e1mara: 640 x 480.<\/li>\n<li style='margin-bottom: 8px;'>Voltaje de Operaci\u00f3n: 3 x <a style='color: inherit; text-decoration: underline;' href='https:\/\/www.syscom.mx\/producto\/CR123A-EPCOM-POWERLINE-13896.html' target='_blank' rel='noopener'>CR123A<\/a> (Incluida).<\/li>\n<li style='margin-bottom: 8px;'>Tiempo \u00fatil de la bater\u00eda: 6 a\u00f1os<\/li>\n<li style='margin-bottom: 8px;'>Tamper antisabotaje.<\/li>\n<\/ul><\/div>\n<div style='flex: 1 1 400px; min-width: 300px; text-align: center;'> <a style='text-decoration: none;' href='https:\/\/www.syscom.mx\/producto\/DS-PDPC12P-EG2-WB-HIKVISION-189862.html' target='_blank' rel='noopener'> <img style='width: 100%; height: auto; max-width: 400px; border: 1px solid rgba(150&comma;150&comma;150&comma;0.3); border-radius: 8px;' src='https:\/\/ftp3.syscom.mx\/usuarios\/fotos\/BancoFotografiasSyscom\/HIKVISION\/DSPDPC12PEG2WB\/DSPDPC12PEG2WB-p.PNG' alt='DS-PDPC12P-EG2-WB'> <\/a> <\/div>\n<\/p><\/div>\n<p> <!-- Accesorios de automatizaci\u00f3n --> <\/p>\n<h2 style='text-align: center; font-size: 20px; color: inherit; opacity: 0.8; margin: 30px 0 20px 0;'>ACCESORIOS PARA AUTOMATIZAR:<\/h2>\n<p> <!-- Accesorios DS-PM1-O1H-WB y DS-PM1-O1L-WB --> <\/p>\n<div style='display: flex; flex-wrap: wrap; gap: 30px; margin: 30px 0;'>\n<div style='flex: 1 1 400px; min-width: 300px;'>\n<div style='text-align: center; margin-bottom: 20px;'> <a style='text-decoration: none;' href='https:\/\/www.syscom.mx\/producto\/DS-PM1-O1H-WB-HIKVISION-191822.html' target='_blank' rel='noopener'> <img style='width: 60%; height: auto; max-width: 400px; border: 1px solid rgba(150&comma;150&comma;150&comma;0.3); border-radius: 8px;' src='https:\/\/ftp3.syscom.mx\/usuarios\/fotos\/BancoFotografiasSyscom\/HIKVISION\/DSPM1O1HWB\/DSPM1O1HWB-p.PNG' alt='DS-PM1-O1H-WB'> <\/a> <\/div>\n<h2 style='font-size: 18px; color: inherit; margin-bottom: 15px;'><a style='color: inherit; text-decoration: underline;' href='https:\/\/www.syscom.mx\/producto\/DS-PM1-O1H-WB-HIKVISION-191822.html' target='_blank' rel='noopener'>DS-PM1-O1H-WB<\/a><\/h2>\n<ul style='padding-left: 20px; font-size: 14px; color: inherit; list-style-type: disc;'>\n<li style='margin-bottom: 8px;'>Comunicaci\u00f3n inal\u00e1mbrica bidireccional de 433 MHz \/ Cifrado AES-128.<\/li>\n<li style='margin-bottom: 8px;'>Pantalla LED&comma; muestra el estado del dispositivo: encendido \/ apagado.<\/li>\n<li style='margin-bottom: 8px;'>Dise\u00f1o de caja peque\u00f1a&comma; que se puede esconder f\u00e1cilmente.<\/li>\n<li style='margin-bottom: 8px;'>Operaci\u00f3n de automatizaci\u00f3n&comma; bot\u00f3n de encendido\/apagado desde: aplicaci\u00f3n \/ control \/ teclado<\/li>\n<li style='margin-bottom: 8px;'>Configuraci\u00f3n de escenarios por diferentes eventos.<\/li>\n<li style='margin-bottom: 8px;'>1 Salida de relevador: NO\/NC (100 to 240 VAC \/ Max. 13 A)<\/li>\n<li style='margin-bottom: 8px;'>Voltaje de Operaci\u00f3n: 100 VCA a 240 VCA.<\/li>\n<li style='margin-bottom: 8px;'>Temperatura de operaci\u00f3n: -10\u00b0 a 55\u00b0C.<\/li>\n<\/ul><\/div>\n<div style='flex: 1 1 400px; min-width: 300px;'>\n<div style='text-align: center; margin-bottom: 20px;'> <a style='text-decoration: none;' href='https:\/\/www.syscom.mx\/producto\/DS-PM1-O1L-WB-HIKVISION-191819.html' target='_blank' rel='noopener'> <img style='width: 60%; height: auto; max-width: 400px; border: 1px solid rgba(150&comma;150&comma;150&comma;0.3); border-radius: 8px;' src='https:\/\/ftp3.syscom.mx\/usuarios\/fotos\/BancoFotografiasSyscom\/HIKVISION\/DSPM1O1LWB\/DSPM1O1LWB-p.PNG' alt='DS-PM1-O1L-WB'> <\/a> <\/div>\n<h2 style='font-size: 18px; color: inherit; margin-bottom: 15px;'><a style='color: inherit; text-decoration: underline;' href='https:\/\/www.syscom.mx\/producto\/DS-PM1-O1L-WB-HIKVISION-191819.html' target='_blank' rel='noopener'>DS-PM1-O1L-WB<\/a><\/h2>\n<ul style='padding-left: 20px; font-size: 14px; color: inherit; list-style-type: disc;'>\n<li style='margin-bottom: 8px;'>Comunicaci\u00f3n inal\u00e1mbrica bidireccional de 433 MHz \/ Cifrado AES-128.<\/li>\n<li style='margin-bottom: 8px;'>Pantalla LED&comma; muestra el estado del dispositivo: encendido \/ apagado.<\/li>\n<li style='margin-bottom: 8px;'>Dise\u00f1o de caja peque\u00f1a&comma; que se puede esconder f\u00e1cilmente.<\/li>\n<li style='margin-bottom: 8px;'>Operaci\u00f3n de automatizaci\u00f3n&comma; bot\u00f3n de encendido\/apagado desde: aplicaci\u00f3n \/ control \/ teclado<\/li>\n<li style='margin-bottom: 8px;'>Configuraci\u00f3n de escenarios por diferentes eventos<\/li>\n<li style='margin-bottom: 8px;'>Usando la entrada de alarma&comma; se puede utilizar como entrada de zona para el panel.<\/li>\n<li style='margin-bottom: 8px;'>1 Salida de relevador: NO\/NC (0 a 36Vcc \/ Max. 5 A).<\/li>\n<li style='margin-bottom: 8px;'>1 Entrada de alarma: NO\/NC.<\/li>\n<li style='margin-bottom: 8px;'>Voltaje de Operaci\u00f3n: 7Vcc a 24 Vcc.<\/li>\n<li style='margin-bottom: 8px;'>Temperatura de operaci\u00f3n: -10\u00b0 a 55\u00b0C.<\/li>\n<\/ul><\/div>\n<\/p><\/div>\n<p> <!-- Banner final --> <\/p>\n<div style='margin: 30px 0; text-align: center;'> <a style='text-decoration: none;' href='https:\/\/www.syscom.mx\/principal\/promociones\/serie_ax_pro_alarmas_hikvision-5416.html?ordenar=Relevancia&#038;pag=1' target='_blank' rel='noopener'> <img style='width: 100%; height: auto; border: 1px solid rgba(150&comma;150&comma;150&comma;0.3); border-radius: 8px;' src='https:\/\/ftp3.syscom.mx\/usuarios\/jsosa\/HIKVISION\/alarmas\/AXPPRO\/banner\/HIKVISION-AXPRO-SERIES.jpg' alt='Serie AX PRO'> <\/a> <\/div>\n<\/p><\/div>\n","protected":false},"excerpt":{"rendered":"<p>(AX PRO)Kit  Contacto Magn\u00e9tico Inal\u00e1mbrico + 2 ZONAS PARA AGREGAR SENSORES CABLEADOS \/ 3 en 1 \/ Soporta 2 Zonas Cableadas\/Magnetico de uso rudo cableado<\/p>\n","protected":false},"featured_media":3883,"comment_status":"open","ping_status":"closed","template":"","meta":[],"product_brand":[],"product_cat":[68],"product_tag":[70,54,69],"class_list":{"0":"post-3884","1":"product","2":"type-product","3":"status-publish","4":"has-post-thumbnail","6":"product_cat-ax-pro-series","7":"product_tag-ax-pro-series","8":"product_tag-hikvision","9":"product_tag-paneles-de-alarma-y-accesorios-hikvision","11":"first","12":"outofstock","13":"sale","14":"shipping-taxable","15":"purchasable","16":"product-type-simple"},"_links":{"self":[{"href":"https:\/\/soydeaqui.ddns.net\/pachuca\/index.php\/wp-json\/wp\/v2\/product\/3884","targetHints":{"allow":["GET"]}}],"collection":[{"href":"https:\/\/soydeaqui.ddns.net\/pachuca\/index.php\/wp-json\/wp\/v2\/product"}],"about":[{"href":"https:\/\/soydeaqui.ddns.net\/pachuca\/index.php\/wp-json\/wp\/v2\/types\/product"}],"replies":[{"embeddable":true,"href":"https:\/\/soydeaqui.ddns.net\/pachuca\/index.php\/wp-json\/wp\/v2\/comments?post=3884"}],"wp:featuredmedia":[{"embeddable":true,"href":"https:\/\/soydeaqui.ddns.net\/pachuca\/index.php\/wp-json\/wp\/v2\/media\/3883"}],"wp:attachment":[{"href":"https:\/\/soydeaqui.ddns.net\/pachuca\/index.php\/wp-json\/wp\/v2\/media?parent=3884"}],"wp:term":[{"taxonomy":"product_brand","embeddable":true,"href":"https:\/\/soydeaqui.ddns.net\/pachuca\/index.php\/wp-json\/wp\/v2\/product_brand?post=3884"},{"taxonomy":"product_cat","embeddable":true,"href":"https:\/\/soydeaqui.ddns.net\/pachuca\/index.php\/wp-json\/wp\/v2\/product_cat?post=3884"},{"taxonomy":"product_tag","embeddable":true,"href":"https:\/\/soydeaqui.ddns.net\/pachuca\/index.php\/wp-json\/wp\/v2\/product_tag?post=3884"}],"curies":[{"name":"wp","href":"https:\/\/api.w.org\/{rel}","templated":true}]}}