{"id":38829,"date":"2026-03-18T17:06:19","date_gmt":"2026-03-18T17:06:19","guid":{"rendered":"https:\/\/soydeaqui.ddns.net\/pachuca\/index.php\/producto\/estacion-de-energia-portatil-de-980wh-litio-lfp-10-puertos-ac-500-w-max-1000w-2-usb-c-100w-cargador-de-coche-10a-a-12-6v-conectividad-wifi-y-bluetooth-app-carga-solar-500w-max\/"},"modified":"2026-03-18T17:06:22","modified_gmt":"2026-03-18T17:06:22","slug":"estacion-de-energia-portatil-de-980wh-litio-lfp-10-puertos-ac-500-w-max-1000w-2-usb-c-100w-cargador-de-coche-10a-a-12-6v-conectividad-wifi-y-bluetooth-app-carga-solar-500w-max","status":"publish","type":"product","link":"https:\/\/soydeaqui.ddns.net\/pachuca\/index.php\/producto\/estacion-de-energia-portatil-de-980wh-litio-lfp-10-puertos-ac-500-w-max-1000w-2-usb-c-100w-cargador-de-coche-10a-a-12-6v-conectividad-wifi-y-bluetooth-app-carga-solar-500w-max\/","title":{"rendered":"Estaci\u00f3n de Energ\u00eda Port\u00e1til de 980Wh Litio LFP \/ 10 Puertos AC 500 W (Max. 1000W) \/ 2 USB-C 100W \/ Cargador de Coche 10A a 12.6V \/ Conectividad WiFi y Bluetooth (App) \/ Carga Solar 500W Max."},"content":{"rendered":"<div style=\"width: 100%; max-width: 1200px; margin: 0 auto; font-family: sans-serif; line-height: 1.6; color: inherit; background-color: transparent;\">\n<div style=\"margin-bottom: 30px;\">\n<p style=\"font-size: 15px; margin-bottom: 15px;\">EcoFlow E980 es una estaci&oacute;n de energ&iacute;a con una bater&iacute;a LiFePO4 y una capacidad de 980Wh. Cuenta con m&uacute;ltiples salidas&comma; incluidas tomas de CA est&aacute;ndar&comma; puertos USB-A&comma; puertos USB-C y puertos de 12V DC5521 y DC para admitir diversos electrodom&eacute;sticos y dispositivos. La variedad de opciones de carga te permite cambiar f&aacute;cilmente entre diferentes m&eacute;todos seg&uacute;n tus necesidades reales.<\/p>\n<p style=\"font-size: 15px; margin-bottom: 15px;\">Est&aacute; dise&ntilde;ado para familias que enfrentan cortes de energ&iacute;a frecuentes.<\/p>\n<p style=\"font-size: 15px; margin-bottom: 15px;\">Su amplia capacidad&comma; precio asequible&comma; durabilidad y funciones inteligentes lo convierten en la opci&oacute;n perfecta para respaldo de energ&iacute;a en el hogar.<\/p>\n<p style=\"font-size: 15px; margin-bottom: 15px;\">Garantiza un suministro el&eacute;ctrico ininterrumpido para el uso diario sin inconvenientes. No tendr&aacute;s que comprometer tu consumo de energ&iacute;a ni soportar molestias<\/p>\n<\/div>\n<hr style=\"border: 0; border-top: 1px solid rgba(150&comma; 150&comma; 150&comma; 0.3); margin: 30px 0;\">\n<div style=\"display: flex; flex-wrap: wrap; gap: 30px; margin-bottom: 30px;\">\n<div style=\"flex: 1 1 300px; min-width: 280px;\">\n<h3 style=\"font-size: 22px; border-bottom: 2px solid currentColor; padding-bottom: 5px; margin-top: 0; color: inherit; opacity: 0.8;\">Caracter&iacute;sticas Generales<\/h3>\n<ul style=\"padding-left: 20px; font-size: 15px; color: inherit;\">\n<li style=\"margin-bottom: 5px;\"><strong>Capacidad:<\/strong> 980 Wh<\/li>\n<li style=\"margin-bottom: 5px;\"><strong>Transferencia UPS:<\/strong> &lt;30ms<\/li>\n<li style=\"margin-bottom: 5px;\"><strong>Qu&iacute;mica de la bater&iacute;a:<\/strong> LiFePo4<\/li>\n<li style=\"margin-bottom: 5px;\"><strong>Conectividad:<\/strong> Wi-Fi &amp; Bluetooth<\/li>\n<li style=\"margin-bottom: 5px;\"><strong>Dimensiones:<\/strong> 15.7&#39;x8.3&#39;x11&#39; \/400x211x281 (mm)<\/li>\n<li style=\"margin-bottom: 5px;\"><strong>Peso Neto:<\/strong> 27 lbs\/ 12Kg<\/li>\n<li style=\"margin-bottom: 5px;\"><strong>Garant&iacute;a:<\/strong> 2 a&ntilde;os<\/li>\n<\/ul>\n<\/div>\n<div style=\"flex: 1 1 300px; min-width: 280px;\">\n<h3 style=\"font-size: 22px; border-bottom: 2px solid currentColor; padding-bottom: 5px; margin-top: 0; color: inherit; opacity: 0.8;\">Puertos de Salida<\/h3>\n<ul style=\"padding-left: 20px; font-size: 15px; color: inherit;\">\n<li style=\"margin-bottom: 5px;\"><strong>Salidas de CA:<\/strong> 10 salidas 500W totales (m&aacute;ximo: 1000W)&comma; 120V (50Hz\/60Hz)<\/li>\n<li style=\"margin-bottom: 5px;\"><strong>Potencia m&aacute;xima de los dispositivos compatibles con X-Boost:<\/strong> 1000W<\/li>\n<li style=\"margin-bottom: 5px;\"><strong>Salidas USB-A:<\/strong> 4 puertos; 2 x 18W&comma; 2 x 12W<\/li>\n<li style=\"margin-bottom: 5px;\"><strong>Salidas USB-C:<\/strong> 2 puertos&comma; 100W m&aacute;x.<\/li>\n<li style=\"margin-bottom: 5px;\"><strong>Salidas de alimentaci&oacute;n para coche:<\/strong> 1 puerto&comma; 12.6v&comma; 10A 126W m&aacute;x.<\/li>\n<li style=\"margin-bottom: 5px;\"><strong>Salida DC5521:<\/strong> 2 puertos&comma; 12.6V&comma; 3A&comma; 38W como m&aacute;x. por puerto<\/li>\n<\/ul>\n<\/div>\n<div style=\"flex: 1 1 300px; min-width: 280px;\">\n<h3 style=\"font-size: 22px; border-bottom: 2px solid currentColor; padding-bottom: 5px; margin-top: 0; color: inherit; opacity: 0.8;\">Puertos de Entrada<\/h3>\n<ul style=\"padding-left: 20px; font-size: 15px; color: inherit;\">\n<li style=\"margin-bottom: 5px;\"><strong>Tensi&oacute;n de entrada de CA:<\/strong> 100~120 V 50Hz\/60Hz&comma; 0-100% en 2 hrs<\/li>\n<li style=\"margin-bottom: 5px;\"><strong>Carga mediante energ&iacute;a solar:<\/strong> 11-60V&comma; 15 A&comma; 500W m&aacute;x. 0-100% en 2.9 hrs.<\/li>\n<li style=\"margin-bottom: 5px;\"><strong>Carga en veh&iacute;culo:<\/strong> Admite bater&iacute;a de 12V\/24V&comma; Valor predeterminado: 8A&comma; 0-100% en 11 hrs<\/li>\n<\/ul>\n<\/div>\n<div style=\"flex: 1 1 300px; min-width: 280px;\">\n<h3 style=\"font-size: 22px; border-bottom: 2px solid currentColor; padding-bottom: 5px; margin-top: 0; color: inherit; opacity: 0.8;\">Tipo de Protecci&oacute;nes<\/h3>\n<ul style=\"padding-left: 20px; font-size: 15px; color: inherit;\">\n<li style=\"margin-bottom: 5px;\"><strong>Sobretensi&oacute;n<\/strong><\/li>\n<li style=\"margin-bottom: 5px;\"><strong>Sobrecarga<\/strong><\/li>\n<li style=\"margin-bottom: 5px;\"><strong>Sobrecalentamiento<\/strong><\/li>\n<li style=\"margin-bottom: 5px;\"><strong>Cortocircuito<\/strong><\/li>\n<li style=\"margin-bottom: 5px;\"><strong>Temperatura baja<\/strong><\/li>\n<li style=\"margin-bottom: 5px;\"><strong>Tensi&oacute;n baja<\/strong><\/li>\n<li style=\"margin-bottom: 5px;\"><strong>Sobrecorriente<\/strong><\/li>\n<\/ul>\n<\/div>\n<\/div>\n<hr style=\"border: 0; border-top: 1px solid rgba(150&comma; 150&comma; 150&comma; 0.3); margin: 30px 0;\">\n<div style=\"margin-bottom: 30px;\"><img decoding=\"async\" style=\"width: 100%; height: auto; border: 1px solid rgba(150&comma; 150&comma; 150&comma; 0.3); border-radius: 8px;\" src=\"https:\/\/ftp3.syscom.mx\/usuarios\/fotos\/EFD330\/216293-aj-ecoflow-wyoming-12.jpg\" alt=\"\" class=\"fr-fic fr-dii\"><\/div>\n<hr style=\"border: 0; border-top: 1px solid rgba(150&comma; 150&comma; 150&comma; 0.3); margin: 30px 0;\">\n<div style=\"margin-bottom: 30px; text-align: center;\">\n<h3 style=\"font-size: 18px; margin: 0; color: #3598db; opacity: 0.9;\">MEN&Uacute; EXPANDIBLE<\/h3>\n<\/div>\n<p><!-- Monitoreo --><\/p>\n<div style=\"margin-bottom: 30px;\">\n<h3 style=\"font-size: 18px; margin-top: 0; margin-bottom: 15px; color: #3598db; font-weight: bold;\">MONITOREO<\/h3>\n<div style=\"display: flex; flex-wrap: wrap; gap: 30px; align-items: center;\">\n<div style=\"flex: 1 1 300px; min-width: 280px;\"><img decoding=\"async\" style=\"width: 100%; height: auto; border: 1px solid rgba(150&comma; 150&comma; 150&comma; 0.3); border-radius: 8px;\" src=\"https:\/\/ftp3.syscom.mx\/usuarios\/fotos\/EFD330\/216293-monitoreo.jpg\" alt=\"\" class=\"fr-fic fr-dii\"><\/div>\n<div style=\"flex: 1 1 300px; min-width: 280px;\">\n<p style=\"font-size: 15px; margin-bottom: 15px; text-align: center;\"><strong>Control desde cualquier lugar<\/strong><\/p>\n<p style=\"font-size: 14px; margin-bottom: 15px; text-align: center;\">Utiliza la aplicaci&oacute;n EcoFlow para controlar tu estaci&oacute;n desde cualquier lugar mediante Wi-Fi. Conectate por Bluetooth cuando no tengas conexi&oacute;n a la red. En ambos casos puedes comprobar datos de carga&comma; personalizar la configuraci&oacute;n y ajustar la velocidad de carga con facilidad.<\/p>\n<p style=\"font-size: 14px; margin-bottom: 15px; text-align: center;\"><strong>Caracter&iacute;sticas del Bluetooth y Wi-Fi<\/strong><\/p>\n<p style=\"font-size: 14px; margin-bottom: 10px;\"><strong>Wi-Fi:<\/strong><\/p>\n<ul style=\"padding-left: 20px; font-size: 14px; color: inherit;\">\n<li style=\"margin-bottom: 5px;\"><strong>Gama de frecuencia:<\/strong> 2412-2462 Mhz \/ 2422-2452 Mhz<\/li>\n<li style=\"margin-bottom: 5px;\"><strong>Potencia m&aacute;xima de salida:<\/strong> 0.071 W<\/li>\n<\/ul>\n<p style=\"font-size: 14px; margin-bottom: 10px;\"><strong>Bluetooth:<\/strong><\/p>\n<ul style=\"padding-left: 20px; font-size: 14px; color: inherit;\">\n<li style=\"margin-bottom: 5px;\"><strong>Gama de frecuencia:<\/strong> 2402-2480 Mhz<\/li>\n<li style=\"margin-bottom: 5px;\"><strong>Potencia m&aacute;xima de salida:<\/strong> 0.005 W<\/li>\n<\/ul>\n<\/div>\n<\/div>\n<\/div>\n<p><!-- Tiempo de Respaldo --><\/p>\n<div style=\"margin-bottom: 30px;\">\n<h3 style=\"font-size: 18px; margin-top: 0; margin-bottom: 15px; color: #3598db; font-weight: bold;\">TIEMPO DE RESPALDO<\/h3>\n<p style=\"font-size: 15px; margin-bottom: 20px; text-align: center;\"><strong>Energ&iacute;a para casi todo.<\/strong><\/p>\n<div style=\"overflow-x: auto;\">\n<table style=\"width: 100%; border-collapse: collapse; margin-bottom: 20px;\">\n<thead style=\"background-color: #f5f5f5;\">\n<tr>\n<th style=\"border: 1px solid rgba(150&comma;150&comma;150&comma;0.3); padding: 10px; text-align: left; font-weight: bold; background-color: #3598db; color: white;\">Dispositivo<\/th>\n<th style=\"border: 1px solid rgba(150&comma;150&comma;150&comma;0.3); padding: 10px; text-align: left; font-weight: bold; background-color: #3598db; color: white;\">Potencia (Tipo)<\/th>\n<th style=\"border: 1px solid rgba(150&comma;150&comma;150&comma;0.3); padding: 10px; text-align: left; font-weight: bold; background-color: #3598db; color: white;\">Duraci&oacute;n<\/th>\n<th style=\"border: 1px solid rgba(150&comma;150&comma;150&comma;0.3); padding: 10px; text-align: left; font-weight: bold; background-color: #3598db; color: white;\">Unidad<\/th>\n<\/tr>\n<\/thead>\n<tbody>\n<tr style=\"background-color: rgba(150&comma;150&comma;150&comma;0.05);\">\n<td style=\"border: 1px solid rgba(150&comma;150&comma;150&comma;0.3); padding: 10px;\">Phone<\/td>\n<td style=\"border: 1px solid rgba(150&comma;150&comma;150&comma;0.3); padding: 10px;\">11Wh (Type-C)<\/td>\n<td style=\"border: 1px solid rgba(150&comma;150&comma;150&comma;0.3); padding: 10px;\">89.0<\/td>\n<td style=\"border: 1px solid rgba(150&comma;150&comma;150&comma;0.3); padding: 10px;\">times<\/td>\n<\/tr>\n<tr>\n<td style=\"border: 1px solid rgba(150&comma;150&comma;150&comma;0.3); padding: 10px;\">Laptop<\/td>\n<td style=\"border: 1px solid rgba(150&comma;150&comma;150&comma;0.3); padding: 10px;\">60Wh (Type-C)<\/td>\n<td style=\"border: 1px solid rgba(150&comma;150&comma;150&comma;0.3); padding: 10px;\">16.0<\/td>\n<td style=\"border: 1px solid rgba(150&comma;150&comma;150&comma;0.3); padding: 10px;\">Veces<\/td>\n<\/tr>\n<tr style=\"background-color: rgba(150&comma;150&comma;150&comma;0.05);\">\n<td style=\"border: 1px solid rgba(150&comma;150&comma;150&comma;0.3); padding: 10px;\">Luces<\/td>\n<td style=\"border: 1px solid rgba(150&comma;150&comma;150&comma;0.3); padding: 10px;\">10W (DC)<\/td>\n<td style=\"border: 1px solid rgba(150&comma;150&comma;150&comma;0.3); padding: 10px;\">98.0<\/td>\n<td style=\"border: 1px solid rgba(150&comma;150&comma;150&comma;0.3); padding: 10px;\">hrs<\/td>\n<\/tr>\n<tr>\n<td style=\"border: 1px solid rgba(150&comma;150&comma;150&comma;0.3); padding: 10px;\">Router Wi-Fi<\/td>\n<td style=\"border: 1px solid rgba(150&comma;150&comma;150&comma;0.3); padding: 10px;\">10W (AC)<\/td>\n<td style=\"border: 1px solid rgba(150&comma;150&comma;150&comma;0.3); padding: 10px;\">58.0<\/td>\n<td style=\"border: 1px solid rgba(150&comma;150&comma;150&comma;0.3); padding: 10px;\">hrs<\/td>\n<\/tr>\n<tr style=\"background-color: rgba(150&comma;150&comma;150&comma;0.05);\">\n<td style=\"border: 1px solid rgba(150&comma;150&comma;150&comma;0.3); padding: 10px;\">Monitor<\/td>\n<td style=\"border: 1px solid rgba(150&comma;150&comma;150&comma;0.3); padding: 10px;\">30W (AC)<\/td>\n<td style=\"border: 1px solid rgba(150&comma;150&comma;150&comma;0.3); padding: 10px;\">30.0<\/td>\n<td style=\"border: 1px solid rgba(150&comma;150&comma;150&comma;0.3); padding: 10px;\">hrs<\/td>\n<\/tr>\n<tr>\n<td style=\"border: 1px solid rgba(150&comma;150&comma;150&comma;0.3); padding: 10px;\">Ventilador<\/td>\n<td style=\"border: 1px solid rgba(150&comma;150&comma;150&comma;0.3); padding: 10px;\">40W (AC)<\/td>\n<td style=\"border: 1px solid rgba(150&comma;150&comma;150&comma;0.3); padding: 10px;\">17.0<\/td>\n<td style=\"border: 1px solid rgba(150&comma;150&comma;150&comma;0.3); padding: 10px;\">hrs<\/td>\n<\/tr>\n<tr style=\"background-color: rgba(150&comma;150&comma;150&comma;0.05);\">\n<td style=\"border: 1px solid rgba(150&comma;150&comma;150&comma;0.3); padding: 10px;\">TV 50&#39;<\/td>\n<td style=\"border: 1px solid rgba(150&comma;150&comma;150&comma;0.3); padding: 10px;\">110W (AC)<\/td>\n<td style=\"border: 1px solid rgba(150&comma;150&comma;150&comma;0.3); padding: 10px;\">7.9<\/td>\n<td style=\"border: 1px solid rgba(150&comma;150&comma;150&comma;0.3); padding: 10px;\">hrs<\/td>\n<\/tr>\n<tr>\n<td style=\"border: 1px solid rgba(150&comma;150&comma;150&comma;0.3); padding: 10px;\">Refrigerador<\/td>\n<td style=\"border: 1px solid rgba(150&comma;150&comma;150&comma;0.3); padding: 10px;\">120W (AC)<\/td>\n<td style=\"border: 1px solid rgba(150&comma;150&comma;150&comma;0.3); padding: 10px;\">7.0<\/td>\n<td style=\"border: 1px solid rgba(150&comma;150&comma;150&comma;0.3); padding: 10px;\">hrs<\/td>\n<\/tr>\n<tr style=\"background-color: rgba(150&comma;150&comma;150&comma;0.05);\">\n<td style=\"border: 1px solid rgba(150&comma;150&comma;150&comma;0.3); padding: 10px;\">Lava Platos<\/td>\n<td style=\"border: 1px solid rgba(150&comma;150&comma;150&comma;0.3); padding: 10px;\">400W (AC)<\/td>\n<td style=\"border: 1px solid rgba(150&comma;150&comma;150&comma;0.3); padding: 10px;\">2.5<\/td>\n<td style=\"border: 1px solid rgba(150&comma;150&comma;150&comma;0.3); padding: 10px;\">hrs<\/td>\n<\/tr>\n<tr>\n<td style=\"border: 1px solid rgba(150&comma;150&comma;150&comma;0.3); padding: 10px;\">Aire Acondicionado<\/td>\n<td style=\"border: 1px solid rgba(150&comma;150&comma;150&comma;0.3); padding: 10px;\">500W (AC)<\/td>\n<td style=\"border: 1px solid rgba(150&comma;150&comma;150&comma;0.3); padding: 10px;\">1.8<\/td>\n<td style=\"border: 1px solid rgba(150&comma;150&comma;150&comma;0.3); padding: 10px;\">hrs<\/td>\n<\/tr>\n<\/tbody>\n<\/table>\n<\/div>\n<\/div>\n<p><!-- Contenido --><\/p>\n<div style=\"margin-bottom: 30px;\">\n<h3 style=\"font-size: 18px; margin-top: 0; margin-bottom: 15px; color: #3598db; font-weight: bold;\">CONTENIDO<\/h3>\n<div style=\"display: flex; flex-wrap: wrap; gap: 30px;\">\n<div style=\"flex: 1 1 300px; min-width: 280px;\">\n<h4 style=\"font-size: 18px; margin-top: 0; margin-bottom: 15px; text-align: center; color: inherit; opacity: 0.8;\">E980<\/h4>\n<ul style=\"padding-left: 20px; font-size: 15px; color: inherit;\">\n<li style=\"margin-bottom: 8px;\"><strong>Cable de carga de CA<\/strong><\/li>\n<li style=\"margin-bottom: 8px;\"><strong>Cable de carga para coche<\/strong><\/li>\n<li style=\"margin-bottom: 8px;\"><strong>Cable de DC5521 a DC5525<\/strong><\/li>\n<li style=\"margin-bottom: 8px;\"><strong>Manual de usuario<\/strong><\/li>\n<li style=\"margin-bottom: 8px;\"><strong>Gu&iacute;a de inicio r&aacute;pido de la aplicaci&oacute;n<\/strong><\/li>\n<li style=\"margin-bottom: 8px;\"><strong>Warranty card<\/strong><\/li>\n<\/ul>\n<p style=\"font-size: 13px; margin-top: 15px; color: rgba(0&comma;0&comma;0&comma;0.6);\">*El cable de carga solar a XT60 solo se incluye con la compra de paneles solares port&aacute;tiles EcoFlow<\/p>\n<\/div>\n<div style=\"flex: 1 1 300px; min-width: 280px;\"><img decoding=\"async\" style=\"width: 100%; height: auto; border: 1px solid rgba(150&comma; 150&comma; 150&comma; 0.3); border-radius: 8px;\" src=\"https:\/\/ftp3.syscom.mx\/usuarios\/fotos\/EFD330\/216293-contenido.jpg\" alt=\"\" class=\"fr-fic fr-dii\"><\/div>\n<\/div>\n<\/div>\n<\/div>\n","protected":false},"excerpt":{"rendered":"<p>Estaci\u00f3n de Energ\u00eda Port\u00e1til de 980Wh Litio LFP \/ 10 Puertos AC 500 W (Max. 1000W) \/ 2 USB-C 100W \/ Cargador de Coche 10A a 12.6V \/ Conectividad WiFi y Bluetooth (App) \/ Carga Solar 500W Max.<\/p>\n","protected":false},"featured_media":38828,"comment_status":"open","ping_status":"closed","template":"","meta":[],"product_brand":[],"product_cat":[1114],"product_tag":[1116,1115,1101],"class_list":{"0":"post-38829","1":"product","2":"type-product","3":"status-publish","4":"has-post-thumbnail","6":"product_cat-estaciones-de-energia-portables","7":"product_tag-ecoflow","8":"product_tag-estaciones-de-energia-portables","9":"product_tag-respaldo-de-energia","11":"first","12":"instock","13":"sale","14":"shipping-taxable","15":"purchasable","16":"product-type-simple"},"_links":{"self":[{"href":"https:\/\/soydeaqui.ddns.net\/pachuca\/index.php\/wp-json\/wp\/v2\/product\/38829","targetHints":{"allow":["GET"]}}],"collection":[{"href":"https:\/\/soydeaqui.ddns.net\/pachuca\/index.php\/wp-json\/wp\/v2\/product"}],"about":[{"href":"https:\/\/soydeaqui.ddns.net\/pachuca\/index.php\/wp-json\/wp\/v2\/types\/product"}],"replies":[{"embeddable":true,"href":"https:\/\/soydeaqui.ddns.net\/pachuca\/index.php\/wp-json\/wp\/v2\/comments?post=38829"}],"wp:featuredmedia":[{"embeddable":true,"href":"https:\/\/soydeaqui.ddns.net\/pachuca\/index.php\/wp-json\/wp\/v2\/media\/38828"}],"wp:attachment":[{"href":"https:\/\/soydeaqui.ddns.net\/pachuca\/index.php\/wp-json\/wp\/v2\/media?parent=38829"}],"wp:term":[{"taxonomy":"product_brand","embeddable":true,"href":"https:\/\/soydeaqui.ddns.net\/pachuca\/index.php\/wp-json\/wp\/v2\/product_brand?post=38829"},{"taxonomy":"product_cat","embeddable":true,"href":"https:\/\/soydeaqui.ddns.net\/pachuca\/index.php\/wp-json\/wp\/v2\/product_cat?post=38829"},{"taxonomy":"product_tag","embeddable":true,"href":"https:\/\/soydeaqui.ddns.net\/pachuca\/index.php\/wp-json\/wp\/v2\/product_tag?post=38829"}],"curies":[{"name":"wp","href":"https:\/\/api.w.org\/{rel}","templated":true}]}}