{"id":3882,"date":"2026-03-18T06:13:08","date_gmt":"2026-03-18T06:13:08","guid":{"rendered":"https:\/\/soydeaqui.ddns.net\/pachuca\/index.php\/producto\/ax-pro-detector-de-humo-fotoelectrico-inalambrico-para-panel-de-alarma-hikvision-interior-soporta-funcionalidad-autonoma-no-compatible-con-el-panel-ds-pha64-lp-2\/"},"modified":"2026-03-18T06:13:08","modified_gmt":"2026-03-18T06:13:08","slug":"ax-pro-detector-de-humo-fotoelectrico-inalambrico-para-panel-de-alarma-hikvision-interior-soporta-funcionalidad-autonoma-no-compatible-con-el-panel-ds-pha64-lp-2","status":"publish","type":"product","link":"https:\/\/soydeaqui.ddns.net\/pachuca\/index.php\/producto\/ax-pro-detector-de-humo-fotoelectrico-inalambrico-para-panel-de-alarma-hikvision-interior-soporta-funcionalidad-autonoma-no-compatible-con-el-panel-ds-pha64-lp-2\/","title":{"rendered":"(AX PRO) Detector de Humo Fotoel\u00e9ctrico Inal\u00e1mbrico para Panel de Alarma HIKVISION \/ Interior \/ Soporta Funcionalidad Aut\u00f3noma \/ No compatible con el panel DS-PHA64-LP"},"content":{"rendered":"<div style='width: 100%; max-width: 1200px; margin: 0 auto; font-family: sans-serif; line-height: 1.6; color: inherit; background-color: transparent;'> <!-- Logo --> <\/p>\n<div style='text-align: center; margin: 30px 0;'> <img style='width: 45%; height: auto; border: 1px solid rgba(150&comma;150&comma;150&comma;0.3); border-radius: 8px;' src='https:\/\/ftp3.syscom.mx\/usuarios\/jsosa\/HIKVISION\/imagenes\/logo\/hikvision%20see%20far.png' alt='Logo Hikvision'> <\/div>\n<p> <!-- Video Principal --> <\/p>\n<div style='margin: 30px 0;'>\n<h3 style='text-align: center; font-size: 20px; margin-bottom: 20px; color: inherit; opacity: 0.8;'> <strong>Conoce la serie AX PRO de alarmas Hikvision<\/strong> <\/h3>\n<div style='position: relative; padding-bottom: 56.25%; height: 0; overflow: hidden;'>   <\/div>\n<\/p><\/div>\n<p> <!-- Videos Secundarios --> <\/p>\n<div style='display: flex; flex-wrap: wrap; gap: 20px; margin: 30px 0;'>\n<div style='flex: 1 1 300px; min-width: 280px;'>\n<h4 style='text-align: center; font-size: 18px; margin-bottom: 15px; color: inherit; opacity: 0.8;'> <strong>Configuraci\u00f3n de la alarma AX PRO de Hikvision<\/strong> <\/h4>\n<div style='position: relative; padding-bottom: 56.25%; height: 0; overflow: hidden;'>   <\/div>\n<\/p><\/div>\n<div style='flex: 1 1 300px; min-width: 280px;'>\n<h4 style='text-align: center; font-size: 18px; margin-bottom: 15px; color: inherit; opacity: 0.8;'> <strong>Bienvenido al futuro con AX PRO Hikvision<\/strong> <\/h4>\n<div style='position: relative; padding-bottom: 56.25%; height: 0; overflow: hidden;'>   <\/div>\n<\/p><\/div>\n<div style='flex: 1 1 300px; min-width: 280px;'>\n<h4 style='text-align: center; font-size: 18px; margin-bottom: 15px; color: inherit; opacity: 0.8;'> <strong>Sistema Robusto contra Intrusiones AX PRO<\/strong> <\/h4>\n<div style='position: relative; padding-bottom: 56.25%; height: 0; overflow: hidden;'>   <\/div>\n<\/p><\/div>\n<\/p><\/div>\n<p> <!-- Caracter\u00edsticas --> <\/p>\n<div style='display: flex; flex-wrap: wrap; gap: 20px; margin: 30px 0;'>\n<div style='flex: 1 1 300px; min-width: 280px; border-left: 5px solid #ff0000; border-radius: 8px; padding: 15px; background-color: rgba(255&comma; 0&comma; 0&comma; 0.05);'>\n<h3 style='margin-top: 0; font-size: 18px; color: inherit; opacity: 0.8;'> <strong>Caracter\u00edsticas principales:<\/strong> <\/h3>\n<ul style='padding-left: 20px; font-size: 14px; color: inherit;'>\n<li style='margin-bottom: 8px;'>Comunicaci\u00f3n inal\u00e1mbrica con el panel de alarma.<\/li>\n<li style='margin-bottom: 8px;'>Los datos inal\u00e1mbricos est\u00e1n protegidos por el cifrado AES-128.<\/li>\n<li style='margin-bottom: 8px;'>Funci\u00f3n aut\u00f3noma&comma; incluye buzzer (85dB a 3 metros).<\/li>\n<li style='margin-bottom: 8px;'>Led indicador rojo.<\/li>\n<\/ul><\/div>\n<div style='flex: 1 1 300px; min-width: 280px; border-left: 5px solid #ff0000; border-radius: 8px; padding: 15px; background-color: rgba(255&comma; 0&comma; 0&comma; 0.05);'>\n<h3 style='margin-top: 0; font-size: 18px; color: inherit; opacity: 0.8;'> <strong>Caracter\u00edsticas F\u00edsicas y El\u00e9ctricas:<\/strong> <\/h3>\n<ul style='padding-left: 20px; font-size: 14px; color: inherit;'>\n<li style='margin-bottom: 8px;'>Alimentaci\u00f3n: Bater\u00eda de 3V \/ Energizador L91 (Bater\u00eda incluida \/ Tiempo de vida 10 a\u00f1os).<\/li>\n<li style='margin-bottom: 8px;'>Temperatura de operaci\u00f3n: -10 \u00b0C a 50 \u00b0C.<\/li>\n<li style='margin-bottom: 8px;'>Peso: 190.5 gramos.<\/li>\n<li style='margin-bottom: 8px;'>Dimensiones: 120 x 48 mm.<\/li>\n<\/ul>\n<p style='margin-top: 20px; font-size: 14px; color: inherit;'> <strong>Configuraciones b\u00e1sicas clic <a style='color: inherit; text-decoration: underline;' href='https:\/\/soporte.syscom.mx\/es\/articles\/5117840-hikvision-alarmas-ax-pro-configuraciones-ax-pro' target='_blank' rel='noopener'>Aqu\u00ed<\/a><\/strong> <\/p>\n<\/p><\/div>\n<div style='flex: 1 1 300px; min-width: 280px; border-left: 5px solid #ff0000; border-radius: 8px; padding: 15px; background-color: rgba(255&comma; 0&comma; 0&comma; 0.05);'>\n<h3 style='margin-top: 0; font-size: 18px; color: inherit; opacity: 0.8;'> <strong>Caracter\u00edsticas Destacadas:<\/strong> <\/h3>\n<p style='font-size: 14px; color: inherit; margin-top: 0; margin-bottom: 15px;'> Detector de humo fotoel\u00e9ctrico&comma; env\u00eda la se\u00f1al inal\u00e1mbrica al panel de alarma AXPRO. <\/p>\n<p style='font-size: 14px; color: inherit; margin-top: 20px;'> Conozca todos los dispositivos que pueden integrar en la Serie AX PRO dando clic <a style='color: inherit; text-decoration: underline;' href='https:\/\/www.syscom.mx\/principal\/listadoproductosazul\/intrusion-hikvision-paneles-de-alarma-y-accesorios-ax-pro-series-66286.html?ordenar=Precio_de_Menor_a_Mayor&#038;pag=1' target='_blank' rel='noopener'> <strong>aqu\u00ed<\/strong> <\/a>. <\/p>\n<\/p><\/div>\n<\/p><\/div>\n<p> <!-- Diagrama Familia AX PRO --> <\/p>\n<div style='margin: 30px 0;'>\n<h2 style='text-align: center; font-size: 22px; margin-bottom: 20px; color: inherit; opacity: 0.8;'> <strong>Linea de Productos AX PRO<\/strong> <\/h2>\n<div style='text-align: center;'> <a href='https:\/\/www.syscom.mx\/principal\/listadoproductosazul\/intrusion-hikvision-paneles-de-alarma-y-accesorios-ax-pro-series-66286.html?ordenar=Precio_de_Menor_a_Mayor&#038;pag=1' target='_blank' rel='noopener'> <img style='width: 100%; height: auto; border: 1px solid rgba(150&comma;150&comma;150&comma;0.3); border-radius: 8px;' src='https:\/\/ftp3.syscom.mx\/usuarios\/jsosa\/HIKVISION\/alarmas\/AXPPRO\/banner\/AX%20PRO%20disgramas-hikvision.jpg' alt='Linea de Productos AX PRO'> <\/a> <\/div>\n<\/p><\/div>\n<p> <!-- Serie AX PRO --> <\/p>\n<div style='display: flex; flex-wrap: wrap; gap: 20px; margin: 30px 0;'>\n<div style='flex: 1 1 300px; min-width: 280px;'>\n<div style='text-align: center;'> <a href='https:\/\/www.syscom.mx\/principal\/listadoproductosazul\/intrusion-hikvision-paneles-de-alarma-y-accesorios-ax-pro-series-66286.html?ordenar=Precio_de_Menor_a_Mayor&#038;pag=1' target='_blank' rel='noopener'> <img style='width: 100%; height: auto; border: 1px solid rgba(150&comma;150&comma;150&comma;0.3); border-radius: 8px;' src='https:\/\/ftp3.syscom.mx\/usuarios\/jsosa\/HIKVISION\/alarmas\/AXPPRO\/Serie%20AXPRO.png' alt='Serie AX PRO'> <\/a> <\/div>\n<\/p><\/div>\n<div style='flex: 1 1 300px; min-width: 280px;'>\n<h2 style='font-size: 20px; margin-top: 0; color: inherit; opacity: 0.8;'> <span>Serie AX PRO<\/span> <\/h2>\n<p style='font-size: 14px; color: inherit; margin-top: 10px; margin-bottom: 10px;'> \u00bfNecesita proteger su hogar&comma; oficina o tienda? <\/p>\n<p style='font-size: 14px; color: inherit; margin-top: 10px; margin-bottom: 10px;'> \u00bfCansado de tantos cables y mucho tiempo de instalaci\u00f3n? <\/p>\n<p style='font-size: 14px; color: inherit; margin-top: 10px; margin-bottom: 10px;'> \u00a1Utilice una soluci\u00f3n de alarma inal\u00e1mbrica profesional! <\/p>\n<p style='font-size: 14px; color: inherit; margin-top: 20px;'> Conozca todos los dispositivos que pueden integrar en la Serie AX PRO dando clic <a style='color: inherit; text-decoration: underline;' href='https:\/\/www.syscom.mx\/principal\/listadoproductosazul\/intrusion-hikvision-paneles-de-alarma-y-accesorios-ax-pro-series-66286.html?ordenar=Precio_de_Menor_a_Mayor&#038;pag=1' target='_blank' rel='noopener'> <strong>aqu\u00ed<\/strong> <\/a>. <\/p>\n<\/p><\/div>\n<\/p><\/div>\n<p> <!-- Banner --> <\/p>\n<div style='margin: 30px 0;'> <a title='Serie AX PRO' href='https:\/\/www.syscom.mx\/principal\/promociones\/serie_ax_pro_alarmas_hikvision-5416.html?ordenar=Relevancia&#038;pag=1' target='_blank' rel='noopener'> <img style='width: 100%; height: auto; border: 1px solid rgba(150&comma;150&comma;150&comma;0.3); border-radius: 8px;' src='https:\/\/ftp3.syscom.mx\/usuarios\/jsosa\/HIKVISION\/alarmas\/AXPPRO\/banner\/HIKVISION-AXPRO-SERIES.jpg' alt='Serie AX PRO Banner'> <\/a> <\/div>\n<\/p><\/div>\n","protected":false},"excerpt":{"rendered":"<p>(AX PRO) Detector de Humo Fotoel\u00e9ctrico Inal\u00e1mbrico para Panel de Alarma HIKVISION \/ Interior \/ Soporta Funcionalidad Aut\u00f3noma \/ No compatible con el panel DS-PHA64-LP<\/p>\n","protected":false},"featured_media":3881,"comment_status":"open","ping_status":"closed","template":"","meta":[],"product_brand":[],"product_cat":[68],"product_tag":[70,54,69],"class_list":{"0":"post-3882","1":"product","2":"type-product","3":"status-publish","4":"has-post-thumbnail","6":"product_cat-ax-pro-series","7":"product_tag-ax-pro-series","8":"product_tag-hikvision","9":"product_tag-paneles-de-alarma-y-accesorios-hikvision","11":"first","12":"instock","13":"sale","14":"shipping-taxable","15":"purchasable","16":"product-type-simple"},"_links":{"self":[{"href":"https:\/\/soydeaqui.ddns.net\/pachuca\/index.php\/wp-json\/wp\/v2\/product\/3882","targetHints":{"allow":["GET"]}}],"collection":[{"href":"https:\/\/soydeaqui.ddns.net\/pachuca\/index.php\/wp-json\/wp\/v2\/product"}],"about":[{"href":"https:\/\/soydeaqui.ddns.net\/pachuca\/index.php\/wp-json\/wp\/v2\/types\/product"}],"replies":[{"embeddable":true,"href":"https:\/\/soydeaqui.ddns.net\/pachuca\/index.php\/wp-json\/wp\/v2\/comments?post=3882"}],"wp:featuredmedia":[{"embeddable":true,"href":"https:\/\/soydeaqui.ddns.net\/pachuca\/index.php\/wp-json\/wp\/v2\/media\/3881"}],"wp:attachment":[{"href":"https:\/\/soydeaqui.ddns.net\/pachuca\/index.php\/wp-json\/wp\/v2\/media?parent=3882"}],"wp:term":[{"taxonomy":"product_brand","embeddable":true,"href":"https:\/\/soydeaqui.ddns.net\/pachuca\/index.php\/wp-json\/wp\/v2\/product_brand?post=3882"},{"taxonomy":"product_cat","embeddable":true,"href":"https:\/\/soydeaqui.ddns.net\/pachuca\/index.php\/wp-json\/wp\/v2\/product_cat?post=3882"},{"taxonomy":"product_tag","embeddable":true,"href":"https:\/\/soydeaqui.ddns.net\/pachuca\/index.php\/wp-json\/wp\/v2\/product_tag?post=3882"}],"curies":[{"name":"wp","href":"https:\/\/api.w.org\/{rel}","templated":true}]}}