{"id":38805,"date":"2026-03-18T17:05:48","date_gmt":"2026-03-18T17:05:48","guid":{"rendered":"https:\/\/soydeaqui.ddns.net\/pachuca\/index.php\/producto\/kit-hibrido-con-interconexion-a-la-red-electrica-de-cfe-de-8-kw-con-salida-de-220-vca-y-respaldo-de-10-kwh-en-bateria-de-lifepo4\/"},"modified":"2026-03-18T17:05:49","modified_gmt":"2026-03-18T17:05:49","slug":"kit-hibrido-con-interconexion-a-la-red-electrica-de-cfe-de-8-kw-con-salida-de-220-vca-y-respaldo-de-10-kwh-en-bateria-de-lifepo4","status":"publish","type":"product","link":"https:\/\/soydeaqui.ddns.net\/pachuca\/index.php\/producto\/kit-hibrido-con-interconexion-a-la-red-electrica-de-cfe-de-8-kw-con-salida-de-220-vca-y-respaldo-de-10-kwh-en-bateria-de-lifepo4\/","title":{"rendered":"Kit Hibrido con Interconexi\u00f3n a la Red El\u00e9ctrica de CFE de 8 kW con Salida de 220 Vca y respaldo de 10 kWh en bater\u00eda de LiFePO4"},"content":{"rendered":"<div style='width: 100%; max-width: 1200px; margin: 0 auto; font-family: sans-serif; line-height: 1.6; color: inherit; background-color: transparent;'> <!-- Secci\u00f3n de descripci\u00f3n principal --> <\/p>\n<div style='margin-bottom: 30px;'>\n<h3 style='font-size: 22px; border-bottom: 2px solid currentColor; padding-bottom: 5px; margin-top: 0; color: inherit; opacity: 0.8;'>C\u00f3mo Funciona<\/h3>\n<p style='font-size: 15px; margin-bottom: 15px; color: inherit;'>Los sistemas HIBRIDOS con bater\u00eda permiten aprovechar al m\u00e1ximo la energ\u00eda solar. Los paneles solares generan electricidad en corriente directa&comma; que es transformada en corriente alterna mediante un inversor h\u00edbrido. Este sistema suministra energ\u00eda a la vivienda y almacena el excedente en una bater\u00eda para su uso posterior&comma; maximizando el ahorro y la independencia energ\u00e9tica.<\/p>\n<p style='font-size: 15px; margin-bottom: 15px; color: inherit;'>Este sistema permite reducir el consumo de la red el\u00e9ctrica hasta en un 95%&comma; brindando autonom\u00eda y asegurando el suministro en caso de fallos en la red.<\/p>\n<\/p><\/div>\n<p> <!-- Imagen principal --> <\/p>\n<div style='margin-bottom: 30px;'> <img style='width: 100%; height: auto; border: 1px solid rgba(150&comma;150&comma;150&comma;0.3); border-radius: 8px;' src='https:\/\/www.sol-ark.com\/wp-content\/uploads\/2024\/06\/8K-new-1024x1024.webp' alt='Kit Hibrido con Interconexi\u00f3n a la Red El\u00e9ctrica de CFE de 8 kW'> <\/div>\n<p> <!-- Tabla de componentes --> <\/p>\n<div style='margin-bottom: 30px;'>\n<h3 style='font-size: 22px; border-bottom: 2px solid currentColor; padding-bottom: 5px; margin-top: 0; color: inherit; opacity: 0.8;'>Componentes del Kit<\/h3>\n<div style='overflow-x: auto;'>\n<table style='width: 100%; border-collapse: collapse; margin-top: 15px; color: inherit;'>\n<thead style='background-color: rgba(150&comma;150&comma;150&comma;0.1);'>\n<tr>\n<th style='padding: 12px; border: 1px solid rgba(150&comma;150&comma;150&comma;0.3); text-align: left; font-weight: bold;'>Cantidad<\/th>\n<th style='padding: 12px; border: 1px solid rgba(150&comma;150&comma;150&comma;0.3); text-align: left; font-weight: bold;'>Modelo<\/th>\n<th style='padding: 12px; border: 1px solid rgba(150&comma;150&comma;150&comma;0.3); text-align: left; font-weight: bold;'>Descripci\u00f3n<\/th>\n<\/tr>\n<\/thead>\n<tbody>\n<tr>\n<td style='padding: 10px; border: 1px solid rgba(150&comma;150&comma;150&comma;0.3);'>16<\/td>\n<td style='padding: 10px; border: 1px solid rgba(150&comma;150&comma;150&comma;0.3);'>LR772HVH645M<\/td>\n<td style='padding: 10px; border: 1px solid rgba(150&comma;150&comma;150&comma;0.3);'>M\u00f3dulo 645w<\/td>\n<\/tr>\n<tr>\n<td style='padding: 10px; border: 1px solid rgba(150&comma;150&comma;150&comma;0.3);'>1<\/td>\n<td style='padding: 10px; border: 1px solid rgba(150&comma;150&comma;150&comma;0.3);'>8K2P<\/td>\n<td style='padding: 10px; border: 1px solid rgba(150&comma;150&comma;150&comma;0.3);'>Inversor h\u00edbrido Sol-Ark de 8KW 220Vca<\/td>\n<\/tr>\n<tr>\n<td style='padding: 10px; border: 1px solid rgba(150&comma;150&comma;150&comma;0.3);'>1<\/td>\n<td style='padding: 10px; border: 1px solid rgba(150&comma;150&comma;150&comma;0.3);'>RES20010K<\/td>\n<td style='padding: 10px; border: 1px solid rgba(150&comma;150&comma;150&comma;0.3);'>Bater\u00eda de 10KW<\/td>\n<\/tr>\n<tr>\n<td style='padding: 10px; border: 1px solid rgba(150&comma;150&comma;150&comma;0.3);'>4<\/td>\n<td style='padding: 10px; border: 1px solid rgba(150&comma;150&comma;150&comma;0.3);'>VEKTOR8RBLK<\/td>\n<td style='padding: 10px; border: 1px solid rgba(150&comma;150&comma;150&comma;0.3);'>Montaje para paneles solares<\/td>\n<\/tr>\n<\/tbody>\n<\/table><\/div>\n<\/p><\/div>\n<p> <!-- Secci\u00f3n de aplicaci\u00f3n --> <\/p>\n<div style='margin-bottom: 30px;'>\n<h3 style='font-size: 22px; border-bottom: 2px solid currentColor; padding-bottom: 5px; margin-top: 0; color: inherit; opacity: 0.8;'>Aplicaci\u00f3n<\/h3>\n<p style='font-size: 15px; margin-bottom: 15px; color: inherit;'>Este sistema es ideal para viviendas privadas que buscan independencia energ\u00e9tica y ahorro en su recibo de electricidad. Su bater\u00eda integrada permite el almacenamiento de energ\u00eda para uso nocturno o en cortes de luz.<\/p>\n<\/p><\/div>\n<p> <!-- Secci\u00f3n de beneficios --> <\/p>\n<div style='margin-bottom: 30px;'>\n<h3 style='font-size: 22px; border-bottom: 2px solid currentColor; padding-bottom: 5px; margin-top: 0; color: inherit; opacity: 0.8;'>Beneficios<\/h3>\n<ul style='padding-left: 20px; font-size: 15px; color: inherit;'>\n<li style='margin-bottom: 8px;'><strong style='color: inherit;'>Amigable con el Usuario:<\/strong> Dise\u00f1o compacto&comma; f\u00e1cil instalaci\u00f3n y transporte.<\/li>\n<li style='margin-bottom: 8px;'><strong style='color: inherit;'>Alto Rendimiento:<\/strong> Eficiencia de hasta 97.8%&comma; doble MPPT para distintas orientaciones y amplio rango de voltaje para mayor producci\u00f3n de energ\u00eda.<\/li>\n<li style='margin-bottom: 8px;'><strong style='color: inherit;'>Seguro y Confiable:<\/strong> Protecci\u00f3n m\u00faltiple&comma; detecci\u00f3n de errores avanzada&comma; grado de protecci\u00f3n NEMA 4X y enfriamiento natural.<\/li>\n<li style='margin-bottom: 8px;'><strong style='color: inherit;'>Transferencia a nivel de un UPS:<\/strong> 4 ms<\/li>\n<\/ul><\/div>\n<p> <!-- Secci\u00f3n de especificaciones --> <\/p>\n<div style='margin-bottom: 30px;'>\n<h3 style='font-size: 22px; border-bottom: 2px solid currentColor; padding-bottom: 5px; margin-top: 0; color: inherit; opacity: 0.8;'>Especificaciones<\/h3>\n<p> <!-- Secci\u00f3n de datos de entrada (FV) --> <\/p>\n<div style='margin-top: 20px;'>\n<h4 style='font-size: 18px; margin-top: 0; color: inherit; opacity: 0.9;'>Datos de Entrada (FV): 10&comma;400W<\/h4>\n<div style='display: flex; flex-wrap: wrap; gap: 20px; margin-top: 15px;'>\n<div style='flex: 1 1 250px; min-width: 200px; border: 1px solid rgba(150&comma;150&comma;150&comma;0.4); border-radius: 8px; overflow: hidden;'>\n<div style='padding: 12px; border-bottom: 1px solid rgba(150&comma;150&comma;150&comma;0.2); font-weight: bold; font-size: 16px; color: inherit;'>Caracter\u00edsticas<\/div>\n<div style='padding: 12px; color: inherit;'>\n<ul style='padding-left: 20px; margin: 0; font-size: 14px; list-style-type: disc;'>\n<li style='margin-bottom: 5px;'>Rango de Voltaje de Operaci\u00f3n de MPPT: 100 &#8211; 500 Vcc<\/li>\n<li style='margin-bottom: 5px;'>Rango de Voltaje de MPPT: 125 &#8211; 500V<\/li>\n<li style='margin-bottom: 5px;'>Voltaje de Arranque: 125V<\/li>\n<li style='margin-bottom: 5px;'>M\u00e1x. Voltaje de Entrada 1: 500V<\/li>\n<li style='margin-bottom: 5px;'>M\u00e1x. Corriente de Entrada por MPPT: 18A<\/li>\n<li style='margin-bottom: 5px;'>M\u00e1x. Corriente de Corto Circuito por MPPT: A<\/li>\n<li style='margin-bottom: 5px;'>No. de MPPTs: 2<\/li>\n<li>No. de Cadenas Solares por MPPT: 2<\/li>\n<\/ul><\/div>\n<\/p><\/div>\n<p> <!-- Secci\u00f3n de datos de salida (CA) --> <\/p>\n<div style='flex: 1 1 250px; min-width: 200px; border: 1px solid rgba(150&comma;150&comma;150&comma;0.4); border-radius: 8px; overflow: hidden;'>\n<div style='padding: 12px; border-bottom: 1px solid rgba(150&comma;150&comma;150&comma;0.2); font-weight: bold; font-size: 16px; color: inherit;'>Datos de Salida (CA)<\/div>\n<div style='padding: 12px; color: inherit;'>\n<ul style='padding-left: 20px; margin: 0; font-size: 14px; list-style-type: disc;'>\n<li style='margin-bottom: 5px;'>Voltaje Nominal CA: 8000W<\/li>\n<li style='margin-bottom: 5px;'>M\u00e1x. Corriente de Salida 3: 33.4A<\/li>\n<li style='margin-bottom: 5px;'>Potencia Aparente&comma; pico (5s&comma; off-grid): 1200VA<\/li>\n<li style='margin-bottom: 5px;'>Voltajes de Salida CA Opcionales (monof\u00e1sico): 208V &#8211; 240V<\/li>\n<li style='margin-bottom: 5px;'>Frecuencia de la Red: 50 \/ 60Hz<\/li>\n<li style='margin-bottom: 5px;'>M\u00e1x. Corriente de Paso de la Red: 63A<\/li>\n<li style='margin-bottom: 5px;'>Rango de Factor de Potencia: +\/- 0.9 ajustable<\/li>\n<li style='margin-bottom: 5px;'>Tiempo de Transferencia de Respaldo: 4ms<\/li>\n<li style='margin-bottom: 5px;'>M\u00e1x. Eficiencia: 97.6%<\/li>\n<li style='margin-bottom: 5px;'>Modos de Venta de Energ\u00eda: Limitado al Hogar \/ Conectado a la Red<\/li>\n<li>Dise\u00f1o (CD a CA): Sin transformador CD<\/li>\n<li>Apilable en Paralelo: Hasta 9 en paralelo<\/li>\n<\/ul><\/div>\n<\/p><\/div>\n<p> <!-- Secci\u00f3n de datos de entrada de bater\u00eda (CD) --> <\/p>\n<div style='flex: 1 1 250px; min-width: 200px; border: 1px solid rgba(150&comma;150&comma;150&comma;0.4); border-radius: 8px; overflow: hidden;'>\n<div style='padding: 12px; border-bottom: 1px solid rgba(150&comma;150&comma;150&comma;0.2); font-weight: bold; font-size: 16px; color: inherit;'>Datos de Entrada de Bater\u00eda (CD)<\/div>\n<div style='padding: 12px; color: inherit;'>\n<ul style='padding-left: 20px; margin: 0; font-size: 14px; list-style-type: disc;'>\n<li style='margin-bottom: 5px;'>Tecnolog\u00edas de Bater\u00eda: Litio \/ \u00c1cido-Plomo<\/li>\n<li style='margin-bottom: 5px;'>Voltaje Nominal CD: 48V<\/li>\n<li style='margin-bottom: 5px;'>Rango de Operaci\u00f3n de Voltaje: 40 &#8211; 60V<\/li>\n<li style='margin-bottom: 5px;'>Capacidad: 50 \u2014 9900Ah<\/li>\n<li style='margin-bottom: 5px;'>M\u00e1x. Corriente de Carga \/ Descarga: 190A<\/li>\n<li style='margin-bottom: 5px;'>Controlador de Carga: 3-Etapas con Equalization<\/li>\n<li style='margin-bottom: 5px;'>Eficiencia de Carga de Red a Bater\u00eda: 96.0%<\/li>\n<li style='margin-bottom: 5px;'>Sensor de Temperatura de Bater\u00eda: Incluido<\/li>\n<li style='margin-bottom: 5px;'>Arranque de Generador Autom\u00e1tico: Arranque de dos hilos &#8211; Integrado<\/li>\n<li>Comunicaci\u00f3n BMS: CANBus &#038; RS485 MODBUS<\/li>\n<\/ul><\/div>\n<\/p><\/div>\n<p> <!-- Secci\u00f3n de datos generales --> <\/p>\n<div style='flex: 1 1 250px; min-width: 200px; border: 1px solid rgba(150&comma;150&comma;150&comma;0.4); border-radius: 8px; overflow: hidden;'>\n<div style='padding: 12px; border-bottom: 1px solid rgba(150&comma;150&comma;150&comma;0.2); font-weight: bold; font-size: 16px; color: inherit;'>Datos Generales<\/div>\n<div style='padding: 12px; color: inherit;'>\n<ul style='padding-left: 20px; margin: 0; font-size: 14px; list-style-type: disc;'>\n<li style='margin-bottom: 5px;'>Peso: 32 kg \/ 70.5 lb.<\/li>\n<li style='margin-bottom: 5px;'>Recinto (Carcasa): IP65 \/ NEMA 3R<\/li>\n<li style='margin-bottom: 5px;'>Temperatura Ambiente: -25~55\u00b0C&comma; > 45\u00b0C reducci\u00f3n de potencia<\/li>\n<li style='margin-bottom: 5px;'>Ruido \/ Sonido: < 30 dB @ 25\u00b0C (77\u00b0F)<\/li>\n<li style='margin-bottom: 5px;'>Consumo Inactivo \u2013 Sin Carga: 60W<\/li>\n<li style='margin-bottom: 5px;'>Comunicaci\u00f3n y Monitoreo: Hardware Wi-Fi &#038; LAN incluido<\/li>\n<li>Garant\u00eda Est\u00e1ndar: 5 a\u00f1os<\/li>\n<\/ul><\/div>\n<\/p><\/div>\n<p> <!-- Secci\u00f3n de protecciones y certificaciones --> <\/p>\n<div style='flex: 1 1 250px; min-width: 200px; border: 1px solid rgba(150&comma;150&comma;150&comma;0.4); border-radius: 8px; overflow: hidden;'>\n<div style='padding: 12px; border-bottom: 1px solid rgba(150&comma;150&comma;150&comma;0.2); font-weight: bold; font-size: 16px; color: inherit;'>Protecciones y Certificaciones<\/div>\n<div style='padding: 12px; color: inherit;'>\n<ul style='padding-left: 20px; margin: 0; font-size: 14px; list-style-type: disc;'>\n<li style='margin-bottom: 5px;'>Certificaciones y Listados: UL1741-2010\/2018&comma; IEEE1547a-2003\/2014<\/li>\n<li style='margin-bottom: 5px;'>Detecci\u00f3n de Arco El\u00e9ctrico (FV) \u2014 NEC 690.11<\/li>\n<li style='margin-bottom: 5px;'>Protecci\u00f3n contra rayos en la entrada FV<\/li>\n<li style='margin-bottom: 5px;'>Protecci\u00f3n Contra el Aislamiento<\/li>\n<li style='margin-bottom: 5px;'>Protecci\u00f3n Contra Polaridad Inversa de FV Integrado<\/li>\n<li style='margin-bottom: 5px;'>Detecci\u00f3n de la Resistencia de Aislamiento<\/li>\n<li style='margin-bottom: 5px;'>Unidad de Control de la Corriente Residual<\/li>\n<li style='margin-bottom: 5px;'>Protecci\u00f3n Contra Sobrecorriente de Salida<\/li>\n<li style='margin-bottom: 5px;'>Protecci\u00f3n de la Salida en Cortocircuito<\/li>\n<li>Protecci\u00f3n Contra Sobrecarga: CD Tipo II \/ CA Tipo II<\/li>\n<\/ul><\/div>\n<\/p><\/div>\n<p> <!-- Secci\u00f3n de bater\u00edas compatibles --> <\/p>\n<div style='flex: 1 1 250px; min-width: 200px; border: 1px solid rgba(150&comma;150&comma;150&comma;0.4); border-radius: 8px; overflow: hidden;'>\n<div style='padding: 12px; border-bottom: 1px solid rgba(150&comma;150&comma;150&comma;0.2); font-weight: bold; font-size: 16px; color: inherit;'>Bater\u00edas De Litio Compatibles<\/div>\n<div style='padding: 12px; color: inherit;'>\n<ul style='padding-left: 20px; margin: 0; font-size: 14px; list-style-type: disc;'>\n<li style='margin-bottom: 5px;'><a href='https:\/\/www.syscom.mx\/principal\/searchcont?route=V5BATTERY-PYTES-230485&#038;autodetect=pytes' style='color: inherit; text-decoration: underline; font-weight: 600;'>V5BATTERY<\/a><\/li>\n<li style='margin-bottom: 5px;'><a href='https:\/\/www.syscom.mx\/principal\/searchcont?route=EBOX48100R-PYTES-230476&#038;autodetect=pytes' style='color: inherit; text-decoration: underline; font-weight: 600;'>EBOX48100R<\/a><\/li>\n<li style='margin-bottom: 5px;'><a href='https:\/\/www.syscom.mx\/principal\/searchcont?route=RES20010K-EPCOM-POWER-LINE-BY-RITAR-219713&#038;autodetect=res200' style='color: inherit; text-decoration: underline; font-weight: 600;'>RES20010K<\/a><\/li>\n<li style='margin-bottom: 5px;'><a href='https:\/\/www.syscom.mx\/principal\/searchcont?route=RES1005K-EPCOM-POWER-LINE-BY-RITAR-230632&#038;autodetect=res200' style='color: inherit; text-decoration: underline; font-weight: 600;'>RES1005K<\/a><\/li>\n<li><a href='https:\/\/www.syscom.mx\/principal\/searchcont?route=RLB10048MAX-EPCOM-POWER-LINE-BY-RITAR-226381&#038;autodetect=rlb10048mac' style='color: inherit; text-decoration: underline; font-weight: 600;'>RLB10048MAX<\/a><\/li>\n<\/ul><\/div>\n<\/p><\/div>\n<\/p><\/div>\n<\/p><\/div>\n<\/p><\/div>\n<p> <!-- Separador final --> <\/p>\n<hr style='border: 0; border-top: 1px solid rgba(150&comma;150&comma;150&comma;0.3); margin: 30px 0;'> <\/div>\n","protected":false},"excerpt":{"rendered":"<p>Kit Hibrido con Interconexi\u00f3n a la Red El\u00e9ctrica de CFE de 8 kW con Salida de 220 Vca y respaldo de 10 kWh en bater\u00eda de LiFePO4<\/p>\n","protected":false},"featured_media":38804,"comment_status":"open","ping_status":"closed","template":"","meta":[],"product_brand":[],"product_cat":[1196],"product_tag":[964,1197,1210],"class_list":{"0":"post-38805","1":"product","2":"type-product","3":"status-publish","4":"has-post-thumbnail","6":"product_cat-kit-solar-sistema-aislado","7":"product_tag-energia-solar","8":"product_tag-kit-solar-sistema-aislado","9":"product_tag-sol-ark","11":"first","12":"outofstock","13":"sale","14":"shipping-taxable","15":"purchasable","16":"product-type-simple"},"_links":{"self":[{"href":"https:\/\/soydeaqui.ddns.net\/pachuca\/index.php\/wp-json\/wp\/v2\/product\/38805","targetHints":{"allow":["GET"]}}],"collection":[{"href":"https:\/\/soydeaqui.ddns.net\/pachuca\/index.php\/wp-json\/wp\/v2\/product"}],"about":[{"href":"https:\/\/soydeaqui.ddns.net\/pachuca\/index.php\/wp-json\/wp\/v2\/types\/product"}],"replies":[{"embeddable":true,"href":"https:\/\/soydeaqui.ddns.net\/pachuca\/index.php\/wp-json\/wp\/v2\/comments?post=38805"}],"wp:featuredmedia":[{"embeddable":true,"href":"https:\/\/soydeaqui.ddns.net\/pachuca\/index.php\/wp-json\/wp\/v2\/media\/38804"}],"wp:attachment":[{"href":"https:\/\/soydeaqui.ddns.net\/pachuca\/index.php\/wp-json\/wp\/v2\/media?parent=38805"}],"wp:term":[{"taxonomy":"product_brand","embeddable":true,"href":"https:\/\/soydeaqui.ddns.net\/pachuca\/index.php\/wp-json\/wp\/v2\/product_brand?post=38805"},{"taxonomy":"product_cat","embeddable":true,"href":"https:\/\/soydeaqui.ddns.net\/pachuca\/index.php\/wp-json\/wp\/v2\/product_cat?post=38805"},{"taxonomy":"product_tag","embeddable":true,"href":"https:\/\/soydeaqui.ddns.net\/pachuca\/index.php\/wp-json\/wp\/v2\/product_tag?post=38805"}],"curies":[{"name":"wp","href":"https:\/\/api.w.org\/{rel}","templated":true}]}}