{"id":38789,"date":"2026-03-18T17:05:23","date_gmt":"2026-03-18T17:05:23","guid":{"rendered":"https:\/\/soydeaqui.ddns.net\/pachuca\/index.php\/producto\/herramientas-de-impacto-torque-210-lb-ft-motor-de-cd-sin-escobillas-luz-de-trabajo-sin-bateria-ideal-para-aplicaciones-profesionales\/"},"modified":"2026-03-18T17:05:37","modified_gmt":"2026-03-18T17:05:37","slug":"herramientas-de-impacto-torque-210-lb-ft-motor-de-cd-sin-escobillas-luz-de-trabajo-sin-bateria-ideal-para-aplicaciones-profesionales","status":"publish","type":"product","link":"https:\/\/soydeaqui.ddns.net\/pachuca\/index.php\/producto\/herramientas-de-impacto-torque-210-lb-ft-motor-de-cd-sin-escobillas-luz-de-trabajo-sin-bateria-ideal-para-aplicaciones-profesionales\/","title":{"rendered":"Herramientas de Impacto \/ Torque 210 lb-ft \/ Motor de CD sin Escobillas \/ Luz de Trabajo \/ Sin Bater\u00eda\/ Ideal para Aplicaciones Profesionales"},"content":{"rendered":"<div style='width: 100%; max-width: 1200px; margin: 0 auto; font-family: sans-serif; line-height: 1.6; color: inherit; background-color: transparent;'> <!-- Descripci\u00f3n general --> <\/p>\n<div style='margin-bottom: 30px;'>\n<p style='font-size: 17px; line-height: 1.6; margin-bottom: 0; color: inherit;'> Las Herramientas de Impacto Klein Tools est\u00e1n dise\u00f1adas para aplicaciones profesionales de perforaci\u00f3n y sujeci\u00f3n de impacto&comma; ofreciendo un torque de 210 lb-ft. Equipadas con motores de CD sin escobillas y luz de trabajo integrada&comma; aseguran excelente balance y control en espacios reducidos o aplicaciones a\u00e9reas. Estas herramientas utilizan bater\u00edas DeWALT de iones de litio de 20V&comma; proporcionando alimentaci\u00f3n confiable y duradera. <\/p>\n<\/p><\/div>\n<p> <!-- Especificaciones --> <\/p>\n<div style='display: flex; flex-wrap: wrap; gap: 20px; margin-bottom: 30px;'>\n<div style='flex: 1 1 250px; border: 1px solid rgba(150&comma; 150&comma; 150&comma; 0.4); border-radius: 8px; overflow: hidden; display: flex; flex-direction: column;'>\n<div style='padding: 15px; border-bottom: 1px solid rgba(150&comma; 150&comma; 150&comma; 0.2); font-weight: bold; font-size: 18px; color: inherit;'>Caracter\u00edsticas Generales<\/div>\n<div style='padding: 15px; color: inherit;'>\n<ul style='padding-left: 20px; margin: 0; font-size: 14px; list-style-type: disc;'>\n<li style='margin-bottom: 5px;'><strong>Tipo:<\/strong> A bater\u00edas<\/li>\n<li style='margin-bottom: 5px;'><strong>Aplicaci\u00f3n:<\/strong> Sujeci\u00f3n de impacto<\/li>\n<li style='margin-bottom: 5px;'><strong>Caracter\u00edsticas especiales:<\/strong> Funciona con bater\u00edas DeWALT de iones de litio de 20 V<\/li>\n<li style='margin-bottom: 5px;'><strong>Longitud total:<\/strong> 8&comma;7&#8221; (22&comma;1 cm)<\/li>\n<li style='margin-bottom: 5px;'><strong>Altura total:<\/strong> 3&comma;1&#8221; (8 cm)<\/li>\n<li style='margin-bottom: 5px;'><strong>Ancho total:<\/strong> 6&comma;5&#8221; (16&comma;5 cm)<\/li>\n<li style='margin-bottom: 5px;'><strong>Tipo de mango:<\/strong> Agarre tipo pistola<\/li>\n<\/ul><\/div>\n<\/p><\/div>\n<div style='flex: 1 1 250px; border: 1px solid rgba(150&comma; 150&comma; 150&comma; 0.4); border-radius: 8px; overflow: hidden; display: flex; flex-direction: column;'>\n<div style='padding: 15px; border-bottom: 1px solid rgba(150&comma; 150&comma; 150&comma; 0.2); font-weight: bold; font-size: 18px; color: inherit;'>Especificaciones T\u00e9cnicas<\/div>\n<div style='padding: 15px; color: inherit;'>\n<ul style='padding-left: 20px; margin: 0; font-size: 14px; list-style-type: disc;'>\n<li style='margin-bottom: 5px;'><strong>Tama\u00f1o del portadado:<\/strong> Conexi\u00f3n r\u00e1pida hexagonal de 1\/4&#8221;<\/li>\n<li style='margin-bottom: 5px;'><strong>Impactos por minuto:<\/strong> 0 &#8211; 2200<\/li>\n<li style='margin-bottom: 5px;'><strong>Clasificaci\u00f3n de torsi\u00f3n:<\/strong> 210 lb-ft<\/li>\n<li style='margin-bottom: 5px;'><strong>Velocidad m\u00e1xima:<\/strong> 2200 r. p. m.<\/li>\n<li style='margin-bottom: 5px;'><strong>Motor sin escobillas:<\/strong> S\u00ed<\/li>\n<li style='margin-bottom: 5px;'><strong>Material:<\/strong> ABS&comma; PA6&comma; GF&comma; TPE<\/li>\n<li style='margin-bottom: 5px;'><strong>Bater\u00edas:<\/strong> Iones de litio<\/li>\n<\/ul><\/div>\n<\/p><\/div>\n<div style='flex: 1 1 250px; border: 1px solid rgba(150&comma; 150&comma; 150&comma; 0.4); border-radius: 8px; overflow: hidden; display: flex; flex-direction: column;'>\n<div style='padding: 15px; border-bottom: 1px solid rgba(150&comma; 150&comma; 150&comma; 0.2); font-weight: bold; font-size: 18px; color: inherit;'>Detalles Adicionales<\/div>\n<div style='padding: 15px; color: inherit;'>\n<ul style='padding-left: 20px; margin: 0; font-size: 14px; list-style-type: disc;'>\n<li style='margin-bottom: 5px;'><strong>Voltaje:<\/strong> 20 V<\/li>\n<li style='margin-bottom: 5px;'><strong>Amperaje:<\/strong> 20 V<\/li>\n<li style='margin-bottom: 5px;'><strong>Incluido:<\/strong> (Solo la herramienta)<\/li>\n<li style='margin-bottom: 5px;'><strong>Peso:<\/strong> 2&comma;2 lb (0&comma;5 kg)<\/li>\n<li style='margin-bottom: 5px;'><strong>UPC:<\/strong> 092644632105<\/li>\n<\/ul><\/div>\n<\/p><\/div>\n<\/p><\/div>\n<p> <!-- Separador --> <\/p>\n<hr style='border: 0; border-top: 1px solid rgba(150&comma; 150&comma; 150&comma; 0.3); margin: 30px 0;'> <!-- Aplicaciones --> <\/p>\n<div style='margin-top: 30px;'>\n<h3 style='font-size: 20px; border-bottom: 2px solid currentColor; padding-bottom: 5px; margin-top: 0; margin-bottom: 20px; color: inherit; opacity: 0.8;'>Aplicaciones<\/h3>\n<div style='display: grid; grid-template-columns: repeat(auto-fill&comma; minmax(250px&comma; 1fr)); gap: 20px;'>\n<div style='border: 1px solid rgba(150&comma; 150&comma; 150&comma; 0.3); border-radius: 8px; padding: 15px; background-color: rgba(204&comma; 204&comma; 204&comma; 0.1);'>\n<p style='margin: 0; color: inherit; font-size: 14px;'>Perforaci\u00f3n y sujeci\u00f3n en aplicaciones profesionales<\/p>\n<\/p><\/div>\n<div style='border: 1px solid rgba(150&comma; 150&comma; 150&comma; 0.3); border-radius: 8px; padding: 15px; background-color: rgba(204&comma; 204&comma; 204&comma; 0.1);'>\n<p style='margin: 0; color: inherit; font-size: 14px;'>Espacios reducidos<\/p>\n<\/p><\/div>\n<div style='border: 1px solid rgba(150&comma; 150&comma; 150&comma; 0.3); border-radius: 8px; padding: 15px; background-color: rgba(204&comma; 204&comma; 204&comma; 0.1);'>\n<p style='margin: 0; color: inherit; font-size: 14px;'>Aplicaciones a\u00e9reas<\/p>\n<\/p><\/div>\n<\/p><\/div>\n<\/p><\/div>\n<\/p><\/div>\n","protected":false},"excerpt":{"rendered":"<p>Herramientas de Impacto \/ Torque 210 lb-ft \/ Motor de CD sin Escobillas \/ Luz de Trabajo \/ Sin Bater\u00eda\/ Ideal para Aplicaciones Profesionales<\/p>\n","protected":false},"featured_media":38788,"comment_status":"open","ping_status":"closed","template":"","meta":[],"product_brand":[],"product_cat":[462],"product_tag":[25,131,432],"class_list":{"0":"post-38789","1":"product","2":"type-product","3":"status-publish","4":"has-post-thumbnail","6":"product_cat-herramientas-electricas-herramientas","7":"product_tag-herramientas","8":"product_tag-herramientas-electricas","9":"product_tag-klein-tools","11":"first","12":"instock","13":"sale","14":"shipping-taxable","15":"purchasable","16":"product-type-simple"},"_links":{"self":[{"href":"https:\/\/soydeaqui.ddns.net\/pachuca\/index.php\/wp-json\/wp\/v2\/product\/38789","targetHints":{"allow":["GET"]}}],"collection":[{"href":"https:\/\/soydeaqui.ddns.net\/pachuca\/index.php\/wp-json\/wp\/v2\/product"}],"about":[{"href":"https:\/\/soydeaqui.ddns.net\/pachuca\/index.php\/wp-json\/wp\/v2\/types\/product"}],"replies":[{"embeddable":true,"href":"https:\/\/soydeaqui.ddns.net\/pachuca\/index.php\/wp-json\/wp\/v2\/comments?post=38789"}],"wp:featuredmedia":[{"embeddable":true,"href":"https:\/\/soydeaqui.ddns.net\/pachuca\/index.php\/wp-json\/wp\/v2\/media\/38788"}],"wp:attachment":[{"href":"https:\/\/soydeaqui.ddns.net\/pachuca\/index.php\/wp-json\/wp\/v2\/media?parent=38789"}],"wp:term":[{"taxonomy":"product_brand","embeddable":true,"href":"https:\/\/soydeaqui.ddns.net\/pachuca\/index.php\/wp-json\/wp\/v2\/product_brand?post=38789"},{"taxonomy":"product_cat","embeddable":true,"href":"https:\/\/soydeaqui.ddns.net\/pachuca\/index.php\/wp-json\/wp\/v2\/product_cat?post=38789"},{"taxonomy":"product_tag","embeddable":true,"href":"https:\/\/soydeaqui.ddns.net\/pachuca\/index.php\/wp-json\/wp\/v2\/product_tag?post=38789"}],"curies":[{"name":"wp","href":"https:\/\/api.w.org\/{rel}","templated":true}]}}