{"id":38785,"date":"2026-03-18T17:05:18","date_gmt":"2026-03-18T17:05:18","guid":{"rendered":"https:\/\/soydeaqui.ddns.net\/pachuca\/index.php\/producto\/termostato-focuspro-n100-no-programable-1h-1c-honeywell-home\/"},"modified":"2026-03-18T17:05:19","modified_gmt":"2026-03-18T17:05:19","slug":"termostato-focuspro-n100-no-programable-1h-1c-honeywell-home","status":"publish","type":"product","link":"https:\/\/soydeaqui.ddns.net\/pachuca\/index.php\/producto\/termostato-focuspro-n100-no-programable-1h-1c-honeywell-home\/","title":{"rendered":"Termostato FocusPro N100 No-Programable, 1H\/1C Honeywell Home"},"content":{"rendered":"<div style='width: 100%; max-width: 1200px; margin: 0 auto; font-family: sans-serif; line-height: 1.6; color: inherit; background-color: transparent;'> <!-- Secci\u00f3n de descripci\u00f3n principal --> <\/p>\n<div style='margin-bottom: 30px;'>\n<p style='font-size: 15px; color: inherit; margin: 0 0 15px 0;'>El FocusPRO\u00ae N100 de Honeywell Home est\u00e1 dise\u00f1ado para ofrecer facilidad de uso y rentabilidad. Reduce las complejidades de los trabajos y el tiempo de trabajo en el lugar de trabajo&comma; al mismo tiempo que respalda el negocio recurrente gracias a su amplia compatibilidad de sistemas&comma; placa de pared UWP\u00ae&comma; pantalla grande y fuente clara&comma; etiqueta privada a presi\u00f3n y precio competitivo.<\/p>\n<\/p><\/div>\n<p> <!-- Secci\u00f3n de caracter\u00edsticas --> <\/p>\n<div style='display: flex; flex-wrap: wrap; gap: 30px; margin-bottom: 30px;'>\n<div style='flex: 1 1 300px; min-width: 280px;'>\n<h3 style='font-size: 22px; border-bottom: 2px solid currentColor; padding-bottom: 5px; margin-top: 0; margin-bottom: 15px; color: inherit; opacity: 0.8;'>Caracter\u00edsticas<\/h3>\n<ul style='padding-left: 20px; font-size: 15px; color: inherit; list-style-type: disc;'>\n<li style='margin-bottom: 5px;'>Admite bomba de calor de una sola etapa 1H\/1C<\/li>\n<li style='margin-bottom: 5px;'>La placa de pared UWP\u00ae permite una instalaci\u00f3n r\u00e1pida y una actualizaci\u00f3n sencilla<\/li>\n<li style='margin-bottom: 5px;'>Etiqueta privada con pieza decorativa a presi\u00f3n personalizada<\/li>\n<li style='margin-bottom: 5px;'>Pantalla grande con fuente clara<\/li>\n<li style='margin-bottom: 5px;'>Luz de fondo siempre encendida opcional cuando est\u00e1 conectado por cable<\/li>\n<li style='margin-bottom: 5px;'>Configuraci\u00f3n de pantalla personalizable<\/li>\n<li style='margin-bottom: 5px;'>Interfaz intuitiva para una navegaci\u00f3n sencilla<\/li>\n<li style='margin-bottom: 5px;'>Elija recibir recordatorios de filtro<\/li>\n<li style='margin-bottom: 5px;'>El l\u00edmite bajo de calor predeterminado es de 40 \u00b0F (4 \u00b0C)&comma; pero se puede configurar a 32 \u00b0F (0 \u00b0C) para aplicaciones de garaje<\/li>\n<li style='margin-bottom: 5px;'>Compatible con sensor exterior cableado*<\/li>\n<li style='margin-bottom: 5px;'>Opci\u00f3n de bloqueo del ventilador despu\u00e9s de la llamada de enfriamiento<\/li>\n<\/ul><\/div>\n<\/p><\/div>\n<p> <!-- Secci\u00f3n de especificaciones --> <\/p>\n<div style='display: flex; flex-wrap: wrap; gap: 20px; margin-bottom: 30px;'>\n<div style='flex: 1 1 250px; border: 1px solid rgba(150&comma; 150&comma; 150&comma; 0.4); border-radius: 8px; overflow: hidden; display: flex; flex-direction: column;'>\n<div style='padding: 15px; border-bottom: 1px solid rgba(150&comma; 150&comma; 150&comma; 0.2); font-weight: bold; font-size: 18px; color: inherit;'>Aplicaciones<\/div>\n<div style='padding: 15px; color: inherit; font-size: 15px;'>\n<p style='margin: 0;'>Sistemas de 24 V CA&comma; sistemas de calefacci\u00f3n y refrigeraci\u00f3n de una sola etapa. Sistemas de gas&comma; petr\u00f3leo&comma; electricidad o agua caliente por vapor\/radiante. Bombas de calor de una sola etapa sin calefacci\u00f3n auxiliar.<\/p>\n<\/p><\/div>\n<\/p><\/div>\n<div style='flex: 1 1 250px; border: 1px solid rgba(150&comma; 150&comma; 150&comma; 0.4); border-radius: 8px; overflow: hidden; display: flex; flex-direction: column;'>\n<div style='padding: 15px; border-bottom: 1px solid rgba(150&comma; 150&comma; 150&comma; 0.2); font-weight: bold; font-size: 18px; color: inherit;'>Etapas<\/div>\n<div style='padding: 15px; color: inherit; font-size: 15px;'>\n<p style='margin: 0;'>1 Sistemas convencionales de calor\/1 fr\u00edo&comma; 1 Sistemas de bomba de calor de calor\/1 fr\u00edo<\/p>\n<\/p><\/div>\n<\/p><\/div>\n<div style='flex: 1 1 250px; border: 1px solid rgba(150&comma; 150&comma; 150&comma; 0.4); border-radius: 8px; overflow: hidden; display: flex; flex-direction: column;'>\n<div style='padding: 15px; border-bottom: 1px solid rgba(150&comma; 150&comma; 150&comma; 0.2); font-weight: bold; font-size: 18px; color: inherit;'>Incluye<\/div>\n<div style='padding: 15px; color: inherit; font-size: 15px;'>\n<p style='margin: 0;'>Termostato&comma; placa de montaje UWP&comma; placa de cubierta decorativa con adaptador de caja de conexiones&comma; accesorios de montaje&comma; bater\u00edas AA&comma; documentaci\u00f3n<\/p>\n<\/p><\/div>\n<\/p><\/div>\n<div style='flex: 1 1 250px; border: 1px solid rgba(150&comma; 150&comma; 150&comma; 0.4); border-radius: 8px; overflow: hidden; display: flex; flex-direction: column;'>\n<div style='padding: 15px; border-bottom: 1px solid rgba(150&comma; 150&comma; 150&comma; 0.2); font-weight: bold; font-size: 18px; color: inherit;'>Alertas y recordatorios<\/div>\n<div style='padding: 15px; color: inherit; font-size: 15px;'>\n<p style='margin: 0;'>Reemplazo de bater\u00eda&comma; falla de la bomba de calor&comma; error de memoria&comma; error del sensor&comma; cambio de filtro<\/p>\n<\/p><\/div>\n<\/p><\/div>\n<div style='flex: 1 1 250px; border: 1px solid rgba(150&comma; 150&comma; 150&comma; 0.4); border-radius: 8px; overflow: hidden; display: flex; flex-direction: column;'>\n<div style='padding: 15px; border-bottom: 1px solid rgba(150&comma; 150&comma; 150&comma; 0.2); font-weight: bold; font-size: 18px; color: inherit;'>Modos de funcionamiento<\/div>\n<div style='padding: 15px; color: inherit; font-size: 15px;'>\n<p style='margin: 0;'>Calor&comma; Apagado&comma; Fr\u00edo&comma; Autom\u00e1tico<\/p>\n<\/p><\/div>\n<\/p><\/div>\n<div style='flex: 1 1 250px; border: 1px solid rgba(150&comma; 150&comma; 150&comma; 0.4); border-radius: 8px; overflow: hidden; display: flex; flex-direction: column;'>\n<div style='padding: 15px; border-bottom: 1px solid rgba(150&comma; 150&comma; 150&comma; 0.2); font-weight: bold; font-size: 18px; color: inherit;'>Reemplaza los modelos<\/div>\n<div style='padding: 15px; color: inherit; font-size: 15px;'>\n<p style='margin: 0;'>TH1110E1000\/U TH5110D1006\/U TH5110D1022\/U TH1100DH1004\/U TH1110DH1003\/U TH3110D1008\/U TH1010D2000\/U TH1110D2009\/U TH3110U2008\/U<\/p>\n<\/p><\/div>\n<\/p><\/div>\n<\/p><\/div>\n<p> <!-- Separador --> <\/p>\n<hr style='border: 0; border-top: 1px solid rgba(150&comma; 150&comma; 150&comma; 0.3); margin: 30px 0;'> <\/div>\n","protected":false},"excerpt":{"rendered":"<p>Termostato FocusPro N100 No-Programable, 1H\/1C Honeywell Home<\/p>\n","protected":false},"featured_media":38784,"comment_status":"open","ping_status":"closed","template":"","meta":[],"product_brand":[],"product_cat":[43],"product_tag":[30,45,44],"class_list":{"0":"post-38785","1":"product","2":"type-product","3":"status-publish","4":"has-post-thumbnail","6":"product_cat-termostatos","7":"product_tag-automatizacion-casa-inteligente","8":"product_tag-honeywell-home-resideo","9":"product_tag-termostatos","11":"first","12":"instock","13":"sale","14":"shipping-taxable","15":"purchasable","16":"product-type-simple"},"_links":{"self":[{"href":"https:\/\/soydeaqui.ddns.net\/pachuca\/index.php\/wp-json\/wp\/v2\/product\/38785","targetHints":{"allow":["GET"]}}],"collection":[{"href":"https:\/\/soydeaqui.ddns.net\/pachuca\/index.php\/wp-json\/wp\/v2\/product"}],"about":[{"href":"https:\/\/soydeaqui.ddns.net\/pachuca\/index.php\/wp-json\/wp\/v2\/types\/product"}],"replies":[{"embeddable":true,"href":"https:\/\/soydeaqui.ddns.net\/pachuca\/index.php\/wp-json\/wp\/v2\/comments?post=38785"}],"wp:featuredmedia":[{"embeddable":true,"href":"https:\/\/soydeaqui.ddns.net\/pachuca\/index.php\/wp-json\/wp\/v2\/media\/38784"}],"wp:attachment":[{"href":"https:\/\/soydeaqui.ddns.net\/pachuca\/index.php\/wp-json\/wp\/v2\/media?parent=38785"}],"wp:term":[{"taxonomy":"product_brand","embeddable":true,"href":"https:\/\/soydeaqui.ddns.net\/pachuca\/index.php\/wp-json\/wp\/v2\/product_brand?post=38785"},{"taxonomy":"product_cat","embeddable":true,"href":"https:\/\/soydeaqui.ddns.net\/pachuca\/index.php\/wp-json\/wp\/v2\/product_cat?post=38785"},{"taxonomy":"product_tag","embeddable":true,"href":"https:\/\/soydeaqui.ddns.net\/pachuca\/index.php\/wp-json\/wp\/v2\/product_tag?post=38785"}],"curies":[{"name":"wp","href":"https:\/\/api.w.org\/{rel}","templated":true}]}}