{"id":38766,"date":"2026-03-18T17:04:49","date_gmt":"2026-03-18T17:04:49","guid":{"rendered":"https:\/\/soydeaqui.ddns.net\/pachuca\/index.php\/producto\/barra-de-conexion-a-tierra-structuredground-cal-14-a-4-awg-12-barrenos\/"},"modified":"2026-03-18T17:04:50","modified_gmt":"2026-03-18T17:04:50","slug":"barra-de-conexion-a-tierra-structuredground-cal-14-a-4-awg-12-barrenos","status":"publish","type":"product","link":"https:\/\/soydeaqui.ddns.net\/pachuca\/index.php\/producto\/barra-de-conexion-a-tierra-structuredground-cal-14-a-4-awg-12-barrenos\/","title":{"rendered":"Barra de conexi\u00f3n a tierra STRUCTUREDGROUND\u2122 Cal 14 a 4 Awg, 12 Barrenos"},"content":{"rendered":"<div style='width: 100%; max-width: 1200px; margin: 0 auto; font-family: sans-serif; line-height: 1.6; color: inherit; background-color: transparent;'> <!-- Secci\u00f3n de descripci\u00f3n general --> <\/p>\n<div style='margin-bottom: 30px;'>\n<h2 style='font-size: 24px; border-bottom: 2px solid currentColor; padding-bottom: 5px; margin-top: 0; color: inherit; opacity: 0.8;'>Descripci\u00f3n General<\/h2>\n<p style='font-size: 15px; color: inherit; margin-bottom: 15px;'>Sistema de conexi\u00f3n a tierra modular dise\u00f1ado para ofrecer flexibilidad en la terminaci\u00f3n de conductores de puesta a tierra en paneles de control y cajas de conexiones. Sistema StructuredGround\u2122 de Panduit permite m\u00faltiples m\u00e9todos de terminaci\u00f3n y opciones de montaje&comma; facilitando la conexi\u00f3n segura y eficiente de conductores de tierra.<\/p>\n<\/p><\/div>\n<p> <!-- Secci\u00f3n de caracter\u00edsticas t\u00e9cnicas --> <\/p>\n<div style='display: flex; flex-wrap: wrap; gap: 30px; margin-bottom: 30px;'>\n<div style='flex: 1 1 300px; min-width: 280px;'>\n<h3 style='font-size: 22px; border-bottom: 2px solid currentColor; padding-bottom: 5px; margin-top: 0; color: inherit; opacity: 0.8;'>Caracter\u00edsticas T\u00e9cnicas<\/h3>\n<ul style='padding-left: 20px; font-size: 15px; color: inherit;'>\n<li style='margin-bottom: 5px;'><strong>Material:<\/strong> Cobre electrol\u00edtico con 99.9% de pureza&comma; esta\u00f1ado para resistencia a la corrosi\u00f3n<\/li>\n<li style='margin-bottom: 5px;'><strong>Dimensiones:<\/strong> 210.3 mm de longitud x 12.2 mm de altura<\/li>\n<li style='margin-bottom: 5px;'><strong>Normativas:<\/strong> UL 467 Listado y Certificado CSA 22.2 n\u00famero 41<\/li>\n<li style='margin-bottom: 5px;'><strong>Capacidad de conductor:<\/strong> Desde 14 AWG hasta 2\/0 AWG<\/li>\n<li style='margin-bottom: 5px;'><strong>Terminales:<\/strong> Acepta terminales de anillo&comma; conectores de compresi\u00f3n o mec\u00e1nicos con orificio de \u00bc&#8217; y ancho m\u00e1ximo de 0.55&#8242;<\/li>\n<li style='margin-bottom: 5px;'><strong>Ferrules:<\/strong> Desde 14 AWG hasta 6 AWG con profundidad m\u00ednima de 12mm<\/li>\n<li style='margin-bottom: 5px;'><strong>Alambres desnudos:<\/strong> Desde 14 AWG hasta 4 AWG<\/li>\n<li style='margin-bottom: 5px;'><strong>Conectores recomendados:<\/strong> Serie CLMAR&comma; LCA y LCAS para conductores desde 14 AWG hasta 2\/0 AWG<\/li>\n<\/ul><\/div>\n<p> <!-- Secci\u00f3n de opciones de montaje --> <\/p>\n<div style='flex: 1 1 300px; min-width: 280px;'>\n<h3 style='font-size: 22px; border-bottom: 2px solid currentColor; padding-bottom: 5px; margin-top: 0; color: inherit; opacity: 0.8;'>Opciones de Montaje<\/h3>\n<ul style='padding-left: 20px; font-size: 15px; color: inherit;'>\n<li style='margin-bottom: 5px;'><strong>Montaje directo:<\/strong> Instalaci\u00f3n directa sobre superficie<\/li>\n<li style='margin-bottom: 5px;'><strong>Soportes de aislamiento:<\/strong> UGB-IN-SO para aislamiento del punto de montaje<\/li>\n<li style='margin-bottom: 5px;'><strong>Soportes de conexi\u00f3n:<\/strong> UGB-B-SO para conexi\u00f3n directa al punto de montaje<\/li>\n<li style='margin-bottom: 5px;'><strong>Espaciado:<\/strong> 5\/8&#8242; entre orificios para conectores de dos agujeros<\/li>\n<li style='margin-bottom: 5px;'><strong>Configuraci\u00f3n:<\/strong> Dise\u00f1o con geometr\u00eda \u00fanica para mayor contacto superficial entre conectores y barra<\/li>\n<\/ul><\/div>\n<p> <!-- Secci\u00f3n de aplicaciones --> <\/p>\n<div style='flex: 1 1 300px; min-width: 280px;'>\n<h3 style='font-size: 22px; border-bottom: 2px solid currentColor; padding-bottom: 5px; margin-top: 0; color: inherit; opacity: 0.8;'>Aplicaciones<\/h3>\n<ul style='padding-left: 20px; font-size: 15px; color: inherit;'>\n<li style='margin-bottom: 5px;'>Paneles de control industriales<\/li>\n<li style='margin-bottom: 5px;'>Cajas de conexiones el\u00e9ctricas<\/li>\n<li style='margin-bottom: 5px;'>Sistemas de distribuci\u00f3n el\u00e9ctrica<\/li>\n<li style='margin-bottom: 5px;'>Instalaciones industriales y comerciales<\/li>\n<li style='margin-bottom: 5px;'>Sistemas de seguridad el\u00e9ctrica<\/li>\n<\/ul><\/div>\n<\/p><\/div>\n<p> <!-- Secci\u00f3n de especificaciones detalladas --> <\/p>\n<div style='display: flex; flex-wrap: wrap; gap: 20px; margin-bottom: 30px;'>\n<div style='flex: 1 1 250px; border: 1px solid rgba(150&comma; 150&comma; 150&comma; 0.4); border-radius: 8px; overflow: hidden; display: flex; flex-direction: column;'>\n<div style='padding: 15px; border-bottom: 1px solid rgba(150&comma; 150&comma; 150&comma; 0.2); font-weight: bold; font-size: 18px; color: inherit;'>Conexi\u00f3n Principal<\/div>\n<div style='padding: 15px; color: inherit;'>\n<ul style='padding-left: 20px; margin: 0; font-size: 14px; list-style-type: disc;'>\n<li style='margin-bottom: 5px;'><strong>M\u00e9todo:<\/strong> Compresi\u00f3n o conexi\u00f3n mec\u00e1nica<\/li>\n<li style='margin-bottom: 5px;'><strong>Conector recomendado:<\/strong> CLMAR2\/0-14-Q<\/li>\n<li style='margin-bottom: 5px;'><strong>Anti-rotaci\u00f3n:<\/strong> Dise\u00f1o con caracter\u00edstica anti-rotacional<\/li>\n<li style='margin-bottom: 5px;'><strong>Material:<\/strong> Cobre esta\u00f1ado<\/li>\n<\/ul><\/div>\n<\/p><\/div>\n<div style='flex: 1 1 250px; border: 1px solid rgba(150&comma; 150&comma; 150&comma; 0.4); border-radius: 8px; overflow: hidden; display: flex; flex-direction: column;'>\n<div style='padding: 15px; border-bottom: 1px solid rgba(150&comma; 150&comma; 150&comma; 0.2); font-weight: bold; font-size: 18px; color: inherit;'>Terminaciones<\/div>\n<div style='padding: 15px; color: inherit;'>\n<ul style='padding-left: 20px; margin: 0; font-size: 14px; list-style-type: disc;'>\n<li style='margin-bottom: 5px;'><strong>Alambres desnudos:<\/strong> 14-4 AWG<\/li>\n<li style='margin-bottom: 5px;'><strong>Ferrules:<\/strong> 14-6 AWG<\/li>\n<li style='margin-bottom: 5px;'><strong>Terminales:<\/strong> \u00bc&#8217; de di\u00e1metro&comma; ancho m\u00e1ximo 0.55&#8242;<\/li>\n<li style='margin-bottom: 5px;'><strong>Conectores:<\/strong> Hasta 2\/0 AWG<\/li>\n<\/ul><\/div>\n<\/p><\/div>\n<div style='flex: 1 1 250px; border: 1px solid rgba(150&comma; 150&comma; 150&comma; 0.4); border-radius: 8px; overflow: hidden; display: flex; flex-direction: column;'>\n<div style='padding: 15px; border-bottom: 1px solid rgba(150&comma; 150&comma; 150&comma; 0.2); font-weight: bold; font-size: 18px; color: inherit;'>Configuraci\u00f3n<\/div>\n<div style='padding: 15px; color: inherit;'>\n<ul style='padding-left: 20px; margin: 0; font-size: 14px; list-style-type: disc;'>\n<li style='margin-bottom: 5px;'><strong>N\u00famero de puertos:<\/strong> 12<\/li>\n<li style='margin-bottom: 5px;'><strong>Longitud total:<\/strong> 8.28&#8242; (210mm)<\/li>\n<li style='margin-bottom: 5px;'><strong>Montaje:<\/strong> Sobre soportes de conexi\u00f3n<\/li>\n<li style='margin-bottom: 5px;'><strong>Conector principal:<\/strong> Dos orificios con espaciado de 5\/8&#8242;<\/li>\n<\/ul><\/div>\n<\/p><\/div>\n<div style='flex: 1 1 250px; border: 1px solid rgba(150&comma; 150&comma; 150&comma; 0.4); border-radius: 8px; overflow: hidden; display: flex; flex-direction: column;'>\n<div style='padding: 15px; border-bottom: 1px solid rgba(150&comma; 150&comma; 150&comma; 0.2); font-weight: bold; font-size: 18px; color: inherit;'>Compatibilidad<\/div>\n<div style='padding: 15px; color: inherit;'>\n<ul style='padding-left: 20px; margin: 0; font-size: 14px; list-style-type: disc;'>\n<li style='margin-bottom: 5px;'><strong>Conectores:<\/strong> Compatible con m\u00e1s de 140 conectores Panduit<\/li>\n<li style='margin-bottom: 5px;'><strong>Terminales:<\/strong> Vinilo&comma; nylon&comma; KYNAR&comma; alta temperatura&comma; o sin aislamiento<\/li>\n<li style='margin-bottom: 5px;'><strong>Tipo de terminaci\u00f3n:<\/strong> Terminales de anillo&comma; conectores de compresi\u00f3n o mec\u00e1nicos<\/li>\n<\/ul><\/div>\n<\/p><\/div>\n<\/p><\/div>\n<p> <!-- Separador --> <\/p>\n<hr style='border: 0; border-top: 1px solid rgba(150&comma; 150&comma; 150&comma; 0.3); margin: 30px 0;'> <!-- Secci\u00f3n de beneficios --> <\/p>\n<div style='margin-bottom: 30px;'>\n<h2 style='font-size: 24px; border-bottom: 2px solid currentColor; padding-bottom: 5px; margin-top: 0; color: inherit; opacity: 0.8;'>Beneficios del Sistema<\/h2>\n<ul style='padding-left: 20px; font-size: 15px; color: inherit;'>\n<li style='margin-bottom: 5px;'><strong>Dise\u00f1o flexible:<\/strong> Acepta m\u00faltiples m\u00e9todos de terminaci\u00f3n&comma; permitiendo a los usuarios elegir la opci\u00f3n m\u00e1s adecuada para sus necesidades espec\u00edficas.<\/li>\n<li style='margin-bottom: 5px;'><strong>Reducci\u00f3n de inventario:<\/strong> Sistema modular que reduce el n\u00famero de barras de tierra que deben mantenerse en stock para satisfacer diversas aplicaciones.<\/li>\n<li style='margin-bottom: 5px;'><strong>Facilidad de instalaci\u00f3n:<\/strong> Dise\u00f1o que permite un f\u00e1cil acceso para conexiones y mayor espacio para manejo de cables en \u00e1reas confinadas.<\/li>\n<li style='margin-bottom: 5px;'><strong>Confiabilidad:<\/strong> Fabricado con cobre electrol\u00edtico de alta pureza y recubrimiento de esta\u00f1o para mayor resistencia a la corrosi\u00f3n.<\/li>\n<li style='margin-bottom: 5px;'><strong>Seguridad:<\/strong> Cumple con est\u00e1ndares UL 467 y certificaci\u00f3n CSA 22.2&comma; asegurando una conexi\u00f3n a tierra segura y confiable.<\/li>\n<\/ul><\/div>\n<p> <!-- Secci\u00f3n de dimensiones --> <\/p>\n<div style='display: flex; flex-wrap: wrap; gap: 30px;'>\n<div style='flex: 1 1 300px; min-width: 280px;'>\n<h3 style='font-size: 22px; border-bottom: 2px solid currentColor; padding-bottom: 5px; margin-top: 0; color: inherit; opacity: 0.8;'>Dimensiones<\/h3>\n<ul style='padding-left: 20px; font-size: 15px; color: inherit;'>\n<li style='margin-bottom: 5px;'><strong>Longitud total:<\/strong> 8.28&#8242; (210 mm)<\/li>\n<li style='margin-bottom: 5px;'><strong>Ancho:<\/strong> 1.85&#8242; (46.99 mm)<\/li>\n<li style='margin-bottom: 5px;'><strong>Altura:<\/strong> 0.984&#8242; (25 mm)<\/li>\n<li style='margin-bottom: 5px;'><strong>Di\u00e1metro de orificio:<\/strong> \u00bc&#8217; (6.35 mm)<\/li>\n<li style='margin-bottom: 5px;'><strong>Espaciado entre orificios:<\/strong> 0.625&#8242; (15.88 mm)<\/li>\n<li style='margin-bottom: 5px;'><strong>Profundidad de terminal:<\/strong> 0.591&#8242; (15 mm)<\/li>\n<\/ul><\/div>\n<div style='flex: 1 1 300px; min-width: 280px;'>\n<h3 style='font-size: 22px; border-bottom: 2px solid currentColor; padding-bottom: 5px; margin-top: 0; color: inherit; opacity: 0.8;'>Opciones de Conectores<\/h3>\n<ul style='padding-left: 20px; font-size: 14px; color: inherit;'>\n<li style='margin-bottom: 5px;'><strong>Conectores de compresi\u00f3n:<\/strong> CLMAR2\/0-14-Q&comma; LCA10-14-L&comma; LCAS8-14-L&comma; LCAS6-14-L&comma; LCAS4-14-L&comma; LCAS2-14-Q&comma; LCAS1-14-E&comma; LCAS1\/0-14-X&comma; LCAS2\/0-14-X<\/li>\n<li style='margin-bottom: 5px;'><strong>Terminales de anillo:<\/strong> LCD8-14A-L&comma; LCD6-14A-L&comma; LCD4-14A-L&comma; LCD2-14A-Q&comma; LCD1-14A-E&comma; LCD1\/0-14A-X&comma; LCD2\/0-14A-X<\/li>\n<\/ul><\/div>\n<\/p><\/div>\n<\/p><\/div>\n","protected":false},"excerpt":{"rendered":"<p>Barra de conexi\u00f3n a tierra STRUCTUREDGROUND\u2122 Cal 14 a 4 Awg, 12 Barrenos<\/p>\n","protected":false},"featured_media":38765,"comment_status":"open","ping_status":"closed","template":"","meta":[],"product_brand":[],"product_cat":[1095],"product_tag":[1058,445,1096],"class_list":{"0":"post-38766","1":"product","2":"type-product","3":"status-publish","4":"has-post-thumbnail","6":"product_cat-terminales-y-conectores-electricos","7":"product_tag-ferreteria","8":"product_tag-panduit","9":"product_tag-terminales-y-conectores-electricos","11":"first","12":"instock","13":"sale","14":"shipping-taxable","15":"purchasable","16":"product-type-simple"},"_links":{"self":[{"href":"https:\/\/soydeaqui.ddns.net\/pachuca\/index.php\/wp-json\/wp\/v2\/product\/38766","targetHints":{"allow":["GET"]}}],"collection":[{"href":"https:\/\/soydeaqui.ddns.net\/pachuca\/index.php\/wp-json\/wp\/v2\/product"}],"about":[{"href":"https:\/\/soydeaqui.ddns.net\/pachuca\/index.php\/wp-json\/wp\/v2\/types\/product"}],"replies":[{"embeddable":true,"href":"https:\/\/soydeaqui.ddns.net\/pachuca\/index.php\/wp-json\/wp\/v2\/comments?post=38766"}],"wp:featuredmedia":[{"embeddable":true,"href":"https:\/\/soydeaqui.ddns.net\/pachuca\/index.php\/wp-json\/wp\/v2\/media\/38765"}],"wp:attachment":[{"href":"https:\/\/soydeaqui.ddns.net\/pachuca\/index.php\/wp-json\/wp\/v2\/media?parent=38766"}],"wp:term":[{"taxonomy":"product_brand","embeddable":true,"href":"https:\/\/soydeaqui.ddns.net\/pachuca\/index.php\/wp-json\/wp\/v2\/product_brand?post=38766"},{"taxonomy":"product_cat","embeddable":true,"href":"https:\/\/soydeaqui.ddns.net\/pachuca\/index.php\/wp-json\/wp\/v2\/product_cat?post=38766"},{"taxonomy":"product_tag","embeddable":true,"href":"https:\/\/soydeaqui.ddns.net\/pachuca\/index.php\/wp-json\/wp\/v2\/product_tag?post=38766"}],"curies":[{"name":"wp","href":"https:\/\/api.w.org\/{rel}","templated":true}]}}