{"id":38695,"date":"2026-03-18T17:02:59","date_gmt":"2026-03-18T17:02:59","guid":{"rendered":"https:\/\/soydeaqui.ddns.net\/pachuca\/index.php\/producto\/ecoflow-river-3-plus-estacion-de-energia-portatil-286wh-litio-lfp-4-ac-800w-max-1600w-1-usb-c-100w-3-usb-a-12w-cargador-de-coche-10a-126w-max-conectividad-wifi-y-bluetooth-app-ca\/"},"modified":"2026-03-18T17:03:04","modified_gmt":"2026-03-18T17:03:04","slug":"ecoflow-river-3-plus-estacion-de-energia-portatil-286wh-litio-lfp-4-ac-800w-max-1600w-1-usb-c-100w-3-usb-a-12w-cargador-de-coche-10a-126w-max-conectividad-wifi-y-bluetooth-app-ca","status":"publish","type":"product","link":"https:\/\/soydeaqui.ddns.net\/pachuca\/index.php\/producto\/ecoflow-river-3-plus-estacion-de-energia-portatil-286wh-litio-lfp-4-ac-800w-max-1600w-1-usb-c-100w-3-usb-a-12w-cargador-de-coche-10a-126w-max-conectividad-wifi-y-bluetooth-app-ca\/","title":{"rendered":"EcoFlow River 3 Plus | Estaci\u00f3n de Energ\u00eda Port\u00e1til 286Wh Litio LFP \/ 4 AC 800W (Max. 1600W) \/ 1 USB-C 100W \/ 3 USB -A 12W \/ Cargador de Coche 10A, 126W Max. \/ Conectividad WiFi y Bluetooth (App) \/ Carga Solar 220W Max."},"content":{"rendered":"<div style='width: 100%; max-width: 1200px; margin: 0 auto; font-family: sans-serif; line-height: 1.6; color: inherit; background-color: transparent;'> <!-- Video YouTube --> <\/p>\n<div style='position: relative; padding-bottom: 56.25%; height: 0; overflow: hidden; margin-bottom: 30px;'>   <\/div>\n<p> <!-- Secci\u00f3n de carga r\u00e1pida --> <\/p>\n<div style='display: flex; flex-wrap: wrap; gap: 30px; margin-bottom: 30px;'>\n<div style='flex: 1 1 300px; min-width: 280px;'>\n<h3 style='font-size: 22px; border-bottom: 2px solid currentColor; padding-bottom: 5px; margin-top: 0; color: inherit; opacity: 0.8;'>Carga de 0 a 100 % en solo 1 hora<\/h3>\n<p style='font-size: 45pt; font-family: 'Bahnschrift Light Condensed'&comma; sans-serif; color: inherit;'> Ya no tienes que preocuparte de que baje el nivel de tu bater\u00eda gracias a las velocidades de carga de 0 a 100% m\u00e1s r\u00e1pidas jam\u00e1s vistas. <\/p>\n<\/p><\/div>\n<\/p><\/div>\n<p> <!-- Comparativa de carga --> <\/p>\n<div style='margin-bottom: 30px;'>\n<div style='display: flex; flex-wrap: wrap; gap: 20px; align-items: center; margin-bottom: 15px;'>\n<div style='flex: 1 1 240px; height: 48px; border-radius: 4px; background: linear-gradient(90deg&comma; #03060b&comma; #17da66 0.01%); border: 1px solid rgba(150&comma;150&comma;150&comma;0.3);'>\n<div style='position: relative; padding: 12px 15px; color: #ffffff;'>\n<div style='position: absolute; top: 50%; transform: translateY(-50%); left: 8px; font-family: var(--font-family-Medium); font-size: 22px;'>RIVER 2<\/div>\n<div style='position: absolute; top: 50%; transform: translateY(-50%); right: 12px; font-family: var(--font-family-Medium); font-size: 22px;'>1 hora<\/div>\n<\/p><\/div>\n<\/p><\/div>\n<div style='flex: 1 1 auto; font-size: 60px; background: linear-gradient(90deg&comma; #0ee030 1.46%&comma; #21d4a8 95.91%) text; -webkit-text-fill-color: transparent; color: inherit;'> 70 % m\u00e1s r\u00e1pido <\/div>\n<\/p><\/div>\n<div style='font-family: var(--font-family-Medium); font-size: 22px; color: inherit; margin-bottom: 30px;'> Carga r\u00e1pida <\/div>\n<p> <!-- Comparativa con otras estaciones --> <\/p>\n<div style='margin-bottom: 30px;'>\n<div style='position: relative; width: 100%; max-width: 800px; height: 48px; border-radius: 4px; background: #7e7e7e; border: 1px solid rgba(150&comma;150&comma;150&comma;0.3);'>\n<div style='position: absolute; top: 50%; transform: translateY(-50%); left: 8px; font-family: var(--font-family-Medium); font-size: 22px; color: #ffffff;'> Otras estaciones de energ\u00eda port\u00e1tiles <\/div>\n<div style='position: absolute; top: 50%; transform: translateY(-50%); right: 12px; font-family: var(--font-family-Medium); font-size: 22px; color: #ffffff;'> 3&comma;5 horas <\/div>\n<\/p><\/div>\n<div style='font-family: var(--font-family-Medium); font-size: 22px; color: inherit; margin-top: 2px;'> Carga normal <\/div>\n<\/p><\/div>\n<\/p><\/div>\n<p> <!-- Descripci\u00f3n final --> <\/p>\n<div style='margin-bottom: 30px;'>\n<p style='font-family: 'Bahnschrift Light Condensed'&comma; sans-serif; font-size: 14px; color: inherit;'> RIVER 2 supera la velocidad promedio de carga en la industria&comma; realizando una carga completa en tan solo 60 minutos*. Es decir&comma; un 70% m\u00e1s r\u00e1pido que otras estaciones de energ\u00eda port\u00e1tiles del mercado y un 38% m\u00e1s r\u00e1pido que las generaciones anteriores. <\/p>\n<\/p><\/div>\n<\/p><\/div>\n","protected":false},"excerpt":{"rendered":"<p>EcoFlow River 3 Plus | Estaci\u00f3n de Energ\u00eda Port\u00e1til 286Wh Litio LFP \/ 4 AC 800W (Max. 1600W) \/ 1 USB-C 100W \/ 3 USB -A 12W \/ Cargador de Coche 10A, 126W Max. \/ Conectividad WiFi y Bluetooth (App) \/ Carga Solar 220W Max.<\/p>\n","protected":false},"featured_media":38694,"comment_status":"open","ping_status":"closed","template":"","meta":[],"product_brand":[],"product_cat":[1114],"product_tag":[1116,1115,1101],"class_list":{"0":"post-38695","1":"product","2":"type-product","3":"status-publish","4":"has-post-thumbnail","6":"product_cat-estaciones-de-energia-portables","7":"product_tag-ecoflow","8":"product_tag-estaciones-de-energia-portables","9":"product_tag-respaldo-de-energia","11":"first","12":"outofstock","13":"sale","14":"shipping-taxable","15":"purchasable","16":"product-type-simple"},"_links":{"self":[{"href":"https:\/\/soydeaqui.ddns.net\/pachuca\/index.php\/wp-json\/wp\/v2\/product\/38695","targetHints":{"allow":["GET"]}}],"collection":[{"href":"https:\/\/soydeaqui.ddns.net\/pachuca\/index.php\/wp-json\/wp\/v2\/product"}],"about":[{"href":"https:\/\/soydeaqui.ddns.net\/pachuca\/index.php\/wp-json\/wp\/v2\/types\/product"}],"replies":[{"embeddable":true,"href":"https:\/\/soydeaqui.ddns.net\/pachuca\/index.php\/wp-json\/wp\/v2\/comments?post=38695"}],"wp:featuredmedia":[{"embeddable":true,"href":"https:\/\/soydeaqui.ddns.net\/pachuca\/index.php\/wp-json\/wp\/v2\/media\/38694"}],"wp:attachment":[{"href":"https:\/\/soydeaqui.ddns.net\/pachuca\/index.php\/wp-json\/wp\/v2\/media?parent=38695"}],"wp:term":[{"taxonomy":"product_brand","embeddable":true,"href":"https:\/\/soydeaqui.ddns.net\/pachuca\/index.php\/wp-json\/wp\/v2\/product_brand?post=38695"},{"taxonomy":"product_cat","embeddable":true,"href":"https:\/\/soydeaqui.ddns.net\/pachuca\/index.php\/wp-json\/wp\/v2\/product_cat?post=38695"},{"taxonomy":"product_tag","embeddable":true,"href":"https:\/\/soydeaqui.ddns.net\/pachuca\/index.php\/wp-json\/wp\/v2\/product_tag?post=38695"}],"curies":[{"name":"wp","href":"https:\/\/api.w.org\/{rel}","templated":true}]}}