{"id":38686,"date":"2026-03-18T17:02:44","date_gmt":"2026-03-18T17:02:44","guid":{"rendered":"https:\/\/soydeaqui.ddns.net\/pachuca\/index.php\/producto\/bateria-de-litio-lfp-inteligente-de-1024wh-para-aumentar-tiempo-de-respaldo-compatible-con-efd3eb-delta-3\/"},"modified":"2026-03-18T17:02:47","modified_gmt":"2026-03-18T17:02:47","slug":"bateria-de-litio-lfp-inteligente-de-1024wh-para-aumentar-tiempo-de-respaldo-compatible-con-efd3eb-delta-3","status":"publish","type":"product","link":"https:\/\/soydeaqui.ddns.net\/pachuca\/index.php\/producto\/bateria-de-litio-lfp-inteligente-de-1024wh-para-aumentar-tiempo-de-respaldo-compatible-con-efd3eb-delta-3\/","title":{"rendered":"Bater\u00eda de Litio LFP Inteligente de 1024Wh para Aumentar Tiempo de Respaldo Compatible con EFD3EB (DELTA 3)"},"content":{"rendered":"<div style='width: 100%; max-width: 1200px; margin: 0 auto; font-family: sans-serif; line-height: 1.6; color: inherit; background-color: transparent;'>\n<div style='display: flex; flex-wrap: wrap; gap: 30px; margin-bottom: 30px;'>\n<div style='flex: 1 1 300px; min-width: 280px; text-align: center;'>\n<p style='font-size: 18px; color: inherit;'>Ampl\u00eda tu autonom\u00eda hasta 2048 Wh con la bater\u00eda adicional inteligente EFD3EB y mantente preparado para cualquier situaci\u00f3n.<\/p>\n<\/p><\/div>\n<\/p><\/div>\n<div style='display: flex; flex-wrap: wrap; gap: 30px; margin-bottom: 30px;'>\n<div style='flex: 1 1 300px; min-width: 280px;'> <img style='width: 100%; height: auto; border: 1px solid rgba(150&comma;150&comma;150&comma;0.3); border-radius: 8px;' src='https:\/\/ftp3.syscom.mx\/usuarios\/fotos\/EFD330EB\/219536-ampliar_respaldo.jpg' alt='Ampliar respaldo'> <\/div>\n<\/p><\/div>\n<hr style='border: 0; border-top: 1px solid rgba(150&comma; 150&comma; 150&comma; 0.3); margin: 30px 0;'>\n<h2 style='font-size: 22px; border-bottom: 2px solid currentColor; padding-bottom: 5px; margin-top: 0; color: inherit; opacity: 0.8;'>ESPECIFICACIONES<\/h2>\n<div style='display: flex; flex-wrap: wrap; gap: 20px; margin-bottom: 30px;'>\n<div style='flex: 1 1 250px; border: 1px solid rgba(150&comma; 150&comma; 150&comma; 0.4); border-radius: 8px; overflow: hidden; display: flex; flex-direction: column;'>\n<div style='padding: 15px; border-bottom: 1px solid rgba(150&comma; 150&comma; 150&comma; 0.2); font-weight: bold; font-size: 18px; color: inherit;'>Caracter\u00edsticas Generales<\/div>\n<div style='padding: 15px; color: inherit;'>\n<ul style='padding-left: 20px; margin: 0; font-size: 14px; list-style-type: disc;'>\n<li style='margin-bottom: 5px;'><strong>Capacidad:<\/strong> 1024 Wh<\/li>\n<li style='margin-bottom: 5px;'><strong>Bater\u00eda:<\/strong> Qu\u00edmica LFP&comma; 3000 ciclos a una capacidad de 80%<\/li>\n<li style='margin-bottom: 5px;'><strong>Dimensiones:<\/strong> 464x235x283 mm<\/li>\n<li style='margin-bottom: 5px;'><strong>Peso:<\/strong> 19kg<\/li>\n<\/ul><\/div>\n<\/p><\/div>\n<div style='flex: 1 1 250px; border: 1px solid rgba(150&comma; 150&comma; 150&comma; 0.4); border-radius: 8px; overflow: hidden; display: flex; flex-direction: column;'>\n<div style='padding: 15px; border-bottom: 1px solid rgba(150&comma; 150&comma; 150&comma; 0.2); font-weight: bold; font-size: 18px; color: inherit;'>Compatibilidad<\/div>\n<div style='padding: 15px; color: inherit;'>\n<ul style='padding-left: 20px; margin: 0; font-size: 14px; list-style-type: disc;'>\n<li style='margin-bottom: 5px;'><strong>DELTA 2<\/strong><\/li>\n<\/ul><\/div>\n<\/p><\/div>\n<div style='flex: 1 1 250px; border: 1px solid rgba(150&comma; 150&comma; 150&comma; 0.4); border-radius: 8px; overflow: hidden; display: flex; flex-direction: column;'>\n<div style='padding: 15px; border-bottom: 1px solid rgba(150&comma; 150&comma; 150&comma; 0.2); font-weight: bold; font-size: 18px; color: inherit;'>Puertos de Salida<\/div>\n<div style='padding: 15px; color: inherit;'>\n<ul style='padding-left: 20px; margin: 0; font-size: 14px; list-style-type: disc;'>\n<li style='margin-bottom: 5px;'><strong>Voltaje:<\/strong> 51.2 V<\/li>\n<li style='margin-bottom: 5px;'><strong>Potencia:<\/strong> 3200 W m\u00e1x<\/li>\n<\/ul><\/div>\n<\/p><\/div>\n<div style='flex: 1 1 250px; border: 1px solid rgba(150&comma; 150&comma; 150&comma; 0.4); border-radius: 8px; overflow: hidden; display: flex; flex-direction: column;'>\n<div style='padding: 15px; border-bottom: 1px solid rgba(150&comma; 150&comma; 150&comma; 0.2); font-weight: bold; font-size: 18px; color: inherit;'>Puerto de Entrada<\/div>\n<div style='padding: 15px; color: inherit;'>\n<ul style='padding-left: 20px; margin: 0; font-size: 14px; list-style-type: disc;'>\n<li style='margin-bottom: 5px;'><strong>Voltaje:<\/strong> 51.2 V<\/li>\n<li style='margin-bottom: 5px;'><strong>Potencia:<\/strong> 2000W m\u00e1x<\/li>\n<\/ul><\/div>\n<\/p><\/div>\n<\/p><\/div>\n<div style='display: flex; flex-wrap: wrap; gap: 30px; margin-bottom: 30px;'>\n<div style='flex: 1 1 300px; min-width: 280px;'> <img style='width: 100%; height: auto; border: 1px solid rgba(150&comma;150&comma;150&comma;0.3); border-radius: 8px;' src='https:\/\/ftp3.syscom.mx\/usuarios\/fotos\/EFD330\/216293-aj-ecoflow-wyoming-12.jpg' alt='EcoFlow Wyoming'> <\/div>\n<\/p><\/div>\n<hr style='border: 0; border-top: 1px solid rgba(150&comma; 150&comma; 150&comma; 0.3); margin: 30px 0;'>\n<h2 style='font-size: 22px; border-bottom: 2px solid currentColor; padding-bottom: 5px; margin-top: 0; color: inherit; opacity: 0.8;'>MEN\u00da EXPANDIBLE<\/h2>\n<div style='display: flex; flex-wrap: wrap; gap: 30px; margin-bottom: 30px;'>\n<div style='flex: 1 1 300px; min-width: 280px;'>\n<h3 style='text-align: center; font-size: 20px; margin-top: 0; color: inherit;'>EFD330EB<\/h3>\n<ul style='padding-left: 20px; font-size: 15px; color: inherit;'>\n<li style='margin-bottom: 5px;'>Bater\u00eda Adicional Inteligente EcoFlow DELTA 2<\/li>\n<li style='margin-bottom: 5px;'>Cable de Bater\u00eda Adicional Inteligente DELTA 2<\/li>\n<li style='margin-bottom: 5px;'>Manual de Usuario &#038; Carta de Garant\u00eda<\/li>\n<\/ul><\/div>\n<div style='flex: 1 1 300px; min-width: 280px;'> <img style='width: 100%; height: auto; border: 1px solid rgba(150&comma;150&comma;150&comma;0.3); border-radius: 8px;' src='https:\/\/ftp3.syscom.mx\/usuarios\/fotos\/EFD330EB\/219536-contenido.jpg' alt='Contenido'> <\/div>\n<\/p><\/div>\n<div style='display: flex; flex-wrap: wrap; gap: 30px; margin-bottom: 30px;'>\n<div style='flex: 1 1 300px; min-width: 280px;'>\n<h3 style='text-align: center; font-size: 20px; margin-top: 0; color: inherit;'>Control desde cualquier lugar<\/h3>\n<p style='font-size: 15px; color: inherit;'>Obtienes la misma informaci\u00f3n sobre el porcentaje de bater\u00eda&comma; el tiempo de carga restante&comma; las horas restantes y mucho m\u00e1s en la pantalla integrada. Puedes comprobar el estado de la bater\u00eda en cualquier lugar desde la aplicaci\u00f3n EcoFlow<\/p>\n<\/p><\/div>\n<div style='flex: 1 1 300px; min-width: 280px;'> <img style='width: 100%; height: auto; border: 1px solid rgba(150&comma;150&comma;150&comma;0.3); border-radius: 8px;' src='https:\/\/cdn.shopify.com\/s\/files\/1\/0651\/6922\/7998\/files\/delta-2-eb-control-anywhere_1800x.png?v=1661416586' alt='Control desde cualquier lugar'> <\/div>\n<\/p><\/div>\n<div style='display: flex; flex-wrap: wrap; gap: 30px; margin-bottom: 30px;'>\n<div style='flex: 1 1 300px; min-width: 280px;'> <img style='width: 100%; height: auto; border: 1px solid rgba(150&comma;150&comma;150&comma;0.3); border-radius: 8px;' src='https:\/\/cdn.shopify.com\/s\/files\/1\/0651\/6922\/7998\/files\/delta-2-eb-convinient-recharging_1800x.png?v=1661416588' alt='Recarga conveniente'> <\/div>\n<div style='flex: 1 1 300px; min-width: 280px;'> <img style='width: 100%; height: auto; border: 1px solid rgba(150&comma;150&comma;150&comma;0.3); border-radius: 8px;' src='https:\/\/cdn.shopify.com\/s\/files\/1\/0651\/6922\/7998\/files\/delta-2-eb-fast-recharging_1800x.png?v=1661416579' alt='Recarga r\u00e1pida'> <\/div>\n<\/p><\/div>\n<div style='display: flex; flex-wrap: wrap; gap: 30px; margin-bottom: 30px;'>\n<div style='flex: 1 1 300px; min-width: 280px;'>\n<h3 style='text-align: center; font-size: 20px; margin-top: 0; color: inherit;'>Recarga c\u00f3moda y r\u00e1pida<\/h3>\n<p style='text-align: center; font-size: 15px; color: inherit;'>DELTA 2 y su bater\u00eda adicional se cargan y descargan al mismo tiempo. La recarga desde paneles solares port\u00e1tiles&comma; tomas de CA o nuestro Generador Inteligente es muy sencilla.<\/p>\n<p style='text-align: center; font-size: 15px; color: inherit;'>Carga con DELTA2 del 0 al 80% en 70 minutos y del 0 al 100% en 120 minutos con entrada de CA.<\/p>\n<\/p><\/div>\n<\/p><\/div>\n<div style='display: flex; flex-wrap: wrap; gap: 30px; margin-bottom: 30px;'>\n<div style='flex: 1 1 300px; min-width: 280px;'> <img style='width: 100%; height: auto; border: 1px solid rgba(150&comma;150&comma;150&comma;0.3); border-radius: 8px;' src='https:\/\/cdn.shopify.com\/s\/files\/1\/0651\/6922\/7998\/files\/delta-2-eb-expandable-capacity_1800x.png?v=1661416565' alt='Capacidad expandible'> <\/div>\n<\/p><\/div>\n<\/p><\/div>\n","protected":false},"excerpt":{"rendered":"<p>Bater\u00eda de Litio LFP Inteligente de 1024Wh para Aumentar Tiempo de Respaldo Compatible con EFD3EB (DELTA 3)<\/p>\n","protected":false},"featured_media":38685,"comment_status":"open","ping_status":"closed","template":"","meta":[],"product_brand":[],"product_cat":[1114],"product_tag":[1116,1115,1101],"class_list":{"0":"post-38686","1":"product","2":"type-product","3":"status-publish","4":"has-post-thumbnail","6":"product_cat-estaciones-de-energia-portables","7":"product_tag-ecoflow","8":"product_tag-estaciones-de-energia-portables","9":"product_tag-respaldo-de-energia","11":"first","12":"instock","13":"sale","14":"shipping-taxable","15":"purchasable","16":"product-type-simple"},"_links":{"self":[{"href":"https:\/\/soydeaqui.ddns.net\/pachuca\/index.php\/wp-json\/wp\/v2\/product\/38686","targetHints":{"allow":["GET"]}}],"collection":[{"href":"https:\/\/soydeaqui.ddns.net\/pachuca\/index.php\/wp-json\/wp\/v2\/product"}],"about":[{"href":"https:\/\/soydeaqui.ddns.net\/pachuca\/index.php\/wp-json\/wp\/v2\/types\/product"}],"replies":[{"embeddable":true,"href":"https:\/\/soydeaqui.ddns.net\/pachuca\/index.php\/wp-json\/wp\/v2\/comments?post=38686"}],"wp:featuredmedia":[{"embeddable":true,"href":"https:\/\/soydeaqui.ddns.net\/pachuca\/index.php\/wp-json\/wp\/v2\/media\/38685"}],"wp:attachment":[{"href":"https:\/\/soydeaqui.ddns.net\/pachuca\/index.php\/wp-json\/wp\/v2\/media?parent=38686"}],"wp:term":[{"taxonomy":"product_brand","embeddable":true,"href":"https:\/\/soydeaqui.ddns.net\/pachuca\/index.php\/wp-json\/wp\/v2\/product_brand?post=38686"},{"taxonomy":"product_cat","embeddable":true,"href":"https:\/\/soydeaqui.ddns.net\/pachuca\/index.php\/wp-json\/wp\/v2\/product_cat?post=38686"},{"taxonomy":"product_tag","embeddable":true,"href":"https:\/\/soydeaqui.ddns.net\/pachuca\/index.php\/wp-json\/wp\/v2\/product_tag?post=38686"}],"curies":[{"name":"wp","href":"https:\/\/api.w.org\/{rel}","templated":true}]}}