{"id":38681,"date":"2026-03-18T17:02:37","date_gmt":"2026-03-18T17:02:37","guid":{"rendered":"https:\/\/soydeaqui.ddns.net\/pachuca\/index.php\/producto\/estacion-de-energia-portatil-delta-3-1536wh-litio-lfp-6-ac-1800-w-max-3600w-2-usb-c-100w-capacidad-para-aumentar-respaldo-cargador-de-coche-10a-a-12-6v-conectividad-wifi-y-bluetooth-app\/"},"modified":"2026-03-18T17:02:42","modified_gmt":"2026-03-18T17:02:42","slug":"estacion-de-energia-portatil-delta-3-1536wh-litio-lfp-6-ac-1800-w-max-3600w-2-usb-c-100w-capacidad-para-aumentar-respaldo-cargador-de-coche-10a-a-12-6v-conectividad-wifi-y-bluetooth-app","status":"publish","type":"product","link":"https:\/\/soydeaqui.ddns.net\/pachuca\/index.php\/producto\/estacion-de-energia-portatil-delta-3-1536wh-litio-lfp-6-ac-1800-w-max-3600w-2-usb-c-100w-capacidad-para-aumentar-respaldo-cargador-de-coche-10a-a-12-6v-conectividad-wifi-y-bluetooth-app\/","title":{"rendered":"Estaci\u00f3n de Energ\u00eda Port\u00e1til Delta 3 1536Wh Litio LFP \/ 6 AC 1800 W (Max. 3600W) \/ 2 USB-C 100W \/ Capacidad para Aumentar Respaldo \/ Cargador de Coche 10A a 12.6V \/ Conectividad WiFi y Bluetooth (App) \/ Carga Solar 500W Max."},"content":{"rendered":"<div style='width: 100%; max-width: 1200px; margin: 0 auto; font-family: sans-serif; line-height: 1.6; color: inherit; background-color: transparent;'> <!-- Descripci\u00f3n introductoria --> <\/p>\n<div style='margin-bottom: 30px;'>\n<p style='text-align: center; font-size: 16px; margin: 15px 0; color: inherit;'> <strong>EcoFlow DELTA 3<\/strong> va m\u00e1s all\u00e1 de ser solo una bater\u00eda. Es una fuente de seguridad energ\u00e9tica que transforma tu hogar en un refugio protegido ante cortes de luz&comma; tambi\u00e9n te da la libertad de llevar contigo un poderoso reservorio de energ\u00eda&comma; capaz de alimentar cualquier dispositivo en cualquier lugar en el que te encuentres. <\/p>\n<p style='text-align: center; font-size: 16px; margin: 15px 0; color: inherit;'> No se trata solo de almacenar energ\u00eda&comma; se trata de tener un compa\u00f1ero port\u00e1til&comma; seguro y vers\u00e1til que se adapte a tus necesidades&comma; ya sea en tu hogar&comma; en una caravana&comma; en una tienda de campa\u00f1a o en cualquier destino que desees explorar. <\/p>\n<\/p><\/div>\n<p> <!-- Video YouTube --> <\/p>\n<div style='position: relative; padding-bottom: 56.25%; height: 0; overflow: hidden; margin-bottom: 30px;'>   <\/div>\n<p> <!-- Separador --> <\/p>\n<hr style='border: 0; border-top: 1px solid rgba(150&comma; 150&comma; 150&comma; 0.3); margin: 30px 0;'> <!-- Especificaciones --> <\/p>\n<h1 style='text-align: center; font-size: 24px; color: #3598db; margin-bottom: 30px;'>Especificaciones<\/h1>\n<p> <!-- Secci\u00f3n de cards con especificaciones --> <\/p>\n<div style='display: flex; flex-wrap: wrap; gap: 20px; margin-bottom: 30px;'>\n<div style='flex: 1 1 250px; border: 1px solid rgba(150&comma; 150&comma; 150&comma; 0.4); border-radius: 8px; overflow: hidden; display: flex; flex-direction: column;'>\n<div style='padding: 15px; border-bottom: 1px solid rgba(150&comma; 150&comma; 150&comma; 0.2); font-weight: bold; font-size: 18px; color: inherit;'>Caracter\u00edsticas Generales<\/div>\n<div style='padding: 15px; color: inherit;'>\n<ul style='padding-left: 20px; margin: 0; font-size: 14px; list-style-type: disc;'>\n<li style='margin-bottom: 5px;'><strong>Capacidad:<\/strong> 1536 Wh<\/li>\n<li style='margin-bottom: 5px;'><strong>Ciclos de vida \u00fatil:<\/strong> 3000 ciclos a m\u00e1s del 80%<\/li>\n<li style='margin-bottom: 5px;'><strong>Qu\u00edmica de la bater\u00eda:<\/strong> LiFePo4<\/li>\n<li style='margin-bottom: 5px;'><strong>Bater\u00eda Adicional:<\/strong> Admite una bater\u00eda adicional DELTA 2 o una bater\u00eda adicional DELTA MAX<\/li>\n<li style='margin-bottom: 5px;'><strong>Conectividad:<\/strong> Wi-Fi &#038; Bluetooth<\/li>\n<li style='margin-bottom: 5px;'><strong>Dimensiones:<\/strong> 15.7&#8217;x8.3&#8217;x11&#8242; \/ 400x211x281 (mm)<\/li>\n<li style='margin-bottom: 5px;'><strong>Peso Neto:<\/strong> 27 lbs \/ 12Kg<\/li>\n<\/ul><\/div>\n<\/p><\/div>\n<div style='flex: 1 1 250px; border: 1px solid rgba(150&comma; 150&comma; 150&comma; 0.4); border-radius: 8px; overflow: hidden; display: flex; flex-direction: column;'>\n<div style='padding: 15px; border-bottom: 1px solid rgba(150&comma; 150&comma; 150&comma; 0.2); font-weight: bold; font-size: 18px; color: inherit;'>Puertos de Salida<\/div>\n<div style='padding: 15px; color: inherit;'>\n<ul style='padding-left: 20px; margin: 0; font-size: 14px; list-style-type: disc;'>\n<li style='margin-bottom: 5px;'><strong>Salidas de CA:<\/strong> 4 salidas&comma; Onda sinusoidal pura&comma; 1800W totales (m\u00e1ximo: 2700W)&comma; 120V (50Hz\/60Hz)<\/li>\n<li style='margin-bottom: 5px;'><strong>Potencia m\u00e1xima de los dispositivos compatibles con X-Boost:<\/strong> 2400W<\/li>\n<li style='margin-bottom: 5px;'><strong>Salidas USB-A:<\/strong> 2 puertos&comma; 5V&comma; 2.4A&comma; 12W m\u00e1x. (por puerto)&comma; 24W totales<\/li>\n<li style='margin-bottom: 5px;'><strong>Carga r\u00e1pida USB-A:<\/strong> 2 puertos&comma; 5V&comma; 2.4A \/ 9V&comma; 2A \/ 12V&comma; 1.5A 18W m\u00e1x.<\/li>\n<li style='margin-bottom: 5px;'><strong>Salidas USB-C:<\/strong> 2 puertos&comma; 5\/9\/12\/15\/20V&comma; 5A&comma; 100W m\u00e1x.<\/li>\n<li style='margin-bottom: 5px;'><strong>Salidas de alimentaci\u00f3n para coche:<\/strong> 1 puerto&comma; 12.6V&comma; 10A 126W m\u00e1x.<\/li>\n<li style='margin-bottom: 5px;'><strong>Salida DC5521:<\/strong> 2 puertos&comma; 12.6V&comma; 3A&comma; 38W como m\u00e1x. por puerto<\/li>\n<\/ul><\/div>\n<\/p><\/div>\n<div style='flex: 1 1 250px; border: 1px solid rgba(150&comma; 150&comma; 150&comma; 0.4); border-radius: 8px; overflow: hidden; display: flex; flex-direction: column;'>\n<div style='padding: 15px; border-bottom: 1px solid rgba(150&comma; 150&comma; 150&comma; 0.2); font-weight: bold; font-size: 18px; color: inherit;'>Puertos de Entrada<\/div>\n<div style='padding: 15px; color: inherit;'>\n<ul style='padding-left: 20px; margin: 0; font-size: 14px; list-style-type: disc;'>\n<li style='margin-bottom: 5px;'><strong>Carga de CA Carga r\u00e1pida de X-Stream:<\/strong> 1200W como m\u00e1x<\/li>\n<li style='margin-bottom: 5px;'><strong>Tensi\u00f3n de entrada de CA:<\/strong> 100~120V 50Hz\/60Hz<\/li>\n<li style='margin-bottom: 5px;'><strong>Carga mediante energ\u00eda solar:<\/strong> 11-60V&comma; 15A&comma; 500W m\u00e1x.<\/li>\n<li style='margin-bottom: 5px;'><strong>Carga de CC:<\/strong> 1100W<\/li>\n<li style='margin-bottom: 5px;'><strong>Carga en veh\u00edculo:<\/strong> Admite bater\u00eda de 12V\/24V&comma; Valor predeterminado: 8A<\/li>\n<\/ul><\/div>\n<\/p><\/div>\n<div style='flex: 1 1 250px; border: 1px solid rgba(150&comma; 150&comma; 150&comma; 0.4); border-radius: 8px; overflow: hidden; display: flex; flex-direction: column;'>\n<div style='padding: 15px; border-bottom: 1px solid rgba(150&comma; 150&comma; 150&comma; 0.2); font-weight: bold; font-size: 18px; color: inherit;'>Tipo de Protecci\u00f3nes<\/div>\n<div style='padding: 15px; color: inherit;'>\n<ul style='padding-left: 20px; margin: 0; font-size: 14px; list-style-type: disc;'>\n<li style='margin-bottom: 5px;'><strong>Sobretensi\u00f3n<\/strong><\/li>\n<li style='margin-bottom: 5px;'><strong>Sobrecarga<\/strong><\/li>\n<li style='margin-bottom: 5px;'><strong>Sobrecalentamiento<\/strong><\/li>\n<li style='margin-bottom: 5px;'><strong>Cortocircuito<\/strong><\/li>\n<li style='margin-bottom: 5px;'><strong>Temperatura baja<\/strong><\/li>\n<li style='margin-bottom: 5px;'><strong>Tensi\u00f3n baja<\/strong><\/li>\n<li style='margin-bottom: 5px;'><strong>Sobrecorriente<\/strong><\/li>\n<\/ul><\/div>\n<\/p><\/div>\n<\/p><\/div>\n<p> <!-- Separador --> <\/p>\n<hr style='border: 0; border-top: 1px solid rgba(150&comma; 150&comma; 150&comma; 0.3); margin: 30px 0;'> <!-- Imagen --> <\/p>\n<div style='margin-bottom: 30px;'> <img style='width: 100%; height: auto; border: 1px solid rgba(150&comma;150&comma;150&comma;0.3); border-radius: 8px;' src='https:\/\/ftp3.syscom.mx\/usuarios\/fotos\/EFD330\/216293-aj-ecoflow-wyoming-12.jpg' alt=''> <\/div>\n<p> <!-- Separador --> <\/p>\n<hr style='border: 0; border-top: 1px solid rgba(150&comma; 150&comma; 150&comma; 0.3); margin: 30px 0;'> <!-- Caracter\u00edsticas destacadas --> <\/p>\n<div style='margin-bottom: 30px;'>\n<h2 style='text-align: center; font-size: 20px; color: #3598db; margin-bottom: 20px;'>CARACTER\u00cdSTICAS DESTACADAS<\/h2>\n<div style='display: flex; justify-content: center;'> <img style='width: 100%; max-width: 800px; height: auto; border: 1px solid rgba(150&comma;150&comma;150&comma;0.3); border-radius: 8px;' src='https:\/\/ftp3.syscom.mx\/usuarios\/fotos\/EFD330\/216293-caracter\u00edsticas_efd.jpg' alt=''> <\/div>\n<\/p><\/div>\n<p> <!-- Secci\u00f3n de contenido adicional --> <\/p>\n<div style='margin-bottom: 30px;'>\n<h2 style='text-align: center; font-size: 20px; color: #3598db; margin-bottom: 20px;'>MONITOREO<\/h2>\n<div style='display: flex; flex-wrap: wrap; gap: 20px; align-items: center;'>\n<div style='flex: 1 1 200px; min-width: 200px;'> <img style='width: 100%; height: auto; border: 1px solid rgba(150&comma;150&comma;150&comma;0.3); border-radius: 8px;' src='https:\/\/ftp3.syscom.mx\/usuarios\/fotos\/EFD330\/216293-monitoreo.jpg' alt=''> <\/div>\n<div style='flex: 2 1 400px; min-width: 250px;'>\n<p style='text-align: center; font-size: 18px; font-weight: bold; margin: 15px 0; color: inherit;'>Control desde cualquier lugar<\/p>\n<p style='text-align: center; font-size: 14px; margin: 15px 0; color: inherit;'>Utiliza la aplicaci\u00f3n EcoFlow para controlar tu DELTA 2 desde cualquier lugar mediante Wi-Fi. Con\u00e9ctate por Bluetooth cuando no tengas conexi\u00f3n a la red. En ambos casos puedes comprobar datos de carga&comma; personalizar la configuraci\u00f3n y ajustar la velocidad de carga con facilidad.<\/p>\n<p style='text-align: center; font-size: 14px; font-weight: bold; margin: 15px 0; color: inherit;'>Caracter\u00edsticas del Bluetooth y Wi-Fi<\/p>\n<div style='margin-top: 15px;'>\n<p style='font-size: 14px; font-weight: bold; margin: 8px 0; color: inherit;'>Wi-Fi:<\/p>\n<ul style='padding-left: 20px; margin: 0 0 15px 20px; font-size: 14px; list-style-type: disc; color: inherit;'>\n<li style='margin-bottom: 5px;'><strong>Gama de frecuencia:<\/strong> 2412-2462 Mhz \/ 2422-2452 Mhz<\/li>\n<li style='margin-bottom: 5px;'><strong>Potencia m\u00e1xima de salida:<\/strong> 0.071 W<\/li>\n<\/ul>\n<p style='font-size: 14px; font-weight: bold; margin: 8px 0; color: inherit;'>Bluetooth:<\/p>\n<ul style='padding-left: 20px; margin: 0 0 15px 20px; font-size: 14px; list-style-type: disc; color: inherit;'>\n<li style='margin-bottom: 5px;'><strong>Gama de frecuencia:<\/strong> 2402-2480 Mhz<\/li>\n<li style='margin-bottom: 5px;'><strong>Potencia m\u00e1xima de salida:<\/strong> 0.005 W<\/li>\n<\/ul><\/div>\n<\/p><\/div>\n<\/p><\/div>\n<\/p><\/div>\n<p> <!-- Secci\u00f3n de tiempo de respaldo --> <\/p>\n<div style='margin-bottom: 30px;'>\n<h2 style='text-align: center; font-size: 20px; color: #3598db; margin-bottom: 20px;'>TIEMPO DE RESPALDO<\/h2>\n<div style='display: flex; flex-wrap: wrap; gap: 20px; align-items: center;'>\n<div style='flex: 1 1 300px; min-width: 250px;'>\n<h3 style='text-align: center; font-size: 18px; margin: 15px 0; color: inherit;'>Energ\u00eda para casi todo.<\/h3>\n<p style='font-size: 14px; margin: 10px 0; color: inherit;'>La salida de CA de 1800W permite alimentar m\u00e1s del 90% de los aparatos de tu hogar. Es decir&comma; el microondas&comma; la nevera o incluso la cafetera estar\u00e1n respaldadas en caso de apag\u00f3n o bien&comma; prueba conectar hasta 13 dispositivos a la vez cuando te re\u00fanas con la familia alrededor de la mesa. A diferencia de otras marcas&comma; DELTA 2 puede evitar la sobrecarga de dispositivos de hasta 2400W gracias a la tecnolog\u00eda X-BOOST.<\/p>\n<\/p><\/div>\n<div style='flex: 1 1 300px; min-width: 200px;'> <img style='width: 100%; height: auto; border: 1px solid rgba(150&comma;150&comma;150&comma;0.3); border-radius: 8px;' src='https:\/\/ftp3.syscom.mx\/usuarios\/fotos\/EFD330\/216293-tiempos_de_respaldo.jpg' alt=''> <\/div>\n<\/p><\/div>\n<\/p><\/div>\n<p> <!-- Secci\u00f3n de contenido --> <\/p>\n<div style='margin-bottom: 30px;'>\n<h2 style='text-align: center; font-size: 20px; color: #3598db; margin-bottom: 20px;'>CONTENIDO<\/h2>\n<div style='display: flex; flex-wrap: wrap; gap: 20px; align-items: center;'>\n<div style='flex: 1 1 300px; min-width: 250px;'>\n<h3 style='text-align: center; font-size: 18px; margin: 15px 0; color: inherit;'>DELTA 2<\/h3>\n<ul style='padding-left: 20px; margin: 0; font-size: 14px; list-style-type: disc; color: inherit;'>\n<li style='margin-bottom: 5px;'><strong>Cable de carga de CA<\/strong><\/li>\n<li style='margin-bottom: 5px;'><strong>Cable de carga para coche<\/strong><\/li>\n<li style='margin-bottom: 5px;'><strong>Cable de DC5521 a DC5525<\/strong><\/li>\n<li style='margin-bottom: 5px;'><strong>Manual de usuario<\/strong><\/li>\n<li style='margin-bottom: 5px;'><strong>Gu\u00eda de inicio r\u00e1pido de la aplicaci\u00f3n<\/strong><\/li>\n<li style='margin-bottom: 5px;'><strong>Warranty card<\/strong><\/li>\n<\/ul>\n<p style='font-size: 13px; margin-top: 15px; color: inherit;'><em>*El cable de carga solar a XT60 solo se incluye con la compra de paneles solares port\u00e1tiles EcoFlow<\/em><\/p>\n<\/p><\/div>\n<div style='flex: 1 1 300px; min-width: 200px;'> <img style='width: 100%; height: auto; border: 1px solid rgba(150&comma;150&comma;150&comma;0.3); border-radius: 8px;' src='https:\/\/ftp3.syscom.mx\/usuarios\/fotos\/EFD330\/216293-contenido.jpg' alt=''> <\/div>\n<\/p><\/div>\n<\/p><\/div>\n<\/p><\/div>\n","protected":false},"excerpt":{"rendered":"<p>Estaci\u00f3n de Energ\u00eda Port\u00e1til Delta 3 1536Wh Litio LFP \/ 6 AC 1800 W (Max. 3600W) \/ 2 USB-C 100W \/ Capacidad para Aumentar Respaldo \/ Cargador de Coche 10A a 12.6V \/ Conectividad WiFi y Bluetooth (App) \/ Carga Solar 500W Max.<\/p>\n","protected":false},"featured_media":38680,"comment_status":"open","ping_status":"closed","template":"","meta":[],"product_brand":[],"product_cat":[1114],"product_tag":[1116,1115,1101],"class_list":{"0":"post-38681","1":"product","2":"type-product","3":"status-publish","4":"has-post-thumbnail","6":"product_cat-estaciones-de-energia-portables","7":"product_tag-ecoflow","8":"product_tag-estaciones-de-energia-portables","9":"product_tag-respaldo-de-energia","11":"first","12":"instock","13":"sale","14":"shipping-taxable","15":"purchasable","16":"product-type-simple"},"_links":{"self":[{"href":"https:\/\/soydeaqui.ddns.net\/pachuca\/index.php\/wp-json\/wp\/v2\/product\/38681","targetHints":{"allow":["GET"]}}],"collection":[{"href":"https:\/\/soydeaqui.ddns.net\/pachuca\/index.php\/wp-json\/wp\/v2\/product"}],"about":[{"href":"https:\/\/soydeaqui.ddns.net\/pachuca\/index.php\/wp-json\/wp\/v2\/types\/product"}],"replies":[{"embeddable":true,"href":"https:\/\/soydeaqui.ddns.net\/pachuca\/index.php\/wp-json\/wp\/v2\/comments?post=38681"}],"wp:featuredmedia":[{"embeddable":true,"href":"https:\/\/soydeaqui.ddns.net\/pachuca\/index.php\/wp-json\/wp\/v2\/media\/38680"}],"wp:attachment":[{"href":"https:\/\/soydeaqui.ddns.net\/pachuca\/index.php\/wp-json\/wp\/v2\/media?parent=38681"}],"wp:term":[{"taxonomy":"product_brand","embeddable":true,"href":"https:\/\/soydeaqui.ddns.net\/pachuca\/index.php\/wp-json\/wp\/v2\/product_brand?post=38681"},{"taxonomy":"product_cat","embeddable":true,"href":"https:\/\/soydeaqui.ddns.net\/pachuca\/index.php\/wp-json\/wp\/v2\/product_cat?post=38681"},{"taxonomy":"product_tag","embeddable":true,"href":"https:\/\/soydeaqui.ddns.net\/pachuca\/index.php\/wp-json\/wp\/v2\/product_tag?post=38681"}],"curies":[{"name":"wp","href":"https:\/\/api.w.org\/{rel}","templated":true}]}}