{"id":38667,"date":"2026-03-18T17:02:14","date_gmt":"2026-03-18T17:02:14","guid":{"rendered":"https:\/\/soydeaqui.ddns.net\/pachuca\/index.php\/producto\/desarmador-multipunta-15-en-1-matraca-resistente-siete-puntas-de-doble-extremo-grado-industrial-mango-cushion-grip-resistente-al-impacto\/"},"modified":"2026-03-18T17:02:15","modified_gmt":"2026-03-18T17:02:15","slug":"desarmador-multipunta-15-en-1-matraca-resistente-siete-puntas-de-doble-extremo-grado-industrial-mango-cushion-grip-resistente-al-impacto","status":"publish","type":"product","link":"https:\/\/soydeaqui.ddns.net\/pachuca\/index.php\/producto\/desarmador-multipunta-15-en-1-matraca-resistente-siete-puntas-de-doble-extremo-grado-industrial-mango-cushion-grip-resistente-al-impacto\/","title":{"rendered":"Desarmador Multipunta 15 en 1 \/ Matraca Resistente \/ Siete Puntas de Doble Extremo \/ Grado Industrial \/ Mango Cushion-Grip \/ Resistente al Impacto"},"content":{"rendered":"<div style='width: 100%; max-width: 1200px; margin: 0 auto; font-family: sans-serif; line-height: 1.6; color: inherit; background-color: transparent;'> <!-- Descripci\u00f3n general --> <\/p>\n<div style='margin-bottom: 30px;'>\n<p style='font-size: 15px; color: inherit; margin: 0 0 20px 0;'>El desarmador multipunta 15 en 1 resistente al impacto con matraca de Klein Tools almacena de manera pr\u00e1ctica e integrada siete puntas de doble extremo. La caracter\u00edstica de matraca tiene tres posiciones&comma; hacia adelante&comma; atr\u00e1s y fija&comma; para una operaci\u00f3n m\u00e1s f\u00e1cil. Este desarmador cuenta con puntas con resistencia de grado industrial y zona de torsi\u00f3n&comma; as\u00ed como un mango Cushion-Grip\u2122 para un control y una comodidad extraordinarios.<\/p>\n<\/p><\/div>\n<p> <!-- Especificaciones --> <\/p>\n<h3 style='font-size: 22px; border-bottom: 2px solid currentColor; padding-bottom: 5px; margin-top: 0; margin-bottom: 20px; color: inherit; opacity: 0.8;'>Especificaciones<\/h3>\n<div style='display: flex; flex-wrap: wrap; gap: 20px; margin-bottom: 30px;'>\n<div style='flex: 1 1 250px; border: 1px solid rgba(150&comma; 150&comma; 150&comma; 0.4); border-radius: 8px; overflow: hidden; display: flex; flex-direction: column;'>\n<div style='padding: 15px; border-bottom: 1px solid rgba(150&comma; 150&comma; 150&comma; 0.2); font-weight: bold; font-size: 18px; color: inherit;'>Caracter\u00edsticas Generales<\/div>\n<div style='padding: 15px; color: inherit;'>\n<ul style='padding-left: 20px; margin: 0; font-size: 14px; list-style-type: disc;'>\n<li style='margin-bottom: 5px;'><strong>Aplicaci\u00f3n:<\/strong> Sujeci\u00f3n<\/li>\n<li style='margin-bottom: 5px;'><strong>Caracter\u00edsticas especiales:<\/strong> Puntas con zona de torsi\u00f3n Proflex&comma; con matraca<\/li>\n<li style='margin-bottom: 5px;'><strong>Tama\u00f1os de desarmador de caja:<\/strong> 1\/4&#8242;<\/li>\n<li style='margin-bottom: 5px;'><strong>Puntas Phillips:<\/strong> N.\u00ba 0&comma; n.\u00ba 1&comma; n.\u00ba 2&comma; n.\u00ba 3<\/li>\n<li style='margin-bottom: 5px;'><strong>Puntas ranuradas:<\/strong> 1\/4&#8242; (6&comma;4 mm)&comma; 3\/16&#8242; (4&comma;8 mm)<\/li>\n<li style='margin-bottom: 5px;'><strong>Puntas cuadradas:<\/strong> N.\u00ba 1&comma; n.\u00ba 2<\/li>\n<li style='margin-bottom: 5px;'><strong>Puntas combinadas:<\/strong> N.\u00ba 1&comma; n.\u00ba 2<\/li>\n<li style='margin-bottom: 5px;'><strong>Puntas TORX\u00ae:<\/strong> T10&comma; T15&comma; T20&comma; T25<\/li>\n<li style='margin-bottom: 5px;'><strong>Magn\u00e9tico:<\/strong> No<\/li>\n<\/ul><\/div>\n<\/p><\/div>\n<div style='flex: 1 1 250px; border: 1px solid rgba(150&comma; 150&comma; 150&comma; 0.4); border-radius: 8px; overflow: hidden; display: flex; flex-direction: column;'>\n<div style='padding: 15px; border-bottom: 1px solid rgba(150&comma; 150&comma; 150&comma; 0.2); font-weight: bold; font-size: 18px; color: inherit;'>Caracter\u00edsticas F\u00edsicas<\/div>\n<div style='padding: 15px; color: inherit;'>\n<ul style='padding-left: 20px; margin: 0; font-size: 14px; list-style-type: disc;'>\n<li style='margin-bottom: 5px;'><strong>Retenci\u00f3n de la punta:<\/strong> Resorte de hojas<\/li>\n<li style='margin-bottom: 5px;'><strong>Longitud de la barra:<\/strong> 4&comma;23&#8242; (10&comma;7 cm)<\/li>\n<li style='margin-bottom: 5px;'><strong>Material:<\/strong> Acero<\/li>\n<li style='margin-bottom: 5px;'><strong>Con aislamiento:<\/strong> No<\/li>\n<li style='margin-bottom: 5px;'><strong>Tipo de mango:<\/strong> Cushion-Grip\u2122<\/li>\n<li style='margin-bottom: 5px;'><strong>Material del mango:<\/strong> Pl\u00e1stico<\/li>\n<li style='margin-bottom: 5px;'><strong>Color del mango:<\/strong> Amarillo\/negro<\/li>\n<\/ul><\/div>\n<\/p><\/div>\n<div style='flex: 1 1 250px; border: 1px solid rgba(150&comma; 150&comma; 150&comma; 0.4); border-radius: 8px; overflow: hidden; display: flex; flex-direction: column;'>\n<div style='padding: 15px; border-bottom: 1px solid rgba(150&comma; 150&comma; 150&comma; 0.2); font-weight: bold; font-size: 18px; color: inherit;'>Dimensiones y Peso<\/div>\n<div style='padding: 15px; color: inherit;'>\n<ul style='padding-left: 20px; margin: 0; font-size: 14px; list-style-type: disc;'>\n<li style='margin-bottom: 5px;'><strong>Longitud del mango:<\/strong> 7&comma;4&#8242; (18&comma;8 cm)<\/li>\n<li style='margin-bottom: 5px;'><strong>Longitud total:<\/strong> 9&comma;5&#8242; (24&comma;1 cm)<\/li>\n<li style='margin-bottom: 5px;'><strong>Altura total:<\/strong> 1&comma;42&#8242; (3&comma;6 cm)<\/li>\n<li style='margin-bottom: 5px;'><strong>Ancho total:<\/strong> 1&comma;42&#8242; (3&comma;6 cm)<\/li>\n<li style='margin-bottom: 5px;'><strong>Cantidad de piezas:<\/strong> 8<\/li>\n<li style='margin-bottom: 5px;'><strong>Tipo:<\/strong> Desarmador multipunta<\/li>\n<li style='margin-bottom: 5px;'><strong>Peso:<\/strong> 9&comma;92 oz (281 g)<\/li>\n<li style='margin-bottom: 5px;'><strong>UPC:<\/strong> 092644328749<\/li>\n<\/ul><\/div>\n<\/p><\/div>\n<\/p><\/div>\n<p> <!-- Aplicaciones --> <\/p>\n<h3 style='font-size: 22px; border-bottom: 2px solid currentColor; padding-bottom: 5px; margin-top: 0; margin-bottom: 20px; color: inherit; opacity: 0.8;'>Aplicaciones y Casos de Uso<\/h3>\n<div style='background-color: rgba(200&comma; 200&comma; 200&comma; 0.1); border: 1px solid rgba(150&comma; 150&comma; 150&comma; 0.3); border-radius: 8px; padding: 15px; margin-bottom: 30px;'>\n<p style='margin: 0; font-size: 15px; color: inherit;'>Ideal para tareas de sujeci\u00f3n en entornos industriales donde se requiera durabilidad y eficiencia. Su dise\u00f1o multipunta permite su uso en diversas aplicaciones de ensamblaje y mantenimiento.<\/p>\n<\/p><\/div>\n<\/p><\/div>\n","protected":false},"excerpt":{"rendered":"<p>Desarmador Multipunta 15 en 1 \/ Matraca Resistente \/ Siete Puntas de Doble Extremo \/ Grado Industrial \/ Mango Cushion-Grip \/ Resistente al Impacto<\/p>\n","protected":false},"featured_media":38666,"comment_status":"open","ping_status":"closed","template":"","meta":[],"product_brand":[],"product_cat":[1138],"product_tag":[1058,1139,432],"class_list":{"0":"post-38667","1":"product","2":"type-product","3":"status-publish","4":"has-post-thumbnail","6":"product_cat-herramientas-mecanicas","7":"product_tag-ferreteria","8":"product_tag-herramientas-mecanicas","9":"product_tag-klein-tools","11":"first","12":"outofstock","13":"sale","14":"shipping-taxable","15":"purchasable","16":"product-type-simple"},"_links":{"self":[{"href":"https:\/\/soydeaqui.ddns.net\/pachuca\/index.php\/wp-json\/wp\/v2\/product\/38667","targetHints":{"allow":["GET"]}}],"collection":[{"href":"https:\/\/soydeaqui.ddns.net\/pachuca\/index.php\/wp-json\/wp\/v2\/product"}],"about":[{"href":"https:\/\/soydeaqui.ddns.net\/pachuca\/index.php\/wp-json\/wp\/v2\/types\/product"}],"replies":[{"embeddable":true,"href":"https:\/\/soydeaqui.ddns.net\/pachuca\/index.php\/wp-json\/wp\/v2\/comments?post=38667"}],"wp:featuredmedia":[{"embeddable":true,"href":"https:\/\/soydeaqui.ddns.net\/pachuca\/index.php\/wp-json\/wp\/v2\/media\/38666"}],"wp:attachment":[{"href":"https:\/\/soydeaqui.ddns.net\/pachuca\/index.php\/wp-json\/wp\/v2\/media?parent=38667"}],"wp:term":[{"taxonomy":"product_brand","embeddable":true,"href":"https:\/\/soydeaqui.ddns.net\/pachuca\/index.php\/wp-json\/wp\/v2\/product_brand?post=38667"},{"taxonomy":"product_cat","embeddable":true,"href":"https:\/\/soydeaqui.ddns.net\/pachuca\/index.php\/wp-json\/wp\/v2\/product_cat?post=38667"},{"taxonomy":"product_tag","embeddable":true,"href":"https:\/\/soydeaqui.ddns.net\/pachuca\/index.php\/wp-json\/wp\/v2\/product_tag?post=38667"}],"curies":[{"name":"wp","href":"https:\/\/api.w.org\/{rel}","templated":true}]}}