{"id":38661,"date":"2026-03-18T17:02:07","date_gmt":"2026-03-18T17:02:07","guid":{"rendered":"https:\/\/soydeaqui.ddns.net\/pachuca\/index.php\/producto\/zt-mpf-180-base-para-piso-universal-ajustable-para-capacidades-de-1-a-3-toneladas-con-pernos-deslizables-y-amortiguacion\/"},"modified":"2026-03-18T17:02:09","modified_gmt":"2026-03-18T17:02:09","slug":"zt-mpf-180-base-para-piso-universal-ajustable-para-capacidades-de-1-a-3-toneladas-con-pernos-deslizables-y-amortiguacion","status":"publish","type":"product","link":"https:\/\/soydeaqui.ddns.net\/pachuca\/index.php\/producto\/zt-mpf-180-base-para-piso-universal-ajustable-para-capacidades-de-1-a-3-toneladas-con-pernos-deslizables-y-amortiguacion\/","title":{"rendered":"ZT-MPF-180 Base para piso universal ajustable para capacidades de 1 a 3 toneladas con pernos deslizables y amortiguaci\u00f3n"},"content":{"rendered":"<div style='width: 100%; max-width: 1200px; margin: 0 auto; font-family: sans-serif; line-height: 1.6; color: inherit; background-color: transparent;'>\n<div style='display: flex; flex-direction: column; align-items: center; text-align: center; margin-bottom: 30px;'>\n<h1 style='font-size: 28px; color: inherit; margin: 0;'><strong>ZTMPF180<\/strong><\/h1>\n<h3 style='font-size: 20px; color: inherit; margin: 10px 0 20px 0;'>BASE PARA PISO DE UNIDAD EXTERNA MINISPLIT DE 1 A 3 TONELADAS<\/h3>\n<p style='font-size: 15px; color: inherit; margin-bottom: 20px; text-align: justify; max-width: 800px;'> El objetivo de brindar a los instaladores y t\u00e9cnicos&comma; las herramientas necesarias para llevar a cabo una instalaci\u00f3n precisa y asimismo&comma; se hace incapi\u00e9 en la importancia de seguir todas las instrucciones y recomendaciones proporcionadas por el fabricante de los minisplit y de las bases de pared&comma; con el fin de mantener la eficiencia energ\u00e9tica&comma; la funcionalidad y la longevidad de estos sistemas de climatizaci\u00f3n. <\/p>\n<p style='font-size: 15px; color: inherit; margin: 10px 0 20px 0;'> <strong>Accesorios de instalaci\u00f3n para unidad externa Minisplit AUFIT<\/strong> <\/p>\n<\/p><\/div>\n<p> <!-- CARACTERISTICAS Y ESPECIFICACIONES --> <\/p>\n<div style='display: flex; flex-wrap: wrap; gap: 30px; margin-bottom: 30px;'>\n<div style='flex: 1 1 300px; min-width: 280px;'> <img style='width: 100%; height: auto; border: 1px solid rgba(150&comma;150&comma;150&comma;0.3); border-radius: 8px;' src='https:\/\/ftp3.syscom.mx\/cdn-cgi\/image\/format=png&comma;width=700&comma;height=700\/usuarios\/fotos\/BancoFotografiasSyscom\/EPCOMINDUSTRIAL\/ZTMPF180\/ZTMPF180-l.PNG' alt=''> <\/p>\n<div style='margin-top: 15px;'>\n<h3 style='font-size: 22px; border-bottom: 2px solid currentColor; padding-bottom: 5px; margin-top: 0; color: inherit; opacity: 0.8;'>Caracter\u00edsticas<\/h3>\n<ul style='padding-left: 20px; font-size: 15px; color: inherit;'>\n<li style='margin-bottom: 5px;'>Resistencia y durabilidad: Dise\u00f1adas con material robusto de acero galvanizado y aluminio.<\/li>\n<li style='margin-bottom: 5px;'>Ajustabilidad : Ajustables en altura y \u00e1ngulo<\/li>\n<li style='margin-bottom: 5px;'>Dise\u00f1o antivibraciones : Reducen la transmisi\u00f3n de vibraciones y ruido de la estructura de la pared y el interior de la vivienda.<\/li>\n<li style='margin-bottom: 5px;'>Capacidad de carga: Capacidad de soporte de 1 a 3 toneladas<\/li>\n<li style='margin-bottom: 5px;'>Facilidad en la instalaci\u00f3n : Instrucciones detalladas para una instalaci\u00f3n segura y eficiente.<\/li>\n<\/ul><\/div>\n<\/p><\/div>\n<div style='flex: 1 1 300px; min-width: 280px;'> <img style='width: 100%; height: auto; border: 1px solid rgba(150&comma;150&comma;150&comma;0.3); border-radius: 8px;' src='https:\/\/ftp3.syscom.mx\/cdn-cgi\/image\/format=png&comma;width=700&comma;height=700\/usuarios\/fotos\/BancoFotografiasSyscom\/EPCOMINDUSTRIAL\/ZTMPF180\/ZTMPF180-l.PNG' alt=''> <\/p>\n<div style='margin-top: 15px;'>\n<h3 style='font-size: 22px; border-bottom: 2px solid currentColor; padding-bottom: 5px; margin-top: 0; color: inherit; opacity: 0.8;'>Especificaciones F\u00edsicas<\/h3>\n<ul style='padding-left: 20px; font-size: 15px; color: inherit;'>\n<li style='margin-bottom: 5px;'><strong>Tipo:<\/strong> Piso<\/li>\n<li style='margin-bottom: 5px;'><strong>Material:<\/strong> Met\u00e1lico<\/li>\n<li style='margin-bottom: 5px;'><strong>Color:<\/strong> Galvanizado<\/li>\n<li style='margin-bottom: 5px;'><strong>Dimensiones (largo x ancho x alto):<\/strong> 567 x 57 x 77 mm.<\/li>\n<li style='margin-bottom: 5px;'><strong>La Torniller\u00eda incluye:<\/strong><\/li>\n<ul style='padding-left: 30px; margin: 5px 0; font-size: 14px; color: inherit; list-style-type: disc;'>\n<li style='margin-bottom: 3px;'>4 tornillos hexagonales 5\/16&#8242; x 2&#8242;<\/li>\n<li style='margin-bottom: 3px;'>4 Tuercas antiderrapante 5\/16&#8242;<\/li>\n<li style='margin-bottom: 3px;'>4 barrenancla 5\/16&#8242; x 2 &#8216;<\/li>\n<li style='margin-bottom: 3px;'>4 Topes plasticos<\/li>\n<\/ul>\n<li style='margin-bottom: 5px;'><strong>Peso:<\/strong> 1.96 Kg<\/li>\n<\/ul><\/div>\n<\/p><\/div>\n<div style='flex: 1 1 300px; min-width: 280px;'> <img style='width: 100%; height: auto; border: 1px solid rgba(150&comma;150&comma;150&comma;0.3); border-radius: 8px;' src='https:\/\/ftp3.syscom.mx\/cdn-cgi\/image\/format=png&comma;width=700&comma;height=700\/usuarios\/fotos\/BancoFotografiasSyscom\/EPCOMINDUSTRIAL\/ZTMPF180\/ZTMPF180-l.PNG' alt=''> <\/p>\n<div style='margin-top: 15px;'>\n<h3 style='font-size: 22px; border-bottom: 2px solid currentColor; padding-bottom: 5px; margin-top: 0; color: inherit; opacity: 0.8;'>Aplicaciones<\/h3>\n<ul style='padding-left: 20px; font-size: 15px; color: inherit;'>\n<li style='margin-bottom: 5px;'>Sistemas de soporte para unidad externa en pared Minisplit AUFIT.<\/li>\n<\/ul><\/div>\n<\/p><\/div>\n<\/p><\/div>\n<\/p><\/div>\n","protected":false},"excerpt":{"rendered":"<p>ZT-MPF-180 Base para piso universal ajustable para capacidades de 1 a 3 toneladas con pernos deslizables y amortiguaci\u00f3n<\/p>\n","protected":false},"featured_media":38660,"comment_status":"open","ping_status":"closed","template":"","meta":[],"product_brand":[],"product_cat":[1206],"product_tag":[1207,1144,181],"class_list":{"0":"post-38661","1":"product","2":"type-product","3":"status-publish","4":"has-post-thumbnail","6":"product_cat-accesorios-herramientas","7":"product_tag-accesorios-herramientas","8":"product_tag-climatizacion-refrigeracion","9":"product_tag-epcom-industrial","11":"first","12":"instock","13":"sale","14":"shipping-taxable","15":"purchasable","16":"product-type-simple"},"_links":{"self":[{"href":"https:\/\/soydeaqui.ddns.net\/pachuca\/index.php\/wp-json\/wp\/v2\/product\/38661","targetHints":{"allow":["GET"]}}],"collection":[{"href":"https:\/\/soydeaqui.ddns.net\/pachuca\/index.php\/wp-json\/wp\/v2\/product"}],"about":[{"href":"https:\/\/soydeaqui.ddns.net\/pachuca\/index.php\/wp-json\/wp\/v2\/types\/product"}],"replies":[{"embeddable":true,"href":"https:\/\/soydeaqui.ddns.net\/pachuca\/index.php\/wp-json\/wp\/v2\/comments?post=38661"}],"wp:featuredmedia":[{"embeddable":true,"href":"https:\/\/soydeaqui.ddns.net\/pachuca\/index.php\/wp-json\/wp\/v2\/media\/38660"}],"wp:attachment":[{"href":"https:\/\/soydeaqui.ddns.net\/pachuca\/index.php\/wp-json\/wp\/v2\/media?parent=38661"}],"wp:term":[{"taxonomy":"product_brand","embeddable":true,"href":"https:\/\/soydeaqui.ddns.net\/pachuca\/index.php\/wp-json\/wp\/v2\/product_brand?post=38661"},{"taxonomy":"product_cat","embeddable":true,"href":"https:\/\/soydeaqui.ddns.net\/pachuca\/index.php\/wp-json\/wp\/v2\/product_cat?post=38661"},{"taxonomy":"product_tag","embeddable":true,"href":"https:\/\/soydeaqui.ddns.net\/pachuca\/index.php\/wp-json\/wp\/v2\/product_tag?post=38661"}],"curies":[{"name":"wp","href":"https:\/\/api.w.org\/{rel}","templated":true}]}}