{"id":38653,"date":"2026-03-18T17:01:55","date_gmt":"2026-03-18T17:01:55","guid":{"rendered":"https:\/\/soydeaqui.ddns.net\/pachuca\/index.php\/producto\/extension-de-garantia-a-10-anos-para-qt48-10000-230v\/"},"modified":"2026-03-18T17:01:56","modified_gmt":"2026-03-18T17:01:56","slug":"extension-de-garantia-a-10-anos-para-qt48-10000-230v","status":"publish","type":"product","link":"https:\/\/soydeaqui.ddns.net\/pachuca\/index.php\/producto\/extension-de-garantia-a-10-anos-para-qt48-10000-230v\/","title":{"rendered":"Extensi\u00f3n de Garant\u00eda a 10 a\u00f1os para QT48\/10000\/230V"},"content":{"rendered":"<div style='width: 100%; max-width: 1200px; margin: 0 auto; font-family: sans-serif; line-height: 1.6; color: inherit; background-color: transparent;'>\n<div style='display: flex; flex-wrap: wrap; gap: 30px; margin-bottom: 30px;'>\n<div style='flex: 1 1 300px; min-width: 280px;'>\n<h3 style='font-size: 22px; border-bottom: 2px solid currentColor; padding-bottom: 5px; margin-top: 0; color: inherit; opacity: 0.8;'>Extensi\u00f3n de Garant\u00eda a 10 A\u00f1os para Inversor Victron QT48\/10000SP\/230V<\/h3>\n<p style='font-size: 15px; color: inherit; margin-bottom: 15px;'>Al adquirir un inversor\/cargador Victron Energy&comma; obtienes autom\u00e1ticamente directa con f\u00e1brica. Con esta extensi\u00f3n de garant\u00eda&comma; puedes duplicar la cobertura y proteger tu inversi\u00f3n hasta por 10 a\u00f1os completos.<\/p>\n<\/p><\/div>\n<\/p><\/div>\n<div style='display: flex; flex-wrap: wrap; gap: 20px; margin-bottom: 30px;'>\n<div style='flex: 1 1 250px; border: 1px solid rgba(150&comma; 150&comma; 150&comma; 0.4); border-radius: 8px; overflow: hidden; display: flex; flex-direction: column;'>\n<div style='padding: 15px; border-bottom: 1px solid rgba(150&comma; 150&comma; 150&comma; 0.2); font-weight: bold; font-size: 18px; color: inherit;'>\u00bfQu\u00e9 incluye la extensi\u00f3n?<\/div>\n<div style='padding: 15px; color: inherit;'>\n<ul style='padding-left: 20px; margin: 0; font-size: 14px; list-style-type: disc;'>\n<li style='margin-bottom: 5px;'>Ampliaci\u00f3n de <strong style='color: inherit;'>5 a\u00f1os adicionales de garant\u00eda<\/strong><\/li>\n<li style='margin-bottom: 5px;'>Aplicable a un <strong style='color: inherit;'>n\u00famero de serie espec\u00edfico<\/strong><\/li>\n<\/ul><\/div>\n<\/p><\/div>\n<div style='flex: 1 1 250px; border: 1px solid rgba(150&comma; 150&comma; 150&comma; 0.4); border-radius: 8px; overflow: hidden; display: flex; flex-direction: column;'>\n<div style='padding: 15px; border-bottom: 1px solid rgba(150&comma; 150&comma; 150&comma; 0.2); font-weight: bold; font-size: 18px; color: inherit;'>Pasos para solicitar la extensi\u00f3n<\/div>\n<div style='padding: 15px; color: inherit;'>\n<ol style='padding-left: 20px; margin: 0; font-size: 14px;'>\n<li style='margin-bottom: 5px;'>Solicita a tu <strong style='color: inherit;'>vendedor<\/strong> la requisici\u00f3n de compra una vez tengas el equipo en f\u00edsico.<\/li>\n<li style='margin-bottom: 5px;'>Env\u00eda a tu vendedor el <strong style='color: inherit;'>n\u00famero de serie<\/strong> del inversor.<\/li>\n<li style='margin-bottom: 5px;'>Realiza el <strong style='color: inherit;'>pago de la requisici\u00f3n<\/strong>.<\/li>\n<li style='margin-bottom: 5px;'>Recibir\u00e1s un <strong style='color: inherit;'>certificado oficial de garant\u00eda<\/strong> extendida&comma; emitido por Victron Energy&comma; a trav\u00e9s de tu vendedor.<\/li>\n<\/ol><\/div>\n<\/p><\/div>\n<div style='flex: 1 1 250px; border: 1px solid rgba(150&comma; 150&comma; 150&comma; 0.4); border-radius: 8px; overflow: hidden; display: flex; flex-direction: column;'>\n<div style='padding: 15px; border-bottom: 1px solid rgba(150&comma; 150&comma; 150&comma; 0.2); font-weight: bold; font-size: 18px; color: inherit;'>Nota importante<\/div>\n<div style='padding: 15px; color: inherit;'>\n<p style='margin: 0; font-size: 14px;'><strong style='color: inherit;'>La garant\u00eda siempre se realizar\u00e1 a trav\u00e9s de Syscom.<\/strong><\/p>\n<\/p><\/div>\n<\/p><\/div>\n<\/p><\/div>\n<div style='display: flex; flex-wrap: wrap; gap: 30px; margin-bottom: 30px;'>\n<div style='flex: 1 1 300px; min-width: 280px;'>\n<h3 style='font-size: 22px; border-bottom: 2px solid currentColor; padding-bottom: 5px; margin-top: 0; color: inherit; opacity: 0.8;'>\u00bfTienes dudas?<\/h3>\n<p style='font-size: 15px; color: inherit; margin: 0;'>Ll\u00e1manos al (614) 415-2525 ext. 7172<br \/>o escr\u00edbenos a: energia@syscom.mx<\/p>\n<\/p><\/div>\n<\/p><\/div>\n<div style='display: flex; flex-wrap: wrap; gap: 30px; margin-bottom: 30px;'>\n<div style='flex: 1 1 300px; min-width: 280px;'>\n<p style='font-size: 15px; color: inherit; margin: 0;'><strong style='color: inherit;'>Protege tu equipo Victron por m\u00e1s tiempo. Invierte en tranquilidad.<\/strong><\/p>\n<\/p><\/div>\n<\/p><\/div>\n<\/p><\/div>\n","protected":false},"excerpt":{"rendered":"<p>Extensi\u00f3n de Garant\u00eda a 10 a\u00f1os para QT48\/10000\/230V<\/p>\n","protected":false},"featured_media":38652,"comment_status":"open","ping_status":"closed","template":"","meta":[],"product_brand":[],"product_cat":[1204],"product_tag":[964,1205,1174],"class_list":{"0":"post-38653","1":"product","2":"type-product","3":"status-publish","4":"has-post-thumbnail","6":"product_cat-inversores-cargadores","7":"product_tag-energia-solar","8":"product_tag-inversores-cargadores","9":"product_tag-victron-energy","11":"first","12":"outofstock","13":"sale","14":"shipping-taxable","15":"purchasable","16":"product-type-simple"},"_links":{"self":[{"href":"https:\/\/soydeaqui.ddns.net\/pachuca\/index.php\/wp-json\/wp\/v2\/product\/38653","targetHints":{"allow":["GET"]}}],"collection":[{"href":"https:\/\/soydeaqui.ddns.net\/pachuca\/index.php\/wp-json\/wp\/v2\/product"}],"about":[{"href":"https:\/\/soydeaqui.ddns.net\/pachuca\/index.php\/wp-json\/wp\/v2\/types\/product"}],"replies":[{"embeddable":true,"href":"https:\/\/soydeaqui.ddns.net\/pachuca\/index.php\/wp-json\/wp\/v2\/comments?post=38653"}],"wp:featuredmedia":[{"embeddable":true,"href":"https:\/\/soydeaqui.ddns.net\/pachuca\/index.php\/wp-json\/wp\/v2\/media\/38652"}],"wp:attachment":[{"href":"https:\/\/soydeaqui.ddns.net\/pachuca\/index.php\/wp-json\/wp\/v2\/media?parent=38653"}],"wp:term":[{"taxonomy":"product_brand","embeddable":true,"href":"https:\/\/soydeaqui.ddns.net\/pachuca\/index.php\/wp-json\/wp\/v2\/product_brand?post=38653"},{"taxonomy":"product_cat","embeddable":true,"href":"https:\/\/soydeaqui.ddns.net\/pachuca\/index.php\/wp-json\/wp\/v2\/product_cat?post=38653"},{"taxonomy":"product_tag","embeddable":true,"href":"https:\/\/soydeaqui.ddns.net\/pachuca\/index.php\/wp-json\/wp\/v2\/product_tag?post=38653"}],"curies":[{"name":"wp","href":"https:\/\/api.w.org\/{rel}","templated":true}]}}