{"id":38646,"date":"2026-03-18T17:01:45","date_gmt":"2026-03-18T17:01:45","guid":{"rendered":"https:\/\/soydeaqui.ddns.net\/pachuca\/index.php\/producto\/ventilador-de-techo-con-luminario-led-de-110-v-ca-50-60-hz-88-w-3-tonos-de-luz-6500-4-000-2-700-k-con-giro-360-diametro-495-mm-6-velocidades-dimeable\/"},"modified":"2026-03-18T17:01:51","modified_gmt":"2026-03-18T17:01:51","slug":"ventilador-de-techo-con-luminario-led-de-110-v-ca-50-60-hz-88-w-3-tonos-de-luz-6500-4-000-2-700-k-con-giro-360-diametro-495-mm-6-velocidades-dimeable","status":"publish","type":"product","link":"https:\/\/soydeaqui.ddns.net\/pachuca\/index.php\/producto\/ventilador-de-techo-con-luminario-led-de-110-v-ca-50-60-hz-88-w-3-tonos-de-luz-6500-4-000-2-700-k-con-giro-360-diametro-495-mm-6-velocidades-dimeable\/","title":{"rendered":"Ventilador de Techo con Luminario LED de 110 V CA 50\/60 Hz \/  88 W \/ 3 Tonos de Luz (6500 &#8211; 4 000 &#8211; 2 700 K) \/ Con giro 360\u00b0 \/ Di\u00e1metro 495 mm \/ 6 Velocidades \/ Dimeable."},"content":{"rendered":"<div style='width: 100%; max-width: 1200px; margin: 0 auto; font-family: sans-serif; line-height: 1.6; color: inherit; background-color: transparent;'>\n<div style='display: flex; flex-wrap: wrap; gap: 30px; margin-bottom: 30px;'>\n<div style='flex: 1 1 300px; min-width: 280px;'>\n<h3 style='font-size: 22px; border-bottom: 2px solid currentColor; padding-bottom: 5px; margin-top: 0; color: inherit; opacity: 0.8;'>Caracter\u00edsticas Principales<\/h3>\n<ul style='padding-left: 20px; font-size: 15px; color: inherit;'>\n<li style='margin-bottom: 5px;'>Ventilador de techo con aspas de acr\u00edlico transparente de ABS.<\/li>\n<li style='margin-bottom: 5px;'>L\u00e1mpara de LED ideal para sala de estar&comma; comedor y dormitorio.<\/li>\n<li style='margin-bottom: 5px;'>F\u00e1cil instalaci\u00f3n para techo.<\/li>\n<li style='margin-bottom: 5px;'><strong>Voltaje de Alimentaci\u00f3n:<\/strong> 110 V~ 50\/60Hz<\/li>\n<li style='margin-bottom: 5px;'>6 Velocidades diferentes.<\/li>\n<li style='margin-bottom: 5px;'>Cambia entre 3 tonos de color neutro&comma; blanco y c\u00e1lido.<\/li>\n<li style='margin-bottom: 5px;'><strong>Temperatura de Color:<\/strong> 6500 K (Luz Blanca)&comma; 4000 K (Luz Neutra)&comma; 2700 K (Luz C\u00e1lida)<\/li>\n<li style='margin-bottom: 5px;'>Con giro 360\u00b0<\/li>\n<\/ul><\/div>\n<div style='flex: 1 1 300px; min-width: 280px;'>\n<h3 style='font-size: 22px; border-bottom: 2px solid currentColor; padding-bottom: 5px; margin-top: 0; color: inherit; opacity: 0.8;'>Caracter\u00edsticas F\u00edsicas y El\u00e9ctricas<\/h3>\n<ul style='padding-left: 20px; font-size: 15px; color: inherit;'>\n<li style='margin-bottom: 5px;'><strong>Potencia:<\/strong> 88 W<\/li>\n<li style='margin-bottom: 5px;'><strong>Luminosidad:<\/strong> 5400 L\u00famenes<\/li>\n<li style='margin-bottom: 5px;'><strong>Apertura de Luz:<\/strong> 140\u00b0<\/li>\n<li style='margin-bottom: 5px;'><strong>Di\u00e1metro:<\/strong> 495 mm<\/li>\n<li style='margin-bottom: 5px;'>Dimeable<\/li>\n<\/ul><\/div>\n<div style='flex: 1 1 300px; min-width: 280px;'>\n<h3 style='font-size: 22px; border-bottom: 2px solid currentColor; padding-bottom: 5px; margin-top: 0; color: inherit; opacity: 0.8;'>Caracter\u00edsticas Destacadas<\/h3>\n<ul style='padding-left: 20px; font-size: 15px; color: inherit;'>\n<li style='margin-bottom: 5px;'>Controla todas las funciones del ventilador y de luz desde el control remoto incluido<\/li>\n<li style='margin-bottom: 5px;'>Este ventilador de techo est\u00e1 dise\u00f1ado con l\u00e1mpara LED<\/li>\n<li style='margin-bottom: 5px;'>Motor de viento silencioso con control remoto que garantiza un flujo de aire suave y fluido. El funcionamiento silencioso utiliza energ\u00eda de manera eficiente y prolonga la vida \u00fatil del ventilador.<\/li>\n<li style='margin-bottom: 5px;'>Ideal para refrescar e iluminar cualquier espacio como habitaciones&comma; estudios&comma; cocinas&comma; salas.<\/li>\n<\/ul><\/div>\n<\/p><\/div>\n<hr style='border: 0; border-top: 1px solid rgba(150&comma; 150&comma; 150&comma; 0.3); margin: 30px 0;'> <\/div>\n","protected":false},"excerpt":{"rendered":"<p>Ventilador de Techo con Luminario LED de 110 V CA 50\/60 Hz \/  88 W \/ 3 Tonos de Luz (6500 &#8211; 4 000 &#8211; 2 700 K) \/ Con giro 360\u00b0 \/ Di\u00e1metro 495 mm \/ 6 Velocidades \/ Dimeable.<\/p>\n","protected":false},"featured_media":38645,"comment_status":"open","ping_status":"closed","template":"","meta":[],"product_brand":[],"product_cat":[1166],"product_tag":[1167,1169,1168],"class_list":{"0":"post-38646","1":"product","2":"type-product","3":"status-publish","4":"has-post-thumbnail","6":"product_cat-uso-interior","7":"product_tag-iluminacion","8":"product_tag-jwj","9":"product_tag-uso-interior","11":"first","12":"instock","13":"sale","14":"shipping-taxable","15":"purchasable","16":"product-type-simple"},"_links":{"self":[{"href":"https:\/\/soydeaqui.ddns.net\/pachuca\/index.php\/wp-json\/wp\/v2\/product\/38646","targetHints":{"allow":["GET"]}}],"collection":[{"href":"https:\/\/soydeaqui.ddns.net\/pachuca\/index.php\/wp-json\/wp\/v2\/product"}],"about":[{"href":"https:\/\/soydeaqui.ddns.net\/pachuca\/index.php\/wp-json\/wp\/v2\/types\/product"}],"replies":[{"embeddable":true,"href":"https:\/\/soydeaqui.ddns.net\/pachuca\/index.php\/wp-json\/wp\/v2\/comments?post=38646"}],"wp:featuredmedia":[{"embeddable":true,"href":"https:\/\/soydeaqui.ddns.net\/pachuca\/index.php\/wp-json\/wp\/v2\/media\/38645"}],"wp:attachment":[{"href":"https:\/\/soydeaqui.ddns.net\/pachuca\/index.php\/wp-json\/wp\/v2\/media?parent=38646"}],"wp:term":[{"taxonomy":"product_brand","embeddable":true,"href":"https:\/\/soydeaqui.ddns.net\/pachuca\/index.php\/wp-json\/wp\/v2\/product_brand?post=38646"},{"taxonomy":"product_cat","embeddable":true,"href":"https:\/\/soydeaqui.ddns.net\/pachuca\/index.php\/wp-json\/wp\/v2\/product_cat?post=38646"},{"taxonomy":"product_tag","embeddable":true,"href":"https:\/\/soydeaqui.ddns.net\/pachuca\/index.php\/wp-json\/wp\/v2\/product_tag?post=38646"}],"curies":[{"name":"wp","href":"https:\/\/api.w.org\/{rel}","templated":true}]}}