{"id":38603,"date":"2026-03-18T17:00:41","date_gmt":"2026-03-18T17:00:41","guid":{"rendered":"https:\/\/soydeaqui.ddns.net\/pachuca\/index.php\/producto\/fuente-de-poder-1-salida-11-15-vcc-5-a-temporizador-integrado-con-capacidad-de-bateria-de-respaldo-requiere-bateria-aplicaciones-en-sistemas-de-control-de-acceso\/"},"modified":"2026-03-18T17:00:48","modified_gmt":"2026-03-18T17:00:48","slug":"fuente-de-poder-1-salida-11-15-vcc-5-a-temporizador-integrado-con-capacidad-de-bateria-de-respaldo-requiere-bateria-aplicaciones-en-sistemas-de-control-de-acceso","status":"publish","type":"product","link":"https:\/\/soydeaqui.ddns.net\/pachuca\/index.php\/producto\/fuente-de-poder-1-salida-11-15-vcc-5-a-temporizador-integrado-con-capacidad-de-bateria-de-respaldo-requiere-bateria-aplicaciones-en-sistemas-de-control-de-acceso\/","title":{"rendered":"Fuente de Poder \/ 1 Salida 11-15 Vcc \/  5 A \/ Temporizador Integrado \/ Con Capacidad de Bater\u00eda de Respaldo \/ Requiere Bater\u00eda \/ Aplicaciones en sistemas de control de Acceso"},"content":{"rendered":"<div style='width: 100%; max-width: 1200px; margin: 0 auto; font-family: sans-serif; line-height: 1.6; color: inherit; background-color: transparent;'>\n<div style='display: flex; flex-wrap: wrap; gap: 30px; margin-bottom: 30px;'>\n<div style='flex: 1 1 300px; min-width: 280px;'>\n<h3 style='font-size: 22px; border-bottom: 2px solid currentColor; padding-bottom: 5px; margin-top: 0; color: inherit; opacity: 0.8; text-align: center;'>Fuente para aplicaciones de Control de Acceso y CCTV<\/h3>\n<\/p><\/div>\n<\/p><\/div>\n<div style='display: flex; flex-wrap: wrap; gap: 20px; margin-bottom: 30px;'>\n<div style='flex: 1 1 250px; border: 1px solid rgba(150&comma; 150&comma; 150&comma; 0.4); border-radius: 8px; overflow: hidden; display: flex; flex-direction: column;'>\n<div style='padding: 15px; border-bottom: 1px solid rgba(150&comma; 150&comma; 150&comma; 0.2); font-weight: bold; font-size: 18px; color: inherit;'>Caracter\u00edsticas<\/div>\n<div style='padding: 15px; color: inherit;'>\n<ul style='padding-left: 20px; margin: 0; font-size: 14px; list-style-type: disc;'>\n<li style='margin-bottom: 5px;'><strong>Fuente de alimentaci\u00f3n regulada de 11-15 Vcc<\/strong><\/li>\n<li style='margin-bottom: 5px;'><strong>Salida de 5A<\/strong><\/li>\n<li style='margin-bottom: 5px;'><strong>Capacidad de respaldo<\/strong><\/li>\n<li style='margin-bottom: 5px;'><strong>Entrada : 96-264 Vca<\/strong><\/li>\n<li style='margin-bottom: 5px;'><strong>Relevador temporizado de 0-45 segundos<\/strong><\/li>\n<li style='margin-bottom: 5px;'><strong>Dimensiones : 214.5 x 71 x 200 mm<\/strong><\/li>\n<li style='margin-bottom: 5px;'><strong>Peso : 1.95 Kgs.<\/strong><\/li>\n<\/ul><\/div>\n<div style='padding: 15px;'> <img style='width: 100%; height: auto; border: 1px solid rgba(150&comma;150&comma;150&comma;0.3); border-radius: 8px;' src='https:\/\/ftp3.syscom.mx\/usuarios\/fotos\/BancoFotografiasSyscom\/EPCOMPOWERLINE\/PL12DC5ABK\/PL12DC5ABK-AD-1-p.PNG' alt=''> <\/div>\n<\/p><\/div>\n<div style='flex: 1 1 250px; border: 1px solid rgba(150&comma; 150&comma; 150&comma; 0.4); border-radius: 8px; overflow: hidden; display: flex; flex-direction: column;'>\n<div style='padding: 15px; border-bottom: 1px solid rgba(150&comma; 150&comma; 150&comma; 0.2); font-weight: bold; font-size: 18px; color: inherit;'>Ventajas<\/div>\n<div style='padding: 15px; color: inherit;'>\n<p style='margin-bottom: 10px;'><strong>Como Funciona :<\/strong><\/p>\n<ul style='padding-left: 20px; margin: 0; font-size: 14px; list-style-type: disc;'>\n<li style='margin-bottom: 5px;'><strong>Fuente de alimentaci\u00f3n ininterrupida&comma; cuando el voltaje VCA falle&comma; entra en operaci\u00f3n en modo autom\u00e1tico su bater\u00eda&comma; para suministrar energ\u00eda<\/strong><\/li>\n<li style='margin-bottom: 5px;'><strong>Para aplicaciones de Control de Acceso<\/strong><\/li>\n<\/ul><\/div>\n<div style='padding: 15px;'> <img style='width: 100%; height: auto; border: 1px solid rgba(150&comma;150&comma;150&comma;0.3); border-radius: 8px;' src='https:\/\/ftp3.syscom.mx\/usuarios\/fotos\/BancoFotografiasSyscom\/EPCOMPOWERLINE\/PL12DC5ABK\/PL12DC5ABK-AD-1-p.PNG' alt=''> <\/div>\n<\/p><\/div>\n<div style='flex: 1 1 250px; border: 1px solid rgba(150&comma; 150&comma; 150&comma; 0.4); border-radius: 8px; overflow: hidden; display: flex; flex-direction: column;'>\n<div style='padding: 15px; border-bottom: 1px solid rgba(150&comma; 150&comma; 150&comma; 0.2); font-weight: bold; font-size: 18px; color: inherit;'>Productos relacionados<\/div>\n<div style='padding: 15px; color: inherit;'>\n<ul style='padding-left: 20px; margin: 0; font-size: 14px; list-style-type: disc;'>\n<li style='margin-bottom: 5px;'>PS12DC4PBK<\/li>\n<li style='margin-bottom: 5px;'>PLK12DC4ABK<\/li>\n<li style='margin-bottom: 5px;'>PLK12DC8ABK<\/li>\n<\/ul><\/div>\n<div style='padding: 15px;'> <img style='width: 100%; height: auto; border: 1px solid rgba(150&comma;150&comma;150&comma;0.3); border-radius: 8px;' src='https:\/\/ftp3.syscom.mx\/usuarios\/fotos\/BancoFotografiasSyscom\/EPCOMPOWERLINE\/PL12DC5ABK\/PL12DC5ABK-AD-1-p.PNG' alt=''> <\/div>\n<\/p><\/div>\n<\/p><\/div>\n<div style='position: relative; padding-bottom: 56.25%; height: 0; overflow: hidden; margin-bottom: 30px;'>   <\/div>\n<\/p><\/div>\n","protected":false},"excerpt":{"rendered":"<p>Fuente de Poder \/ 1 Salida 11-15 Vcc \/  5 A \/ Temporizador Integrado \/ Con Capacidad de Bater\u00eda de Respaldo \/ Requiere Bater\u00eda \/ Aplicaciones en sistemas de control de Acceso<\/p>\n","protected":false},"featured_media":38602,"comment_status":"open","ping_status":"closed","template":"","meta":[],"product_brand":[],"product_cat":[558],"product_tag":[454,457,559],"class_list":{"0":"post-38603","1":"product","2":"type-product","3":"status-publish","4":"has-post-thumbnail","6":"product_cat-fuentes-de-respaldo","7":"product_tag-epcom-powerline","8":"product_tag-fuentes-de-alimentacion","9":"product_tag-fuentes-de-respaldo","11":"first","12":"instock","13":"sale","14":"shipping-taxable","15":"purchasable","16":"product-type-simple"},"_links":{"self":[{"href":"https:\/\/soydeaqui.ddns.net\/pachuca\/index.php\/wp-json\/wp\/v2\/product\/38603","targetHints":{"allow":["GET"]}}],"collection":[{"href":"https:\/\/soydeaqui.ddns.net\/pachuca\/index.php\/wp-json\/wp\/v2\/product"}],"about":[{"href":"https:\/\/soydeaqui.ddns.net\/pachuca\/index.php\/wp-json\/wp\/v2\/types\/product"}],"replies":[{"embeddable":true,"href":"https:\/\/soydeaqui.ddns.net\/pachuca\/index.php\/wp-json\/wp\/v2\/comments?post=38603"}],"wp:featuredmedia":[{"embeddable":true,"href":"https:\/\/soydeaqui.ddns.net\/pachuca\/index.php\/wp-json\/wp\/v2\/media\/38602"}],"wp:attachment":[{"href":"https:\/\/soydeaqui.ddns.net\/pachuca\/index.php\/wp-json\/wp\/v2\/media?parent=38603"}],"wp:term":[{"taxonomy":"product_brand","embeddable":true,"href":"https:\/\/soydeaqui.ddns.net\/pachuca\/index.php\/wp-json\/wp\/v2\/product_brand?post=38603"},{"taxonomy":"product_cat","embeddable":true,"href":"https:\/\/soydeaqui.ddns.net\/pachuca\/index.php\/wp-json\/wp\/v2\/product_cat?post=38603"},{"taxonomy":"product_tag","embeddable":true,"href":"https:\/\/soydeaqui.ddns.net\/pachuca\/index.php\/wp-json\/wp\/v2\/product_tag?post=38603"}],"curies":[{"name":"wp","href":"https:\/\/api.w.org\/{rel}","templated":true}]}}