{"id":38591,"date":"2026-03-18T17:00:25","date_gmt":"2026-03-18T17:00:25","guid":{"rendered":"https:\/\/soydeaqui.ddns.net\/pachuca\/index.php\/producto\/controlador-solar-mppt-100a-12-24-36-48v-maximo-voltaje-de-circuito-abierto-voc-200vcc-configurable-para-baterias-de-litio\/"},"modified":"2026-03-18T17:00:31","modified_gmt":"2026-03-18T17:00:31","slug":"controlador-solar-mppt-100a-12-24-36-48v-maximo-voltaje-de-circuito-abierto-voc-200vcc-configurable-para-baterias-de-litio","status":"publish","type":"product","link":"https:\/\/soydeaqui.ddns.net\/pachuca\/index.php\/producto\/controlador-solar-mppt-100a-12-24-36-48v-maximo-voltaje-de-circuito-abierto-voc-200vcc-configurable-para-baterias-de-litio\/","title":{"rendered":"Controlador Solar MPPT 100A 12\/24\/36\/48V, M\u00e1ximo Voltaje de Circuito Abierto Voc 200Vcc, Configurable para Bater\u00edas de Litio"},"content":{"rendered":"<div style='width: 100%; max-width: 1200px; margin: 0 auto; font-family: sans-serif; line-height: 1.6; color: inherit; background-color: transparent;'>\n<div style='display: flex; flex-direction: column; align-items: center; text-align: center; margin-bottom: 30px;'> <img style='width: 100%; max-width: 400px; height: auto; border: 1px solid rgba(150&comma;150&comma;150&comma;0.3); border-radius: 8px;' src='https:\/\/ftp3.syscom.mx\/usuarios\/anavarro\/EPEVER\/IPOWER\/LOGOEPEVER.png' alt='Logo EPEVER'> <\/p>\n<h1 style='font-size: 28px; margin-top: 20px; margin-bottom: 10px; color: inherit; opacity: 0.8;'>Especificaciones del Controlador de Carga Solar MPPT EPEVER IT10420NCG3<\/h1>\n<p style='font-size: 16px; color: inherit; max-width: 800px; text-align: justify; margin: 0 auto;'>La serie Tracer-AN representa la c\u00faspide de los controladores de carga dentro del rango de productos de EPEVER&comma; l\u00edder en tecnolog\u00eda solar y de energ\u00eda renovable. Dise\u00f1ada para gestionar sistemas de gran envergadura&comma; esta serie es capaz de manejar hasta 5KW de paneles solares&comma; lo que la convierte en una opci\u00f3n ideal para aplicaciones comerciales&comma; industriales o incluso para proyectos residenciales de gran escala.<\/p>\n<\/p><\/div>\n<div style='display: flex; flex-wrap: wrap; gap: 30px; margin-bottom: 30px;'>\n<div style='flex: 1 1 300px; min-width: 280px;'>\n<div style='border: 1px solid rgba(150&comma; 150&comma; 150&comma; 0.4); border-radius: 8px; overflow: hidden; display: flex; flex-direction: column; height: 100%;'>\n<div style='padding: 15px; border-bottom: 1px solid rgba(150&comma; 150&comma; 150&comma; 0.2); font-weight: bold; font-size: 18px; color: inherit; background-color: rgba(40&comma;128&comma;185&comma;0.1);'>Caracter\u00edsticas Principales:<\/div>\n<div style='padding: 15px; color: inherit; flex: 1 1 auto;'>\n<ul style='padding-left: 20px; margin: 0; font-size: 14px; list-style-type: disc;'>\n<li style='margin-bottom: 5px;'>Gesti\u00f3n de carga hasta 100A<\/li>\n<li style='margin-bottom: 5px;'>Potencia nominal hasta 5200W en sistemas de 48V<\/li>\n<li style='margin-bottom: 5px;'>Eficiencia de conversi\u00f3n m\u00e1xima de 98.5%<\/li>\n<li style='margin-bottom: 5px;'>Tensi\u00f3n m\u00e1xima de circuito abierto de PV de 180V<\/li>\n<li style='margin-bottom: 5px;'>Para uso con bater\u00edas de Acido Plomo&comma; Litio y Gel<\/li>\n<\/ul><\/div>\n<\/p><\/div>\n<div style='margin-top: 20px; font-size: 16px; color: inherit;'> <strong style='font-weight: bold;'>Para configurar par\u00e1metros de carga se requiere un monitor o el cable de comunicaci\u00f3n EPEVER:<\/strong> <\/p>\n<ul style='padding-left: 20px; margin-top: 10px; margin-bottom: 10px; font-size: 16px; list-style-type: disc;'>\n<li style='margin-bottom: 5px;'><a style='color: inherit; text-decoration: none;' href='https:\/\/www.syscom.mx\/producto\/MT-50-EPEVER-81070.html'>MT-50<\/a> Monitor remoto para controladores EPEVER.<\/li>\n<li style='margin-bottom: 5px;'><a style='color: inherit; text-decoration: none;' href='https:\/\/www.syscom.mx\/producto\/CC-USB-485-150U-EPEVER-78229.html'>CC-USB-485-150U<\/a> Cable de comunicaci\u00f3n para controladores EPEVER.<\/li>\n<\/ul><\/div>\n<\/p><\/div>\n<div style='flex: 1 1 300px; min-width: 280px;'>\n<div style='border: 1px solid rgba(150&comma; 150&comma; 150&comma; 0.4); border-radius: 8px; overflow: hidden; display: flex; flex-direction: column; height: 100%;'>\n<div style='padding: 15px; border-bottom: 1px solid rgba(150&comma; 150&comma; 150&comma; 0.2); font-weight: bold; font-size: 18px; color: inherit; background-color: rgba(40&comma;128&comma;185&comma;0.1);'>Caracter\u00edsticas F\u00edsicas y El\u00e9ctricas:<\/div>\n<div style='padding: 15px; color: inherit; flex: 1 1 auto;'>\n<ul style='padding-left: 20px; margin: 0; font-size: 14px; list-style-type: disc;'>\n<li style='margin-bottom: 5px;'>Dimensiones: 352x212x149 mm<\/li>\n<li style='margin-bottom: 5px;'>Peso neto: 7.63 kg<\/li>\n<li style='margin-bottom: 5px;'>Terminal de conexi\u00f3n: Com\u00fan negativa<\/li>\n<\/ul><\/div>\n<\/p><\/div>\n<\/p><\/div>\n<div style='flex: 1 1 300px; min-width: 280px;'>\n<div style='border: 1px solid rgba(150&comma; 150&comma; 150&comma; 0.4); border-radius: 8px; overflow: hidden; display: flex; flex-direction: column; height: 100%;'>\n<div style='padding: 15px; border-bottom: 1px solid rgba(150&comma; 150&comma; 150&comma; 0.2); font-weight: bold; font-size: 18px; color: inherit; background-color: rgba(40&comma;128&comma;185&comma;0.1);'>Caracter\u00edsticas Destacadas:<\/div>\n<div style='padding: 15px; color: inherit; flex: 1 1 auto;'>\n<ul style='padding-left: 20px; margin: 0; font-size: 14px; list-style-type: disc;'>\n<li style='margin-bottom: 5px;'>Compatibilidad con m\u00faltiples tipos de bater\u00edas<\/li>\n<li style='margin-bottom: 5px;'>Auto-consumo m\u00ednimo<\/li>\n<li style='margin-bottom: 5px;'>Compensaci\u00f3n de temperatura automatizada<\/li>\n<li style='margin-bottom: 5px;'>Protecci\u00f3n ambiental IP20<\/li>\n<li style='margin-bottom: 5px;'>Doble puerto RJ45 para comunicaci\u00f3n RS485<\/li>\n<\/ul><\/div>\n<\/p><\/div>\n<div style='margin-top: 20px; font-size: 14px; color: inherit;'> <span style='font-weight: bold;'>Nota:<\/span> Cuando se usa una bater\u00eda de litio&comma; el voltaje del sistema no se puede identificar autom\u00e1ticamente&comma; requiere programaci\u00f3n manual <\/div>\n<\/p><\/div>\n<\/p><\/div>\n<div style='margin: 40px 0;'>\n<h2 style='font-size: 24px; margin-top: 0; margin-bottom: 20px; color: inherit; opacity: 0.8; text-align: center; border-bottom: 2px solid currentColor; padding-bottom: 5px; display: inline-block;'>Configuraci\u00f3n para Bater\u00edas de Litio<\/h2>\n<div style='position: relative; padding-bottom: 56.25%; height: 0; overflow: hidden; margin-bottom: 30px;'>   <\/div>\n<div style='font-size: 14px; color: inherit; margin-bottom: 20px;'>\n<p style='margin: 5px 0;'><strong>Nota:<\/strong> La configuraci\u00f3n en software que se muestra en el video es la misma en la familia TRACER<\/p>\n<p style='margin: 5px 0;'><strong>Nota 2:<\/strong> Seleccionar resoluci\u00f3n a 1080p<\/p>\n<p style='margin: 5px 0;'><a style='color: inherit; text-decoration: none;' href='https:\/\/drive.google.com\/drive\/folders\/1Fti-yrV-GE_OwTCpek23DgdvIvQpW-xk?usp=sharing' target='_blank' rel='noopener'>Link de Descarga de Software (Descargar EPEVERSetup)<\/a><\/p>\n<p style='margin: 5px 0;'><strong>Compatibildad:<\/strong> Windows 7 y 10<\/p>\n<\/p><\/div>\n<\/p><\/div>\n<div style='margin: 40px 0;'>\n<h2 style='font-size: 24px; margin-top: 0; margin-bottom: 20px; color: inherit; opacity: 0.8; text-align: center; border-bottom: 2px solid currentColor; padding-bottom: 5px; display: inline-block;'>Alta EPEVER WiFi<\/h2>\n<div style='position: relative; padding-bottom: 56.25%; height: 0; overflow: hidden; margin-bottom: 30px;'>   <\/div>\n<div style='font-size: 14px; color: inherit;'>\n<p style='margin: 5px 0;'><strong>Nota:<\/strong> Seleccionar resoluci\u00f3n a 1080p<\/p>\n<\/p><\/div>\n<\/p><\/div>\n<\/p><\/div>\n","protected":false},"excerpt":{"rendered":"<p>Controlador Solar MPPT 100A 12\/24\/36\/48V, M\u00e1ximo Voltaje de Circuito Abierto Voc 200Vcc, Configurable para Bater\u00edas de Litio<\/p>\n","protected":false},"featured_media":38590,"comment_status":"open","ping_status":"closed","template":"","meta":[],"product_brand":[],"product_cat":[1117],"product_tag":[1118,964,1182],"class_list":{"0":"post-38591","1":"product","2":"type-product","3":"status-publish","4":"has-post-thumbnail","6":"product_cat-controladores-de-carga-mppt","7":"product_tag-controladores-de-carga-mppt","8":"product_tag-energia-solar","9":"product_tag-epever","11":"first","12":"outofstock","13":"sale","14":"shipping-taxable","15":"purchasable","16":"product-type-simple"},"_links":{"self":[{"href":"https:\/\/soydeaqui.ddns.net\/pachuca\/index.php\/wp-json\/wp\/v2\/product\/38591","targetHints":{"allow":["GET"]}}],"collection":[{"href":"https:\/\/soydeaqui.ddns.net\/pachuca\/index.php\/wp-json\/wp\/v2\/product"}],"about":[{"href":"https:\/\/soydeaqui.ddns.net\/pachuca\/index.php\/wp-json\/wp\/v2\/types\/product"}],"replies":[{"embeddable":true,"href":"https:\/\/soydeaqui.ddns.net\/pachuca\/index.php\/wp-json\/wp\/v2\/comments?post=38591"}],"wp:featuredmedia":[{"embeddable":true,"href":"https:\/\/soydeaqui.ddns.net\/pachuca\/index.php\/wp-json\/wp\/v2\/media\/38590"}],"wp:attachment":[{"href":"https:\/\/soydeaqui.ddns.net\/pachuca\/index.php\/wp-json\/wp\/v2\/media?parent=38591"}],"wp:term":[{"taxonomy":"product_brand","embeddable":true,"href":"https:\/\/soydeaqui.ddns.net\/pachuca\/index.php\/wp-json\/wp\/v2\/product_brand?post=38591"},{"taxonomy":"product_cat","embeddable":true,"href":"https:\/\/soydeaqui.ddns.net\/pachuca\/index.php\/wp-json\/wp\/v2\/product_cat?post=38591"},{"taxonomy":"product_tag","embeddable":true,"href":"https:\/\/soydeaqui.ddns.net\/pachuca\/index.php\/wp-json\/wp\/v2\/product_tag?post=38591"}],"curies":[{"name":"wp","href":"https:\/\/api.w.org\/{rel}","templated":true}]}}