{"id":3859,"date":"2026-03-18T06:12:50","date_gmt":"2026-03-18T06:12:50","guid":{"rendered":"https:\/\/soydeaqui.ddns.net\/pachuca\/index.php\/producto\/carcasa-ultra-resistente-200-cm-78-74-pulgadas-de-altura-ideal-para-sensores-fotoelctricos-instalacin-en-suelo-180-un-solo-lado\/"},"modified":"2026-03-18T06:12:51","modified_gmt":"2026-03-18T06:12:51","slug":"carcasa-ultra-resistente-200-cm-78-74-pulgadas-de-altura-ideal-para-sensores-fotoelctricos-instalacin-en-suelo-180-un-solo-lado","status":"publish","type":"product","link":"https:\/\/soydeaqui.ddns.net\/pachuca\/index.php\/producto\/carcasa-ultra-resistente-200-cm-78-74-pulgadas-de-altura-ideal-para-sensores-fotoelctricos-instalacin-en-suelo-180-un-solo-lado\/","title":{"rendered":"Carcasa Ultra Resistente \/ 200 cm (78.74 Pulgadas) de Altura \/ Ideal para Sensores Fotoel?ctricos \/ Instalaci?n en Suelo \/ 180? un Solo Lado"},"content":{"rendered":"<div style='width: 100%; max-width: 1200px; margin: 0 auto; font-family: sans-serif; line-height: 1.6; color: inherit; background-color: transparent;'> <!-- Secci\u00f3n de descripci\u00f3n --> <\/p>\n<div style='margin-bottom: 30px;'>\n<h3 style='font-size: 22px; border-bottom: 2px solid currentColor; padding-bottom: 5px; margin-top: 0; color: inherit; opacity: 0.8;'>Detalles de producto<\/h3>\n<p style='font-size: 15px; color: inherit; text-align: justify;'> El AX-TW200S es una atractiva carcasa robusta de 6&#8217;6&#8242; para las series AX y SL de haces fotoel\u00e9ctricos. El recinto del haz oculta la altura&comma; la direcci\u00f3n y la cantidad de haces encerrados y aumenta considerablemente la seguridad de su sistema. El marco de aluminio extruido y el uso de materiales acr\u00edlicos garantizan que las carcasas seguir\u00e1n siendo atractivas durante su vida \u00fatil instalada. Comience con la carcasa de haz independiente de un solo lado AX-TW200S y agregue cualquier combinaci\u00f3n de calentador&comma; fuente de alimentaci\u00f3n&comma; sabotaje y Photobeam. las versiones AX-100TFR&comma; AX-200TFR&comma; SL-350QFR para crear un per\u00edmetro alimentado por bater\u00eda completamente seguro sin zanjas. <\/p>\n<\/p><\/div>\n<p> <!-- Secci\u00f3n de aplicaciones --> <\/p>\n<div style='margin-bottom: 30px;'>\n<h3 style='font-size: 22px; border-bottom: 2px solid currentColor; padding-bottom: 5px; margin-top: 0; color: inherit; opacity: 0.8;'>Aplicaciones<\/h3>\n<ul style='padding-left: 20px; font-size: 15px; color: inherit; list-style-type: disc;'>\n<li style='margin-bottom: 5px; text-align: justify;'>Edificios<\/li>\n<li style='margin-bottom: 5px; text-align: justify;'>Per\u00edmetros abiertos<\/li>\n<li style='margin-bottom: 5px; text-align: justify;'>Residenciales<\/li>\n<\/ul><\/div>\n<p> <!-- Secci\u00f3n de caracter\u00edsticas clave --> <\/p>\n<div style='margin-bottom: 30px;'>\n<h3 style='font-size: 22px; border-bottom: 2px solid currentColor; padding-bottom: 5px; margin-top: 0; color: inherit; opacity: 0.8;'>Caracter\u00edsticas clave<\/h3>\n<ul style='padding-left: 20px; font-size: 15px; color: inherit; list-style-type: disc;'>\n<li style='margin-bottom: 5px; text-align: justify;'>6&#8242; 6&#8242; Recinto de haz fotoel\u00e9ctrico independiente de 180 grados de un solo lado<\/li>\n<li style='margin-bottom: 5px; text-align: justify;'>Kit de fijaci\u00f3n completo y antimanipulaci\u00f3n suministrado<\/li>\n<li style='margin-bottom: 5px; text-align: justify;'>Adecuado para modelos cableados&comma; IP e inal\u00e1mbricos<\/li>\n<li style='margin-bottom: 5px; text-align: justify;'>Admite la versi\u00f3n AX-100TFR&comma; AX-200TFR&comma; SL-350QFR<\/li>\n<\/ul><\/div>\n<p> <!-- Eliminar estructura Bootstrap residual --> <!-- Se preserva solo el contenido&comma; se elimina la estructura de columnas vac\u00edas --> <\/div>\n","protected":false},"excerpt":{"rendered":"<p>Carcasa Ultra Resistente \/ 200 cm (78.74 Pulgadas) de Altura \/ Ideal para Sensores Fotoel?ctricos \/ Instalaci?n en Suelo \/ 180? un Solo Lado<\/p>\n","protected":false},"featured_media":3858,"comment_status":"open","ping_status":"closed","template":"","meta":[],"product_brand":[],"product_cat":[199],"product_tag":[201,200,106],"class_list":{"0":"post-3859","1":"product","2":"type-product","3":"status-publish","4":"has-post-thumbnail","6":"product_cat-carcasas","7":"product_tag-carcasas","8":"product_tag-gabinetes-y-carcasas","9":"product_tag-optex","11":"first","12":"outofstock","13":"sale","14":"shipping-taxable","15":"purchasable","16":"product-type-simple"},"_links":{"self":[{"href":"https:\/\/soydeaqui.ddns.net\/pachuca\/index.php\/wp-json\/wp\/v2\/product\/3859","targetHints":{"allow":["GET"]}}],"collection":[{"href":"https:\/\/soydeaqui.ddns.net\/pachuca\/index.php\/wp-json\/wp\/v2\/product"}],"about":[{"href":"https:\/\/soydeaqui.ddns.net\/pachuca\/index.php\/wp-json\/wp\/v2\/types\/product"}],"replies":[{"embeddable":true,"href":"https:\/\/soydeaqui.ddns.net\/pachuca\/index.php\/wp-json\/wp\/v2\/comments?post=3859"}],"wp:featuredmedia":[{"embeddable":true,"href":"https:\/\/soydeaqui.ddns.net\/pachuca\/index.php\/wp-json\/wp\/v2\/media\/3858"}],"wp:attachment":[{"href":"https:\/\/soydeaqui.ddns.net\/pachuca\/index.php\/wp-json\/wp\/v2\/media?parent=3859"}],"wp:term":[{"taxonomy":"product_brand","embeddable":true,"href":"https:\/\/soydeaqui.ddns.net\/pachuca\/index.php\/wp-json\/wp\/v2\/product_brand?post=3859"},{"taxonomy":"product_cat","embeddable":true,"href":"https:\/\/soydeaqui.ddns.net\/pachuca\/index.php\/wp-json\/wp\/v2\/product_cat?post=3859"},{"taxonomy":"product_tag","embeddable":true,"href":"https:\/\/soydeaqui.ddns.net\/pachuca\/index.php\/wp-json\/wp\/v2\/product_tag?post=3859"}],"curies":[{"name":"wp","href":"https:\/\/api.w.org\/{rel}","templated":true}]}}