{"id":38582,"date":"2026-03-18T17:00:09","date_gmt":"2026-03-18T17:00:09","guid":{"rendered":"https:\/\/soydeaqui.ddns.net\/pachuca\/index.php\/producto\/luminario-sumergible-rgb-18w-2340-lm-ip68-o290mm-x-62mm-uso-exterior-transformador-jpy-50\/"},"modified":"2026-03-18T17:00:21","modified_gmt":"2026-03-18T17:00:21","slug":"luminario-sumergible-rgb-18w-2340-lm-ip68-o290mm-x-62mm-uso-exterior-transformador-jpy-50","status":"publish","type":"product","link":"https:\/\/soydeaqui.ddns.net\/pachuca\/index.php\/producto\/luminario-sumergible-rgb-18w-2340-lm-ip68-o290mm-x-62mm-uso-exterior-transformador-jpy-50\/","title":{"rendered":"Luminario Sumergible RGB \/ 18W \/ 2340 lm \/ IP68 \/ \u00d8290mm x 62mm \/ Uso Exterior \/ Transformador JPY-50"},"content":{"rendered":"<div style='width: 100%; max-width: 1200px; margin: 0 auto; font-family: sans-serif; line-height: 1.6; color: inherit; background-color: transparent;'>\n<div style='display: flex; flex-wrap: wrap; gap: 30px; margin-bottom: 30px;'>\n<div style='flex: 1 1 300px; min-width: 280px;'>\n<h3 style='font-size: 22px; border-bottom: 2px solid currentColor; padding-bottom: 5px; margin-top: 0; color: inherit; opacity: 0.8;'>Caracter\u00edsticas Principales<\/h3>\n<ul style='padding-left: 20px; font-size: 15px; color: inherit;'>\n<li style='margin-bottom: 5px;'>Potencia de 18W&comma; proporcionando un flujo luminoso de 2340 l\u00famenes.<\/li>\n<li style='margin-bottom: 5px;'>Vida \u00fatil prolongada de hasta 50 000 horas garantizando durabilidad y bajo costo de mantenimiento.<\/li>\n<li style='margin-bottom: 5px;'>Ajuste RGB que permite una amplia gama de colores para diferentes ambientaciones.<\/li>\n<li style='margin-bottom: 5px;'><strong>Transformador JPY-50<\/strong> para una instalaci\u00f3n el\u00e9ctrica segura y eficiente.<\/li>\n<\/ul>\n<\/div>\n<\/div>\n<\/div>\n<div style='display: flex; flex-wrap: wrap; gap: 20px; margin-bottom: 30px;'>\n<div style='flex: 1 1 250px; border: 1px solid rgba(150&comma; 150&comma; 150&comma; 0.4); border-radius: 8px; overflow: hidden; display: flex; flex-direction: column;'>\n<div style='padding: 15px; border-bottom: 1px solid rgba(150&comma; 150&comma; 150&comma; 0.2); font-weight: bold; font-size: 18px; color: inherit;'>Especificaciones<\/div>\n<div style='padding: 15px; color: inherit;'>\n<ul style='padding-left: 20px; margin: 0; font-size: 14px; list-style-type: disc;'>\n<li style='margin-bottom: 5px;'>Modelo: JLSA-18RGB<\/li>\n<li style='margin-bottom: 5px;'>Dimensiones: \u00d8290mm x 62mm<\/li>\n<li style='margin-bottom: 5px;'>Corriente el\u00e9ctrica: 1.70 A a 24V~<\/li>\n<li style='margin-bottom: 5px;'>No dimmeable&comma; asegurando una iluminaci\u00f3n estable y constante.<\/li>\n<li style='margin-bottom: 5px;'>Libre de mercurio&comma; contribuyendo a un entorno m\u00e1s ecol\u00f3gico.<\/li>\n<li style='margin-bottom: 5px; border: 0; overflow-wrap: break-word; color: inherit;'>\u00cdndice de Protecci\u00f3n: IP68<\/li>\n<li style='margin-bottom: 5px; border: 0; overflow-wrap: break-word; color: inherit;'>Vida \u00datil: 50&comma;000 h<\/li>\n<\/ul>\n<\/div>\n<\/div>\n<div style='flex: 1 1 250px; border: 1px solid rgba(150&comma; 150&comma; 150&comma; 0.4); border-radius: 8px; overflow: hidden; display: flex; flex-direction: column;'>\n<div style='padding: 15px; border-bottom: 1px solid rgba(150&comma; 150&comma; 150&comma; 0.2); font-weight: bold; font-size: 18px; color: inherit;'>Interfaces y Conectividad<\/div>\n<div style='padding: 15px; color: inherit;'>\n<ul style='padding-left: 20px; margin: 0; font-size: 14px; list-style-type: disc;'>\n<li style='margin-bottom: 5px;'>Protecci\u00f3n \u00edndice IP68&comma; ideal para entornos h\u00famedos y sumergidos.<\/li>\n<li style='margin-bottom: 5px;'>Transformador compatible: <strong style='color: inherit;'>JPY-50<\/strong> \/ JLS-ACCON-01<\/li>\n<li style='margin-bottom: 5px; color: inherit;'><strong style='color: inherit;'>*El transformador no debe tener contacto con el agua&comma; si llega a colocar en contacto con el agua pierde toda garant\u00eda de autom\u00e1tico.<\/strong><\/li>\n<li style='margin-bottom: 5px; color: inherit;'><strong style='color: inherit;'>Los transformadores JPY-20&comma; JPY-50 y el control remoto JLSACC-01 se venden por separado.<\/strong><\/li>\n<\/ul>\n<\/div>\n<\/div>\n<\/div>\n<\/div>\n<div style='display: flex; flex-wrap: wrap; gap: 30px; margin-bottom: 30px;'>\n<div style='flex: 1 1 300px; min-width: 280px;'>\n<h3 style='font-size: 22px; border-bottom: 2px solid currentColor; padding-bottom: 5px; margin-top: 0; color: inherit; opacity: 0.8;'>Aplicaciones y Casos de Uso<\/h3>\n<div style='display: grid; grid-template-columns: repeat(auto-fit&comma; minmax(250px&comma; 1fr)); gap: 20px; margin-top: 15px;'>\n<div style='border: 1px solid rgba(150&comma; 150&comma; 150&comma; 0.4); border-radius: 8px; padding: 15px; background-color: rgba(255&comma; 255&comma; 255&comma; 0.02); color: inherit;'>\n<p style='margin: 0; color: inherit;'>Iluminaci\u00f3n de instalaciones acu\u00e1ticas p\u00fablicas como fuentes&comma; estanques y piscinas&comma; garantizando un ambiente seguro gracias a su certificaci\u00f3n IP68.<\/p>\n<\/div>\n<div style='border: 1px solid rgba(150&comma; 150&comma; 150&comma; 0.4); border-radius: 8px; padding: 15px; background-color: rgba(255&comma; 255&comma; 255&comma; 0.02); color: inherit;'>\n<p style='margin: 0; color: inherit;'>Proyectos paisaj\u00edsticos exteriores que requieren iluminaci\u00f3n subacu\u00e1tica y versatilidad en dise\u00f1o lum\u00ednico RGB.<\/p>\n<\/div>\n<div style='border: 1px solid rgba(150&comma; 150&comma; 150&comma; 0.4); border-radius: 8px; padding: 15px; background-color: rgba(255&comma; 255&comma; 255&comma; 0.02); color: inherit;'>\n<p style='margin: 0; color: inherit;'>Uso comercial en hoteles y parques tem\u00e1ticos donde la luz multicolor a\u00f1ade valor est\u00e9tico y funcional.<\/p>\n<\/div>\n<\/div>\n<\/div>\n<\/div>\n<\/div>\n<hr style='border: 0; border-top: 1px solid rgba(150&comma; 150&comma; 150&comma; 0.3); margin: 30px 0;'><\/div>\n","protected":false},"excerpt":{"rendered":"<p>Luminario Sumergible RGB \/ 18W \/ 2340 lm \/ IP68 \/ \u00d8290mm x 62mm \/ Uso Exterior \/ Transformador JPY-50<\/p>\n","protected":false},"featured_media":38581,"comment_status":"open","ping_status":"closed","template":"","meta":[],"product_brand":[],"product_cat":[1198],"product_tag":[1167,1169,1199],"class_list":{"0":"post-38582","1":"product","2":"type-product","3":"status-publish","4":"has-post-thumbnail","6":"product_cat-uso-exterior","7":"product_tag-iluminacion","8":"product_tag-jwj","9":"product_tag-uso-exterior","11":"first","12":"instock","13":"sale","14":"shipping-taxable","15":"purchasable","16":"product-type-simple"},"_links":{"self":[{"href":"https:\/\/soydeaqui.ddns.net\/pachuca\/index.php\/wp-json\/wp\/v2\/product\/38582","targetHints":{"allow":["GET"]}}],"collection":[{"href":"https:\/\/soydeaqui.ddns.net\/pachuca\/index.php\/wp-json\/wp\/v2\/product"}],"about":[{"href":"https:\/\/soydeaqui.ddns.net\/pachuca\/index.php\/wp-json\/wp\/v2\/types\/product"}],"replies":[{"embeddable":true,"href":"https:\/\/soydeaqui.ddns.net\/pachuca\/index.php\/wp-json\/wp\/v2\/comments?post=38582"}],"wp:featuredmedia":[{"embeddable":true,"href":"https:\/\/soydeaqui.ddns.net\/pachuca\/index.php\/wp-json\/wp\/v2\/media\/38581"}],"wp:attachment":[{"href":"https:\/\/soydeaqui.ddns.net\/pachuca\/index.php\/wp-json\/wp\/v2\/media?parent=38582"}],"wp:term":[{"taxonomy":"product_brand","embeddable":true,"href":"https:\/\/soydeaqui.ddns.net\/pachuca\/index.php\/wp-json\/wp\/v2\/product_brand?post=38582"},{"taxonomy":"product_cat","embeddable":true,"href":"https:\/\/soydeaqui.ddns.net\/pachuca\/index.php\/wp-json\/wp\/v2\/product_cat?post=38582"},{"taxonomy":"product_tag","embeddable":true,"href":"https:\/\/soydeaqui.ddns.net\/pachuca\/index.php\/wp-json\/wp\/v2\/product_tag?post=38582"}],"curies":[{"name":"wp","href":"https:\/\/api.w.org\/{rel}","templated":true}]}}