{"id":38579,"date":"2026-03-18T17:00:05","date_gmt":"2026-03-18T17:00:05","guid":{"rendered":"https:\/\/soydeaqui.ddns.net\/pachuca\/index.php\/producto\/modulo-solar-340-w-24-vcc-monocristalino-perc-68-celdas-grado-a\/"},"modified":"2026-03-18T17:00:06","modified_gmt":"2026-03-18T17:00:06","slug":"modulo-solar-340-w-24-vcc-monocristalino-perc-68-celdas-grado-a","status":"publish","type":"product","link":"https:\/\/soydeaqui.ddns.net\/pachuca\/index.php\/producto\/modulo-solar-340-w-24-vcc-monocristalino-perc-68-celdas-grado-a\/","title":{"rendered":"Modulo Solar, 340 W, 24 Vcc, Monocristalino PERC, 68 Celdas grado A"},"content":{"rendered":"<div style='width: 100%; max-width: 1200px; margin: 0 auto; font-family: sans-serif; line-height: 1.6; color: inherit; background-color: transparent;'> <!-- Secci\u00f3n de caracter\u00edsticas --> <\/p>\n<div style='display: flex; flex-wrap: wrap; gap: 30px; margin-bottom: 30px;'>\n<div style='flex: 1 1 300px; min-width: 280px;'>\n<h3 style='font-size: 22px; border-bottom: 2px solid currentColor; padding-bottom: 5px; margin-top: 0; color: inherit; opacity: 0.8;'>M\u00f3dulos ALEBRIJE Nueva Tecnolog\u00eda<\/h3>\n<p style='font-size: 15px; color: inherit; margin-bottom: 15px;'>Encapsuladas en EVA transparente y vidrio templado de 3.2 mm. La parte posterior del m\u00f3dulo est\u00e1 protegida con una hoja de TEDLAR resistente a los rayos UV. Los laminados est\u00e1n montados en un marco de aluminio anodizado&comma; asegurando una m\u00e1xima protecci\u00f3n.<\/p>\n<h4 style='font-size: 18px; margin-top: 20px; margin-bottom: 10px; color: inherit; opacity: 0.8;'>Aplicaciones:<\/h4>\n<ul style='padding-left: 20px; font-size: 15px; color: inherit;'>\n<li style='margin-bottom: 5px;'>Estaciones repetidoras de radiocomunicaci\u00f3n<\/li>\n<li style='margin-bottom: 5px;'>Electrificaci\u00f3n en zonas rurales<\/li>\n<li style='margin-bottom: 5px;'>Sistemas de comunicaci\u00f3n en emergencias<\/li>\n<li style='margin-bottom: 5px;'>Alimentaci\u00f3n de equipos m\u00e9dicos en zonas rurales<\/li>\n<li style='margin-bottom: 5px;'>Sistemas de bombeo de agua<\/li>\n<li style='margin-bottom: 5px;'>Luces de obstrucci\u00f3n para tr\u00e1fico a\u00e9reo<\/li>\n<li style='margin-bottom: 5px;'>Sistemas de protecci\u00f3n cat\u00f3dica<\/li>\n<li style='margin-bottom: 5px;'>Se\u00f1alizaci\u00f3n de v\u00edas ferroviarias<\/li>\n<\/ul><\/div>\n<\/p><\/div>\n<p> <!-- Secci\u00f3n de garant\u00eda --> <\/p>\n<div style='display: flex; flex-wrap: wrap; gap: 30px; margin-bottom: 30px;'>\n<div style='flex: 1 1 300px; min-width: 280px;'>\n<h3 style='font-size: 22px; border-bottom: 2px solid currentColor; padding-bottom: 5px; margin-top: 0; color: inherit; opacity: 0.8;'>Garant\u00eda<\/h3>\n<p style='font-size: 15px; color: inherit; margin-bottom: 15px;'>Contra defectos de fabricaci\u00f3n y 40 a\u00f1os de vida \u00fatil.<\/p>\n<\/p><\/div>\n<\/p><\/div>\n<p> <!-- Secci\u00f3n de mantenimiento --> <\/p>\n<div style='display: flex; flex-wrap: wrap; gap: 30px; margin-bottom: 30px;'>\n<div style='flex: 1 1 300px; min-width: 280px;'>\n<h3 style='font-size: 22px; border-bottom: 2px solid currentColor; padding-bottom: 5px; margin-top: 0; color: inherit; opacity: 0.8;'>Mantenimiento<\/h3>\n<p style='font-size: 15px; color: inherit; margin-bottom: 15px;'>Los paneles solares son equipos de muy bajo o nulo mantenimiento. No se recomienda destapar la caja de diodos estos se encuentran sellados; si es estrictamente necesario hacerlo&comma; siga los siguientes pasos:<\/p>\n<p style='font-size: 15px; color: inherit; margin-bottom: 15px;'>Con un desarmador de paleta de punta fina&comma; saque en sentido contrario la punta de los broches pl\u00e1sticos y con cuidado retire la tapa de arriba hacia abajo como se muestra en el video.<\/p>\n<div style='position: relative; padding-bottom: 56.25%; height: 0; overflow: hidden; margin-bottom: 30px;'>   <\/div>\n<\/p><\/div>\n<\/p><\/div>\n<p> <!-- Secci\u00f3n de especificaciones t\u00e9cnicas --> <\/p>\n<div style='display: flex; flex-wrap: wrap; gap: 30px; margin-bottom: 30px;'>\n<div style='flex: 1 1 300px; min-width: 280px;'>\n<h3 style='font-size: 22px; border-bottom: 2px solid currentColor; padding-bottom: 5px; margin-top: 0; color: inherit; opacity: 0.8;'>Especificaciones T\u00e9cnicas<\/h3>\n<ul style='padding-left: 20px; font-size: 15px; color: inherit;'>\n<li style='margin-bottom: 5px;'><strong>Potencia m\u00e1xima:<\/strong> 340 W (\u00b13%)<\/li>\n<li style='margin-bottom: 5px;'><strong>Voltaje:<\/strong> 38.7 V (\u00b13%)<\/li>\n<li style='margin-bottom: 5px;'><strong>Amperaje:<\/strong> 8.8 A (\u00b13%)<\/li>\n<li style='margin-bottom: 5px;'><strong>Voltaje a circuito abierto (Voc):<\/strong> 45.2 V (\u00b13%)<\/li>\n<li style='margin-bottom: 5px;'><strong>Corriente a corto circuito (Isc):<\/strong> 9.27 A (\u00b13%)<\/li>\n<li style='margin-bottom: 5px;'><strong>Dimensiones:<\/strong> 1856 x 880 x 30 mm<\/li>\n<li style='margin-bottom: 5px;'><strong>Peso:<\/strong> 17.15 kg<\/li>\n<li style='margin-bottom: 5px;'><strong>Temperatura ambiente:<\/strong> -40 a 85 \u00baC<\/li>\n<li style='margin-bottom: 5px;'><strong>M\u00e1ximo voltaje del sistema:<\/strong> 1000 V<\/li>\n<\/ul>\n<p style='font-size: 15px; color: inherit; margin-top: 20px;'>Nota: Las especificaciones el\u00e9ctricas se indican bajo una irradiancia de 1000 W\/m\u00b2 y temperatura de 25 \u00baC.<\/p>\n<\/p><\/div>\n<\/p><\/div>\n<p> <!-- Secci\u00f3n de recomendaciones de garant\u00eda --> <\/p>\n<div style='display: flex; flex-wrap: wrap; gap: 30px; margin-bottom: 30px;'>\n<div style='flex: 1 1 300px; min-width: 280px;'>\n<h3 style='font-size: 22px; border-bottom: 2px solid currentColor; padding-bottom: 5px; margin-top: 0; color: inherit; opacity: 0.8;'>Recomendaciones y comentarios de garant\u00eda<\/h3>\n<ul style='padding-left: 20px; font-size: 15px; color: inherit;'>\n<li style='margin-bottom: 5px;'>Cualquier reclamo de este producto debe hacerse dentro del periodo de garant\u00eda con la factura del mismo.<\/li>\n<li style='margin-bottom: 5px;'>El n\u00famero de serie del equipo debe ser visible&comma; al igual que la etiqueta posterior.<\/li>\n<li style='margin-bottom: 5px;'>Si al m\u00f3dulo se le cortan los conectores MC-4 el m\u00f3dulo pierde su garant\u00eda instant\u00e1neamente.<\/li>\n<li style='margin-bottom: 5px;'>No instale cuando alg\u00fan objeto en alg\u00fan punto del d\u00eda le genere sombra&comma; se considera como una mala instalaci\u00f3n y puede ser motivo de p\u00e9rdida de garant\u00eda.<\/li>\n<li style='margin-bottom: 5px;'>No mezcle los m\u00f3dulos de diferentes potencias en el mismo controlador o inversor&comma; se considera como una mala instalaci\u00f3n y puede ser motivo de p\u00e9rdida de garant\u00eda.<\/li>\n<li style='margin-bottom: 5px;'>Se recomienda que utilice la pinza ponchadora <a href='https:\/\/www.syscom.mx\/producto\/EP-MC4-EPCOM-POWERLINE-160268.html' style='color: inherit; text-decoration: underline;'>EP-MC4<\/a> cuando pliegue los conectores EPL01 al cable que usar\u00e1 para conectar su m\u00f3dulo al inversor o controlador.<\/li>\n<\/ul><\/div>\n<\/p><\/div>\n<p> <!-- Secci\u00f3n de comentario de instalaci\u00f3n --> <\/p>\n<div style='display: flex; flex-wrap: wrap; gap: 30px; margin-bottom: 30px;'>\n<div style='flex: 1 1 300px; min-width: 280px;'>\n<h3 style='font-size: 22px; border-bottom: 2px solid currentColor; padding-bottom: 5px; margin-top: 0; color: inherit; opacity: 0.8;'>Comentario de instalaci\u00f3n<\/h3>\n<p style='font-size: 15px; color: inherit; margin-bottom: 15px;'>Para evitar da\u00f1os en la conexi\u00f3n del cable del m\u00f3dulo&comma; debe poner chinchos (cobatas pl\u00e1sticas) en el cable al momento de instalarlo para que estos no queden sueltos&comma; el peso del cable&comma; el viento&comma; puede da\u00f1ar la caja de diodos.<\/p>\n<\/p><\/div>\n<\/p><\/div>\n<p> <!-- Separador final --> <\/p>\n<hr style='border: 0; border-top: 1px solid rgba(150&comma; 150&comma; 150&comma; 0.3); margin: 30px 0;'> <\/div>\n","protected":false},"excerpt":{"rendered":"<p>Modulo Solar, 340 W, 24 Vcc, Monocristalino PERC, 68 Celdas grado A<\/p>\n","protected":false},"featured_media":38578,"comment_status":"open","ping_status":"closed","template":"","meta":[],"product_brand":[],"product_cat":[1152],"product_tag":[964,454,1153],"class_list":{"0":"post-38579","1":"product","2":"type-product","3":"status-publish","4":"has-post-thumbnail","6":"product_cat-modulos-solares","7":"product_tag-energia-solar","8":"product_tag-epcom-powerline","9":"product_tag-modulos-solares","11":"first","12":"instock","13":"sale","14":"shipping-taxable","15":"purchasable","16":"product-type-simple"},"_links":{"self":[{"href":"https:\/\/soydeaqui.ddns.net\/pachuca\/index.php\/wp-json\/wp\/v2\/product\/38579","targetHints":{"allow":["GET"]}}],"collection":[{"href":"https:\/\/soydeaqui.ddns.net\/pachuca\/index.php\/wp-json\/wp\/v2\/product"}],"about":[{"href":"https:\/\/soydeaqui.ddns.net\/pachuca\/index.php\/wp-json\/wp\/v2\/types\/product"}],"replies":[{"embeddable":true,"href":"https:\/\/soydeaqui.ddns.net\/pachuca\/index.php\/wp-json\/wp\/v2\/comments?post=38579"}],"wp:featuredmedia":[{"embeddable":true,"href":"https:\/\/soydeaqui.ddns.net\/pachuca\/index.php\/wp-json\/wp\/v2\/media\/38578"}],"wp:attachment":[{"href":"https:\/\/soydeaqui.ddns.net\/pachuca\/index.php\/wp-json\/wp\/v2\/media?parent=38579"}],"wp:term":[{"taxonomy":"product_brand","embeddable":true,"href":"https:\/\/soydeaqui.ddns.net\/pachuca\/index.php\/wp-json\/wp\/v2\/product_brand?post=38579"},{"taxonomy":"product_cat","embeddable":true,"href":"https:\/\/soydeaqui.ddns.net\/pachuca\/index.php\/wp-json\/wp\/v2\/product_cat?post=38579"},{"taxonomy":"product_tag","embeddable":true,"href":"https:\/\/soydeaqui.ddns.net\/pachuca\/index.php\/wp-json\/wp\/v2\/product_tag?post=38579"}],"curies":[{"name":"wp","href":"https:\/\/api.w.org\/{rel}","templated":true}]}}