{"id":3857,"date":"2026-03-18T06:12:49","date_gmt":"2026-03-18T06:12:49","guid":{"rendered":"https:\/\/soydeaqui.ddns.net\/pachuca\/index.php\/producto\/carcasa-ultra-resistente-100-cm-39-37-pulgadas-de-altura-ideal-para-sensores-fotoelctricos-instalacin-en-suelo-180-un-solo-lado\/"},"modified":"2026-03-18T06:12:50","modified_gmt":"2026-03-18T06:12:50","slug":"carcasa-ultra-resistente-100-cm-39-37-pulgadas-de-altura-ideal-para-sensores-fotoelctricos-instalacin-en-suelo-180-un-solo-lado","status":"publish","type":"product","link":"https:\/\/soydeaqui.ddns.net\/pachuca\/index.php\/producto\/carcasa-ultra-resistente-100-cm-39-37-pulgadas-de-altura-ideal-para-sensores-fotoelctricos-instalacin-en-suelo-180-un-solo-lado\/","title":{"rendered":"Carcasa Ultra Resistente \/ 100 cm (39.37 Pulgadas) de Altura \/ Ideal para Sensores Fotoel?ctricos \/ Instalaci?n en Suelo \/ 180? un Solo Lado"},"content":{"rendered":"<div style='width: 100%; max-width: 1200px; margin: 0 auto; font-family: sans-serif; line-height: 1.6; color: inherit; background-color: transparent;'>\n<div style='display: flex; flex-wrap: wrap; gap: 30px; margin-bottom: 30px;'>\n<div style='flex: 1 1 300px; min-width: 280px;'>\n<h3 style='font-size: 22px; border-bottom: 2px solid currentColor; padding-bottom: 5px; margin-top: 0; color: inherit; opacity: 0.8;'>Detalles del producto<\/h3>\n<p style='font-size: 15px; color: inherit; text-align: justify;'>El AX-TW100S es una carcasa robusta y atractiva para la serie AX de haces fotoel\u00e9ctricos. El gabinete de viga independiente de un solo lado es una versi\u00f3n de tama\u00f1o mediano del gabinete de viga AX-TW200S y es una excelente manera de proteger y ocultar vigas mientras aumenta la seguridad de su sistema. El marco de aluminio extruido y el uso de materiales acr\u00edlicos aseguran que los gabinetes permanezcan atractivos durante toda su vida \u00fatil instalada. El recinto de vigas AX-TW100S se adaptar\u00e1 a las versiones AX-100TFR&comma; AX-200TFR&comma; SL-350QFR e iSeries para crear un per\u00edmetro alimentado por bater\u00eda completamente seguro sin zanjas.<\/p>\n<\/p><\/div>\n<\/p><\/div>\n<div style='display: flex; flex-wrap: wrap; gap: 30px; margin-bottom: 30px;'>\n<div style='flex: 1 1 300px; min-width: 280px;'>\n<h3 style='font-size: 22px; border-bottom: 2px solid currentColor; padding-bottom: 5px; margin-top: 0; color: inherit; opacity: 0.8;'>Aplicaciones<\/h3>\n<ul style='padding-left: 20px; font-size: 15px; color: inherit;'>\n<li style='margin-bottom: 5px; text-align: justify;'>Edificios<\/li>\n<li style='margin-bottom: 5px; text-align: justify;'>Per\u00edmetros abiertos<\/li>\n<li style='margin-bottom: 5px; text-align: justify;'>Residenciales<\/li>\n<\/ul><\/div>\n<div style='flex: 1 1 300px; min-width: 280px;'>\n<h3 style='font-size: 22px; border-bottom: 2px solid currentColor; padding-bottom: 5px; margin-top: 0; color: inherit; opacity: 0.8;'>Caracter\u00edsticas clave<\/h3>\n<ul style='padding-left: 20px; font-size: 15px; color: inherit;'>\n<li style='margin-bottom: 5px; text-align: justify;'>6&#8242; 6&#8242; Recinto de haz fotoel\u00e9ctrico independiente de 180 grados de un solo lado<\/li>\n<li style='margin-bottom: 5px; text-align: justify;'>Kit de fijaci\u00f3n completo y antimanipulaci\u00f3n suministrado<\/li>\n<li style='margin-bottom: 5px; text-align: justify;'>Adecuado para modelos cableados&comma; IP e inal\u00e1mbricos<\/li>\n<li style='margin-bottom: 5px; text-align: justify;'>Admite la versi\u00f3n AX-100TFR&comma; AX-200TFR&comma; SL-350QFR<\/li>\n<\/ul><\/div>\n<\/p><\/div>\n<\/p><\/div>\n","protected":false},"excerpt":{"rendered":"<p>Carcasa Ultra Resistente \/ 100 cm (39.37 Pulgadas) de Altura \/ Ideal para Sensores Fotoel?ctricos \/ Instalaci?n en Suelo \/ 180? un Solo Lado<\/p>\n","protected":false},"featured_media":3856,"comment_status":"open","ping_status":"closed","template":"","meta":[],"product_brand":[],"product_cat":[199],"product_tag":[201,200,106],"class_list":{"0":"post-3857","1":"product","2":"type-product","3":"status-publish","4":"has-post-thumbnail","6":"product_cat-carcasas","7":"product_tag-carcasas","8":"product_tag-gabinetes-y-carcasas","9":"product_tag-optex","11":"first","12":"outofstock","13":"sale","14":"shipping-taxable","15":"purchasable","16":"product-type-simple"},"_links":{"self":[{"href":"https:\/\/soydeaqui.ddns.net\/pachuca\/index.php\/wp-json\/wp\/v2\/product\/3857","targetHints":{"allow":["GET"]}}],"collection":[{"href":"https:\/\/soydeaqui.ddns.net\/pachuca\/index.php\/wp-json\/wp\/v2\/product"}],"about":[{"href":"https:\/\/soydeaqui.ddns.net\/pachuca\/index.php\/wp-json\/wp\/v2\/types\/product"}],"replies":[{"embeddable":true,"href":"https:\/\/soydeaqui.ddns.net\/pachuca\/index.php\/wp-json\/wp\/v2\/comments?post=3857"}],"wp:featuredmedia":[{"embeddable":true,"href":"https:\/\/soydeaqui.ddns.net\/pachuca\/index.php\/wp-json\/wp\/v2\/media\/3856"}],"wp:attachment":[{"href":"https:\/\/soydeaqui.ddns.net\/pachuca\/index.php\/wp-json\/wp\/v2\/media?parent=3857"}],"wp:term":[{"taxonomy":"product_brand","embeddable":true,"href":"https:\/\/soydeaqui.ddns.net\/pachuca\/index.php\/wp-json\/wp\/v2\/product_brand?post=3857"},{"taxonomy":"product_cat","embeddable":true,"href":"https:\/\/soydeaqui.ddns.net\/pachuca\/index.php\/wp-json\/wp\/v2\/product_cat?post=3857"},{"taxonomy":"product_tag","embeddable":true,"href":"https:\/\/soydeaqui.ddns.net\/pachuca\/index.php\/wp-json\/wp\/v2\/product_tag?post=3857"}],"curies":[{"name":"wp","href":"https:\/\/api.w.org\/{rel}","templated":true}]}}