{"id":38555,"date":"2026-03-18T16:59:33","date_gmt":"2026-03-18T16:59:33","guid":{"rendered":"https:\/\/soydeaqui.ddns.net\/pachuca\/index.php\/producto\/luminario-sumergible-luz-blanca-6500-k-18w-2340-lm-ip68-o290mm-x-62mm-no-dimeable-uso-exterior\/"},"modified":"2026-03-18T16:59:41","modified_gmt":"2026-03-18T16:59:41","slug":"luminario-sumergible-luz-blanca-6500-k-18w-2340-lm-ip68-o290mm-x-62mm-no-dimeable-uso-exterior","status":"publish","type":"product","link":"https:\/\/soydeaqui.ddns.net\/pachuca\/index.php\/producto\/luminario-sumergible-luz-blanca-6500-k-18w-2340-lm-ip68-o290mm-x-62mm-no-dimeable-uso-exterior\/","title":{"rendered":"Luminario Sumergible \/Luz Blanca 6500 K \/ 18W \/ 2340 lm \/ IP68 \/ \u00d8290mm x 62mm \/ No Dimeable \/ Uso Exterior."},"content":{"rendered":"<div style='width: 100%; max-width: 1200px; margin: 0 auto; font-family: sans-serif; line-height: 1.6; color: inherit; background-color: transparent;'> <!-- Secci\u00f3n de overview --> <\/p>\n<div style='margin-bottom: 30px;'>\n<p style='font-size: 18px; line-height: 1.6; margin: 0; color: inherit;'> El Luminario Sumergible JLSA-18A ofrece una soluci\u00f3n de iluminaci\u00f3n externa con tecnolog\u00eda avanzada&comma; asegurando un excepcional flujo luminoso de 2340 l\u00famenes. Dise\u00f1ado para condiciones exigentes&comma; el producto cuenta con un \u00edndice de protecci\u00f3n IP68&comma; garantizando su submersibilidad y durabilidad bajo agua. <\/p>\n<\/p><\/div>\n<p> <!-- Secci\u00f3n de caracter\u00edsticas principales --> <\/p>\n<div style='margin-bottom: 30px;'>\n<h2 style='font-size: 24px; font-weight: 600; margin-bottom: 15px; color: inherit; opacity: 0.9;'>Caracter\u00edsticas Principales<\/h2>\n<div style='display: flex; flex-wrap: wrap; gap: 20px;'>\n<div style='flex: 1 1 300px; min-width: 280px; border: 1px solid rgba(150&comma; 150&comma; 150&comma; 0.4); border-radius: 8px; overflow: hidden;'>\n<div style='padding: 15px; border-bottom: 1px solid rgba(150&comma; 150&comma; 150&comma; 0.2); font-weight: bold; font-size: 18px; color: inherit;'>Caracter\u00edsticas<\/div>\n<div style='padding: 15px; color: inherit;'>\n<ul style='padding-left: 20px; margin: 0; font-size: 14px; list-style-type: disc; color: inherit;'>\n<li style='margin-bottom: 5px;'>Luminario no dimeable con uso sumergible.<\/li>\n<li style='margin-bottom: 5px;'>Luz fr\u00eda blanca a 6500K.<\/li>\n<li style='margin-bottom: 5px;'>Temperatura de trabajo TA -5 \u00b0C TC 50 \u00b0C<\/li>\n<li style='margin-bottom: 5px;'>\u00c1ngulo de luz 120 \u00b0<\/li>\n<li style='margin-bottom: 5px;'>Transformador espec\u00edfico para instalaci\u00f3n.<\/li>\n<li style='margin-bottom: 5px;'>Dise\u00f1o robusto para instalaci\u00f3n exterior sobreelevada.<\/li>\n<\/ul><\/div>\n<\/p><\/div>\n<\/p><\/div>\n<\/p><\/div>\n<p> <!-- Secci\u00f3n de detalles t\u00e9cnicos --> <\/p>\n<div style='margin-bottom: 30px;'>\n<h2 style='font-size: 24px; font-weight: 600; margin-bottom: 15px; color: inherit; opacity: 0.9;'>Detalles T\u00e9cnicos<\/h2>\n<div style='display: flex; flex-wrap: wrap; gap: 20px;'>\n<div style='flex: 1 1 250px; border: 1px solid rgba(150&comma; 150&comma; 150&comma; 0.4); border-radius: 8px; overflow: hidden;'>\n<div style='padding: 15px; border-bottom: 1px solid rgba(150&comma; 150&comma; 150&comma; 0.2); font-weight: bold; font-size: 18px; color: inherit;'>Especificaciones<\/div>\n<div style='padding: 15px; color: inherit;'>\n<ul style='padding-left: 20px; margin: 0; font-size: 14px; list-style-type: disc; color: inherit;'>\n<li style='margin-bottom: 5px;'><strong>Modelo:<\/strong> JLSA-18A<\/li>\n<li style='margin-bottom: 5px;'><strong>Potencia:<\/strong> 18W<\/li>\n<li style='margin-bottom: 5px;'><strong>Flujo Luminoso:<\/strong> 2340 lm<\/li>\n<li style='margin-bottom: 5px;'><strong>Corriente El\u00e9ctrica:<\/strong> 1.70 A<\/li>\n<li style='margin-bottom: 5px;'><strong>Dimensiones:<\/strong> \u00d8290mm x 62mm<\/li>\n<li style='margin-bottom: 5px;'><strong>\u00cdndice de Protecci\u00f3n:<\/strong> IP68<\/li>\n<li style='margin-bottom: 5px;'><strong>Vida \u00datil:<\/strong> 50&comma;000 h<\/li>\n<\/ul><\/div>\n<\/p><\/div>\n<div style='flex: 1 1 250px; border: 1px solid rgba(150&comma; 150&comma; 150&comma; 0.4); border-radius: 8px; overflow: hidden;'>\n<div style='padding: 15px; border-bottom: 1px solid rgba(150&comma; 150&comma; 150&comma; 0.2); font-weight: bold; font-size: 18px; color: inherit;'>Interfaces y Conectividad<\/div>\n<div style='padding: 15px; color: inherit;'>\n<ul style='padding-left: 20px; margin: 0; font-size: 14px; list-style-type: disc; color: inherit;'>\n<li style='margin-bottom: 5px; font-weight: bold;'><strong>Transformador:<\/strong> JPY-50<\/li>\n<li style='margin-bottom: 5px;'><strong>Instalaci\u00f3n:<\/strong> Sobreponer en pared<\/li>\n<li style='margin-bottom: 5px;'><strong>Tensi\u00f3n de Funcionamiento:<\/strong> 24V~<\/li>\n<li style='margin-bottom: 5px; font-weight: bold;'> *El transformador no debe tener contacto con el agua&comma; si llega a colocar en contacto con el agua pierde toda garant\u00eda de autom\u00e1tico. <\/li>\n<li style='margin-bottom: 5px;'> Los transformadores JPY-20&comma; JPY-50 y el control remoto JLSACC-01 se venden por separado. <\/li>\n<\/ul><\/div>\n<\/p><\/div>\n<\/p><\/div>\n<\/p><\/div>\n<p> <!-- Secci\u00f3n de aplicaciones --> <\/p>\n<div style='margin-bottom: 30px;'>\n<h2 style='font-size: 24px; font-weight: 600; margin-bottom: 15px; color: inherit; opacity: 0.9;'>Aplicaciones y Casos de Uso<\/h2>\n<div style='display: flex; flex-wrap: wrap; gap: 20px;'>\n<div style='flex: 1 1 280px; min-width: 280px; border: 1px solid rgba(150&comma; 150&comma; 150&comma; 0.4); border-radius: 8px; overflow: hidden; padding: 15px; color: inherit; font-size: 14px;'> Ideal para piscinas&comma; fuentes decorativas y ambientaci\u00f3n de exteriores que requieran iluminaci\u00f3n bajo el agua con alta resistencia y desempe\u00f1o lum\u00ednico prolongado. <\/div>\n<\/p><\/div>\n<\/p><\/div>\n<p> <!-- Separador final --> <\/p>\n<hr style='border: 0; border-top: 1px solid rgba(150&comma; 150&comma; 150&comma; 0.3); margin: 30px 0;'> <\/div>\n","protected":false},"excerpt":{"rendered":"<p>Luminario Sumergible \/Luz Blanca 6500 K \/ 18W \/ 2340 lm \/ IP68 \/ \u00d8290mm x 62mm \/ No Dimeable \/ Uso Exterior.<\/p>\n","protected":false},"featured_media":38554,"comment_status":"open","ping_status":"closed","template":"","meta":[],"product_brand":[],"product_cat":[1198],"product_tag":[1167,1169,1199],"class_list":{"0":"post-38555","1":"product","2":"type-product","3":"status-publish","4":"has-post-thumbnail","6":"product_cat-uso-exterior","7":"product_tag-iluminacion","8":"product_tag-jwj","9":"product_tag-uso-exterior","11":"first","12":"outofstock","13":"sale","14":"shipping-taxable","15":"purchasable","16":"product-type-simple"},"_links":{"self":[{"href":"https:\/\/soydeaqui.ddns.net\/pachuca\/index.php\/wp-json\/wp\/v2\/product\/38555","targetHints":{"allow":["GET"]}}],"collection":[{"href":"https:\/\/soydeaqui.ddns.net\/pachuca\/index.php\/wp-json\/wp\/v2\/product"}],"about":[{"href":"https:\/\/soydeaqui.ddns.net\/pachuca\/index.php\/wp-json\/wp\/v2\/types\/product"}],"replies":[{"embeddable":true,"href":"https:\/\/soydeaqui.ddns.net\/pachuca\/index.php\/wp-json\/wp\/v2\/comments?post=38555"}],"wp:featuredmedia":[{"embeddable":true,"href":"https:\/\/soydeaqui.ddns.net\/pachuca\/index.php\/wp-json\/wp\/v2\/media\/38554"}],"wp:attachment":[{"href":"https:\/\/soydeaqui.ddns.net\/pachuca\/index.php\/wp-json\/wp\/v2\/media?parent=38555"}],"wp:term":[{"taxonomy":"product_brand","embeddable":true,"href":"https:\/\/soydeaqui.ddns.net\/pachuca\/index.php\/wp-json\/wp\/v2\/product_brand?post=38555"},{"taxonomy":"product_cat","embeddable":true,"href":"https:\/\/soydeaqui.ddns.net\/pachuca\/index.php\/wp-json\/wp\/v2\/product_cat?post=38555"},{"taxonomy":"product_tag","embeddable":true,"href":"https:\/\/soydeaqui.ddns.net\/pachuca\/index.php\/wp-json\/wp\/v2\/product_tag?post=38555"}],"curies":[{"name":"wp","href":"https:\/\/api.w.org\/{rel}","templated":true}]}}