{"id":38552,"date":"2026-03-18T16:59:29","date_gmt":"2026-03-18T16:59:29","guid":{"rendered":"https:\/\/soydeaqui.ddns.net\/pachuca\/index.php\/producto\/kit-solar-para-repetidores-kenwood-nxr1700-1800\/"},"modified":"2026-03-18T16:59:31","modified_gmt":"2026-03-18T16:59:31","slug":"kit-solar-para-repetidores-kenwood-nxr1700-1800","status":"publish","type":"product","link":"https:\/\/soydeaqui.ddns.net\/pachuca\/index.php\/producto\/kit-solar-para-repetidores-kenwood-nxr1700-1800\/","title":{"rendered":"Kit Solar para repetidores KENWOOD\/ NXR1700\/1800"},"content":{"rendered":"<div style='width: 100%; max-width: 1200px; margin: 0 auto; font-family: sans-serif; line-height: 1.6; color: inherit; background-color: transparent;'> <!-- Secci\u00f3n de caracter\u00edsticas --> <\/p>\n<div style='margin-bottom: 30px;'>\n<h3 style='font-size: 22px; border-bottom: 2px solid currentColor; padding-bottom: 5px; margin-top: 0; color: inherit; opacity: 0.8;'>Caracter\u00edsticas:<\/h3>\n<ul style='padding-left: 20px; font-size: 15px; color: inherit; list-style-type: disc;'>\n<li style='margin-bottom: 5px;'>Arreglo Fotovoltaico de 610 W para configurar en 12 Vdc<\/li>\n<li style='margin-bottom: 5px;'>Arreglo de Bater\u00edas para configurar en 12 Vdc<\/li>\n<\/ul><\/div>\n<p> <!-- Secci\u00f3n de compatibilidad --> <\/p>\n<div style='margin-bottom: 30px;'>\n<h3 style='font-size: 22px; border-bottom: 2px solid currentColor; padding-bottom: 5px; margin-top: 0; color: inherit; opacity: 0.8;'>Con qu\u00e9 repetidores funciona el KIT<\/h3>\n<p style='font-size: 15px; color: inherit; margin-bottom: 10px;'>Los repetidores que alimente con este KIT deben ser de alimentaci\u00f3n 12VCD<\/p>\n<p style='font-size: 15px; color: inherit; margin-bottom: 10px;'>Busque en la ficha t\u00e9cnica de los repetidores que desea alimentar el consumo en watts m\u00e1ximo&comma; la suma de todos los consumos de los equipos que quiera conectar no debe ser mayor a 160 Watts en TX<\/p>\n<p style='font-size: 15px; color: inherit; margin-bottom: 10px;'>El KIT puede alimentar 1 Repetidor NXR-1700-E o NXR-1800-E<\/p>\n<p style='font-size: 15px; color: inherit; margin-bottom: 10px; background-color: rgba(211&comma; 84&comma; 0&comma; 0.1); padding: 10px; border-left: 4px solid #d35400;'>El tiempo de uso de los repetidores est\u00e1 considerado para 10 horas en transmisi\u00f3n y 14 en espera y 1 d\u00eda de autonom\u00eda en caso de d\u00edas nublados<\/p>\n<\/p><\/div>\n<p> <!-- Secci\u00f3n de componentes --> <\/p>\n<div style='margin-bottom: 30px;'>\n<h3 style='font-size: 22px; border-bottom: 2px solid currentColor; padding-bottom: 5px; margin-top: 0; color: inherit; opacity: 0.8;'>Lista de componentes incluidos en el kit<\/h3>\n<ul style='padding-left: 20px; font-size: 15px; color: inherit; list-style-type: disc;'>\n<li style='margin-bottom: 5px;'>1 x LP182*199M72NH610W &#8211; M\u00f3dulo fotovoltaico LEAPTON de 610 W&comma; 50 Vcc<\/li>\n<li style='margin-bottom: 5px;'>1 x TRACER-6415-AN &#8211; Controlador Solar 12\/24 Vcc&comma; 60A<\/li>\n<li style='margin-bottom: 5px;'>6 x PL100D12V2 &#8211; Acumulador ciclo profundo VRLA 12 Vcc&comma; 100 Ah<\/li>\n<li style='margin-bottom: 5px;'>1 x VEKTOR8R1M &#8211; Montaje para PISO paneles solares<\/li>\n<li style='margin-bottom: 5px;'>1 x EFCB051106W &#8211; Gabinete l\u00e1mina galvanizada para 6 bater\u00edas<\/li>\n<\/ul><\/div>\n<p> <!-- Secci\u00f3n de cables recomendados --> <\/p>\n<div style='margin-bottom: 30px;'>\n<h3 style='font-size: 22px; border-bottom: 2px solid currentColor; padding-bottom: 5px; margin-top: 0; color: inherit; opacity: 0.8;'>Se recomienda el uso del cable especializado<\/h3>\n<p> <!-- Tabla de cables --> <\/p>\n<div style='overflow-x: auto; margin: 20px 0;'>\n<table style='width: 100%; border-collapse: collapse; margin: 15px 0;'>\n<thead style='background-color: rgba(0&comma; 0&comma; 0&comma; 0.05);'>\n<tr>\n<th style='border: 1px solid rgba(150&comma;150&comma;150&comma;0.3); padding: 10px; text-align: left; font-size: 14px; color: inherit;'>Cantidad<\/th>\n<th style='border: 1px solid rgba(150&comma;150&comma;150&comma;0.3); padding: 10px; text-align: left; font-size: 14px; color: inherit;'>Modelo<\/th>\n<th style='border: 1px solid rgba(150&comma;150&comma;150&comma;0.3); padding: 10px; text-align: left; font-size: 14px; color: inherit;'>Funci\u00f3n del cable en este KIT<\/th>\n<\/tr>\n<\/thead>\n<tbody>\n<tr>\n<td style='border: 1px solid rgba(150&comma;150&comma;150&comma;0.3); padding: 10px; font-size: 14px; color: inherit;'>1<\/td>\n<td style='border: 1px solid rgba(150&comma;150&comma;150&comma;0.3); padding: 10px; font-size: 14px; color: inherit;'><a href='https:\/\/www.syscom.mx\/principal\/searchcont?route=CBL-MC4-15R-EPCOM-POWERLINE-161220&#038;autodetect=cables_fotovoltaicos' style='color: #005cb9; text-decoration: none;'>CBL-MC4-15R<\/a><\/td>\n<td style='border: 1px solid rgba(150&comma;150&comma;150&comma;0.3); padding: 10px; font-size: 14px; color: inherit;'>Cable fotovoltaico&comma; Punta Positiva del conector MC4 al positivo del Controlador<\/td>\n<\/tr>\n<tr>\n<td style='border: 1px solid rgba(150&comma;150&comma;150&comma;0.3); padding: 10px; font-size: 14px; color: inherit;'>1<\/td>\n<td style='border: 1px solid rgba(150&comma;150&comma;150&comma;0.3); padding: 10px; font-size: 14px; color: inherit;'><a href='https:\/\/www.syscom.mx\/principal\/searchcont?route=CBL-MC4-15BLK-EPCOM-POWERLINE-161221&#038;autodetect=cables_fotovoltaicos' style='color: #005cb9; text-decoration: none;'>CBL-MC4-15BLK<\/a><\/td>\n<td style='border: 1px solid rgba(150&comma;150&comma;150&comma;0.3); padding: 10px; font-size: 14px; color: inherit;'>Cable fotovoltaico&comma; Punta negativa del conector MC4 al negativo del Controlador<\/td>\n<\/tr>\n<tr>\n<td style='border: 1px solid rgba(150&comma;150&comma;150&comma;0.3); padding: 10px; font-size: 14px; color: inherit;'>1<\/td>\n<td style='border: 1px solid rgba(150&comma;150&comma;150&comma;0.3); padding: 10px; font-size: 14px; color: inherit;'><a href='https:\/\/www.syscom.mx\/principal\/searchcont?route=CBL-8AWG-3BLK-EPCOM-POWERLINE-161223&#038;autodetect=cables_fotovoltaicos' style='color: #005cb9; text-decoration: none;'>CBL-8AWG-3BLK<\/a><\/td>\n<td style='border: 1px solid rgba(150&comma;150&comma;150&comma;0.3); padding: 10px; font-size: 14px; color: inherit;'>Negativo de bater\u00edas del controlador al negativo de la primer bater\u00eda<\/td>\n<\/tr>\n<tr>\n<td style='border: 1px solid rgba(150&comma;150&comma;150&comma;0.3); padding: 10px; font-size: 14px; color: inherit;'>1<\/td>\n<td style='border: 1px solid rgba(150&comma;150&comma;150&comma;0.3); padding: 10px; font-size: 14px; color: inherit;'><a href='https:\/\/www.syscom.mx\/principal\/searchcont?route=CBL-8AWG-3R-EPCOM-POWERLINE-161222&#038;autodetect=cables_fotovoltaicos' style='color: #005cb9; text-decoration: none;'>CBL-8AWG-3R<\/a><\/td>\n<td style='border: 1px solid rgba(150&comma;150&comma;150&comma;0.3); padding: 10px; font-size: 14px; color: inherit;'>Positivo de bater\u00edas del controlador al positivo de la primera bater\u00eda<\/td>\n<\/tr>\n<tr>\n<td style='border: 1px solid rgba(150&comma;150&comma;150&comma;0.3); padding: 10px; font-size: 14px; color: inherit;'>5<\/td>\n<td style='border: 1px solid rgba(150&comma;150&comma;150&comma;0.3); padding: 10px; font-size: 14px; color: inherit;'><a href='https:\/\/www.syscom.mx\/principal\/searchcont?route=CBL-AWG2-1R-EPCOM-POWERLINE-161225&#038;autodetect=CBL-AWG2-1B' style='color: #005cb9; text-decoration: none;'>CBL-AWG2-1R<\/a><\/td>\n<td style='border: 1px solid rgba(150&comma;150&comma;150&comma;0.3); padding: 10px; font-size: 14px; color: inherit;'>Jumper entre bater\u00edas&comma; se conectan en los positivos de las bater\u00edas para tener el arreglo a 12VCD<\/td>\n<\/tr>\n<tr>\n<td style='border: 1px solid rgba(150&comma;150&comma;150&comma;0.3); padding: 10px; font-size: 14px; color: inherit;'>5<\/td>\n<td style='border: 1px solid rgba(150&comma;150&comma;150&comma;0.3); padding: 10px; font-size: 14px; color: inherit;'><a href='https:\/\/www.syscom.mx\/principal\/searchcont?route=CBL-AWG2-1B-EPCOM-POWERLINE-161226&#038;autodetect=CBLAWG' style='color: #005cb9; text-decoration: none;'>CBL-AWG2-1B<\/a><\/td>\n<td style='border: 1px solid rgba(150&comma;150&comma;150&comma;0.3); padding: 10px; font-size: 14px; color: inherit;'>Jumper entre bater\u00edas&comma; se conectan en los negativos de las bater\u00edas para tener el arreglo a 12VCD<\/td>\n<\/tr>\n<\/tbody>\n<\/table><\/div>\n<\/p><\/div>\n<p> <!-- Separador --> <\/p>\n<hr style='border: 0; border-top: 1px solid rgba(150&comma; 150&comma; 150&comma; 0.3); margin: 30px 0;'> <\/div>\n","protected":false},"excerpt":{"rendered":"<p>Kit Solar para repetidores KENWOOD\/ NXR1700\/1800<\/p>\n","protected":false},"featured_media":38551,"comment_status":"open","ping_status":"closed","template":"","meta":[],"product_brand":[],"product_cat":[1196],"product_tag":[964,454,1197],"class_list":{"0":"post-38552","1":"product","2":"type-product","3":"status-publish","4":"has-post-thumbnail","6":"product_cat-kit-solar-sistema-aislado","7":"product_tag-energia-solar","8":"product_tag-epcom-powerline","9":"product_tag-kit-solar-sistema-aislado","11":"first","12":"outofstock","13":"sale","14":"shipping-taxable","15":"purchasable","16":"product-type-simple"},"_links":{"self":[{"href":"https:\/\/soydeaqui.ddns.net\/pachuca\/index.php\/wp-json\/wp\/v2\/product\/38552","targetHints":{"allow":["GET"]}}],"collection":[{"href":"https:\/\/soydeaqui.ddns.net\/pachuca\/index.php\/wp-json\/wp\/v2\/product"}],"about":[{"href":"https:\/\/soydeaqui.ddns.net\/pachuca\/index.php\/wp-json\/wp\/v2\/types\/product"}],"replies":[{"embeddable":true,"href":"https:\/\/soydeaqui.ddns.net\/pachuca\/index.php\/wp-json\/wp\/v2\/comments?post=38552"}],"wp:featuredmedia":[{"embeddable":true,"href":"https:\/\/soydeaqui.ddns.net\/pachuca\/index.php\/wp-json\/wp\/v2\/media\/38551"}],"wp:attachment":[{"href":"https:\/\/soydeaqui.ddns.net\/pachuca\/index.php\/wp-json\/wp\/v2\/media?parent=38552"}],"wp:term":[{"taxonomy":"product_brand","embeddable":true,"href":"https:\/\/soydeaqui.ddns.net\/pachuca\/index.php\/wp-json\/wp\/v2\/product_brand?post=38552"},{"taxonomy":"product_cat","embeddable":true,"href":"https:\/\/soydeaqui.ddns.net\/pachuca\/index.php\/wp-json\/wp\/v2\/product_cat?post=38552"},{"taxonomy":"product_tag","embeddable":true,"href":"https:\/\/soydeaqui.ddns.net\/pachuca\/index.php\/wp-json\/wp\/v2\/product_tag?post=38552"}],"curies":[{"name":"wp","href":"https:\/\/api.w.org\/{rel}","templated":true}]}}