{"id":38547,"date":"2026-03-18T16:59:19","date_gmt":"2026-03-18T16:59:19","guid":{"rendered":"https:\/\/soydeaqui.ddns.net\/pachuca\/index.php\/producto\/kit-de-gabinete-de-poliester-300-x-400-x-200-mm-controlador-de-carga-con-switch-poe-5-bateria-de-12v-7ah\/"},"modified":"2026-03-18T16:59:25","modified_gmt":"2026-03-18T16:59:25","slug":"kit-de-gabinete-de-poliester-300-x-400-x-200-mm-controlador-de-carga-con-switch-poe-5-bateria-de-12v-7ah","status":"publish","type":"product","link":"https:\/\/soydeaqui.ddns.net\/pachuca\/index.php\/producto\/kit-de-gabinete-de-poliester-300-x-400-x-200-mm-controlador-de-carga-con-switch-poe-5-bateria-de-12v-7ah\/","title":{"rendered":"KIT de Gabinete de Poli\u00e9ster (300 x 400 x 200 mm) + Controlador de Carga con Switch PoE (5) + Bater\u00eda de 12V 7Ah"},"content":{"rendered":"<div style='width: 100%; max-width: 1200px; margin: 0 auto; font-family: sans-serif; line-height: 1.6; color: inherit; background-color: transparent;'> <!-- Im\u00e1genes de marcas --> <\/p>\n<div style='display: flex; flex-wrap: wrap; justify-content: center; gap: 15px; margin-bottom: 30px;'> <img style='width: 200px; height: auto; border: 1px solid rgba(150&comma;150&comma;150&comma;0.3); border-radius: 8px;' src='https:\/\/ftp3.syscom.mx\/usuarios\/fotos\/PSTMENV1\/217951-precision.png' alt=''> <img style='width: 200px; height: auto; border: 1px solid rgba(150&comma;150&comma;150&comma;0.3); border-radius: 8px;' src='https:\/\/ftp3.syscom.mx\/usuarios\/fotos\/PSTUPSBAT1\/236199-wi-tek.png' alt=''> <img style='width: 200px; height: auto; border: 1px solid rgba(150&comma;150&comma;150&comma;0.3); border-radius: 8px;' src='https:\/\/ftp3.syscom.mx\/usuarios\/fotos\/PSTUPSBAT1\/236199-linkedpro_by_epcom.png' alt=''> <\/div>\n<p> <!-- T\u00edtulo del producto --> <\/p>\n<div style='text-align: center; margin-bottom: 30px;'>\n<h2 style='font-size: 22px; margin: 0; color: inherit; opacity: 0.8;'>PST-UPS-BAT1<\/h2>\n<\/p><\/div>\n<p> <!-- Descripci\u00f3n principal --> <\/p>\n<div style='margin-bottom: 30px;'>\n<p style='font-size: 15px; color: inherit; text-align: justify;'> El KIT PST-UPS-BAT1 de PRECISION incluye un Gabinete de Poli\u00e9ster PST-3040-20P resistente a la intemperie&comma; ideal para aplicaciones exteriores en postes&comma; torres de telecomunicaci\u00f3n o paredes albergando equipos sensibles gracias a su nivel de protecci\u00f3n IP65. Dentro del gabinete&comma; el controlador de carga WIPS306GFUPS de WI-TEK&comma; integra un Switch PoE con m\u00faltiples opciones de energ\u00eda&comma; siendo compatible con PoE mixto 24V\/48V. Este controlador&comma; dise\u00f1ado para ambientes exigentes&comma; asegura un suministro energ\u00e9tico fiable y autom\u00e1tico a los dispositivos conectados. Para mantener la operaci\u00f3n continua&comma; la Bater\u00eda LK-712 de LINKEDPRO BY EPCOM ofrece un respaldo confiable de 12V y 7Ah&comma; utilizando tecnolog\u00eda AGM-VRLA&comma; garantizando el m\u00e1ximo rendimiento y estabilidad. <\/p>\n<\/p><\/div>\n<p> <!-- Imagen principal de Wi-Tek UPS --> <\/p>\n<div style='margin-bottom: 30px;'>\n<h3 style='font-size: 20px; border-bottom: 2px solid currentColor; padding-bottom: 5px; margin-top: 0; color: inherit; opacity: 0.8; text-align: center;'>Wi-Tek UPS<\/h3>\n<p> <img style='width: 100%; height: auto; border: 1px solid rgba(150&comma;150&comma;150&comma;0.3); border-radius: 8px; margin-top: 15px;' src='https:\/\/ftp3.syscom.mx\/usuarios\/fotos\/WIPS306GFUPS15A\/205761-15a.jpeg' alt=''> <\/div>\n<p> <!-- Funciones de DIP Switch --> <\/p>\n<div style='margin-bottom: 30px;'>\n<h3 style='font-size: 20px; border-bottom: 2px solid currentColor; padding-bottom: 5px; margin-top: 0; color: inherit; opacity: 0.8; text-align: center;'>Funciones de DIP Switch<\/h3>\n<p> <img style='width: 100%; height: auto; border: 1px solid rgba(150&comma;150&comma;150&comma;0.3); border-radius: 8px; margin-top: 15px;' src='https:\/\/ftp3.syscom.mx\/usuarios\/fotos\/WIPS306GFUPS15A\/205761-image_(68).png' alt=''> <\/div>\n<p> <!-- Aplicaciones --> <\/p>\n<div style='margin-bottom: 30px;'>\n<h3 style='font-size: 20px; border-bottom: 2px solid currentColor; padding-bottom: 5px; margin-top: 0; color: inherit; opacity: 0.8; text-align: center;'>Aplicaci\u00f3n Tradicional \/ Aplicaci\u00f3n con Wi-Tek UPS<\/h3>\n<p> <img style='width: 100%; height: auto; border: 1px solid rgba(150&comma;150&comma;150&comma;0.3); border-radius: 8px; margin-top: 15px;' src='https:\/\/ftp3.syscom.mx\/usuarios\/fotos\/WIPS306GFUPS15A\/205761-aplicaciones.jpeg' alt=''> <\/div>\n<p> <!-- Accesorios complementarios --> <\/p>\n<div style='margin-bottom: 30px;'>\n<h3 style='font-size: 20px; border-bottom: 2px solid currentColor; padding-bottom: 5px; margin-top: 0; color: inherit; opacity: 0.8;'>Accesorios complementarios sugeridos para una instalaci\u00f3n completa:<\/h3>\n<ul style='padding-left: 20px; font-size: 15px; color: inherit; margin: 15px 0;'>\n<li style='margin-bottom: 5px;'><strong>ABM2S-AT-C0<\/strong>. Montaje adhesivo sujetador (6 piezas)<\/li>\n<li style='margin-bottom: 5px;'><strong>S8-18-C0<\/strong> Cincho negro 200 mm (10 piezas)<\/li>\n<li style='margin-bottom: 5px;'><strong>CEST2-A6<\/strong>. Pasacables de 6 orificios.<\/li>\n<li style='margin-bottom: 5px;'><strong>CEG-06X1<\/strong>. Pasacable Gromet para CEST2-A6 (6 piezas)<\/li>\n<\/ul><\/div>\n<p> <!-- Nota importante --> <\/p>\n<div style='margin-bottom: 30px;'>\n<p style='color: #e74c3c; font-size: 14px; margin: 0;'><strong>NOTA:<\/strong> El kit tiene las piezas por individual&comma; cuando lo recibe no est\u00e1 armado.<\/p>\n<\/p><\/div>\n<\/p><\/div>\n","protected":false},"excerpt":{"rendered":"<p>KIT de Gabinete de Poli\u00e9ster (300 x 400 x 200 mm) + Controlador de Carga con Switch PoE (5) + Bater\u00eda de 12V 7Ah<\/p>\n","protected":false},"featured_media":38546,"comment_status":"open","ping_status":"closed","template":"","meta":[],"product_brand":[],"product_cat":[1194],"product_tag":[405,1195,248],"class_list":{"0":"post-38547","1":"product","2":"type-product","3":"status-publish","4":"has-post-thumbnail","6":"product_cat-fuentes-para-uso-exterior","7":"product_tag-fuentes-de-poder","8":"product_tag-fuentes-para-uso-exterior","9":"product_tag-precision","11":"first","12":"outofstock","13":"sale","14":"shipping-taxable","15":"purchasable","16":"product-type-simple"},"_links":{"self":[{"href":"https:\/\/soydeaqui.ddns.net\/pachuca\/index.php\/wp-json\/wp\/v2\/product\/38547","targetHints":{"allow":["GET"]}}],"collection":[{"href":"https:\/\/soydeaqui.ddns.net\/pachuca\/index.php\/wp-json\/wp\/v2\/product"}],"about":[{"href":"https:\/\/soydeaqui.ddns.net\/pachuca\/index.php\/wp-json\/wp\/v2\/types\/product"}],"replies":[{"embeddable":true,"href":"https:\/\/soydeaqui.ddns.net\/pachuca\/index.php\/wp-json\/wp\/v2\/comments?post=38547"}],"wp:featuredmedia":[{"embeddable":true,"href":"https:\/\/soydeaqui.ddns.net\/pachuca\/index.php\/wp-json\/wp\/v2\/media\/38546"}],"wp:attachment":[{"href":"https:\/\/soydeaqui.ddns.net\/pachuca\/index.php\/wp-json\/wp\/v2\/media?parent=38547"}],"wp:term":[{"taxonomy":"product_brand","embeddable":true,"href":"https:\/\/soydeaqui.ddns.net\/pachuca\/index.php\/wp-json\/wp\/v2\/product_brand?post=38547"},{"taxonomy":"product_cat","embeddable":true,"href":"https:\/\/soydeaqui.ddns.net\/pachuca\/index.php\/wp-json\/wp\/v2\/product_cat?post=38547"},{"taxonomy":"product_tag","embeddable":true,"href":"https:\/\/soydeaqui.ddns.net\/pachuca\/index.php\/wp-json\/wp\/v2\/product_tag?post=38547"}],"curies":[{"name":"wp","href":"https:\/\/api.w.org\/{rel}","templated":true}]}}