{"id":38538,"date":"2026-03-18T16:59:04","date_gmt":"2026-03-18T16:59:04","guid":{"rendered":"https:\/\/soydeaqui.ddns.net\/pachuca\/index.php\/producto\/smartsolar-mppt-rs-450-100-mc4-controlador-solar-mppt-100a-voltaje-48-vcc-para-uso-con-inv-cargadores-victron\/"},"modified":"2026-03-18T16:59:17","modified_gmt":"2026-03-18T16:59:17","slug":"smartsolar-mppt-rs-450-100-mc4-controlador-solar-mppt-100a-voltaje-48-vcc-para-uso-con-inv-cargadores-victron","status":"publish","type":"product","link":"https:\/\/soydeaqui.ddns.net\/pachuca\/index.php\/producto\/smartsolar-mppt-rs-450-100-mc4-controlador-solar-mppt-100a-voltaje-48-vcc-para-uso-con-inv-cargadores-victron\/","title":{"rendered":"SmartSolar MPPT RS 450\/100-MC4. Controlador Solar MPPT 100A, Voltaje: 48 Vcc. Para uso con Inv. Cargadores Victron"},"content":{"rendered":"<div style='width: 100%; max-width: 1200px; margin: 0 auto; font-family: sans-serif; line-height: 1.6; color: inherit; background-color: transparent;'> <!-- T\u00edtulos principales --> <\/p>\n<div style='margin-bottom: 30px;'>\n<h1 style='font-size: 28px; margin: 0 0 15px; color: inherit;'><strong>SmartSolar MPPT RS 450|100 y 450|200<\/strong><\/h1>\n<h2 style='font-size: 20px; margin: 0; color: inherit; opacity: 0.8;'>Controlador de carga solar de \u00faltima generaci\u00f3n<\/h2>\n<\/p><\/div>\n<p> <!-- Descripci\u00f3n general --> <\/p>\n<div style='margin-bottom: 30px;'>\n<p style='font-size: 15px; margin: 0 0 15px; color: inherit;'>Los controladores de carga <strong>SmartSolar MPPT RS 450|100 y 450|200<\/strong> de Victron Energy est\u00e1n dise\u00f1ados para optimizar el rendimiento de sistemas solares en aplicaciones aisladas o conectadas a la red. Gracias a su avanzada tecnolog\u00eda MPPT (Seguimiento del Punto de M\u00e1xima Potencia)&comma; estos dispositivos garantizan una carga eficiente y segura para bater\u00edas de 48 V&comma; maximizando la captaci\u00f3n de energ\u00eda solar incluso en condiciones de baja irradiaci\u00f3n.<\/p>\n<\/p><\/div>\n<p> <!-- Secci\u00f3n de caracter\u00edsticas --> <\/p>\n<div style='display: flex; flex-wrap: wrap; gap: 30px; margin-bottom: 30px;'>\n<div style='flex: 1 1 300px; min-width: 280px;'>\n<h3 style='font-size: 22px; border-bottom: 2px solid currentColor; padding-bottom: 5px; margin-top: 0; color: inherit; opacity: 0.8;'>Caracter\u00edsticas destacadas<\/h3>\n<ul style='padding-left: 20px; font-size: 15px; color: inherit;'>\n<li style='margin-bottom: 5px;'><strong>Potencia de carga m\u00e1xima:<\/strong>\n<ul style='padding-left: 20px; margin-top: 5px; margin-bottom: 5px;'>\n<li>450|100: 5&comma;76 kW (a 57&comma;6 V)<\/li>\n<li>450|200: 11&comma;52 kW (a 57&comma;6 V)<\/li>\n<\/ul>\n<\/li>\n<li style='margin-bottom: 5px;'><strong>Corriente de carga nominal:<\/strong>\n<ul style='padding-left: 20px; margin-top: 5px; margin-bottom: 5px;'>\n<li>450|100: 100 A<\/li>\n<li>450|200: 200 A<\/li>\n<\/ul>\n<\/li>\n<li style='margin-bottom: 5px;'><strong>Eficiencia m\u00e1xima:<\/strong> 96 %<\/li>\n<li style='margin-bottom: 5px;'><strong>Amplio rango de tensi\u00f3n MPPT:<\/strong>\n<ul style='padding-left: 20px; margin-top: 5px; margin-bottom: 5px;'>\n<li>Operaci\u00f3n eficiente entre 65 V y 450 V CC<\/li>\n<li>Tensi\u00f3n de arranque: 120 V CC<\/li>\n<\/ul>\n<\/li>\n<\/ul><\/div>\n<div style='flex: 1 1 300px; min-width: 280px;'>\n<h3 style='font-size: 22px; border-bottom: 2px solid currentColor; padding-bottom: 5px; margin-top: 0; color: inherit; opacity: 0.8;'>Caracter\u00edsticas adicionales<\/h3>\n<ul style='padding-left: 20px; font-size: 15px; color: inherit;'>\n<li style='margin-bottom: 5px;'><strong>Seguridad garantizada con aislamiento galv\u00e1nico:<\/strong> El aislamiento completo entre la bater\u00eda y el campo fotovoltaico (FV) aumenta la seguridad del sistema&comma; protegiendo contra posibles fallos de aislamiento.<\/li>\n<li style='margin-bottom: 5px;'><strong>Ligero y silencioso:<\/strong>\n<ul style='padding-left: 20px; margin-top: 5px; margin-bottom: 5px;'>\n<li>Peso del modelo 450|100: 7&comma;9 kg<\/li>\n<li>Peso del modelo 450|200: 13&comma;7 kg<\/li>\n<li>Tecnolog\u00eda de alta frecuencia que permite un funcionamiento silencioso y bajo consumo de energ\u00eda en reposo.<\/li>\n<\/ul>\n<\/li>\n<li style='margin-bottom: 5px;'><strong>M\u00faltiples rastreadores MPPT:<\/strong>\n<ul style='padding-left: 20px; margin-top: 5px; margin-bottom: 5px;'>\n<li>450|100: 2 rastreadores independientes<\/li>\n<li>450|200: 4 rastreadores independientes\n<ul style='padding-left: 20px; margin-top: 5px; margin-bottom: 5px;'>\n<li>Optimiza el rendimiento del sistema en configuraciones con paneles ubicados en diferentes orientaciones o con distintas caracter\u00edsticas de sombreado.<\/li>\n<\/ul>\n<\/li>\n<\/ul>\n<\/li>\n<\/ul><\/div>\n<\/p><\/div>\n<p> <!-- Separador --> <\/p>\n<hr style='border: 0; border-top: 1px solid rgba(150&comma; 150&comma; 150&comma; 0.3); margin: 30px 0;'> <!-- Secci\u00f3n de conectividad --> <\/p>\n<div style='display: flex; flex-wrap: wrap; gap: 30px; margin-bottom: 30px;'>\n<div style='flex: 1 1 300px; min-width: 280px;'>\n<h3 style='font-size: 22px; border-bottom: 2px solid currentColor; padding-bottom: 5px; margin-top: 0; color: inherit; opacity: 0.8;'>Conectividad avanzada<\/h3>\n<ul style='padding-left: 20px; font-size: 15px; color: inherit;'>\n<li style='margin-bottom: 5px;'><strong>Pantalla y Bluetooth integrado:<\/strong>\n<ul style='padding-left: 20px; margin-top: 5px; margin-bottom: 5px;'>\n<li>Visualiza los par\u00e1metros del sistema directamente desde la pantalla integrada<\/li>\n<li>Accede a trav\u00e9s de Bluetooth con la app VictronConnect para configurar y monitorear el sistema desde tu smartphone o tablet<\/li>\n<\/ul>\n<\/li>\n<li style='margin-bottom: 5px;'><strong>Vigilancia remota con VE.Can y VE.Direct:<\/strong>\n<ul style='padding-left: 20px; margin-top: 5px; margin-bottom: 5px;'>\n<li>Conexi\u00f3n a dispositivos GX para seguimiento en tiempo real&comma; registro de datos y actualizaciones remotas de firmware<\/li>\n<li>Permite la conexi\u00f3n de hasta 25 unidades en paralelo con sincronizaci\u00f3n autom\u00e1tica de carga<\/li>\n<\/ul>\n<\/li>\n<li style='margin-bottom: 5px;'><strong>Portal VRM (Victron Remote Management):<\/strong>\n<ul style='padding-left: 20px; margin-top: 5px; margin-bottom: 5px;'>\n<li>Monitorea tu sistema a trav\u00e9s del portal VRM para un control remoto total<\/li>\n<li>Recibe notificaciones por correo electr\u00f3nico y consulta el rendimiento en gr\u00e1ficos detallados desde cualquier lugar<\/li>\n<\/ul>\n<\/li>\n<\/ul><\/div>\n<div style='flex: 1 1 300px; min-width: 280px;'>\n<h3 style='font-size: 22px; border-bottom: 2px solid currentColor; padding-bottom: 5px; margin-top: 0; color: inherit; opacity: 0.8;'>Instalaci\u00f3n y aplicaciones<\/h3>\n<ul style='padding-left: 20px; font-size: 15px; color: inherit;'>\n<li style='margin-bottom: 5px;'><strong>Instalaci\u00f3n flexible y robusta:<\/strong>\n<ul style='padding-left: 20px; margin-top: 5px; margin-bottom: 5px;'>\n<li>Temperatura de funcionamiento: de -40 \u00b0C a +60 \u00b0C<\/li>\n<li>Grado de protecci\u00f3n: IP21<\/li>\n<li>Conexiones robustas con pernos M8 para bater\u00eda y conectores MC4 para entradas FV<\/li>\n<\/ul>\n<\/li>\n<li style='margin-bottom: 5px;'><strong>Aplicaciones ideales:<\/strong>\n<ul style='padding-left: 20px; margin-top: 5px; margin-bottom: 5px;'>\n<li>Sistemas solares aislados en viviendas o industrias<\/li>\n<li>Instalaciones h\u00edbridas conectadas a la red<\/li>\n<li>Sistemas de respaldo con bater\u00edas de alta capacidad<\/li>\n<\/ul>\n<\/li>\n<li style='margin-bottom: 5px;'><strong>\u00bfPor qu\u00e9 elegir el SmartSolar MPPT RS de Victron Energy?<\/strong>\n<ul style='padding-left: 20px; margin-top: 5px; margin-bottom: 5px;'>\n<li>\u2713 M\u00e1xima eficiencia y potencia en sistemas solares de 48 V<\/li>\n<li>\u2713 Seguridad mejorada gracias al aislamiento galv\u00e1nico<\/li>\n<li>\u2713 Configuraci\u00f3n y monitoreo remoto con Bluetooth y VE.Can<\/li>\n<li>\u2713 Dise\u00f1o robusto y silencioso ideal para cualquier entorno<\/li>\n<\/ul>\n<\/li>\n<\/ul><\/div>\n<\/p><\/div>\n<p> <!-- Separador --> <\/p>\n<hr style='border: 0; border-top: 1px solid rgba(150&comma; 150&comma; 150&comma; 0.3); margin: 30px 0;'> <!-- Secci\u00f3n de video --> <\/p>\n<div style='margin-bottom: 30px;'>\n<h2 style='font-size: 20px; text-align: center; margin: 0 0 20px; color: inherit;'>Configuraci\u00f3n de Bater\u00edas por Bluetooth<\/h2>\n<div style='position: relative; padding-bottom: 56.25%; height: 0; overflow: hidden; margin-bottom: 30px;'>   <\/div>\n<\/p><\/div>\n<p> <!-- Nota final --> <\/p>\n<div style='margin-top: 30px; padding: 20px; border: 1px solid rgba(150&comma;150&comma;150&comma;0.3); border-radius: 8px; background-color: rgba(255&comma;255&comma;255&comma;0.02);'>\n<p style='margin: 0; font-size: 15px; color: inherit;'>\u00a1Optimiza tu sistema solar con la tecnolog\u00eda de carga m\u00e1s avanzada de <strong>Victron Energy<\/strong>!<\/p>\n<\/p><\/div>\n<\/p><\/div>\n","protected":false},"excerpt":{"rendered":"<p>SmartSolar MPPT RS 450\/100-MC4. Controlador Solar MPPT 100A, Voltaje: 48 Vcc. Para uso con Inv. Cargadores Victron<\/p>\n","protected":false},"featured_media":38537,"comment_status":"open","ping_status":"closed","template":"","meta":[],"product_brand":[],"product_cat":[1117],"product_tag":[1118,964,1174],"class_list":{"0":"post-38538","1":"product","2":"type-product","3":"status-publish","4":"has-post-thumbnail","6":"product_cat-controladores-de-carga-mppt","7":"product_tag-controladores-de-carga-mppt","8":"product_tag-energia-solar","9":"product_tag-victron-energy","11":"first","12":"instock","13":"sale","14":"shipping-taxable","15":"purchasable","16":"product-type-simple"},"_links":{"self":[{"href":"https:\/\/soydeaqui.ddns.net\/pachuca\/index.php\/wp-json\/wp\/v2\/product\/38538","targetHints":{"allow":["GET"]}}],"collection":[{"href":"https:\/\/soydeaqui.ddns.net\/pachuca\/index.php\/wp-json\/wp\/v2\/product"}],"about":[{"href":"https:\/\/soydeaqui.ddns.net\/pachuca\/index.php\/wp-json\/wp\/v2\/types\/product"}],"replies":[{"embeddable":true,"href":"https:\/\/soydeaqui.ddns.net\/pachuca\/index.php\/wp-json\/wp\/v2\/comments?post=38538"}],"wp:featuredmedia":[{"embeddable":true,"href":"https:\/\/soydeaqui.ddns.net\/pachuca\/index.php\/wp-json\/wp\/v2\/media\/38537"}],"wp:attachment":[{"href":"https:\/\/soydeaqui.ddns.net\/pachuca\/index.php\/wp-json\/wp\/v2\/media?parent=38538"}],"wp:term":[{"taxonomy":"product_brand","embeddable":true,"href":"https:\/\/soydeaqui.ddns.net\/pachuca\/index.php\/wp-json\/wp\/v2\/product_brand?post=38538"},{"taxonomy":"product_cat","embeddable":true,"href":"https:\/\/soydeaqui.ddns.net\/pachuca\/index.php\/wp-json\/wp\/v2\/product_cat?post=38538"},{"taxonomy":"product_tag","embeddable":true,"href":"https:\/\/soydeaqui.ddns.net\/pachuca\/index.php\/wp-json\/wp\/v2\/product_tag?post=38538"}],"curies":[{"name":"wp","href":"https:\/\/api.w.org\/{rel}","templated":true}]}}