{"id":38529,"date":"2026-03-18T16:58:47","date_gmt":"2026-03-18T16:58:47","guid":{"rendered":"https:\/\/soydeaqui.ddns.net\/pachuca\/index.php\/producto\/smartsolar-mppt-rs-450-200-mc4-controlador-solar-mppt-200a-voltaje-48-vcc-para-uso-con-inv-cargadores-victron\/"},"modified":"2026-03-18T16:59:00","modified_gmt":"2026-03-18T16:59:00","slug":"smartsolar-mppt-rs-450-200-mc4-controlador-solar-mppt-200a-voltaje-48-vcc-para-uso-con-inv-cargadores-victron","status":"publish","type":"product","link":"https:\/\/soydeaqui.ddns.net\/pachuca\/index.php\/producto\/smartsolar-mppt-rs-450-200-mc4-controlador-solar-mppt-200a-voltaje-48-vcc-para-uso-con-inv-cargadores-victron\/","title":{"rendered":"SmartSolar MPPT RS 450\/200-MC4. Controlador Solar MPPT 200A, Voltaje: 48 Vcc. Para uso con Inv. Cargadores Victron"},"content":{"rendered":"<div style='width: 100%; max-width: 1200px; margin: 0 auto; font-family: sans-serif; line-height: 1.6; color: inherit; background-color: transparent;'> <!-- T\u00edtulos principales --> <\/p>\n<div style='margin-bottom: 30px;'>\n<h1 style='font-size: 24px; color: inherit; margin: 0 0 10px; font-weight: bold;'>SmartSolar MPPT RS 450\/200-MC4. Controlador Solar MPPT 200A&comma; Voltaje: 48 Vcc<\/h1>\n<h2 style='font-size: 18px; color: inherit; opacity: 0.8; margin: 0;'>Controlador de carga solar de \u00faltima generaci\u00f3n<\/h2>\n<\/p><\/div>\n<p> <!-- Descripci\u00f3n general --> <\/p>\n<div style='margin-bottom: 30px; font-size: 15px; color: inherit;'>\n<p>Los controladores de carga SmartSolar MPPT RS 450|100 y 450|200 de Victron Energy est\u00e1n dise\u00f1ados para optimizar el rendimiento de sistemas solares en aplicaciones aisladas o conectadas a la red. Gracias a su avanzada tecnolog\u00eda MPPT (Seguimiento del Punto de M\u00e1xima Potencia)&comma; estos dispositivos garantizan una carga eficiente y segura para bater\u00edas de 48 V&comma; maximizando la captaci\u00f3n de energ\u00eda solar incluso en condiciones de baja irradiaci\u00f3n.<\/p>\n<\/p><\/div>\n<p> <!-- Secci\u00f3n de caracter\u00edsticas --> <\/p>\n<div style='display: flex; flex-wrap: wrap; gap: 30px; margin-bottom: 30px;'>\n<div style='flex: 1 1 300px; min-width: 280px;'>\n<h3 style='font-size: 22px; border-bottom: 2px solid currentColor; padding-bottom: 5px; margin-top: 0; color: inherit; opacity: 0.8;'>Caracter\u00edsticas destacadas<\/h3>\n<ul style='padding-left: 20px; font-size: 15px; color: inherit;'>\n<li style='margin-bottom: 5px;'><strong>Potencia de carga m\u00e1xima:<\/strong><\/li>\n<ul style='padding-left: 25px;'>\n<li style='margin-bottom: 5px;'>450|100: 5&comma;76 kW (a 57&comma;6 V)<\/li>\n<li style='margin-bottom: 5px;'>450|200: 11&comma;52 kW (a 57&comma;6 V)<\/li>\n<\/ul>\n<li style='margin-bottom: 5px;'><strong>Corriente de carga nominal:<\/strong><\/li>\n<ul style='padding-left: 25px;'>\n<li style='margin-bottom: 5px;'>450|100: 100 A<\/li>\n<li style='margin-bottom: 5px;'>450|200: 200 A<\/li>\n<\/ul>\n<li style='margin-bottom: 5px;'><strong>Eficiencia m\u00e1xima:<\/strong> 96 %<\/li>\n<li style='margin-bottom: 5px;'><strong>Amplio rango de tensi\u00f3n MPPT:<\/strong><\/li>\n<ul style='padding-left: 25px;'>\n<li style='margin-bottom: 5px;'>Operaci\u00f3n eficiente entre 65 V y 450 V CC<\/li>\n<li style='margin-bottom: 5px;'>Tensi\u00f3n de arranque: 120 V CC<\/li>\n<\/ul>\n<li style='margin-bottom: 5px;'><strong>Seguridad garantizada con aislamiento galv\u00e1nico:<\/strong><\/li>\n<ul style='padding-left: 25px;'>\n<li style='margin-bottom: 5px;'>El aislamiento completo entre la bater\u00eda y el campo fotovoltaico (FV) aumenta la seguridad del sistema&comma; protegiendo contra posibles fallos de aislamiento.<\/li>\n<\/ul>\n<li style='margin-bottom: 5px;'><strong>Ligero y silencioso:<\/strong><\/li>\n<ul style='padding-left: 25px;'>\n<li style='margin-bottom: 5px;'>Peso del modelo 450|100: 7&comma;9 kg<\/li>\n<li style='margin-bottom: 5px;'>Peso del modelo 450|200: 13&comma;7 kg<\/li>\n<li style='margin-bottom: 5px;'>Tecnolog\u00eda de alta frecuencia que permite un funcionamiento silencioso y bajo consumo de energ\u00eda en reposo.<\/li>\n<\/ul>\n<li style='margin-bottom: 5px;'><strong>M\u00faltiples rastreadores MPPT:<\/strong><\/li>\n<ul style='padding-left: 25px;'>\n<li style='margin-bottom: 5px;'>450|100: 2 rastreadores independientes<\/li>\n<li style='margin-bottom: 5px;'>450|200: 4 rastreadores independientes. Optimiza el rendimiento del sistema en configuraciones con paneles ubicados en diferentes orientaciones o con distintas caracter\u00edsticas de sombreado.<\/li>\n<\/ul>\n<\/ul><\/div>\n<\/p><\/div>\n<p> <!-- Separador --> <\/p>\n<hr style='border: 0; border-top: 1px solid rgba(150&comma; 150&comma; 150&comma; 0.3); margin: 30px 0;'> <!-- Secci\u00f3n de conectividad --> <\/p>\n<div style='display: flex; flex-wrap: wrap; gap: 30px; margin-bottom: 30px;'>\n<div style='flex: 1 1 300px; min-width: 280px;'>\n<h3 style='font-size: 22px; border-bottom: 2px solid currentColor; padding-bottom: 5px; margin-top: 0; color: inherit; opacity: 0.8;'>Conectividad avanzada<\/h3>\n<ul style='padding-left: 20px; font-size: 15px; color: inherit;'>\n<li style='margin-bottom: 5px;'><strong>Pantalla y Bluetooth integrado:<\/strong><\/li>\n<ul style='padding-left: 25px;'>\n<li style='margin-bottom: 5px;'>Visualiza los par\u00e1metros del sistema directamente desde la pantalla integrada.<\/li>\n<li style='margin-bottom: 5px;'>Accede a trav\u00e9s de Bluetooth con la app VictronConnect para configurar y monitorear el sistema desde tu smartphone o tablet.<\/li>\n<\/ul>\n<li style='margin-bottom: 5px;'><strong>Vigilancia remota con VE.Can y VE.Direct:<\/strong><\/li>\n<ul style='padding-left: 25px;'>\n<li style='margin-bottom: 5px;'>Conexi\u00f3n a dispositivos GX para seguimiento en tiempo real&comma; registro de datos y actualizaciones remotas de firmware.<\/li>\n<li style='margin-bottom: 5px;'>Permite la conexi\u00f3n de hasta 25 unidades en paralelo con sincronizaci\u00f3n autom\u00e1tica de carga.<\/li>\n<\/ul>\n<li style='margin-bottom: 5px;'><strong>Portal VRM (Victron Remote Management):<\/strong><\/li>\n<ul style='padding-left: 25px;'>\n<li style='margin-bottom: 5px;'>Monitorea tu sistema a trav\u00e9s del portal VRM para un control remoto total. Recibe notificaciones por correo electr\u00f3nico y consulta el rendimiento en gr\u00e1ficos detallados desde cualquier lugar.<\/li>\n<\/ul>\n<\/ul><\/div>\n<\/p><\/div>\n<p> <!-- Separador --> <\/p>\n<hr style='border: 0; border-top: 1px solid rgba(150&comma; 150&comma; 150&comma; 0.3); margin: 30px 0;'> <!-- Secci\u00f3n de especificaciones --> <\/p>\n<div style='display: flex; flex-wrap: wrap; gap: 20px; margin-bottom: 30px;'>\n<div style='flex: 1 1 250px; border: 1px solid rgba(150&comma; 150&comma; 150&comma; 0.4); border-radius: 8px; overflow: hidden; display: flex; flex-direction: column;'>\n<div style='padding: 15px; border-bottom: 1px solid rgba(150&comma; 150&comma; 150&comma; 0.2); font-weight: bold; font-size: 18px; color: inherit;'>Instalaci\u00f3n flexible y robusta<\/div>\n<div style='padding: 15px; color: inherit;'>\n<ul style='padding-left: 20px; margin: 0; font-size: 14px; list-style-type: disc; color: inherit;'>\n<li style='margin-bottom: 5px;'><strong>Temperatura de funcionamiento:<\/strong> de -40 \u00b0C a +60 \u00b0C<\/li>\n<li style='margin-bottom: 5px;'><strong>Grado de protecci\u00f3n:<\/strong> IP21<\/li>\n<li style='margin-bottom: 5px;'><strong>Conexiones robustas:<\/strong> con pernos M8 para bater\u00eda y conectores MC4 para entradas FV<\/li>\n<\/ul><\/div>\n<\/p><\/div>\n<div style='flex: 1 1 250px; border: 1px solid rgba(150&comma; 150&comma; 150&comma; 0.4); border-radius: 8px; overflow: hidden; display: flex; flex-direction: column;'>\n<div style='padding: 15px; border-bottom: 1px solid rgba(150&comma; 150&comma; 150&comma; 0.2); font-weight: bold; font-size: 18px; color: inherit;'>Aplicaciones ideales<\/div>\n<div style='padding: 15px; color: inherit;'>\n<ul style='padding-left: 20px; margin: 0; font-size: 14px; list-style-type: disc; color: inherit;'>\n<li style='margin-bottom: 5px;'>Sistemas solares aislados en viviendas o industrias<\/li>\n<li style='margin-bottom: 5px;'>Instalaciones h\u00edbridas conectadas a la red<\/li>\n<li style='margin-bottom: 5px;'>Sistemas de respaldo con bater\u00edas de alta capacidad<\/li>\n<\/ul><\/div>\n<\/p><\/div>\n<div style='flex: 1 1 250px; border: 1px solid rgba(150&comma; 150&comma; 150&comma; 0.4); border-radius: 8px; overflow: hidden; display: flex; flex-direction: column;'>\n<div style='padding: 15px; border-bottom: 1px solid rgba(150&comma; 150&comma; 150&comma; 0.2); font-weight: bold; font-size: 18px; color: inherit;'>\u00bfPor qu\u00e9 elegir el SmartSolar MPPT RS de Victron Energy?<\/div>\n<div style='padding: 15px; color: inherit;'>\n<ul style='padding-left: 20px; margin: 0; font-size: 14px; list-style-type: disc; color: inherit;'>\n<li style='margin-bottom: 5px;'><strong>M\u00e1xima eficiencia y potencia<\/strong> en sistemas solares de 48 V<\/li>\n<li style='margin-bottom: 5px;'><strong>Seguridad mejorada<\/strong> gracias al aislamiento galv\u00e1nico<\/li>\n<li style='margin-bottom: 5px;'><strong>Configuraci\u00f3n y monitoreo remoto<\/strong> con Bluetooth y VE.Can<\/li>\n<li style='margin-bottom: 5px;'><strong>Dise\u00f1o robusto y silencioso<\/strong> ideal para cualquier entorno<\/li>\n<\/ul><\/div>\n<\/p><\/div>\n<\/p><\/div>\n<p> <!-- Separador --> <\/p>\n<hr style='border: 0; border-top: 1px solid rgba(150&comma; 150&comma; 150&comma; 0.3); margin: 30px 0;'> <!-- Video de configuraci\u00f3n --> <\/p>\n<div style='margin-bottom: 30px;'>\n<h3 style='font-size: 20px; margin-bottom: 15px; color: inherit; opacity: 0.8;'>Configuraci\u00f3n de Bater\u00edas con Bluetooth<\/h3>\n<div style='position: relative; padding-bottom: 56.25%; height: 0; overflow: hidden; margin-bottom: 30px;'>   <\/div>\n<\/p><\/div>\n<\/p><\/div>\n","protected":false},"excerpt":{"rendered":"<p>SmartSolar MPPT RS 450\/200-MC4. Controlador Solar MPPT 200A, Voltaje: 48 Vcc. Para uso con Inv. Cargadores Victron<\/p>\n","protected":false},"featured_media":38528,"comment_status":"open","ping_status":"closed","template":"","meta":[],"product_brand":[],"product_cat":[1117],"product_tag":[1118,964,1174],"class_list":{"0":"post-38529","1":"product","2":"type-product","3":"status-publish","4":"has-post-thumbnail","6":"product_cat-controladores-de-carga-mppt","7":"product_tag-controladores-de-carga-mppt","8":"product_tag-energia-solar","9":"product_tag-victron-energy","11":"first","12":"instock","13":"sale","14":"shipping-taxable","15":"purchasable","16":"product-type-simple"},"_links":{"self":[{"href":"https:\/\/soydeaqui.ddns.net\/pachuca\/index.php\/wp-json\/wp\/v2\/product\/38529","targetHints":{"allow":["GET"]}}],"collection":[{"href":"https:\/\/soydeaqui.ddns.net\/pachuca\/index.php\/wp-json\/wp\/v2\/product"}],"about":[{"href":"https:\/\/soydeaqui.ddns.net\/pachuca\/index.php\/wp-json\/wp\/v2\/types\/product"}],"replies":[{"embeddable":true,"href":"https:\/\/soydeaqui.ddns.net\/pachuca\/index.php\/wp-json\/wp\/v2\/comments?post=38529"}],"wp:featuredmedia":[{"embeddable":true,"href":"https:\/\/soydeaqui.ddns.net\/pachuca\/index.php\/wp-json\/wp\/v2\/media\/38528"}],"wp:attachment":[{"href":"https:\/\/soydeaqui.ddns.net\/pachuca\/index.php\/wp-json\/wp\/v2\/media?parent=38529"}],"wp:term":[{"taxonomy":"product_brand","embeddable":true,"href":"https:\/\/soydeaqui.ddns.net\/pachuca\/index.php\/wp-json\/wp\/v2\/product_brand?post=38529"},{"taxonomy":"product_cat","embeddable":true,"href":"https:\/\/soydeaqui.ddns.net\/pachuca\/index.php\/wp-json\/wp\/v2\/product_cat?post=38529"},{"taxonomy":"product_tag","embeddable":true,"href":"https:\/\/soydeaqui.ddns.net\/pachuca\/index.php\/wp-json\/wp\/v2\/product_tag?post=38529"}],"curies":[{"name":"wp","href":"https:\/\/api.w.org\/{rel}","templated":true}]}}