{"id":38503,"date":"2026-03-18T16:58:08","date_gmt":"2026-03-18T16:58:08","guid":{"rendered":"https:\/\/soydeaqui.ddns.net\/pachuca\/index.php\/producto\/locker-inteligente-de-expansin-con-12-espacios-requiere-locker-maestro-comunica-al-maestro-por-rs485\/"},"modified":"2026-03-18T16:58:09","modified_gmt":"2026-03-18T16:58:09","slug":"locker-inteligente-de-expansin-con-12-espacios-requiere-locker-maestro-comunica-al-maestro-por-rs485","status":"publish","type":"product","link":"https:\/\/soydeaqui.ddns.net\/pachuca\/index.php\/producto\/locker-inteligente-de-expansin-con-12-espacios-requiere-locker-maestro-comunica-al-maestro-por-rs485\/","title":{"rendered":"Locker Inteligente de Expansi?n con 12 Espacios \/ Requiere Locker Maestro \/ Comunica al Maestro por RS485"},"content":{"rendered":"<div style='width: 100%; max-width: 1200px; margin: 0 auto; font-family: sans-serif; line-height: 1.6; color: inherit; background-color: transparent;'>\n<div style='display: flex; flex-wrap: wrap; gap: 30px; margin-bottom: 30px;'>\n<div style='flex: 1 1 300px; min-width: 280px;'>\n<h3 style='font-size: 22px; border-bottom: 2px solid currentColor; padding-bottom: 5px; margin-top: 0; color: inherit; opacity: 0.8;'>Caracter\u00edsticas Principales<\/h3>\n<ul style='padding-left: 20px; font-size: 15px; color: inherit;'>\n<li style='margin-bottom: 5px;'><strong>Administraci\u00f3n desde locker Maestro DS-KLM28-12 (requerido)<\/strong><\/li>\n<li style='margin-bottom: 5px;'><strong>Locker Esclavo.<\/strong><\/li>\n<li style='margin-bottom: 5px;'>La soluci\u00f3n soporta hasta 16 Lockers de Expansi\u00f3n DS-KLB212<\/li>\n<\/ul><\/div>\n<div style='flex: 1 1 300px; min-width: 280px;'>\n<h3 style='font-size: 22px; border-bottom: 2px solid currentColor; padding-bottom: 5px; margin-top: 0; color: inherit; opacity: 0.8;'>Caracter\u00edsticas F\u00edsicas y El\u00e9ctricas<\/h3>\n<ul style='padding-left: 20px; font-size: 15px; color: inherit;'>\n<li style='margin-bottom: 5px;'><strong>Alimentaci\u00f3n:<\/strong> 12 Vcd recibida desde locker Maestro<\/li>\n<li style='margin-bottom: 5px;'><strong>Temperatura de Operaci\u00f3n:<\/strong> -10 a 50\u00b0C<\/li>\n<li style='margin-bottom: 5px;'><strong>Comunicaci\u00f3n:<\/strong> RS485<\/li>\n<li style='margin-bottom: 5px;'><strong>Tama\u00f1o de gabinetes:<\/strong> 27.7 x 37.2 x 45 cm<\/li>\n<li style='margin-bottom: 5px;'><strong>Tama\u00f1o total del locker:<\/strong> 188 x 97 x 47<\/li>\n<li style='margin-bottom: 5px;'><strong>Peso:<\/strong> 50 Kg<\/li>\n<li style='margin-bottom: 5px;'><strong>Uso:<\/strong> Solo en Interior<\/li>\n<\/ul><\/div>\n<div style='flex: 1 1 300px; min-width: 280px;'>\n<h3 style='font-size: 22px; border-bottom: 2px solid currentColor; padding-bottom: 5px; margin-top: 0; color: inherit; opacity: 0.8;'>Caracter\u00edsticas Destacadas <span style='color: #c0392b;'>a\u00f1adiendo Locker Maestro<\/span><\/h3>\n<ul style='padding-left: 20px; font-size: 15px; color: inherit;'>\n<li style='margin-bottom: 5px;'>Todo incluido (terminal facial&comma; cerraduras para cada gabinete&comma; tarjeta madre controladora)<\/li>\n<li style='margin-bottom: 5px;'><strong>Modos de Trabajo:<\/strong> Empleados&comma; Visitantes y Mixto<\/li>\n<li style='margin-bottom: 5px;'>Soporta configurar un gabinete para un empleado&comma; m\u00faltiples gabinetes a un empleado y m\u00faltiples empleados a un gabinete<\/li>\n<li style='margin-bottom: 5px;'><strong>Permisos y Horarios de Acceso<\/strong><\/li>\n<li style='margin-bottom: 5px;'><strong>Soporta API para Integraciones con Terceros (ISAPI)<\/strong><\/li>\n<\/ul><\/div>\n<\/p><\/div>\n<div style='margin: 40px 0; text-align: center;'>\n<h2 style='font-size: 24px; margin-bottom: 20px; color: inherit;'>Aqu\u00ed explicamos como Funciona la Soluci\u00f3n con Locker Maestro<\/h2>\n<div style='position: relative; padding-bottom: 56.25%; height: 0; overflow: hidden; margin-bottom: 30px;'>   <\/div>\n<\/p><\/div>\n<div style='margin: 30px 0; text-align: center;'> <img style='width: 100%; height: auto; border: 1px solid rgba(150&comma;150&comma;150&comma;0.3); border-radius: 8px;' src='https:\/\/ftp3.syscom.mx\/usuarios\/fespinoza\/HIKVISION\/Dispositivos\/Lockers\/lock.png' alt=''> <\/div>\n<hr style='border: 0; border-top: 1px solid rgba(150&comma; 150&comma; 150&comma; 0.3); margin: 30px 0;'> <\/div>\n","protected":false},"excerpt":{"rendered":"<p>Locker Inteligente de Expansi?n con 12 Espacios \/ Requiere Locker Maestro \/ Comunica al Maestro por RS485<\/p>\n","protected":false},"featured_media":38502,"comment_status":"open","ping_status":"closed","template":"","meta":[],"product_brand":[],"product_cat":[1192],"product_tag":[1193,1077,54],"class_list":{"0":"post-38503","1":"product","2":"type-product","3":"status-publish","4":"has-post-thumbnail","6":"product_cat-gabinetes-para-exterior-interior","7":"product_tag-gabinetes-para-exterior-interior","8":"product_tag-gabinetes-y-cajas","9":"product_tag-hikvision","11":"first","12":"instock","13":"sale","14":"shipping-taxable","15":"purchasable","16":"product-type-simple"},"_links":{"self":[{"href":"https:\/\/soydeaqui.ddns.net\/pachuca\/index.php\/wp-json\/wp\/v2\/product\/38503","targetHints":{"allow":["GET"]}}],"collection":[{"href":"https:\/\/soydeaqui.ddns.net\/pachuca\/index.php\/wp-json\/wp\/v2\/product"}],"about":[{"href":"https:\/\/soydeaqui.ddns.net\/pachuca\/index.php\/wp-json\/wp\/v2\/types\/product"}],"replies":[{"embeddable":true,"href":"https:\/\/soydeaqui.ddns.net\/pachuca\/index.php\/wp-json\/wp\/v2\/comments?post=38503"}],"wp:featuredmedia":[{"embeddable":true,"href":"https:\/\/soydeaqui.ddns.net\/pachuca\/index.php\/wp-json\/wp\/v2\/media\/38502"}],"wp:attachment":[{"href":"https:\/\/soydeaqui.ddns.net\/pachuca\/index.php\/wp-json\/wp\/v2\/media?parent=38503"}],"wp:term":[{"taxonomy":"product_brand","embeddable":true,"href":"https:\/\/soydeaqui.ddns.net\/pachuca\/index.php\/wp-json\/wp\/v2\/product_brand?post=38503"},{"taxonomy":"product_cat","embeddable":true,"href":"https:\/\/soydeaqui.ddns.net\/pachuca\/index.php\/wp-json\/wp\/v2\/product_cat?post=38503"},{"taxonomy":"product_tag","embeddable":true,"href":"https:\/\/soydeaqui.ddns.net\/pachuca\/index.php\/wp-json\/wp\/v2\/product_tag?post=38503"}],"curies":[{"name":"wp","href":"https:\/\/api.w.org\/{rel}","templated":true}]}}