{"id":38485,"date":"2026-03-18T16:57:42","date_gmt":"2026-03-18T16:57:42","guid":{"rendered":"https:\/\/soydeaqui.ddns.net\/pachuca\/index.php\/producto\/taller-de-soldadura-exotermica-techfussion\/"},"modified":"2026-03-18T16:57:43","modified_gmt":"2026-03-18T16:57:43","slug":"taller-de-soldadura-exotermica-techfussion","status":"publish","type":"product","link":"https:\/\/soydeaqui.ddns.net\/pachuca\/index.php\/producto\/taller-de-soldadura-exotermica-techfussion\/","title":{"rendered":"Taller de soldadura Exot\u00e9rmica &#8220;TechFussion&#8221;"},"content":{"rendered":"<div style='width: 100%; max-width: 1200px; margin: 0 auto; font-family: sans-serif; line-height: 1.6; color: inherit; background-color: transparent;'> <!-- Secci\u00f3n de informaci\u00f3n b\u00e1sica --> <\/p>\n<div style='display: flex; flex-wrap: wrap; gap: 30px; margin-bottom: 30px;'>\n<div style='flex: 1 1 300px; min-width: 280px;'>\n<h3 style='font-size: 22px; border-bottom: 2px solid currentColor; padding-bottom: 5px; margin-top: 0; color: inherit; opacity: 0.8;'>Informaci\u00f3n General<\/h3>\n<ul style='padding-left: 20px; font-size: 15px; color: inherit;'>\n<li style='margin-bottom: 5px;'><strong>Calendarizaci\u00f3n:<\/strong> <a href='https:\/\/www.syscom.mx\/calendario\/' style='color: inherit; text-decoration: underline;'>Ver calendarizaci\u00f3n<\/a><\/li>\n<li style='margin-bottom: 5px;'><strong>Requisitos:<\/strong> Conocimientos b\u00e1sicos de Electricidad<\/li>\n<li style='margin-bottom: 5px;'><strong>Duraci\u00f3n:<\/strong> 3 Horas<\/li>\n<li style='margin-bottom: 5px;'><strong>Horario:<\/strong> de 10:00 a.m. a 1:00 pm<\/li>\n<\/ul><\/div>\n<\/p><\/div>\n<p> <!-- Secci\u00f3n de incluye --> <\/p>\n<div style='margin-bottom: 30px;'>\n<h3 style='font-size: 22px; border-bottom: 2px solid currentColor; padding-bottom: 5px; margin-top: 0; color: inherit; opacity: 0.8;'>El curso incluye<\/h3>\n<ul style='padding-left: 20px; font-size: 15px; color: inherit;'>\n<li style='margin-bottom: 5px;'>Informaci\u00f3n precargada del curso correspondiente<\/li>\n<li style='margin-bottom: 5px;'>Documentos de apoyo y cuaderno de trabajo<\/li>\n<li style='margin-bottom: 5px;'>Coffee break<\/li>\n<\/ul><\/div>\n<p> <!-- Secci\u00f3n de a qui\u00e9n va dirigido --> <\/p>\n<div style='margin-bottom: 30px;'>\n<h3 style='font-size: 22px; border-bottom: 2px solid currentColor; padding-bottom: 5px; margin-top: 0; color: inherit; opacity: 0.8;'>A qui\u00e9n est\u00e1 dirigido<\/h3>\n<p style='margin-bottom: 15px; font-size: 15px; color: inherit;'>Distribuidores interesados de realizar una completa y eficiente instalaci\u00f3n de Sistema de Tierra F\u00edsica utilizando el proceso de soldadura exot\u00e9rmica para maximizar la eficiencia y la protecci\u00f3n del equipo en caso de una variaci\u00f3n de energ\u00eda. Por ejemplo:<\/p>\n<ul style='padding-left: 20px; font-size: 15px; color: inherit;'>\n<li style='margin-bottom: 5px;'>Instaladores de Equipo de Radiocomunicaci\u00f3n<\/li>\n<li style='margin-bottom: 5px;'>Integradores de Sistemas Profesionales de CCTV<\/li>\n<li style='margin-bottom: 5px;'>Torreros&comma; Ing. Civiles&comma; Arquitectos enfocados en la planeaci\u00f3n de Edificaciones<\/li>\n<li style='margin-bottom: 5px;'>T\u00e9cnicos El\u00e9ctricos y Electr\u00f3nicos encargados de realizar estudios e instalaciones de Tierras F\u00edsicas<\/li>\n<li style='margin-bottom: 5px;'>Organismos dedicados a certificar o realizar mediciones de resistencia de suelo<\/li>\n<\/ul><\/div>\n<p> <!-- Secci\u00f3n de objetivo --> <\/p>\n<div style='margin-bottom: 30px;'>\n<h3 style='font-size: 22px; border-bottom: 2px solid currentColor; padding-bottom: 5px; margin-top: 0; color: inherit; opacity: 0.8;'>Objetivo<\/h3>\n<ul style='padding-left: 20px; font-size: 15px; color: inherit;'>\n<li style='margin-bottom: 5px;'>Garantizar que todos aquellos responsables de realizar la uni\u00f3n de cables por medio del proceso de soldadura exot\u00e9rmica est\u00e9n debidamente preparados y capacitados para llevar a cabo con \u00e9xito cada proyecto<\/li>\n<\/ul><\/div>\n<p> <!-- Secci\u00f3n de competencias --> <\/p>\n<div style='margin-bottom: 30px;'>\n<h3 style='font-size: 22px; border-bottom: 2px solid currentColor; padding-bottom: 5px; margin-top: 0; color: inherit; opacity: 0.8;'>Al terminar el participante ser\u00e1 capaz de<\/h3>\n<ul style='padding-left: 20px; font-size: 15px; color: inherit;'>\n<li style='margin-bottom: 5px;'>Proponer sistemas de infraestructura el\u00e9ctrica que aseguren la calidad de la energ\u00eda<\/li>\n<li style='margin-bottom: 5px;'>Comprender los conceptos b\u00e1sicos de Sistemas de Puesta a Tierra y Soldadura Exot\u00e9rmica&comma; de acuerdo a la NOM-001-SEDE-2012<\/li>\n<li style='margin-bottom: 5px;'>Analizar proyectos constructivos&comma; comerciales&comma; industriales y residenciales para identificar riesgos y proponer soluciones contra descargas&comma; est\u00e1tica y perturbaciones en la l\u00ednea<\/li>\n<li style='margin-bottom: 5px;'>Ejecutar conforme a procedimientos la instalaci\u00f3n de las soluciones que ofrece SYSCOM con personal ejecutivo verificando su desempe\u00f1o<\/li>\n<li style='margin-bottom: 5px;'>Realizar memorias t\u00e9cnicas de la instalaci\u00f3n de las diferentes soluciones<\/li>\n<\/ul><\/div>\n<p> <!-- Secci\u00f3n de temario --> <\/p>\n<div style='margin-bottom: 30px;'>\n<h3 style='font-size: 22px; border-bottom: 2px solid currentColor; padding-bottom: 5px; margin-top: 0; color: inherit; opacity: 0.8;'>Temario<\/h3>\n<ol style='padding-left: 20px; font-size: 15px; color: inherit;'>\n<li style='margin-bottom: 5px;'>Marco Te\u00f3rico definici\u00f3n de conceptos<\/li>\n<li style='margin-bottom: 5px;'>Principios de la soldadura<\/li>\n<li style='margin-bottom: 5px;'>Ventajas y Desventajas<\/li>\n<li style='margin-bottom: 5px;'>Materiales soldadura exot\u00e9rmica<\/li>\n<li style='margin-bottom: 5px;'>Proceso y procedimiento de aplicaci\u00f3n<\/li>\n<li style='margin-bottom: 5px;'>Mantenimiento a soldadura<\/li>\n<li style='margin-bottom: 5px;'>Precauciones a tener en cuenta<\/li>\n<li style='margin-bottom: 5px;'>Aplicaciones generales<\/li>\n<li style='margin-bottom: 5px;'>Conclusiones<\/li>\n<\/ol><\/div>\n<\/p><\/div>\n","protected":false},"excerpt":{"rendered":"<p>Taller de soldadura Exot\u00e9rmica &#8220;TechFussion&#8221;<\/p>\n","protected":false},"featured_media":38484,"comment_status":"open","ping_status":"closed","template":"","meta":[],"product_brand":[],"product_cat":[1161],"product_tag":[1088,1162,63],"class_list":{"0":"post-38485","1":"product","2":"type-product","3":"status-publish","4":"has-post-thumbnail","6":"product_cat-pararrayos","7":"product_tag-calidad-de-la-energia","8":"product_tag-pararrayos","9":"product_tag-syscom","11":"first","12":"outofstock","13":"sale","14":"shipping-taxable","15":"purchasable","16":"product-type-simple"},"_links":{"self":[{"href":"https:\/\/soydeaqui.ddns.net\/pachuca\/index.php\/wp-json\/wp\/v2\/product\/38485","targetHints":{"allow":["GET"]}}],"collection":[{"href":"https:\/\/soydeaqui.ddns.net\/pachuca\/index.php\/wp-json\/wp\/v2\/product"}],"about":[{"href":"https:\/\/soydeaqui.ddns.net\/pachuca\/index.php\/wp-json\/wp\/v2\/types\/product"}],"replies":[{"embeddable":true,"href":"https:\/\/soydeaqui.ddns.net\/pachuca\/index.php\/wp-json\/wp\/v2\/comments?post=38485"}],"wp:featuredmedia":[{"embeddable":true,"href":"https:\/\/soydeaqui.ddns.net\/pachuca\/index.php\/wp-json\/wp\/v2\/media\/38484"}],"wp:attachment":[{"href":"https:\/\/soydeaqui.ddns.net\/pachuca\/index.php\/wp-json\/wp\/v2\/media?parent=38485"}],"wp:term":[{"taxonomy":"product_brand","embeddable":true,"href":"https:\/\/soydeaqui.ddns.net\/pachuca\/index.php\/wp-json\/wp\/v2\/product_brand?post=38485"},{"taxonomy":"product_cat","embeddable":true,"href":"https:\/\/soydeaqui.ddns.net\/pachuca\/index.php\/wp-json\/wp\/v2\/product_cat?post=38485"},{"taxonomy":"product_tag","embeddable":true,"href":"https:\/\/soydeaqui.ddns.net\/pachuca\/index.php\/wp-json\/wp\/v2\/product_tag?post=38485"}],"curies":[{"name":"wp","href":"https:\/\/api.w.org\/{rel}","templated":true}]}}