{"id":3848,"date":"2026-03-18T06:12:41","date_gmt":"2026-03-18T06:12:41","guid":{"rendered":"https:\/\/soydeaqui.ddns.net\/pachuca\/index.php\/producto\/convertidor-8-zonas-cableadas-a-inalambricas-compatible-con-vista-lynx-m2m\/"},"modified":"2026-03-18T06:12:47","modified_gmt":"2026-03-18T06:12:47","slug":"convertidor-8-zonas-cableadas-a-inalambricas-compatible-con-vista-lynx-m2m","status":"publish","type":"product","link":"https:\/\/soydeaqui.ddns.net\/pachuca\/index.php\/producto\/convertidor-8-zonas-cableadas-a-inalambricas-compatible-con-vista-lynx-m2m\/","title":{"rendered":"Convertidor 8 zonas cableadas a inalambricas, Compatible con Vista, Lynx, M2M"},"content":{"rendered":"<div style='width: 100%; max-width: 1200px; margin: 0 auto; font-family: sans-serif; line-height: 1.6; color: inherit; background-color: transparent;'>\n<p style='text-align: center;'><img style='width: 100%; max-width: 250px; height: auto; border: 1px solid rgba(150&comma;150&comma;150&comma;0.3); border-radius: 8px;' src='https:\/\/ftp3.syscom.mx\/usuarios\/vvega\/sfire\/SFIRE_LOGO.png' alt=''><\/p>\n<div style='margin: 30px 0;'>\n<p style='font-size: 14px; color: inherit;'>Est\u00e1 dise\u00f1ado para tomar hasta 8 contactos cableados normalmente cerrados y convertirlos en 8 zonas inal\u00e1mbricas independientes.<\/p>\n<p style='font-size: 14px; color: inherit;'>Este producto es ideal para tomas de control de paneles o donde los contactos est\u00e1n precableados pero no en una ubicaci\u00f3n ideal para el panel de control.<\/p>\n<p style='font-size: 14px; color: inherit;'>Dado que funciona al 100% con bater\u00edas&comma; se puede colocar pr\u00e1cticamente en cualquier lugar para simplificar la instalaci\u00f3n.<\/p>\n<p style='font-size: 14px; color: inherit;'>Para dispositivos que requieren energ\u00eda (es decir&comma; detector de movimiento) se requiere una fuente de alimentaci\u00f3n separada.<\/p>\n<p style='font-size: 14px; color: inherit;'>Puede ser el panel de control existente o una fuente de alimentaci\u00f3n independiente capaz de proporcionar la energ\u00eda adecuada.<\/p>\n<\/p><\/div>\n<div style='display: flex; flex-wrap: wrap; gap: 20px; margin-bottom: 30px;'>\n<div style='flex: 1 1 300px; min-width: 280px;'>\n<div style='border: 1px solid rgba(150&comma;150&comma;150&comma;0.4); border-radius: 8px; overflow: hidden; display: flex; flex-direction: column;'>\n<div style='padding: 15px; border-bottom: 1px solid rgba(150&comma;150&comma;150&comma;0.2); font-weight: bold; font-size: 18px; color: inherit;'>Caracter\u00edsticas principales:<\/div>\n<div style='padding: 15px; color: inherit;'>\n<ul style='padding-left: 20px; margin: 0; font-size: 14px; list-style-type: disc;'>\n<li style='margin-bottom: 5px;'>Compatible con Paneles <strong>Honeywell<\/strong> y <strong>Paneles M2M<\/strong><\/li>\n<li style='margin-bottom: 5px;'>Capacidad de conectar 8 Zonas cableadas NC<\/li>\n<li style='margin-bottom: 5px;'>8 Lazos independientes para cada Zona<\/li>\n<li style='margin-bottom: 5px;'>Comunicaci\u00f3n Inal\u00e1mbrica hacia el Panel de alarma.<\/li>\n<\/ul><\/div>\n<\/p><\/div>\n<\/p><\/div>\n<div style='flex: 1 1 300px; min-width: 280px;'>\n<div style='border: 1px solid rgba(150&comma;150&comma;150&comma;0.4); border-radius: 8px; overflow: hidden; display: flex; flex-direction: column;'>\n<div style='padding: 15px; border-bottom: 1px solid rgba(150&comma;150&comma;150&comma;0.2); font-weight: bold; font-size: 18px; color: inherit;'>Caracter\u00edsticas F\u00edsicas y El\u00e9ctricas:<\/div>\n<div style='padding: 15px; color: inherit;'>\n<ul style='padding-left: 20px; margin: 0; font-size: 14px; list-style-type: disc;'>\n<li style='margin-bottom: 5px;'>Frecuencia 345Mhz<\/li>\n<li style='margin-bottom: 5px;'>Bater\u00eda 2 x 3V Litio Modelo CR-2032 (incluidas)<\/li>\n<li style='margin-bottom: 5px;'>Duraci\u00f3n Aproximada de Bater\u00eda de 10 a\u00f1os<\/li>\n<li style='margin-bottom: 5px;'>Temperatura Operaci\u00f3n de 0\u00b0 a 49\u00b0 C<\/li>\n<li style='margin-bottom: 5px;'>Dimensiones: 10.5*9*2 cms<\/li>\n<\/ul><\/div>\n<\/p><\/div>\n<\/p><\/div>\n<div style='flex: 1 1 300px; min-width: 280px;'>\n<div style='border: 1px solid rgba(150&comma;150&comma;150&comma;0.4); border-radius: 8px; overflow: hidden; display: flex; flex-direction: column;'>\n<div style='padding: 15px; border-bottom: 1px solid rgba(150&comma;150&comma;150&comma;0.2); font-weight: bold; font-size: 18px; color: inherit;'>Contenido:<\/div>\n<div style='padding: 15px; color: inherit;'>\n<ul style='padding-left: 20px; margin: 0; font-size: 14px; list-style-type: disc;'>\n<li style='margin-bottom: 5px;'>Extensor inal\u00e1mbrico zonas cableadas<\/li>\n<li style='margin-bottom: 5px;'>2 Bater\u00eda 3V Litio Modelo CR-2032<\/li>\n<\/ul><\/div>\n<\/p><\/div>\n<\/p><\/div>\n<\/p><\/div>\n<div style='display: flex; flex-wrap: wrap; gap: 30px; margin-top: 30px;'>\n<div style='flex: 1 1 300px; min-width: 280px;'>\n<h2 style='font-size: 16px; margin: 0 0 15px 0; color: inherit; opacity: 0.8;'>CONVERTIDOR INAL\u00c1MBRICO Compatible con Paneles Honeywell Resideo y PRO4GEN2 \/ LTEM<\/h2>\n<\/p><\/div>\n<div style='flex: 1 1 500px; min-width: 300px;'>\n<div style='position: relative; padding-bottom: 56.25%; height: 0; overflow: hidden; margin-bottom: 30px;'>   <\/div>\n<\/p><\/div>\n<\/p><\/div>\n<\/p><\/div>\n","protected":false},"excerpt":{"rendered":"<p>Convertidor 8 zonas cableadas a inalambricas, Compatible con Vista, Lynx, M2M<\/p>\n","protected":false},"featured_media":3847,"comment_status":"open","ping_status":"closed","template":"","meta":[],"product_brand":[],"product_cat":[174],"product_tag":[172,175,79],"class_list":{"0":"post-3848","1":"product","2":"type-product","3":"status-publish","4":"has-post-thumbnail","6":"product_cat-modulos-de-expansion-cableado","7":"product_tag-modulos-de-expansion","8":"product_tag-modulos-de-expansion-cableado","9":"product_tag-sfire","11":"first","12":"instock","13":"sale","14":"shipping-taxable","15":"purchasable","16":"product-type-simple"},"_links":{"self":[{"href":"https:\/\/soydeaqui.ddns.net\/pachuca\/index.php\/wp-json\/wp\/v2\/product\/3848","targetHints":{"allow":["GET"]}}],"collection":[{"href":"https:\/\/soydeaqui.ddns.net\/pachuca\/index.php\/wp-json\/wp\/v2\/product"}],"about":[{"href":"https:\/\/soydeaqui.ddns.net\/pachuca\/index.php\/wp-json\/wp\/v2\/types\/product"}],"replies":[{"embeddable":true,"href":"https:\/\/soydeaqui.ddns.net\/pachuca\/index.php\/wp-json\/wp\/v2\/comments?post=3848"}],"wp:featuredmedia":[{"embeddable":true,"href":"https:\/\/soydeaqui.ddns.net\/pachuca\/index.php\/wp-json\/wp\/v2\/media\/3847"}],"wp:attachment":[{"href":"https:\/\/soydeaqui.ddns.net\/pachuca\/index.php\/wp-json\/wp\/v2\/media?parent=3848"}],"wp:term":[{"taxonomy":"product_brand","embeddable":true,"href":"https:\/\/soydeaqui.ddns.net\/pachuca\/index.php\/wp-json\/wp\/v2\/product_brand?post=3848"},{"taxonomy":"product_cat","embeddable":true,"href":"https:\/\/soydeaqui.ddns.net\/pachuca\/index.php\/wp-json\/wp\/v2\/product_cat?post=3848"},{"taxonomy":"product_tag","embeddable":true,"href":"https:\/\/soydeaqui.ddns.net\/pachuca\/index.php\/wp-json\/wp\/v2\/product_tag?post=3848"}],"curies":[{"name":"wp","href":"https:\/\/api.w.org\/{rel}","templated":true}]}}