{"id":38451,"date":"2026-03-18T16:56:49","date_gmt":"2026-03-18T16:56:49","guid":{"rendered":"https:\/\/soydeaqui.ddns.net\/pachuca\/index.php\/producto\/certificacion-virtual-en-fundamentos-y-proyeccion-para-la-correccion-del-factor-de-potencia-valida-ante-secretaria-del-trabajo\/"},"modified":"2026-03-18T16:56:50","modified_gmt":"2026-03-18T16:56:50","slug":"certificacion-virtual-en-fundamentos-y-proyeccion-para-la-correccion-del-factor-de-potencia-valida-ante-secretaria-del-trabajo","status":"publish","type":"product","link":"https:\/\/soydeaqui.ddns.net\/pachuca\/index.php\/producto\/certificacion-virtual-en-fundamentos-y-proyeccion-para-la-correccion-del-factor-de-potencia-valida-ante-secretaria-del-trabajo\/","title":{"rendered":"Certificaci\u00f3n Virtual en Fundamentos y Proyecci\u00f3n para la correcci\u00f3n del factor de potencia (V\u00e1lida Ante Secretar\u00eda del Trabajo)"},"content":{"rendered":"<div style='width: 100%; max-width: 1200px; margin: 0 auto; font-family: sans-serif; line-height: 1.6; color: inherit; background-color: transparent;'>\n<div style='display: flex; flex-wrap: wrap; gap: 30px; margin-bottom: 30px;'>\n<div style='flex: 1 1 300px; min-width: 280px;'>\n<h3 style='font-size: 22px; border-bottom: 2px solid currentColor; padding-bottom: 5px; margin-top: 0; color: inherit; opacity: 0.8;'>Informaci\u00f3n del Curso<\/h3>\n<ul style='padding-left: 20px; font-size: 15px; color: inherit;'>\n<li style='margin-bottom: 5px;'><strong>Calendarizaci\u00f3n:<\/strong> <a href='https:\/\/www.syscom.mx\/calendario\/' style='color: inherit; text-decoration: underline;'>Ver calendarizaci\u00f3n.<\/a><\/li>\n<li style='margin-bottom: 5px;'><strong>Requisitos:<\/strong> Llenar el formato DC-3 para obtener el certificado con validez en la secretar\u00eda de trabajo. Conocimientos b\u00e1sicos de Electricidad.<\/li>\n<li style='margin-bottom: 5px;'><strong>Duraci\u00f3n:<\/strong> 9 horas (3 d\u00edas).<\/li>\n<li style='margin-bottom: 5px;'><strong>Horario:<\/strong> de 4:00 p.m. a 7:00 p.m. (Hora del centro)<\/li>\n<\/ul><\/div>\n<div style='flex: 1 1 300px; min-width: 280px;'>\n<h3 style='font-size: 22px; border-bottom: 2px solid currentColor; padding-bottom: 5px; margin-top: 0; color: inherit; opacity: 0.8;'>Incluye<\/h3>\n<ul style='padding-left: 20px; font-size: 15px; color: inherit;'>\n<li style='margin-bottom: 5px;'>Informaci\u00f3n del curso correspondiente.<\/li>\n<li style='margin-bottom: 5px;'>Documentos de apoyo.<\/li>\n<li style='margin-bottom: 5px;'>Portafolio<\/li>\n<li style='margin-bottom: 5px;'>Examen<\/li>\n<li style='margin-bottom: 5px;'>Evaluaci\u00f3n del curso.<\/li>\n<li style='margin-bottom: 5px;'>Certificado Total Ground con vigencia de 2 a\u00f1os (requisito: pasar el examen).<\/li>\n<\/ul><\/div>\n<\/p><\/div>\n<div style='display: flex; flex-wrap: wrap; gap: 30px; margin-bottom: 30px;'>\n<div style='flex: 1 1 300px; min-width: 280px;'>\n<h3 style='font-size: 22px; border-bottom: 2px solid currentColor; padding-bottom: 5px; margin-top: 0; color: inherit; opacity: 0.8;'>Condicionantes<\/h3>\n<ul style='padding-left: 20px; font-size: 15px; color: inherit;'>\n<li style='margin-bottom: 5px;'>Para Obtener el certificado con validez en la secretar\u00eda del trabajo&comma; se debe aprobar el examen y se debe presentar (el d\u00eda del curso) 3 copias originales del formato DC-3 con los datos del asistente.<\/li>\n<li style='margin-bottom: 5px;'>Es posible que el curso sea cancelado si no se re\u00fane un grupo m\u00ednimo.<\/li>\n<\/ul><\/div>\n<div style='flex: 1 1 300px; min-width: 280px;'>\n<h3 style='font-size: 22px; border-bottom: 2px solid currentColor; padding-bottom: 5px; margin-top: 0; color: inherit; opacity: 0.8;'>Dirigido a<\/h3>\n<ul style='padding-left: 20px; font-size: 15px; color: inherit;'>\n<li style='margin-bottom: 5px;'>Distribuidores interesados de realizar una proyecci\u00f3n para la correcci\u00f3n del Factor de Potencia<\/li>\n<li style='margin-bottom: 5px;'>Instaladores de Equipo de Radiocomunicaci\u00f3n.<\/li>\n<li style='margin-bottom: 5px;'>Integradores de Sistemas Profesionales de CCTV.<\/li>\n<li style='margin-bottom: 5px;'>Torreros&comma; Ing. Civiles&comma; Arquitectos enfocados en la planeaci\u00f3n de Edificaciones.<\/li>\n<li style='margin-bottom: 5px;'>T\u00e9cnicos El\u00e9ctricos y Electr\u00f3nicos encargados de realizar estudios e instalaciones de Tierras F\u00edsicas.<\/li>\n<li style='margin-bottom: 5px;'>Organismos dedicados a certificar o realizar mediciones de resistencia de suelo.<\/li>\n<\/ul><\/div>\n<\/p><\/div>\n<div style='margin-bottom: 30px;'>\n<h3 style='font-size: 22px; border-bottom: 2px solid currentColor; padding-bottom: 5px; margin-top: 0; color: inherit; opacity: 0.8;'>Objetivo<\/h3>\n<ul style='padding-left: 20px; font-size: 15px; color: inherit;'>\n<li style='margin-bottom: 5px;'>El asistente desarrollar\u00e1 una comprensi\u00f3n fundamental sobre la calidad de la energ\u00eda&comma; abarcando los diferentes tipos de bancos de capacitores y los procedimientos para su c\u00e1lculo y dimensionamiento adecuado.<\/li>\n<\/ul><\/div>\n<div style='margin-bottom: 30px;'>\n<h3 style='font-size: 22px; border-bottom: 2px solid currentColor; padding-bottom: 5px; margin-top: 0; color: inherit; opacity: 0.8;'>Competencias del Participante<\/h3>\n<ul style='padding-left: 20px; font-size: 15px; color: inherit;'>\n<li style='margin-bottom: 5px;'>Conocer las medidas necesarias de prevenci\u00f3n para centros de trabajo&comma; principalmente electricidad est\u00e1tica y sistemas de protecci\u00f3n; tales como sistemas de Puesta a Tierra y Pararrayos en base a las normativas aplicables en el territorio nacional.<\/li>\n<li style='margin-bottom: 5px;'>Proponer sistemas de infraestructura el\u00e9ctrica que aseguren la calidad de la energ\u00eda.<\/li>\n<li style='margin-bottom: 5px;'>Analizar proyectos constructivos&comma; comerciales&comma; industriales y residenciales para identificar riesgos y proponer soluciones contra descargas atmosf\u00e9ricas&comma; est\u00e1tica y perturbaciones en la l\u00ednea.<\/li>\n<li style='margin-bottom: 5px;'>Ejecutar conforme a procedimientos la instalaci\u00f3n de las soluciones de Total Ground con personal ejecutivo verificando su desempe\u00f1o.<\/li>\n<li style='margin-bottom: 5px;'>Realizar memorias t\u00e9cnicas de la instalaci\u00f3n de las diferentes soluciones de Total Ground.<\/li>\n<\/ul><\/div>\n<div style='margin-bottom: 30px;'>\n<h3 style='font-size: 22px; border-bottom: 2px solid currentColor; padding-bottom: 5px; margin-top: 0; color: inherit; opacity: 0.8;'>Temario<\/h3>\n<div style='display: flex; flex-wrap: wrap; gap: 20px; margin-top: 20px;'>\n<div style='flex: 1 1 250px; border: 1px solid rgba(150&comma; 150&comma; 150&comma; 0.4); border-radius: 8px; overflow: hidden; display: flex; flex-direction: column;'>\n<div style='padding: 15px; border-bottom: 1px solid rgba(150&comma; 150&comma; 150&comma; 0.2); font-weight: bold; font-size: 18px; color: inherit;'>M\u00f3dulo 1: Conceptos Fundamentales<\/div>\n<div style='padding: 15px; color: inherit;'>\n<ul style='padding-left: 20px; margin: 0; font-size: 14px; list-style-type: disc;'>\n<li style='margin-bottom: 5px;'>Corriente Directa<\/li>\n<li style='margin-bottom: 5px;'>Corriente Alterna<\/li>\n<li style='margin-bottom: 5px;'>Capacitor<\/li>\n<li style='margin-bottom: 5px;'>Capacitancia<\/li>\n<li style='margin-bottom: 5px;'>Ley de OHM<\/li>\n<\/ul><\/div>\n<\/p><\/div>\n<div style='flex: 1 1 250px; border: 1px solid rgba(150&comma; 150&comma; 150&comma; 0.4); border-radius: 8px; overflow: hidden; display: flex; flex-direction: column;'>\n<div style='padding: 15px; border-bottom: 1px solid rgba(150&comma; 150&comma; 150&comma; 0.2); font-weight: bold; font-size: 18px; color: inherit;'>M\u00f3dulo 2: Compensaci\u00f3n Capacitiva<\/div>\n<div style='padding: 15px; color: inherit;'>\n<ul style='padding-left: 20px; margin: 0; font-size: 14px; list-style-type: disc;'>\n<li style='margin-bottom: 5px;'>Triangulo de Potencias<\/li>\n<li style='margin-bottom: 5px;'>Compensaci\u00f3n Reactiva<\/li>\n<li style='margin-bottom: 5px;'>Dimensionamiento de Banco.<\/li>\n<\/ul><\/div>\n<\/p><\/div>\n<div style='flex: 1 1 250px; border: 1px solid rgba(150&comma; 150&comma; 150&comma; 0.4); border-radius: 8px; overflow: hidden; display: flex; flex-direction: column;'>\n<div style='padding: 15px; border-bottom: 1px solid rgba(150&comma; 150&comma; 150&comma; 0.2); font-weight: bold; font-size: 18px; color: inherit;'>M\u00f3dulo 3: Selecci\u00f3n<\/div>\n<div style='padding: 15px; color: inherit;'>\n<ul style='padding-left: 20px; margin: 0; font-size: 14px; list-style-type: disc;'>\n<li style='margin-bottom: 5px;'>Tipos de Bancos<\/li>\n<li style='margin-bottom: 5px;'>Selecci\u00f3n<\/li>\n<\/ul><\/div>\n<\/p><\/div>\n<div style='flex: 1 1 250px; border: 1px solid rgba(150&comma; 150&comma; 150&comma; 0.4); border-radius: 8px; overflow: hidden; display: flex; flex-direction: column;'>\n<div style='padding: 15px; border-bottom: 1px solid rgba(150&comma; 150&comma; 150&comma; 0.2); font-weight: bold; font-size: 18px; color: inherit;'>M\u00f3dulo 4: Consideraciones de Instalaci\u00f3n<\/div>\n<div style='padding: 15px; color: inherit;'>\n<ul style='padding-left: 20px; margin: 0; font-size: 14px; list-style-type: disc;'>\n<li style='margin-bottom: 5px;'>Buenas Pr\u00e1cticas<\/li>\n<li style='margin-bottom: 5px;'>Par\u00e1metros por cuidar<\/li>\n<\/ul><\/div>\n<\/p><\/div>\n<div style='flex: 1 1 250px; border: 1px solid rgba(150&comma; 150&comma; 150&comma; 0.4); border-radius: 8px; overflow: hidden; display: flex; flex-direction: column;'>\n<div style='padding: 15px; border-bottom: 1px solid rgba(150&comma; 150&comma; 150&comma; 0.2); font-weight: bold; font-size: 18px; color: inherit;'>M\u00f3dulo 5: Normativa<\/div>\n<div style='padding: 15px; color: inherit;'>\n<ul style='padding-left: 20px; margin: 0; font-size: 14px; list-style-type: disc;'>\n<li style='margin-bottom: 5px;'>C\u00f3digo de red para centros de Carga<\/li>\n<li style='margin-bottom: 5px;'>CFE L0000-70<\/li>\n<\/ul><\/div>\n<\/p><\/div>\n<\/p><\/div>\n<\/p><\/div>\n<hr style='border: 0; border-top: 1px solid rgba(150&comma; 150&comma; 150&comma; 0.3); margin: 30px 0;'> <\/div>\n","protected":false},"excerpt":{"rendered":"<p>Certificaci\u00f3n Virtual en Fundamentos y Proyecci\u00f3n para la correcci\u00f3n del factor de potencia (V\u00e1lida Ante Secretar\u00eda del Trabajo)<\/p>\n","protected":false},"featured_media":38450,"comment_status":"open","ping_status":"closed","template":"","meta":[],"product_brand":[],"product_cat":[1161],"product_tag":[1088,1162,635],"class_list":{"0":"post-38451","1":"product","2":"type-product","3":"status-publish","4":"has-post-thumbnail","6":"product_cat-pararrayos","7":"product_tag-calidad-de-la-energia","8":"product_tag-pararrayos","9":"product_tag-total-ground","11":"first","12":"outofstock","13":"sale","14":"shipping-taxable","15":"purchasable","16":"product-type-simple"},"_links":{"self":[{"href":"https:\/\/soydeaqui.ddns.net\/pachuca\/index.php\/wp-json\/wp\/v2\/product\/38451","targetHints":{"allow":["GET"]}}],"collection":[{"href":"https:\/\/soydeaqui.ddns.net\/pachuca\/index.php\/wp-json\/wp\/v2\/product"}],"about":[{"href":"https:\/\/soydeaqui.ddns.net\/pachuca\/index.php\/wp-json\/wp\/v2\/types\/product"}],"replies":[{"embeddable":true,"href":"https:\/\/soydeaqui.ddns.net\/pachuca\/index.php\/wp-json\/wp\/v2\/comments?post=38451"}],"wp:featuredmedia":[{"embeddable":true,"href":"https:\/\/soydeaqui.ddns.net\/pachuca\/index.php\/wp-json\/wp\/v2\/media\/38450"}],"wp:attachment":[{"href":"https:\/\/soydeaqui.ddns.net\/pachuca\/index.php\/wp-json\/wp\/v2\/media?parent=38451"}],"wp:term":[{"taxonomy":"product_brand","embeddable":true,"href":"https:\/\/soydeaqui.ddns.net\/pachuca\/index.php\/wp-json\/wp\/v2\/product_brand?post=38451"},{"taxonomy":"product_cat","embeddable":true,"href":"https:\/\/soydeaqui.ddns.net\/pachuca\/index.php\/wp-json\/wp\/v2\/product_cat?post=38451"},{"taxonomy":"product_tag","embeddable":true,"href":"https:\/\/soydeaqui.ddns.net\/pachuca\/index.php\/wp-json\/wp\/v2\/product_tag?post=38451"}],"curies":[{"name":"wp","href":"https:\/\/api.w.org\/{rel}","templated":true}]}}