{"id":3845,"date":"2026-03-18T06:12:38","date_gmt":"2026-03-18T06:12:38","guid":{"rendered":"https:\/\/soydeaqui.ddns.net\/pachuca\/index.php\/producto\/detector-de-movimiento-pasivo-doble-tecnologia-microondas-y-pir-altura-de-montaje-0-8m-a-2-7-m-ajustable-estandar-cableado-100-exterior-compatible-con-cualquier-panel-de-alarma\/"},"modified":"2026-03-18T06:12:39","modified_gmt":"2026-03-18T06:12:39","slug":"detector-de-movimiento-pasivo-doble-tecnologia-microondas-y-pir-altura-de-montaje-0-8m-a-2-7-m-ajustable-estandar-cableado-100-exterior-compatible-con-cualquier-panel-de-alarma","status":"publish","type":"product","link":"https:\/\/soydeaqui.ddns.net\/pachuca\/index.php\/producto\/detector-de-movimiento-pasivo-doble-tecnologia-microondas-y-pir-altura-de-montaje-0-8m-a-2-7-m-ajustable-estandar-cableado-100-exterior-compatible-con-cualquier-panel-de-alarma\/","title":{"rendered":"Detector de Movimiento Pasivo \/ Doble tecnologia (Microondas y PIR) \/ Altura de montaje 0.8m a 2.7 m  ajustable \/ Est\u00e1ndar Cableado \/ 100% Exterior \/ Compatible con cualquier panel de alarma"},"content":{"rendered":"<div style='width: 100%; max-width: 1200px; margin: 0 auto; font-family: sans-serif; line-height: 1.6; color: inherit; background-color: transparent;'>\n<h2 style='font-size: 22px; border-bottom: 2px solid currentColor; padding-bottom: 5px; margin: 0 0 15px; color: inherit; opacity: 0.8;'>Detalles del producto<\/h2>\n<div style='margin-bottom: 30px;'>\n<p style='margin-bottom: 20px;'>La serie QX Infinity (QXI) es una familia de sensores infrarrojos y doble-tecnolog\u00eda que ofrecen amplio \u00e1ngulo de detecci\u00f3n 120\u00b0 y 12 m de cobertura. Su dise\u00f1o elegante y compacto&comma; hace de los sensores QXI un modelo ideal para cualquier edificio residencial o comercial&comma; ofreciendo detecci\u00f3n de movimiento fiable&comma; inmunidad animal y activaci\u00f3n de paneles de alarma de c\u00e1maras CCTV. QXI-DT es el modelo cableado con anti-blocking y doble-tecnolog\u00eda.<\/p>\n<div style='position: relative; padding-bottom: 56.25%; height: 0; overflow: hidden; margin-bottom: 30px;'>   <\/div>\n<div style='margin-top: 30px; display: grid; gap: 30px;'>\n<div> <img style='width: 100%; height: auto; border: 1px solid rgba(150&comma;150&comma;150&comma;0.3); border-radius: 8px;' src='https:\/\/s3-eu-west-1.amazonaws.com\/optex-europe\/sensor-downloads\/optex-qxi-st-dt-especificaciones-tecnicas-es.JPG' alt=''> <\/div>\n<div>\n<h3 style='font-size: 18px; margin: 0 0 15px; color: inherit; opacity: 0.8;'>Doble-tecnolog\u00eda y m\u00f3dulo OPTEX Tough microwave<\/h3>\n<p style='margin-bottom: 15px;'>La serie QXI combinan tecnolog\u00eda infrarrojo y microondas para confirmar la alarma&comma; solo activando la alarma cuando se detecta movimiento tanto por infrarojo como microondas. Adem\u00e1s cuentan con el m\u00f3dulo OPTEX Tough microwave para prevenir corrosi\u00f3n producida por condensaci\u00f3n y humedad.<\/p>\n<h3 style='font-size: 18px; margin: 0 0 15px; color: inherit; opacity: 0.8;'>Altura de montaje ajustable<\/h3>\n<p style='margin-bottom: 15px;'>Los detectores de intrusi\u00f3n para exterior QXI se pueden instalar en alto &#8211; entre 2&comma;2 m y 2&comma;7 m de altura &#8211; una pauta de detecci\u00f3n volum\u00e9trica multinivel que le permite ignorar peque\u00f1os animales. En entornos con animales grandes&comma; el sensor se puede montar entre 0&comma;8 y 1&comma;2 m de altura&comma; para ignorar el paso de mascotas.<\/p>\n<h3 style='font-size: 18px; margin: 0 0 15px; color: inherit; opacity: 0.8;'>An\u00e1lisis de la pauta de detecci\u00f3n para ignorar falsas alarmas<\/h3>\n<p style='margin-bottom: 15px;'>Todos los modelos QXI est\u00e1n provistos de una l\u00f3gica de an\u00e1lisis llamada SMDA&comma; que analiza la pauta de detecci\u00f3n y los cambios en el entorno&comma; tales como el clima o movimientos de la vegetaci\u00f3n&comma; para discriminar el ruido y la causa de las molestas falsas alarmas. Adem\u00e1s&comma; toda la gama QXI esta provista de doble cubierta conductiva para filtrar interferencias debidas a luz o electromagn\u00e9ticas.<\/p>\n<h3 style='font-size: 18px; margin: 0 0 15px; color: inherit; opacity: 0.8;'>QXI-DT viene provisto con funci\u00f3n anti-blocking<\/h3>\n<p style='margin-bottom: 15px;'>El modelo QXI-DT model ofrece una funci\u00f3n anti-blocking cuando va montado en alto&comma; utilizando el modulo microondas para detectar cualquier intento de tapar el sensor.<\/p>\n<\/p><\/div>\n<\/p><\/div>\n<\/p><\/div>\n<hr style='border: 0; border-top: 1px solid rgba(150&comma;150&comma;150&comma;0.3); margin: 30px 0;'>\n<div style='display: flex; flex-wrap: wrap; gap: 30px; margin-bottom: 30px;'>\n<div style='flex: 1 1 300px; min-width: 280px;'>\n<h3 style='font-size: 18px; border-bottom: 2px solid currentColor; padding-bottom: 5px; margin-top: 0; margin-bottom: 15px; color: inherit; opacity: 0.8;'>Aplicaciones<\/h3>\n<ul style='padding-left: 20px; font-size: 14px; color: inherit; margin: 0;'>\n<li style='margin-bottom: 5px;'>Acceso<\/li>\n<li style='margin-bottom: 5px;'>Casa<\/li>\n<li style='margin-bottom: 5px;'>Jardin<\/li>\n<li style='margin-bottom: 5px;'>Entrada de coches<\/li>\n<\/ul><\/div>\n<div style='flex: 1 1 300px; min-width: 280px;'>\n<h3 style='font-size: 18px; border-bottom: 2px solid currentColor; padding-bottom: 5px; margin-top: 0; margin-bottom: 15px; color: inherit; opacity: 0.8;'>Caracteristicas<\/h3>\n<ul style='padding-left: 20px; font-size: 14px; color: inherit; margin: 0;'>\n<li style='margin-bottom: 5px;'>12m&comma; 120 grados&comma; PIR cableado para exterior con anti-blocking<\/li>\n<li style='margin-bottom: 5px;'>Doble-tecnolog\u00eda&comma; dos capas de detecci\u00f3n y tolerancia a peque\u00f1os animales<\/li>\n<li style='margin-bottom: 5px;'>Montaje en alto (2.2-2.7m) o montaje regular para ignorar el paso de mascotas<\/li>\n<li style='margin-bottom: 5px;'>L\u00f3gica SMDA y doble cubierta conductiva para minimizar falsas alarmas<\/li>\n<\/ul><\/div>\n<\/p><\/div>\n<\/p><\/div>\n","protected":false},"excerpt":{"rendered":"<p>Detector de Movimiento Pasivo \/ Doble tecnologia (Microondas y PIR) \/ Altura de montaje 0.8m a 2.7 m  ajustable \/ Est\u00e1ndar Cableado \/ 100% Exterior \/ Compatible con cualquier panel de alarma<\/p>\n","protected":false},"featured_media":3844,"comment_status":"open","ping_status":"closed","template":"","meta":[],"product_brand":[],"product_cat":[202],"product_tag":[19,203,106],"class_list":{"0":"post-3845","1":"product","2":"type-product","3":"status-publish","4":"has-post-thumbnail","6":"product_cat-movimiento-para-exterior","7":"product_tag-detectores-sensores","8":"product_tag-movimiento-para-exterior","9":"product_tag-optex","11":"first","12":"outofstock","13":"sale","14":"shipping-taxable","15":"purchasable","16":"product-type-simple"},"_links":{"self":[{"href":"https:\/\/soydeaqui.ddns.net\/pachuca\/index.php\/wp-json\/wp\/v2\/product\/3845","targetHints":{"allow":["GET"]}}],"collection":[{"href":"https:\/\/soydeaqui.ddns.net\/pachuca\/index.php\/wp-json\/wp\/v2\/product"}],"about":[{"href":"https:\/\/soydeaqui.ddns.net\/pachuca\/index.php\/wp-json\/wp\/v2\/types\/product"}],"replies":[{"embeddable":true,"href":"https:\/\/soydeaqui.ddns.net\/pachuca\/index.php\/wp-json\/wp\/v2\/comments?post=3845"}],"wp:featuredmedia":[{"embeddable":true,"href":"https:\/\/soydeaqui.ddns.net\/pachuca\/index.php\/wp-json\/wp\/v2\/media\/3844"}],"wp:attachment":[{"href":"https:\/\/soydeaqui.ddns.net\/pachuca\/index.php\/wp-json\/wp\/v2\/media?parent=3845"}],"wp:term":[{"taxonomy":"product_brand","embeddable":true,"href":"https:\/\/soydeaqui.ddns.net\/pachuca\/index.php\/wp-json\/wp\/v2\/product_brand?post=3845"},{"taxonomy":"product_cat","embeddable":true,"href":"https:\/\/soydeaqui.ddns.net\/pachuca\/index.php\/wp-json\/wp\/v2\/product_cat?post=3845"},{"taxonomy":"product_tag","embeddable":true,"href":"https:\/\/soydeaqui.ddns.net\/pachuca\/index.php\/wp-json\/wp\/v2\/product_tag?post=3845"}],"curies":[{"name":"wp","href":"https:\/\/api.w.org\/{rel}","templated":true}]}}