{"id":38430,"date":"2026-03-18T16:56:18","date_gmt":"2026-03-18T16:56:18","guid":{"rendered":"https:\/\/soydeaqui.ddns.net\/pachuca\/index.php\/producto\/zapata-de-compresion-lcc600-12-6-para-cal-600-kcmil-doble-barreno-para-tornillo-prisionero-de-1-2-espaciado-de-orificios-44-5mm-1-pz\/"},"modified":"2026-03-18T16:56:19","modified_gmt":"2026-03-18T16:56:19","slug":"zapata-de-compresion-lcc600-12-6-para-cal-600-kcmil-doble-barreno-para-tornillo-prisionero-de-1-2-espaciado-de-orificios-44-5mm-1-pz","status":"publish","type":"product","link":"https:\/\/soydeaqui.ddns.net\/pachuca\/index.php\/producto\/zapata-de-compresion-lcc600-12-6-para-cal-600-kcmil-doble-barreno-para-tornillo-prisionero-de-1-2-espaciado-de-orificios-44-5mm-1-pz\/","title":{"rendered":"Zapata de compresi\u00f3n LCC600-12-6 para cal. 600 Kcmil, Doble barreno para tornillo prisionero de 1\/2, Espaciado de orificios 44.5mm, 1 Pz"},"content":{"rendered":"<div style='width: 100%; max-width: 1200px; margin: 0 auto; font-family: sans-serif; line-height: 1.6; color: inherit; background-color: transparent;'>\n<div style='display: flex; flex-wrap: wrap; gap: 30px; margin-bottom: 30px;'>\n<div style='flex: 1 1 300px; min-width: 280px;'>\n<h3 style='font-size: 22px; border-bottom: 2px solid currentColor; padding-bottom: 5px; margin-top: 0; color: inherit; opacity: 0.8;'>Especificaciones<\/h3>\n<ul style='padding-left: 20px; font-size: 15px; color: inherit;'>\n<li style='margin-bottom: 5px;'><strong>Tipo de producto:<\/strong> Conectores de compresi\u00f3n de cobre esta\u00f1ados &#8211; Talones<\/li>\n<li style='margin-bottom: 5px;'><strong>Material de base:<\/strong> Cobre<\/li>\n<li style='margin-bottom: 5px;'><strong>Cantidad de orificios para tornillos prisioneros:<\/strong> 2<\/li>\n<li style='margin-bottom: 5px;'><strong>Tipo de tambor:<\/strong> Tambor largo son mirilla de inspecci\u00f3n<\/li>\n<li style='margin-bottom: 5px;'><strong>Entrada del tambor:<\/strong> Beveled<\/li>\n<li style='margin-bottom: 5px;'><strong>Tipo de leng\u00fceta:<\/strong> Est\u00e1ndar<\/li>\n<li style='margin-bottom: 5px;'><strong>\u00c1ngulo de leng\u00fceta:<\/strong> Recto<\/li>\n<li style='margin-bottom: 5px;'><strong>Mirilla de inspecci\u00f3n:<\/strong> No<\/li>\n<li style='margin-bottom: 5px;'><strong>Acabado\/recubrimiento:<\/strong> Esta\u00f1ado<\/li>\n<li style='margin-bottom: 5px;'><strong>Tama\u00f1o de orificio para tornillo prisionero (in):<\/strong> 1\/2<\/li>\n<li style='margin-bottom: 5px;'><strong>Tama\u00f1o de orificio para tornillo prisionero (mm):<\/strong> 12.7<\/li>\n<li style='margin-bottom: 5px;'><strong>Espaciado de orificio para tornillo prisionero (in):<\/strong> 1.75<\/li>\n<li style='margin-bottom: 5px;'><strong>Espaciado de orificio para tornillo prisionero (mm):<\/strong> 44.5<\/li>\n<li style='margin-bottom: 5px;'><strong>Copper Conductor Size:<\/strong> 600 kcmil<\/li>\n<li style='margin-bottom: 5px;'><strong>Largo de tambor (in):<\/strong> 2.69<\/li>\n<li style='margin-bottom: 5px;'><strong>Largo de tambor (mm):<\/strong> 68.3<\/li>\n<li style='margin-bottom: 5px;'><strong>Ancho de leng\u00fceta (in):<\/strong> 1.7<\/li>\n<li style='margin-bottom: 5px;'><strong>Ancho de leng\u00fceta (mm):<\/strong> 43.2<\/li>\n<li style='margin-bottom: 5px;'><strong>Grosor de leng\u00fceta (in):<\/strong> 0.26<\/li>\n<li style='margin-bottom: 5px;'><strong>Grosor de leng\u00fceta (mm):<\/strong> 6.6<\/li>\n<li style='margin-bottom: 5px;'><strong>Longitud total (in):<\/strong> 6.63<\/li>\n<li style='margin-bottom: 5px;'><strong>Longitud total (mm):<\/strong> 168.5<\/li>\n<li style='margin-bottom: 5px;'><strong>Cumple las normas:<\/strong> C22.2 n.\u00ba 65-13&comma; 486A-486B Archivo n.\u00ba E52164<\/li>\n<li style='margin-bottom: 5px;'><strong>Clasificaci\u00f3n de temperatura CSA (\u00b0C):<\/strong> 90<\/li>\n<li style='margin-bottom: 5px;'><strong>Clasificaci\u00f3n de temperatura UL (\u00b0C):<\/strong> 90<\/li>\n<li style='margin-bottom: 5px;'><strong>Tensi\u00f3n m\u00e1xima (kV):<\/strong> 35<\/li>\n<li style='margin-bottom: 5px;'><strong>C\u00f3digo de color:<\/strong> Verde<\/li>\n<li style='margin-bottom: 5px;'><strong>N\u00famero de \u00edndice de matriz Panduit\u2122:<\/strong> P94<\/li>\n<li style='margin-bottom: 5px;'><strong>N\u00famero de \u00edndice de matriz Burndy:<\/strong> 22<\/li>\n<li style='margin-bottom: 5px;'><strong>N\u00famero de \u00edndice de matriz T &#038; B:<\/strong> 22<\/li>\n<li style='margin-bottom: 5px;'><strong>Longitud de la banda del cable (in):<\/strong> 2-3\/4<\/li>\n<li style='margin-bottom: 5px;'><strong>Longitud de la banda del cable (mm):<\/strong> 69.9<\/li>\n<li style='margin-bottom: 5px;'><strong>Nota:<\/strong> Consult cable manufacturer for voltage stress relief instructions with applications greater than 2000 V<\/li>\n<li style='margin-bottom: 5px;'><strong>Submarca:<\/strong> Pan-Lug\u2122<\/li>\n<li style='margin-bottom: 5px;'><strong>Caracts. pza.:<\/strong> Esta\u00f1ado para inhibir la corrosi\u00f3n&comma; tambor con codificaci\u00f3n por color&comma; nivel 3 de NEBS.<\/li>\n<\/ul><\/div>\n<\/p><\/div>\n<\/p><\/div>\n","protected":false},"excerpt":{"rendered":"<p>Zapata de compresi\u00f3n LCC600-12-6 para cal. 600 Kcmil, Doble barreno para tornillo prisionero de 1\/2, Espaciado de orificios 44.5mm, 1 Pz<\/p>\n","protected":false},"featured_media":38429,"comment_status":"open","ping_status":"closed","template":"","meta":[],"product_brand":[],"product_cat":[633],"product_tag":[634,445,605],"class_list":{"0":"post-38430","1":"product","2":"type-product","3":"status-publish","4":"has-post-thumbnail","6":"product_cat-accesorios-para-rack-gabinetes","7":"product_tag-accesorios-para-rack-gabinetes","8":"product_tag-panduit","9":"product_tag-racks-y-gabinetes","11":"first","12":"outofstock","13":"sale","14":"shipping-taxable","15":"purchasable","16":"product-type-simple"},"_links":{"self":[{"href":"https:\/\/soydeaqui.ddns.net\/pachuca\/index.php\/wp-json\/wp\/v2\/product\/38430","targetHints":{"allow":["GET"]}}],"collection":[{"href":"https:\/\/soydeaqui.ddns.net\/pachuca\/index.php\/wp-json\/wp\/v2\/product"}],"about":[{"href":"https:\/\/soydeaqui.ddns.net\/pachuca\/index.php\/wp-json\/wp\/v2\/types\/product"}],"replies":[{"embeddable":true,"href":"https:\/\/soydeaqui.ddns.net\/pachuca\/index.php\/wp-json\/wp\/v2\/comments?post=38430"}],"wp:featuredmedia":[{"embeddable":true,"href":"https:\/\/soydeaqui.ddns.net\/pachuca\/index.php\/wp-json\/wp\/v2\/media\/38429"}],"wp:attachment":[{"href":"https:\/\/soydeaqui.ddns.net\/pachuca\/index.php\/wp-json\/wp\/v2\/media?parent=38430"}],"wp:term":[{"taxonomy":"product_brand","embeddable":true,"href":"https:\/\/soydeaqui.ddns.net\/pachuca\/index.php\/wp-json\/wp\/v2\/product_brand?post=38430"},{"taxonomy":"product_cat","embeddable":true,"href":"https:\/\/soydeaqui.ddns.net\/pachuca\/index.php\/wp-json\/wp\/v2\/product_cat?post=38430"},{"taxonomy":"product_tag","embeddable":true,"href":"https:\/\/soydeaqui.ddns.net\/pachuca\/index.php\/wp-json\/wp\/v2\/product_tag?post=38430"}],"curies":[{"name":"wp","href":"https:\/\/api.w.org\/{rel}","templated":true}]}}