{"id":38420,"date":"2026-03-18T16:56:05","date_gmt":"2026-03-18T16:56:05","guid":{"rendered":"https:\/\/soydeaqui.ddns.net\/pachuca\/index.php\/producto\/codo-conduit-rigido-de-aluminio-de-2-50-8-mm-con-recubrimiento-de-pvc-2\/"},"modified":"2026-03-18T16:56:06","modified_gmt":"2026-03-18T16:56:06","slug":"codo-conduit-rigido-de-aluminio-de-2-50-8-mm-con-recubrimiento-de-pvc-2","status":"publish","type":"product","link":"https:\/\/soydeaqui.ddns.net\/pachuca\/index.php\/producto\/codo-conduit-rigido-de-aluminio-de-2-50-8-mm-con-recubrimiento-de-pvc-2\/","title":{"rendered":"Codo Conduit R\u00edgido de Aluminio de 2&#8243; (50.8 mm) con Recubrimiento de PVC."},"content":{"rendered":"<div style='width: 100%; max-width: 1200px; margin: 0 auto; font-family: sans-serif; line-height: 1.6; color: inherit; background-color: transparent;'> <!-- Secci\u00f3n de caracter\u00edsticas --> <\/p>\n<div style='display: flex; flex-wrap: wrap; gap: 30px; margin-bottom: 30px;'>\n<div style='flex: 1 1 300px; min-width: 280px;'>\n<h3 style='font-size: 22px; border-bottom: 2px solid currentColor; padding-bottom: 5px; margin-top: 0; color: inherit; opacity: 0.8;'>Caracter\u00edsticas principales<\/h3>\n<ul style='padding-left: 20px; font-size: 15px; color: inherit;'>\n<li style='margin-bottom: 5px;'>A prueba de ambientes corrosivos.<\/li>\n<li style='margin-bottom: 5px;'>Recubrimiento PVC: 40 mils m\u00ednimo.<\/li>\n<li style='margin-bottom: 5px;'>Uretano: 2 mils m\u00ednimo.<\/li>\n<li style='margin-bottom: 5px;'>Pruebas de c\u00e1mara salina de acuerdo a ASTM B117<\/li>\n<li style='margin-bottom: 5px;'>Pruebas de adherencia de acuerdo a ASTM 3359<\/li>\n<li style='margin-bottom: 5px;'>Resistencia a impactos mec\u00e1nicos en cuerpo de acuerdo a IK09&comma; gracias a su dise\u00f1o que no cuenta con elementos susceptibles a rompimiento.<\/li>\n<li style='margin-bottom: 5px;'>Recubrimiento de Uretano PURPURA en las roscas<\/li>\n<li style='margin-bottom: 5px;'>Fabricados en aluminio libre de cobre 6063&comma; sin costura. T1&comma; T5<\/li>\n<li style='margin-bottom: 5px;'>Cumple especificaciones de:<\/li>\n<li style='margin-bottom: 5px;'>Underwriters Laboratories UL-6A &#8216;Estandard para conduit r\u00edgido met\u00e1lico el\u00e9ctrico&comma; aluminio&comma; lat\u00f3n rojo y acero inoxidable&#8217;.<\/li>\n<li style='margin-bottom: 5px;'>No magn\u00e9tico&comma; antichispa<\/li>\n<li style='margin-bottom: 5px;'>Cumple con requerimientos de NEC 500 \u00e1reas peligrosas.<\/li>\n<li style='margin-bottom: 5px;'>Resistente a la corrosi\u00f3n.<\/li>\n<li style='margin-bottom: 5px;'>Propio blindaje contra interferencia electromagn\u00e9tica (EMI).<\/li>\n<li style='margin-bottom: 5px;'>Mejora la conductividad t\u00e9rmica y el\u00e9ctrica.<\/li>\n<li style='margin-bottom: 5px;'>Mejora la puesta a tierra.<\/li>\n<li style='margin-bottom: 5px;'>ANSI C80.5<\/li>\n<li style='margin-bottom: 5px;'>NEMA RN-1<\/li>\n<li style='margin-bottom: 5px;'>Rosca NPT.<\/li>\n<\/ul><\/div>\n<\/p><\/div>\n<p> <!-- Secci\u00f3n de especificaciones f\u00edsicas --> <\/p>\n<div style='display: flex; flex-wrap: wrap; gap: 30px; margin-bottom: 30px;'>\n<div style='flex: 1 1 300px; min-width: 280px;'>\n<h3 style='font-size: 22px; border-bottom: 2px solid currentColor; padding-bottom: 5px; margin-top: 0; color: inherit; opacity: 0.8;'>Caracter\u00edsticas F\u00edsicas<\/h3>\n<ul style='padding-left: 20px; font-size: 15px; color: inherit;'>\n<li style='margin-bottom: 5px;'><strong>Medida nominal:<\/strong> 50.8 mm (2&#8242;)<\/li>\n<li style='margin-bottom: 5px;'><strong>Di\u00e1metro exterior:<\/strong> 62.36 mm (2.455&#8242;)<\/li>\n<li style='margin-bottom: 5px;'><strong>Di\u00e1metro interior:<\/strong> 52.76 mm (2.076&#8242;)<\/li>\n<li style='margin-bottom: 5px;'><strong>Espesor de pared:<\/strong> 4.78 mm (0.188&#8242;)<\/li>\n<li style='margin-bottom: 5px;'><strong>Peso:<\/strong> 1.279 Kg<\/li>\n<\/ul><\/div>\n<\/p><\/div>\n<p> <!-- Separador --> <\/p>\n<hr style='border: 0; border-top: 1px solid rgba(150&comma; 150&comma; 150&comma; 0.3); margin: 30px 0;'> <\/div>\n","protected":false},"excerpt":{"rendered":"<p>Codo Conduit R\u00edgido de Aluminio de 2&#8243; (50.8 mm) con Recubrimiento de PVC.<\/p>\n","protected":false},"featured_media":38419,"comment_status":"open","ping_status":"closed","template":"","meta":[],"product_brand":[],"product_cat":[655],"product_tag":[572,661,656],"class_list":{"0":"post-38420","1":"product","2":"type-product","3":"status-publish","4":"has-post-thumbnail","6":"product_cat-tuberia-metalica-conduit-accesorios","7":"product_tag-canalizacion","8":"product_tag-rawelt","9":"product_tag-tuberia-metalica-conduit-accesorios","11":"first","12":"outofstock","13":"sale","14":"shipping-taxable","15":"purchasable","16":"product-type-simple"},"_links":{"self":[{"href":"https:\/\/soydeaqui.ddns.net\/pachuca\/index.php\/wp-json\/wp\/v2\/product\/38420","targetHints":{"allow":["GET"]}}],"collection":[{"href":"https:\/\/soydeaqui.ddns.net\/pachuca\/index.php\/wp-json\/wp\/v2\/product"}],"about":[{"href":"https:\/\/soydeaqui.ddns.net\/pachuca\/index.php\/wp-json\/wp\/v2\/types\/product"}],"replies":[{"embeddable":true,"href":"https:\/\/soydeaqui.ddns.net\/pachuca\/index.php\/wp-json\/wp\/v2\/comments?post=38420"}],"wp:featuredmedia":[{"embeddable":true,"href":"https:\/\/soydeaqui.ddns.net\/pachuca\/index.php\/wp-json\/wp\/v2\/media\/38419"}],"wp:attachment":[{"href":"https:\/\/soydeaqui.ddns.net\/pachuca\/index.php\/wp-json\/wp\/v2\/media?parent=38420"}],"wp:term":[{"taxonomy":"product_brand","embeddable":true,"href":"https:\/\/soydeaqui.ddns.net\/pachuca\/index.php\/wp-json\/wp\/v2\/product_brand?post=38420"},{"taxonomy":"product_cat","embeddable":true,"href":"https:\/\/soydeaqui.ddns.net\/pachuca\/index.php\/wp-json\/wp\/v2\/product_cat?post=38420"},{"taxonomy":"product_tag","embeddable":true,"href":"https:\/\/soydeaqui.ddns.net\/pachuca\/index.php\/wp-json\/wp\/v2\/product_tag?post=38420"}],"curies":[{"name":"wp","href":"https:\/\/api.w.org\/{rel}","templated":true}]}}