{"id":38412,"date":"2026-03-18T16:55:53","date_gmt":"2026-03-18T16:55:53","guid":{"rendered":"https:\/\/soydeaqui.ddns.net\/pachuca\/index.php\/producto\/conector-de-cobre-con-tornillo-de-fijacion-para-cable-calibre-14-4-awg-y-tornillo-de-1-4\/"},"modified":"2026-03-18T16:55:54","modified_gmt":"2026-03-18T16:55:54","slug":"conector-de-cobre-con-tornillo-de-fijacion-para-cable-calibre-14-4-awg-y-tornillo-de-1-4","status":"publish","type":"product","link":"https:\/\/soydeaqui.ddns.net\/pachuca\/index.php\/producto\/conector-de-cobre-con-tornillo-de-fijacion-para-cable-calibre-14-4-awg-y-tornillo-de-1-4\/","title":{"rendered":"Conector de Cobre con tornillo de fijaci\u00f3n para cable calibre 14 &#8211; 4 AWG y Tornillo de 1\/4&#8243;."},"content":{"rendered":"<div style='width: 100%; max-width: 1200px; margin: 0 auto; font-family: sans-serif; line-height: 1.6; color: inherit; background-color: transparent;'>\n<div style='margin-bottom: 30px;'>\n<p style='font-size: 17px; line-height: 1.6; margin: 0 0 20px 0; color: inherit;'>El Terminal de Cobre KA4C de BURNDY es un conector de alta calidad dise\u00f1ado para unir cables de cobre a bloques terminales o almohadillas de equipos. Fabricado en aleaci\u00f3n de cobre&comma; este terminal es ideal para aplicaciones industriales donde se requiere una conexi\u00f3n robusta y confiable. Ofrece una gran versatilidad gracias a su capacidad de manejo de conductores entre 14 AWG y 4 AWG.<\/p>\n<\/div>\n<div style='margin-bottom: 30px;'>\n<h2 style='font-size: 24px; font-weight: 600; margin: 0 0 20px 0; color: inherit; opacity: 0.9;'>Caracter\u00edsticas Principales<\/h2>\n<div style='display: grid; grid-template-columns: 1fr; gap: 20px;'>\n<div style='background-color: rgba(150&comma;150&comma;150&comma;0.05); border: 1px solid rgba(150&comma; 150&comma; 150&comma; 0.3); border-radius: 8px; padding: 20px;'>\n<ul style='padding-left: 20px; margin: 0; font-size: 15px; color: inherit; list-style-type: disc;'>\n<li style='margin-bottom: 8px;'>Compacto terminal de alta aleaci\u00f3n de cobre para conectar cables a bloques terminales o almohadillas de equipos.<\/li>\n<li style='margin-bottom: 8px;'>Adecuado para una amplia gama de cables de cobre desde 14 AWG a 4 AWG.<\/li>\n<li style='margin-bottom: 8px;'>Dise\u00f1o sin recubrimiento que asegura una conexi\u00f3n directa y efectiva.<\/li>\n<li style='margin-bottom: 8px;'>Terminal con un solo agujero de fijaci\u00f3n para asegurar una instalaci\u00f3n sencilla.<\/li>\n<\/ul>\n<\/div>\n<\/div>\n<\/div>\n<div style='margin-bottom: 30px;'>\n<h2 style='font-size: 24px; font-weight: 600; margin: 0 0 20px 0; color: inherit; opacity: 0.9;'>Detalles T\u00e9cnicos<\/h2>\n<div style='display: grid; grid-template-columns: repeat(auto-fit&comma; minmax(280px&comma; 1fr)); gap: 20px;'>\n<div style='background-color: rgba(150&comma;150&comma;150&comma;0.05); border: 1px solid rgba(150&comma; 150&comma; 150&comma; 0.3); border-radius: 8px; overflow: hidden;'>\n<div style='padding: 15px; border-bottom: 1px solid rgba(150&comma; 150&comma; 150&comma; 0.2); font-weight: 600; font-size: 18px; color: inherit;'>Especificaciones<\/div>\n<div style='padding: 15px; color: inherit;'>\n<ul style='padding-left: 20px; margin: 0; font-size: 14px; list-style-type: disc;'>\n<li style='margin-bottom: 6px;'><strong>Conector tipo:<\/strong> Terminal<\/li>\n<li style='margin-bottom: 6px;'><strong>RoHS:<\/strong> S\u00ed<\/li>\n<li style='margin-bottom: 6px;'><strong>Material:<\/strong> Cobre<\/li>\n<li style='margin-bottom: 6px;'><strong>Hardware:<\/strong> Acero<\/li>\n<li style='margin-bottom: 6px;'><strong>Plating:<\/strong> Sin recubrimiento<\/li>\n<li style='margin-bottom: 6px;'><strong>Torque de instalaci\u00f3n recomendado:<\/strong> 45 LBS\/in<\/li>\n<li style='margin-bottom: 6px;'><strong>Tama\u00f1o del perno:<\/strong> 1\/4 pulg<\/li>\n<li style='margin-bottom: 6px;'><strong>Longitud total:<\/strong> 1.11 pulg (28 mm)<\/li>\n<li style='margin-bottom: 6px;'><strong>Altura:<\/strong> 0.77 pulg (19.6 mm)<\/li>\n<\/ul>\n<\/div>\n<\/div>\n<div style='background-color: rgba(150&comma;150&comma;150&comma;0.05); border: 1px solid rgba(150&comma; 150&comma; 150&comma; 0.3); border-radius: 8px; overflow: hidden;'>\n<div style='padding: 15px; border-bottom: 1px solid rgba(150&comma; 150&comma; 150&comma; 0.2); font-weight: 600; font-size: 18px; color: inherit;'>Interfaces y Conectividad<\/div>\n<div style='padding: 15px; color: inherit;'>\n<ul style='padding-left: 20px; margin: 0; font-size: 14px; list-style-type: disc;'>\n<li style='margin-bottom: 6px;'><strong>Tornillo de tipo:<\/strong> Ranurado<\/li>\n<li style='margin-bottom: 6px;'><strong>Compatible con conductores de cobre s\u00f3lido:<\/strong> 14-4 AWG<\/li>\n<li style='margin-bottom: 6px;'><strong>Compatible con conductores de cobre trenzado:<\/strong> 14-4 AWG<\/li>\n<\/ul>\n<\/div>\n<\/div>\n<\/div>\n<\/div>\n<div style='margin-bottom: 30px;'>\n<h2 style='font-size: 24px; font-weight: 600; margin: 0 0 20px 0; color: inherit; opacity: 0.9;'>Aplicaciones y Casos de Uso<\/h2>\n<div style='display: grid; grid-template-columns: repeat(auto-fit&comma; minmax(280px&comma; 1fr)); gap: 20px;'>\n<div style='background-color: rgba(150&comma;150&comma;150&comma;0.05); border: 1px solid rgba(150&comma; 150&comma; 150&comma; 0.3); border-radius: 8px; padding: 20px;'>\n<p style='margin: 0; font-size: 14px; color: inherit;'>Adecuado para uso en instalaciones el\u00e9ctricas industriales donde se necesita conectar de manera confiable cables de cobre a equipos o bloques terminales.<\/p>\n<\/div>\n<\/div>\n<\/div>\n<hr style='border: 0; border-top: 1px solid rgba(150&comma; 150&comma; 150&comma; 0.3); margin: 30px 0;'><\/div>\n","protected":false},"excerpt":{"rendered":"<p>Conector de Cobre con tornillo de fijaci\u00f3n para cable calibre 14 &#8211; 4 AWG y Tornillo de 1\/4&#8243;.<\/p>\n","protected":false},"featured_media":38411,"comment_status":"open","ping_status":"closed","template":"","meta":[],"product_brand":[],"product_cat":[633],"product_tag":[634,732,605],"class_list":{"0":"post-38412","1":"product","2":"type-product","3":"status-publish","4":"has-post-thumbnail","6":"product_cat-accesorios-para-rack-gabinetes","7":"product_tag-accesorios-para-rack-gabinetes","8":"product_tag-hubbell-burndy","9":"product_tag-racks-y-gabinetes","11":"first","12":"outofstock","13":"sale","14":"shipping-taxable","15":"purchasable","16":"product-type-simple"},"_links":{"self":[{"href":"https:\/\/soydeaqui.ddns.net\/pachuca\/index.php\/wp-json\/wp\/v2\/product\/38412","targetHints":{"allow":["GET"]}}],"collection":[{"href":"https:\/\/soydeaqui.ddns.net\/pachuca\/index.php\/wp-json\/wp\/v2\/product"}],"about":[{"href":"https:\/\/soydeaqui.ddns.net\/pachuca\/index.php\/wp-json\/wp\/v2\/types\/product"}],"replies":[{"embeddable":true,"href":"https:\/\/soydeaqui.ddns.net\/pachuca\/index.php\/wp-json\/wp\/v2\/comments?post=38412"}],"wp:featuredmedia":[{"embeddable":true,"href":"https:\/\/soydeaqui.ddns.net\/pachuca\/index.php\/wp-json\/wp\/v2\/media\/38411"}],"wp:attachment":[{"href":"https:\/\/soydeaqui.ddns.net\/pachuca\/index.php\/wp-json\/wp\/v2\/media?parent=38412"}],"wp:term":[{"taxonomy":"product_brand","embeddable":true,"href":"https:\/\/soydeaqui.ddns.net\/pachuca\/index.php\/wp-json\/wp\/v2\/product_brand?post=38412"},{"taxonomy":"product_cat","embeddable":true,"href":"https:\/\/soydeaqui.ddns.net\/pachuca\/index.php\/wp-json\/wp\/v2\/product_cat?post=38412"},{"taxonomy":"product_tag","embeddable":true,"href":"https:\/\/soydeaqui.ddns.net\/pachuca\/index.php\/wp-json\/wp\/v2\/product_tag?post=38412"}],"curies":[{"name":"wp","href":"https:\/\/api.w.org\/{rel}","templated":true}]}}