{"id":38408,"date":"2026-03-18T16:55:47","date_gmt":"2026-03-18T16:55:47","guid":{"rendered":"https:\/\/soydeaqui.ddns.net\/pachuca\/index.php\/producto\/pdu-ats-fuente-redundante-auto-transferible-monitoreable-para-distribucion-de-energia-2-entradas-120-vca-nema5-15p-con-10-salidas-nema-5-15r-horizontal-19in-1ur-2\/"},"modified":"2026-03-18T16:55:51","modified_gmt":"2026-03-18T16:55:51","slug":"pdu-ats-fuente-redundante-auto-transferible-monitoreable-para-distribucion-de-energia-2-entradas-120-vca-nema5-15p-con-10-salidas-nema-5-15r-horizontal-19in-1ur-2","status":"publish","type":"product","link":"https:\/\/soydeaqui.ddns.net\/pachuca\/index.php\/producto\/pdu-ats-fuente-redundante-auto-transferible-monitoreable-para-distribucion-de-energia-2-entradas-120-vca-nema5-15p-con-10-salidas-nema-5-15r-horizontal-19in-1ur-2\/","title":{"rendered":"PDU ATS (Fuente Redundante Auto-transferible) Monitoreable, Para Distribuci\u00f3n de Energ\u00eda, 2 Entradas 120 Vca NEMA5-15P, Con 10 Salidas NEMA 5-15R, Horizontal 19in, 1UR"},"content":{"rendered":"<div style='width: 100%; max-width: 1200px; margin: 0 auto; font-family: sans-serif; line-height: 1.6; color: inherit; background-color: transparent;'>\n<div style='display: flex; flex-wrap: wrap; gap: 30px; margin-bottom: 30px;'>\n<div style='flex: 1 1 300px; min-width: 280px;'>\n<h3 style='font-size: 22px; border-bottom: 2px solid currentColor; padding-bottom: 5px; margin-top: 0; color: inherit; opacity: 0.8;'>Descripci\u00f3n<\/h3>\n<p style='font-size: 15px; color: inherit;'>CyberPower PDU15SW10ATNET proporciona salida desde una unidad UPS&comma; generador o red el\u00e9ctrica a m\u00faltiples dispositivos conectados en entornos de TI. Los cables de alimentaci\u00f3n duales se pueden conectar a fuentes de energ\u00eda separadas para proporcionar redundancia a los equipos conectados con un s\u00f3lo cable. Si la fuente de energ\u00eda seleccionada excede los umbrales establecidos o falla&comma; el ATS cambiar\u00e1 autom\u00e1ticamente a la otra fuente de alimentaci\u00f3n para garantizar un funcionamiento continuo. La unidad admite el control remoto individual de outlets a trav\u00e9s de la red&comma; lo que permite a los administradores encender \/ apagar los dispositivos conectados desde cualquier ubicaci\u00f3n.<\/p>\n<p style='font-size: 15px; color: inherit;'>El producto incluye una tarjeta de administraci\u00f3n remota. Con la tarjeta SNMP y una direcci\u00f3n IP en la interfaz de red&comma; los usuarios tienen acceso a la supervisi\u00f3n en tiempo real de la PDU ATS. La interfaz web de administraci\u00f3n de energ\u00eda ofrece monitoreo remoto en tiempo real de los elementos vitales de los outlets de las PDUs de los clientes en red. El registro de eventos a trav\u00e9s de un navegador web o una conexi\u00f3n de red permite a los usuarios revisar el historial de condiciones de energ\u00eda. Cuando se producen eventos de energ\u00eda espec\u00edficos&comma; se enviar\u00e1n notificaciones autom\u00e1ticas de eventos por correo electr\u00f3nico&comma; SMS o traps de SNMP a los usuarios designados para que puedan tomar medidas inmediatas. El puerto RJ45 extra&comma; permite la conexi\u00f3n del sensor ambiental opcional (ENVIROSENSOR)&comma; que puede proporcionar monitoreo de temperatura y humedad en tiempo real en un centro de TI.<\/p>\n<\/p><\/div>\n<\/p><\/div>\n<div style='display: flex; flex-wrap: wrap; gap: 20px; margin-bottom: 30px;'>\n<div style='flex: 1 1 250px; border: 1px solid rgba(150&comma; 150&comma; 150&comma; 0.4); border-radius: 8px; overflow: hidden; display: flex; flex-direction: column;'>\n<div style='padding: 15px; border-bottom: 1px solid rgba(150&comma; 150&comma; 150&comma; 0.2); font-weight: bold; font-size: 18px; color: inherit;'>Especificaciones T\u00e9cnicas<\/div>\n<div style='padding: 15px; color: inherit;'>\n<ul style='padding-left: 20px; margin: 0; font-size: 14px; list-style-type: disc; color: inherit;'>\n<li style='margin-bottom: 5px; color: inherit;'><strong>Voltaje nominal:<\/strong> 100-120 Vca<\/li>\n<li style='margin-bottom: 5px; color: inherit;'><strong>Frecuencia de entrada:<\/strong> 50Hz\/60Hz<\/li>\n<li style='margin-bottom: 5px; color: inherit;'><strong>Voltaje de salida:<\/strong> 100-120 Vca<\/li>\n<li style='margin-bottom: 5px; color: inherit;'><strong>Corriente de entrada m\u00e1xima:<\/strong> 15A (Reducido a 12A)<\/li>\n<li style='margin-bottom: 5px; color: inherit;'><strong>Tipos de enchufes:<\/strong> (2) NEMA 5-15P<\/li>\n<li style='margin-bottom: 5px; color: inherit;'><img style='width: 40px; height: 40px; border: none;' src='https:\/\/www.cyberpower.com\/mx\/es\/File\/GetImageByDocId\/GeneralAttribute-235' alt=''><\/li>\n<li style='margin-bottom: 5px; color: inherit;'><strong>Longitud del cable (m):<\/strong> 3.05<\/li>\n<li style='margin-bottom: 5px; color: inherit;'><strong>Tiempo de transferencia t\u00edpico (ms):<\/strong> 8 ~ 12<\/li>\n<li style='margin-bottom: 5px; color: inherit;'><strong>Tipo de Tomas:<\/strong> NEMA 5-15R<\/li>\n<li style='margin-bottom: 5px; color: inherit;'><img style='width: 40px; height: 40px; border: none;' src='https:\/\/www.cyberpower.com\/mx\/es\/File\/GetImageByDocId\/GeneralAttribute-238' alt=''><\/li>\n<li style='margin-bottom: 5px; color: inherit;'><strong>Cantidad de tomas:<\/strong> 10<\/li>\n<li style='margin-bottom: 5px; color: inherit;'><strong>Dimensiones:<\/strong> 433 x 44 x 236 mm (Ancho x Alto x Profundidad)<\/li>\n<li style='margin-bottom: 5px; color: inherit;'><strong>Unidades de Rack:<\/strong> 1<\/li>\n<li style='margin-bottom: 5px; color: inherit;'><strong>Carcasa:<\/strong> Met\u00e1lica de grado industrial<\/li>\n<li style='margin-bottom: 5px; color: inherit;'><strong>Temperatura en funcionamiento:<\/strong> 0 a 45 \u00baC<\/li>\n<li style='margin-bottom: 5px; color: inherit;'><strong>Temperatura en almacenamiento:<\/strong> -15 a 55 \u00baC<\/li>\n<li style='margin-bottom: 5px; color: inherit;'><strong>Humedad relativa de funcionamiento:<\/strong> 0 a 95%<\/li>\n<li style='margin-bottom: 5px; color: inherit;'><strong>Humedad relativa en almacenamiento:<\/strong> 0 a 95%<\/li>\n<li style='margin-bottom: 5px; color: inherit;'><strong>Conexi\u00f3n de sensor:<\/strong> Posible conexi\u00f3n de sensor de humedad y temperatura (ENVIROSENSOR) <strong>No incluido<\/strong><\/li>\n<li style='margin-bottom: 5px; color: inherit;'><strong>Certificaciones:<\/strong> FCC Clase A&comma; UL60950<\/li>\n<li style='margin-bottom: 5px; color: inherit;'><strong>Garant\u00eda:<\/strong> 3 a\u00f1os<\/li>\n<\/ul><\/div>\n<\/p><\/div>\n<\/p><\/div>\n<\/p><\/div>\n","protected":false},"excerpt":{"rendered":"<p>PDU ATS (Fuente Redundante Auto-transferible) Monitoreable, Para Distribuci\u00f3n de Energ\u00eda, 2 Entradas 120 Vca NEMA5-15P, Con 10 Salidas NEMA 5-15R, Horizontal 19in, 1UR<\/p>\n","protected":false},"featured_media":38407,"comment_status":"open","ping_status":"closed","template":"","meta":[],"product_brand":[],"product_cat":[604],"product_tag":[606,677,605],"class_list":{"0":"post-38408","1":"product","2":"type-product","3":"status-publish","4":"has-post-thumbnail","6":"product_cat-accesorios-para-racks-y-gabinetes","7":"product_tag-accesorios-para-racks-y-gabinetes","8":"product_tag-cyberpower","9":"product_tag-racks-y-gabinetes","11":"first","12":"outofstock","13":"sale","14":"shipping-taxable","15":"purchasable","16":"product-type-simple"},"_links":{"self":[{"href":"https:\/\/soydeaqui.ddns.net\/pachuca\/index.php\/wp-json\/wp\/v2\/product\/38408","targetHints":{"allow":["GET"]}}],"collection":[{"href":"https:\/\/soydeaqui.ddns.net\/pachuca\/index.php\/wp-json\/wp\/v2\/product"}],"about":[{"href":"https:\/\/soydeaqui.ddns.net\/pachuca\/index.php\/wp-json\/wp\/v2\/types\/product"}],"replies":[{"embeddable":true,"href":"https:\/\/soydeaqui.ddns.net\/pachuca\/index.php\/wp-json\/wp\/v2\/comments?post=38408"}],"wp:featuredmedia":[{"embeddable":true,"href":"https:\/\/soydeaqui.ddns.net\/pachuca\/index.php\/wp-json\/wp\/v2\/media\/38407"}],"wp:attachment":[{"href":"https:\/\/soydeaqui.ddns.net\/pachuca\/index.php\/wp-json\/wp\/v2\/media?parent=38408"}],"wp:term":[{"taxonomy":"product_brand","embeddable":true,"href":"https:\/\/soydeaqui.ddns.net\/pachuca\/index.php\/wp-json\/wp\/v2\/product_brand?post=38408"},{"taxonomy":"product_cat","embeddable":true,"href":"https:\/\/soydeaqui.ddns.net\/pachuca\/index.php\/wp-json\/wp\/v2\/product_cat?post=38408"},{"taxonomy":"product_tag","embeddable":true,"href":"https:\/\/soydeaqui.ddns.net\/pachuca\/index.php\/wp-json\/wp\/v2\/product_tag?post=38408"}],"curies":[{"name":"wp","href":"https:\/\/api.w.org\/{rel}","templated":true}]}}