{"id":38404,"date":"2026-03-18T16:55:41","date_gmt":"2026-03-18T16:55:41","guid":{"rendered":"https:\/\/soydeaqui.ddns.net\/pachuca\/index.php\/producto\/ferrul-de-cobre-din-azul-para-cable-14-awg-paquete-de-500-piezas\/"},"modified":"2026-03-18T16:55:43","modified_gmt":"2026-03-18T16:55:43","slug":"ferrul-de-cobre-din-azul-para-cable-14-awg-paquete-de-500-piezas","status":"publish","type":"product","link":"https:\/\/soydeaqui.ddns.net\/pachuca\/index.php\/producto\/ferrul-de-cobre-din-azul-para-cable-14-awg-paquete-de-500-piezas\/","title":{"rendered":"Ferr\u00fal de cobre DIN Azul para Cable 14 AWG. Paquete de 500 Piezas"},"content":{"rendered":"<div style='width: 100%; max-width: 1200px; margin: 0 auto; font-family: sans-serif; line-height: 1.6; color: inherit; background-color: transparent;'>\n<div style='display: flex; flex-direction: column; gap: 20px;'>\n<div style='text-align: center;'> <img style='width: 100%; max-width: 300px; height: auto; border: 1px solid rgba(150&comma;150&comma;150&comma;0.3); border-radius: 8px;' src='https:\/\/ftp3.syscom.mx\/usuarios\/fotos\/SCL2\/0X\/214870-217843-panduit-logo-tm-negro-fondo_trans30-01_(002)_(1).png' alt=''> <\/div>\n<div style='display: flex; flex-direction: column; gap: 15px;'>\n<h1 style='font-size: 28px; margin: 0; color: inherit; font-weight: 500; line-height: 1.2;'> Ferr\u00fal Pan-Term\u00ae DIN Azul para Cable 14 AWG. Paquete de 500 Piezas <\/h1>\n<div style='display: flex; flex-direction: column; gap: 10px;'>\n<h3 style='font-size: 18px; margin: 0; color: inherit; font-weight: 500; border-bottom: 2px solid currentColor; padding-bottom: 5px; opacity: 0.8;'> FSD80-6-D <\/h3>\n<p style='margin: 0; font-size: 15px; color: inherit;'> La f\u00e9rula FSD80-6-D Pan-Term\u2122 es una manga para extremo de f\u00e9rula de cable \u00fanico cubierta. Dise\u00f1ado con un tambor integrado que contiene trenzados de cable suelto para brindar mejores terminaciones. La protecci\u00f3n de pl\u00e1stico acelera y simplifica la inserci\u00f3n de cables y reduce el costo de instalaci\u00f3n. Facilita la inserci\u00f3n del cable en el bloque de terminales y es apta para aplicaciones de panel con espacio limitado. <\/p>\n<\/p><\/div>\n<\/p><\/div>\n<\/p><\/div>\n<\/p><\/div>\n","protected":false},"excerpt":{"rendered":"<p>Ferr\u00fal de cobre DIN Azul para Cable 14 AWG. Paquete de 500 Piezas<\/p>\n","protected":false},"featured_media":32,"comment_status":"open","ping_status":"closed","template":"","meta":[],"product_brand":[],"product_cat":[633],"product_tag":[634,445,605],"class_list":{"0":"post-38404","1":"product","2":"type-product","3":"status-publish","4":"has-post-thumbnail","6":"product_cat-accesorios-para-rack-gabinetes","7":"product_tag-accesorios-para-rack-gabinetes","8":"product_tag-panduit","9":"product_tag-racks-y-gabinetes","11":"first","12":"outofstock","13":"sale","14":"shipping-taxable","15":"purchasable","16":"product-type-simple"},"_links":{"self":[{"href":"https:\/\/soydeaqui.ddns.net\/pachuca\/index.php\/wp-json\/wp\/v2\/product\/38404","targetHints":{"allow":["GET"]}}],"collection":[{"href":"https:\/\/soydeaqui.ddns.net\/pachuca\/index.php\/wp-json\/wp\/v2\/product"}],"about":[{"href":"https:\/\/soydeaqui.ddns.net\/pachuca\/index.php\/wp-json\/wp\/v2\/types\/product"}],"replies":[{"embeddable":true,"href":"https:\/\/soydeaqui.ddns.net\/pachuca\/index.php\/wp-json\/wp\/v2\/comments?post=38404"}],"wp:featuredmedia":[{"embeddable":true,"href":"https:\/\/soydeaqui.ddns.net\/pachuca\/index.php\/wp-json\/wp\/v2\/media\/32"}],"wp:attachment":[{"href":"https:\/\/soydeaqui.ddns.net\/pachuca\/index.php\/wp-json\/wp\/v2\/media?parent=38404"}],"wp:term":[{"taxonomy":"product_brand","embeddable":true,"href":"https:\/\/soydeaqui.ddns.net\/pachuca\/index.php\/wp-json\/wp\/v2\/product_brand?post=38404"},{"taxonomy":"product_cat","embeddable":true,"href":"https:\/\/soydeaqui.ddns.net\/pachuca\/index.php\/wp-json\/wp\/v2\/product_cat?post=38404"},{"taxonomy":"product_tag","embeddable":true,"href":"https:\/\/soydeaqui.ddns.net\/pachuca\/index.php\/wp-json\/wp\/v2\/product_tag?post=38404"}],"curies":[{"name":"wp","href":"https:\/\/api.w.org\/{rel}","templated":true}]}}