{"id":38388,"date":"2026-03-18T16:55:21","date_gmt":"2026-03-18T16:55:21","guid":{"rendered":"https:\/\/soydeaqui.ddns.net\/pachuca\/index.php\/producto\/kit-solar-interconexion-5kw-220vca-inversor-huwaei-montaje-incluido\/"},"modified":"2026-03-18T16:55:21","modified_gmt":"2026-03-18T16:55:21","slug":"kit-solar-interconexion-5kw-220vca-inversor-huwaei-montaje-incluido","status":"publish","type":"product","link":"https:\/\/soydeaqui.ddns.net\/pachuca\/index.php\/producto\/kit-solar-interconexion-5kw-220vca-inversor-huwaei-montaje-incluido\/","title":{"rendered":"Kit Solar Interconexion  \/ 5kW  220Vca \/ Inversor HUWAEI \/ Montaje Incluido"},"content":{"rendered":"<div style='width: 100%; max-width: 1200px; margin: 0 auto; font-family: sans-serif; line-height: 1.6; color: inherit; background-color: transparent;'> <!-- Barra gris --> <\/p>\n<div style='width: 100%; background-color: #f0f0f0; padding: 10px 0; margin: 20px 0;'>\n<div style='width: 100%; max-width: 1200px; margin: 0 auto;'>\n<div style='width: 100%; max-width: 300px; margin: 0 auto;'><\/div>\n<\/p><\/div>\n<\/p><\/div>\n<p> <!-- Secci\u00f3n c\u00f3mo funciona --> <\/p>\n<div style='width: 100%; background-color: #014e94; padding: 30px 20px; color: white; text-align: center;'>\n<h2 style='font-size: 24px; color: #2880b9; margin: 0 0 20px 0; color: inherit;'>\u00bfC\u00f3mo Funciona?<\/h2>\n<p style='font-size: 14px; color: inherit;'>Los sistemas de interconexi\u00f3n convierten&comma; mediante un inversor&comma; la energ\u00eda en corriente directa generada por los paneles solares en energ\u00eda en corriente alterna en total sincron\u00eda en voltaje y frecuencia tal y como lo entrega CFE.<\/p>\n<\/p><\/div>\n<p> <!-- Secci\u00f3n componentes --> <\/p>\n<div style='width: 100%; margin: 30px 0;'>\n<div style='display: flex; flex-wrap: wrap; gap: 30px; align-items: flex-start;'> <!-- Imagen --> <\/p>\n<div style='flex: 1 1 300px; min-width: 280px;'> <img style='width: 100%; height: auto; border: 1px solid rgba(150&comma;150&comma;150&comma;0.3); border-radius: 8px;' src='https:\/\/ftp3.syscom.mx\/cdn-cgi\/image\/format=png&comma;width=390&comma;height=390\/usuarios\/fotos\/BancoFotografiasSyscom\/HUAWEI\/SUN20005KTLL1\/SUN20005KTLL1-p.PNG?v=1.000250404' alt='Huawei SUN2000 5kW Inversor'> <\/div>\n<p> <!-- Lista de componentes --> <\/p>\n<div style='flex: 1 1 300px; min-width: 280px;'>\n<h3 style='font-size: 22px; border-bottom: 2px solid currentColor; padding-bottom: 5px; margin-top: 0; color: inherit; opacity: 0.8;'>Componentes Principales<\/h3>\n<ul style='padding-left: 20px; font-size: 15px; color: inherit;'>\n<li style='margin-bottom: 10px;'><strong>1 X <a style='color: #18a085;' href='https:\/\/www.syscom.mx\/producto\/SUN2000-5KTL-L1-HUAWEI-FUSIONSOLAR-233479.html' target='_blank' rel='noopener noreferrer'>SUN2000-5KTL-L1<\/a>:<\/strong> Inversor de Interconexi\u00f3n HUAWEI 5kW 220Vca<\/li>\n<li style='margin-bottom: 10px;'><strong>8 X <a style='color: #18a085;' href='https:\/\/syscom.pro\/products\/237575' target='_blank' rel='noopener noreferrer'>LR772HVH645M<\/a>:<\/strong> M\u00f3dulo Solar 645W 50Vcc<\/li>\n<li style='margin-bottom: 10px;'><strong>2 X <a style='color: #18a085;' href='https:\/\/www.syscom.mx\/principal\/searchcont?route=EPL-01-EPCOM-POWERLINE-144817&#038;autodetect=EPL01' target='_blank' rel='noopener noreferrer'>EPL01<\/a>:<\/strong> Conector MC4<\/li>\n<li style='margin-bottom: 10px;'><strong>2 X <a style='color: #18a085;' href='https:\/\/www.syscom.mx\/principal\/searchcont?route=VEKTOR8R-EPCOM-POWERLINE-216369&#038;autodetect=VEKTOR8R' target='_blank' rel='noopener noreferrer'>VEKTOR8R<\/a>:<\/strong> Montaje para 4 M\u00f3dulos Solares<\/li>\n<\/ul><\/div>\n<\/p><\/div>\n<\/p><\/div>\n<p> <!-- Accesorios de instalaci\u00f3n --> <\/p>\n<div style='width: 100%; margin: 30px 0;'>\n<div style='background-color: #014e94; padding: 15px 20px; color: white;'>\n<h4 style='margin: 0; font-size: 18px; color: inherit;'><strong>Accesorios de Instalaci\u00f3n (NO incluidos)<\/strong><\/h4>\n<\/p><\/div>\n<div style='padding: 20px; border: 1px solid rgba(150&comma;150&comma;150&comma;0.3); border-top: none; border-radius: 0 0 8px 8px;'>\n<ul style='padding-left: 20px; list-style-type: circle; color: inherit;'>\n<li style='margin-bottom: 10px;'><strong>Cable PV (Conexi\u00f3n de m\u00f3dulos a inversor):<\/strong>\n<ul style='padding-left: 20px; list-style-type: disc;'>\n<li>FJ81 y FJ86 (venta por metro)<\/li>\n<\/ul>\n<\/li>\n<li style='margin-bottom: 10px;'><strong>Pastillas de protecci\u00f3n (Corriente Directa):<\/strong>\n<ul style='padding-left: 20px; list-style-type: disc;'>\n<li>PL20ACD (se requiere 1 por cadena)<\/li>\n<\/ul>\n<\/li>\n<li style='margin-bottom: 10px;'><strong>Pastillas de protecci\u00f3n (Corriente Alterna):<\/strong>\n<ul style='padding-left: 20px; list-style-type: disc;'>\n<li>PL32ACA<\/li>\n<\/ul>\n<\/li>\n<li style='margin-bottom: 10px;'><strong>Cableado CA:<\/strong>\n<ul style='padding-left: 20px; list-style-type: disc;'>\n<li>SLY-304-BLK Cable de Cobre uso rudo 10AWG<\/li>\n<li>SLY-304-WTH Cable de Cobre uso rudo 10AWG<\/li>\n<li>SLY-304-GRN Cable de Cobre uso rudo 10AWG<\/li>\n<\/ul>\n<\/li>\n<\/ul><\/div>\n<\/p><\/div>\n<p> <!-- Notas t\u00e9cnicas --> <\/p>\n<div style='width: 100%; margin: 30px 0;'>\n<h3 style='font-size: 18px; margin-bottom: 15px; color: inherit; opacity: 0.8;'>Notas T\u00e9cnicas<\/h3>\n<ul style='padding-left: 20px; font-size: 14px; color: inherit;'>\n<li style='margin-bottom: 10px;'> <em>Los inversores requieren sincronizarse para entregar voltaje&comma; de lo contrario el equipo no entregar\u00e1 voltaje. Si se miden las terminales con los paneles conectados el voltaje medido debe ser 0V.<\/em> <\/li>\n<li style='margin-bottom: 10px;'> <em>Se recomienda utilizar sistemas de tierra f\u00edsica (<a style='color: #2880b9;' href='https:\/\/www.syscom.mx\/principal\/searchcont?route=LP-GROUND-30A-LINKEDPRO-BY-EPCOM-172180&#038;autodetect=lp30ground'>LP-GROUND-30A<\/a>)&comma; colocar supresores de picos (<a style='color: #2880b9;' href='https:\/\/www.syscom.mx\/principal\/searchcont?route=LA302R-DELTA-167343&#038;autodetect=la302'>LA302R<\/a>) y verificar voltajes de operaci\u00f3n.<\/em> <\/li>\n<\/ul><\/div>\n<p> <!-- Beneficios --> <\/p>\n<div style='width: 100%; margin: 30px 0;'>\n<h3 style='font-size: 18px; margin-bottom: 15px; color: inherit; opacity: 0.8;'>Beneficios del Sistema<\/h3>\n<div style='display: grid; grid-template-columns: repeat(auto-fill&comma; minmax(200px&comma; 1fr)); gap: 20px;'>\n<div style='text-align: center;'> <img style='width: 100px; height: auto; margin-bottom: 10px; border: 1px solid rgba(150&comma;150&comma;150&comma;0.3); border-radius: 8px;' src='https:\/\/ftp3.syscom.mx\/usuarios\/ftp\/single_page\/epcom_powerline\/limpia.png' alt='Energ\u00eda Limpia'> <\/p>\n<p style='margin: 0;'>Energ\u00eda Limpia<\/p>\n<\/p><\/div>\n<div style='text-align: center;'> <img style='width: 100px; height: auto; margin-bottom: 10px; border: 1px solid rgba(150&comma;150&comma;150&comma;0.3); border-radius: 8px;' src='https:\/\/ftp3.syscom.mx\/usuarios\/ftp\/single_page\/epcom_powerline\/ahorro.png' alt='Ahorro de Energ\u00eda'> <\/p>\n<p style='margin: 0;'>Ahorro de Energ\u00eda<\/p>\n<\/p><\/div>\n<div style='text-align: center;'> <img style='width: 100px; height: auto; margin-bottom: 10px; border: 1px solid rgba(150&comma;150&comma;150&comma;0.3); border-radius: 8px;' src='https:\/\/ftp3.syscom.mx\/usuarios\/ftp\/single_page\/epcom_powerline\/ciudad.png' alt='Cuidado del Medio Ambiente'> <\/p>\n<p style='margin: 0;'>Cuidado del Medio Ambiente<\/p>\n<\/p><\/div>\n<div style='text-align: center;'> <img style='width: 100px; height: auto; margin-bottom: 10px; border: 1px solid rgba(150&comma;150&comma;150&comma;0.3); border-radius: 8px;' src='https:\/\/ftp3.syscom.mx\/usuarios\/ftp\/single_page\/epcom_powerline\/conexion.png' alt='Conexi\u00f3n sencilla'> <\/p>\n<p style='margin: 0;'>Conexi\u00f3n sencilla<\/p>\n<\/p><\/div>\n<\/p><\/div>\n<\/p><\/div>\n<p> <!-- Separador final --> <\/p>\n<hr style='border: 0; border-top: 1px solid rgba(150&comma; 150&comma; 150&comma; 0.3); margin: 30px 0;'> <\/div>\n","protected":false},"excerpt":{"rendered":"<p>Kit Solar Interconexion  \/ 5kW  220Vca \/ Inversor HUWAEI \/ Montaje Incluido<\/p>\n","protected":false},"featured_media":38387,"comment_status":"open","ping_status":"closed","template":"","meta":[],"product_brand":[],"product_cat":[1129],"product_tag":[964,1159,1130],"class_list":{"0":"post-38388","1":"product","2":"type-product","3":"status-publish","4":"has-post-thumbnail","6":"product_cat-kit-solar-interconexion","7":"product_tag-energia-solar","8":"product_tag-huawei-fusionsolar","9":"product_tag-kit-solar-interconexion","11":"first","12":"outofstock","13":"sale","14":"shipping-taxable","15":"purchasable","16":"product-type-simple"},"_links":{"self":[{"href":"https:\/\/soydeaqui.ddns.net\/pachuca\/index.php\/wp-json\/wp\/v2\/product\/38388","targetHints":{"allow":["GET"]}}],"collection":[{"href":"https:\/\/soydeaqui.ddns.net\/pachuca\/index.php\/wp-json\/wp\/v2\/product"}],"about":[{"href":"https:\/\/soydeaqui.ddns.net\/pachuca\/index.php\/wp-json\/wp\/v2\/types\/product"}],"replies":[{"embeddable":true,"href":"https:\/\/soydeaqui.ddns.net\/pachuca\/index.php\/wp-json\/wp\/v2\/comments?post=38388"}],"wp:featuredmedia":[{"embeddable":true,"href":"https:\/\/soydeaqui.ddns.net\/pachuca\/index.php\/wp-json\/wp\/v2\/media\/38387"}],"wp:attachment":[{"href":"https:\/\/soydeaqui.ddns.net\/pachuca\/index.php\/wp-json\/wp\/v2\/media?parent=38388"}],"wp:term":[{"taxonomy":"product_brand","embeddable":true,"href":"https:\/\/soydeaqui.ddns.net\/pachuca\/index.php\/wp-json\/wp\/v2\/product_brand?post=38388"},{"taxonomy":"product_cat","embeddable":true,"href":"https:\/\/soydeaqui.ddns.net\/pachuca\/index.php\/wp-json\/wp\/v2\/product_cat?post=38388"},{"taxonomy":"product_tag","embeddable":true,"href":"https:\/\/soydeaqui.ddns.net\/pachuca\/index.php\/wp-json\/wp\/v2\/product_tag?post=38388"}],"curies":[{"name":"wp","href":"https:\/\/api.w.org\/{rel}","templated":true}]}}