{"id":38386,"date":"2026-03-18T16:55:19","date_gmt":"2026-03-18T16:55:19","guid":{"rendered":"https:\/\/soydeaqui.ddns.net\/pachuca\/index.php\/producto\/kit-solar-interconexion-5kw-220vca-inversor-growatt-montaje-incluido\/"},"modified":"2026-03-18T16:55:20","modified_gmt":"2026-03-18T16:55:20","slug":"kit-solar-interconexion-5kw-220vca-inversor-growatt-montaje-incluido","status":"publish","type":"product","link":"https:\/\/soydeaqui.ddns.net\/pachuca\/index.php\/producto\/kit-solar-interconexion-5kw-220vca-inversor-growatt-montaje-incluido\/","title":{"rendered":"Kit Solar Interconexion  \/ 5kW  220Vca \/ Inversor GROWATT \/ Montaje Incluido"},"content":{"rendered":"<div style='width: 100%; max-width: 1200px; margin: 0 auto; font-family: sans-serif; line-height: 1.6; color: inherit; background-color: transparent;'>\n<div style='margin-bottom: 30px; text-align: center;'>\n<p style='margin: 0; color: inherit; opacity: 0.8; font-size: 24px;'><strong>\u00bfC\u00f3mo Funciona?<\/strong><\/p>\n<p style='margin-top: 15px; color: inherit; font-size: 14px;'>Los sistemas de interconexi\u00f3n convierten&comma; mediante un inversor&comma; la energ\u00eda en corriente directa generada por los paneles solares en energ\u00eda en corriente alterna en total sincron\u00eda en voltaje y frecuencia tal y como lo entrega CFE.<\/p>\n<\/div>\n<div style='display: flex; flex-wrap: wrap; gap: 30px; margin-bottom: 30px;'>\n<div style='flex: 1 1 300px; min-width: 280px;'><img style='width: 100%; height: auto; border: 1px solid rgba(150&comma;150&comma;150&comma;0.3); border-radius: 8px;' src='https:\/\/ftp3.syscom.mx\/cdn-cgi\/image\/format=png&comma;width=390&comma;height=390\/usuarios\/fotos\/BancoFotografiasSyscom\/GROWATT\/MIN5000TLX2\/MIN5000TLX2-p.PNG?v=1.000250404' alt='Inversor GROWATT MIN5000TLX2'><\/div>\n<div style='flex: 1 1 300px; min-width: 280px;'>\n<h3 style='font-size: 22px; border-bottom: 2px solid currentColor; padding-bottom: 5px; margin-top: 0; color: inherit; opacity: 0.8;'>Componentes Principales<\/h3>\n<ul style='padding-left: 20px; font-size: 15px; color: inherit;'>\n<li style='margin-bottom: 5px;'><strong>Inversor:<\/strong> <a href='https:\/\/www.syscom.mx\/producto\/MIN5000TLX2-GROWATT-224137.html' style='color: #18a085; text-decoration: none;'>MIN5000TLX2<\/a> &#8211; 5kW 220Vca<\/li>\n<li style='margin-bottom: 5px;'><strong>Paneles:<\/strong> <a href='https:\/\/syscom.pro\/products\/237575' target='_blank' rel='noopener noreferrer' style='color: #18a085; text-decoration: none;'>LR772HVH645M<\/a> &#8211; 645W 50Vcc (8 unidades)<\/li>\n<li style='margin-bottom: 5px;'><strong>Conectores:<\/strong> <a href='https:\/\/www.syscom.mx\/principal\/searchcont?route=EPL-01-EPCOM-POWERLINE-144817&#038;autodetect=EPL01' style='color: #18a085; text-decoration: none;'>EPL01<\/a> &#8211; MC4 (2 unidades)<\/li>\n<li style='margin-bottom: 5px;'><strong>Soportes:<\/strong> <a href='https:\/\/www.syscom.mx\/principal\/searchcont?route=VEKTOR8R-EPCOM-POWERLINE-216369&#038;autodetect=VEKTOR8R' style='color: #18a085; text-decoration: none;'>VEKTOR8R<\/a> &#8211; Montaje para 4 m\u00f3dulos solares (2 unidades)<\/li>\n<\/ul>\n<\/div>\n<\/div>\n<div style='display: flex; flex-wrap: wrap; gap: 20px; margin-bottom: 30px;'>\n<div style='flex: 1 1 250px; border: 1px solid rgba(150&comma; 150&comma; 150&comma; 0.4); border-radius: 8px; overflow: hidden; display: flex; flex-direction: column;'>\n<div style='padding: 15px; border-bottom: 1px solid rgba(150&comma; 150&comma; 150&comma; 0.2); font-weight: bold; font-size: 18px; color: inherit;'>Accesorios de Instalaci\u00f3n<\/div>\n<div style='padding: 15px; color: inherit;'>\n<ul style='padding-left: 20px; margin: 0; font-size: 14px; list-style-type: disc;'>\n<li style='margin-bottom: 5px;'><strong>Cable PV:<\/strong> FJ81 y FJ86 (venta por metro)<\/li>\n<li style='margin-bottom: 5px;'><strong>Pastillas de protecci\u00f3n CD:<\/strong> PL20ACD (1 por cadena)<\/li>\n<li style='margin-bottom: 5px;'><strong>Pastillas de protecci\u00f3n CA:<\/strong> PL32ACA<\/li>\n<li style='margin-bottom: 5px;'><strong>Cableado CA:<\/strong><\/li>\n<ul style='padding-left: 25px; font-size: 14px;'>\n<li style='margin-bottom: 5px;'>SLY-304-BLK Cable de Cobre uso rudo 10AWG<\/li>\n<li style='margin-bottom: 5px;'>SLY-304-WTH Cable de Cobre uso rudo 10AWG<\/li>\n<li style='margin-bottom: 5px;'>SLY-304-GRN Cable de Cobre uso rudo 10AWG<\/li>\n<\/ul>\n<\/ul>\n<\/div>\n<\/div>\n<\/div>\n<div style='flex: 1 1 250px; border: 1px solid rgba(150&comma; 150&comma; 150&comma; 0.4); border-radius: 8px; overflow: hidden; display: flex; flex-direction: column;'>\n<div style='padding: 15px; border-bottom: 1px solid rgba(150&comma; 150&comma; 150&comma; 0.2); font-weight: bold; font-size: 18px; color: inherit;'>Notas T\u00e9cnicas<\/div>\n<div style='padding: 15px; color: inherit;'>\n<ul style='padding-left: 20px; margin: 0; font-size: 14px; list-style-type: disc;'>\n<li style='margin-bottom: 5px;'>Los inversores requieren sincronizarse para entregar voltaje&comma; de lo contrario el equipo no entregar\u00e1 voltaje<\/li>\n<li style='margin-bottom: 5px;'>Se recomienda utilizar sistemas de tierra f\u00edsica: <a href='https:\/\/www.syscom.mx\/principal\/searchcont?route=LP-GROUND-30A-LINKEDPRO-BY-EPCOM-172180&#038;autodetect=lp30ground' style='color: #2880b9; text-decoration: none;'>LP-GROUND-30A<\/a><\/li>\n<li style='margin-bottom: 5px;'>Colocar supresores de picos: <a href='https:\/\/www.syscom.mx\/principal\/searchcont?route=LA302R-DELTA-167343&#038;autodetect=la302' style='color: #2880b9; text-decoration: none;'>LA302R<\/a><\/li>\n<li style='margin-bottom: 5px;'>Verificar voltajes de operaci\u00f3n<\/li>\n<\/ul>\n<\/div>\n<\/div>\n<\/div>\n<\/div>\n<hr style='border: 0; border-top: 1px solid rgba(150&comma; 150&comma; 150&comma; 0.3); margin: 30px 0;'>\n<div style='display: grid; grid-template-columns: repeat(auto-fill&comma; minmax(180px&comma; 1fr)); gap: 20px; margin-bottom: 30px;'>\n<div style='text-align: center;'><img style='width: 100%; max-width: 120px; height: auto; border: 1px solid rgba(150&comma;150&comma;150&comma;0.3); border-radius: 8px;' src='https:\/\/ftp3.syscom.mx\/usuarios\/ftp\/single_page\/epcom_powerline\/limpia.png' alt='Energ\u00eda Limpia'><\/p>\n<p style='margin-top: 10px; font-size: 14px; color: inherit;'>Energ\u00eda Limpia<\/p>\n<\/div>\n<div style='text-align: center;'><img style='width: 100%; max-width: 120px; height: auto; border: 1px solid rgba(150&comma;150&comma;150&comma;0.3); border-radius: 8px;' src='https:\/\/ftp3.syscom.mx\/usuarios\/ftp\/single_page\/epcom_powerline\/ahorro.png' alt='Ahorro de Energ\u00eda'><\/p>\n<p style='margin-top: 10px; font-size: 14px; color: inherit;'>Ahorro de Energ\u00eda<\/p>\n<\/div>\n<div style='text-align: center;'><img style='width: 100%; max-width: 120px; height: auto; border: 1px solid rgba(150&comma;150&comma;150&comma;0.3); border-radius: 8px;' src='https:\/\/ftp3.syscom.mx\/usuarios\/ftp\/single_page\/epcom_powerline\/ciudad.png' alt='Cuidado del Medio Ambiente'><\/p>\n<p style='margin-top: 10px; font-size: 14px; color: inherit;'>Cuidado del Medio Ambiente<\/p>\n<\/div>\n<div style='text-align: center;'><img style='width: 100%; max-width: 120px; height: auto; border: 1px solid rgba(150&comma;150&comma;150&comma;0.3); border-radius: 8px;' src='https:\/\/ftp3.syscom.mx\/usuarios\/ftp\/single_page\/epcom_powerline\/conexion.png' alt='Conexi\u00f3n sencilla'><\/p>\n<p style='margin-top: 10px; font-size: 14px; color: inherit;'>Conexi\u00f3n sencilla<\/p>\n<\/div>\n<\/div>\n<\/div>\n","protected":false},"excerpt":{"rendered":"<p>Kit Solar Interconexion  \/ 5kW  220Vca \/ Inversor GROWATT \/ Montaje Incluido<\/p>\n","protected":false},"featured_media":38385,"comment_status":"open","ping_status":"closed","template":"","meta":[],"product_brand":[],"product_cat":[1129],"product_tag":[964,1157,1130],"class_list":{"0":"post-38386","1":"product","2":"type-product","3":"status-publish","4":"has-post-thumbnail","6":"product_cat-kit-solar-interconexion","7":"product_tag-energia-solar","8":"product_tag-growatt","9":"product_tag-kit-solar-interconexion","11":"first","12":"outofstock","13":"sale","14":"shipping-taxable","15":"purchasable","16":"product-type-simple"},"_links":{"self":[{"href":"https:\/\/soydeaqui.ddns.net\/pachuca\/index.php\/wp-json\/wp\/v2\/product\/38386","targetHints":{"allow":["GET"]}}],"collection":[{"href":"https:\/\/soydeaqui.ddns.net\/pachuca\/index.php\/wp-json\/wp\/v2\/product"}],"about":[{"href":"https:\/\/soydeaqui.ddns.net\/pachuca\/index.php\/wp-json\/wp\/v2\/types\/product"}],"replies":[{"embeddable":true,"href":"https:\/\/soydeaqui.ddns.net\/pachuca\/index.php\/wp-json\/wp\/v2\/comments?post=38386"}],"wp:featuredmedia":[{"embeddable":true,"href":"https:\/\/soydeaqui.ddns.net\/pachuca\/index.php\/wp-json\/wp\/v2\/media\/38385"}],"wp:attachment":[{"href":"https:\/\/soydeaqui.ddns.net\/pachuca\/index.php\/wp-json\/wp\/v2\/media?parent=38386"}],"wp:term":[{"taxonomy":"product_brand","embeddable":true,"href":"https:\/\/soydeaqui.ddns.net\/pachuca\/index.php\/wp-json\/wp\/v2\/product_brand?post=38386"},{"taxonomy":"product_cat","embeddable":true,"href":"https:\/\/soydeaqui.ddns.net\/pachuca\/index.php\/wp-json\/wp\/v2\/product_cat?post=38386"},{"taxonomy":"product_tag","embeddable":true,"href":"https:\/\/soydeaqui.ddns.net\/pachuca\/index.php\/wp-json\/wp\/v2\/product_tag?post=38386"}],"curies":[{"name":"wp","href":"https:\/\/api.w.org\/{rel}","templated":true}]}}