{"id":38378,"date":"2026-03-18T16:55:09","date_gmt":"2026-03-18T16:55:09","guid":{"rendered":"https:\/\/soydeaqui.ddns.net\/pachuca\/index.php\/producto\/kit-solar-interconexion-8kw-220vca-inversor-huawei-montaje-incluido\/"},"modified":"2026-03-18T16:55:09","modified_gmt":"2026-03-18T16:55:09","slug":"kit-solar-interconexion-8kw-220vca-inversor-huawei-montaje-incluido","status":"publish","type":"product","link":"https:\/\/soydeaqui.ddns.net\/pachuca\/index.php\/producto\/kit-solar-interconexion-8kw-220vca-inversor-huawei-montaje-incluido\/","title":{"rendered":"Kit Solar Interconexion  \/ 8kW  220Vca \/ Inversor HUAWEI\/ Montaje Incluido"},"content":{"rendered":"<div style='width: 100%; max-width: 1200px; margin: 0 auto; font-family: sans-serif; line-height: 1.6; color: inherit; background-color: transparent;'>\n<div style='width: 100%; background-color: #014e94; padding: 20px 0;'>\n<div style='width: 100%; max-width: 1200px; margin: 0 auto; padding: 0 20px;'>\n<p style='text-align: center; color: white; margin: 0; font-size: 1.5em;'>M\u00e1xi<\/p>\n<p style='text-align: center; color: white; margin: 0; font-size: 1.5em;'>\u00bfC\u00f3mo Funciona?<\/p>\n<div style='text-align: center; margin: 20px 0;'><span style='font-size: 14px; color: inherit; opacity: 0.9; display: inline-block; max-width: 800px;'>Los sistemas de interconexi\u00f3n convierten&comma; mediante un inversor&comma; la energ\u00eda en corriente directa generada por los paneles solares en energ\u00eda en corriente alterna en total sincron\u00eda en voltaje y frecuencia tal y como lo entrega CFE.<\/span><\/div>\n<\/div>\n<\/div>\n<\/div>\n<div style='width: 100%; max-width: 1200px; margin: 0 auto; padding: 0 20px;'>\n<div style='display: flex; flex-wrap: wrap; gap: 30px; margin: 30px 0; align-items: stretch;'>\n<div style='flex: 1 1 300px; min-width: 280px; max-width: 500px;'><img style='width: 100%; height: auto; border: 1px solid rgba(150&comma;150&comma;150&comma;0.3); border-radius: 8px;' src='https:\/\/ftp3.syscom.mx\/cdn-cgi\/image\/format=png&comma;width=390&comma;height=390\/usuarios\/fotos\/BancoFotografiasSyscom\/HUAWEI\/SUN20008KLC0\/SUN20008KLC0-p.PNG?v=1.000250404' alt='Inversor HUAWEI SUN20008KLC0'><\/div>\n<div style='flex: 1 1 300px; min-width: 280px; max-width: 600px;'>\n<h3 style='font-size: 22px; border-bottom: 2px solid currentColor; padding-bottom: 5px; margin-top: 0; color: inherit; opacity: 0.8;'>Componentes Principales<\/h3>\n<ul style='padding-left: 20px; font-size: 15px; color: inherit; list-style-type: none; padding-left: 0;'>\n<li style='margin-bottom: 15px;'><strong style='display: inline-block; width: 20px; vertical-align: top;'>1<\/strong>\n<div style='display: inline-block; width: calc(100% - 30px); padding-left: 5px; border-left: 2px solid #2880b9; margin-left: 5px;'><a style='color: #2880b9; text-decoration: none; font-weight: bold;' href='https:\/\/www.syscom.mx\/producto\/SUN20008KLC0-HUAWEI-FUSIONSOLAR-233482.html'>SUN20008KLC0<\/a>: Inversor de Interconexi\u00f3n HUAWEI 8kW 220Vca<\/div>\n<\/li>\n<li style='margin-bottom: 15px;'><strong style='display: inline-block; width: 20px; vertical-align: top;'>14<\/strong>\n<div style='display: inline-block; width: calc(100% - 30px); padding-left: 5px; border-left: 2px solid #2880b9; margin-left: 5px;'><a style='color: #2880b9; text-decoration: none; font-weight: bold;' href='https:\/\/syscom.pro\/products\/237575' target='_blank' rel='noopener noreferrer'>LR772HVH645M<\/a>: M\u00f3dulo Fotovoltaico 645W 50Vcc<\/div>\n<\/li>\n<li style='margin-bottom: 15px;'><strong style='display: inline-block; width: 20px; vertical-align: top;'>3<\/strong>\n<div style='display: inline-block; width: calc(100% - 30px); padding-left: 5px; border-left: 2px solid #2880b9; margin-left: 5px;'><a style='color: #2880b9; text-decoration: none; font-weight: bold;' href='https:\/\/www.syscom.mx\/principal\/searchcont?route=EPL-01-EPCOM-POWERLINE-144817&#038;autodetect=EPL01'>EPL01<\/a>: Conector MC4<\/div>\n<\/li>\n<li style='margin-bottom: 15px;'><strong style='display: inline-block; width: 20px; vertical-align: top;'>3<\/strong>\n<div style='display: inline-block; width: calc(100% - 30px); padding-left: 5px; border-left: 2px solid #2880b9; margin-left: 5px;'><a style='color: #2880b9; text-decoration: none; font-weight: bold;' href='https:\/\/www.syscom.mx\/principal\/searchcont?route=VEKTOR8R-EPCOM-POWERLINE-216369&#038;autodetect=VEKTOR8R'>VEKTOR8R<\/a>: Montaje para 4 M\u00f3dulos Solares<\/div>\n<\/li>\n<li style='margin-bottom: 15px;'><strong style='display: inline-block; width: 20px; vertical-align: top;'>1<\/strong>\n<div style='display: inline-block; width: calc(100% - 30px); padding-left: 5px; border-left: 2px solid #2880b9; margin-left: 5px;'><a style='color: #2880b9; text-decoration: none; font-weight: bold;' href='https:\/\/www.syscom.mx\/principal\/searchcont?route=VEKTOR8R2700-EPCOM-POWERLINE-221737&#038;autodetect=VEKTOR8R'>VEKTOR8R2700<\/a>: Montaje para 2 M\u00f3dulos Solares<\/div>\n<\/li>\n<\/ul>\n<\/div>\n<\/div>\n<div style='width: 100%; margin: 30px 0;'>\n<div style='border: 1px solid rgba(150&comma; 150&comma; 150&comma; 0.4); border-radius: 8px; overflow: hidden;'>\n<div style='padding: 15px; background-color: #014e94; color: white; font-weight: bold; font-size: 18px;'>Accesorios de Instalaci\u00f3n (NO incluidos)<\/div>\n<div style='padding: 15px;'>\n<ul style='padding-left: 20px; margin: 0; font-size: 14px; list-style-type: circle;'>\n<li style='margin-bottom: 10px;'><strong>Cable PV (Conexi\u00f3n de m\u00f3dulos a inversor)<\/strong>\n<ul style='margin-top: 5px; margin-left: 20px; padding-left: 15px;'>\n<li>FJ81 y FJ86 (venta por metro)<\/li>\n<\/ul>\n<\/li>\n<li style='margin-bottom: 10px;'><strong>Pastillas de protecci\u00f3n (Corriente Directa)<\/strong>\n<ul style='margin-top: 5px; margin-left: 20px; padding-left: 15px;'>\n<li>PL20ACD (se requiere 1 por cadena)<\/li>\n<\/ul>\n<\/li>\n<li style='margin-bottom: 10px;'><strong>Pastillas de protecci\u00f3n (Corriente Alterna)<\/strong>\n<ul style='margin-top: 5px; margin-left: 20px; padding-left: 15px;'>\n<li>PL63ACA<\/li>\n<\/ul>\n<\/li>\n<li style='margin-bottom: 10px;'><strong>Cableado CA<\/strong>\n<ul style='margin-top: 5px; margin-left: 20px; padding-left: 15px;'>\n<li>SLY-296-BLK Cable de Cobre uso rudo 8AWG<\/li>\n<li>SLY-296-WTH Cable de Cobre uso rudo 8AWG<\/li>\n<li>SLY-296-GRN Cable de Cobre uso rudo 8AWG<\/li>\n<\/ul>\n<\/li>\n<\/ul>\n<\/div>\n<\/div>\n<\/div>\n<div style='width: 100%; margin: 30px 0;'>\n<div style='border: 1px solid rgba(150&comma; 150&comma; 150&comma; 0.4); border-radius: 8px; overflow: hidden;'>\n<div style='padding: 15px; background-color: #f8f9fa; color: #222; font-weight: bold; font-size: 18px;'>Notas T\u00e9cnicas<\/div>\n<div style='padding: 15px;'>\n<ul style='padding-left: 20px; margin: 0; font-size: 14px; list-style-type: disc;'>\n<li style='margin-bottom: 10px;'>Los inversores requieren sincronizarse para entregar voltaje&comma; de lo contrario el equipo no entregar\u00e1 voltaje&comma; si se miden las terminales con los paneles conectados el voltaje medido debe ser 0V.<\/li>\n<li style='margin-bottom: 10px;'>Se recomienda utilizar sistemas de tierra f\u00edsica (<a style='color: #2880b9; text-decoration: none; font-weight: bold;' href='https:\/\/www.syscom.mx\/principal\/searchcont?route=LP-GROUND-30A-LINKEDPRO-BY-EPCOM-172180&#038;autodetect=lp30ground'>LP-GROUND-30A<\/a>)&comma; colocar supresores de picos (<a style='color: #2880b9; text-decoration: none; font-weight: bold;' href='https:\/\/www.syscom.mx\/principal\/searchcont?route=LA302R-DELTA-167343&#038;autodetect=la302'>LA302R<\/a>) y verificar voltajes de operaci\u00f3n.<\/li>\n<\/ul>\n<\/div>\n<\/div>\n<\/div>\n<div style='width: 100%; margin: 30px 0;'>\n<div style='display: flex; flex-wrap: wrap; gap: 20px; justify-content: center;'>\n<div style='flex: 1 1 150px; min-width: 150px; text-align: center;'><img style='width: 80px; height: 80px; margin-bottom: 10px; border: 1px solid rgba(150&comma;150&comma;150&comma;0.3); border-radius: 8px;' src='https:\/\/ftp3.syscom.mx\/usuarios\/ftp\/single_page\/epcom_powerline\/limpia.png' alt='Energ\u00eda Limpia'><\/p>\n<p style='margin: 0; font-size: 14px;'>Energ\u00eda Limpia<\/p>\n<\/div>\n<div style='flex: 1 1 150px; min-width: 150px; text-align: center;'><img style='width: 80px; height: 80px; margin-bottom: 10px; border: 1px solid rgba(150&comma;150&comma;150&comma;0.3); border-radius: 8px;' src='https:\/\/ftp3.syscom.mx\/usuarios\/ftp\/single_page\/epcom_powerline\/ahorro.png' alt='Ahorro de Energ\u00eda'><\/p>\n<p style='margin: 0; font-size: 14px;'>Ahorro de Energ\u00eda<\/p>\n<\/div>\n<div style='flex: 1 1 150px; min-width: 150px; text-align: center;'><img style='width: 80px; height: 80px; margin-bottom: 10px; border: 1px solid rgba(150&comma;150&comma;150&comma;0.3); border-radius: 8px;' src='https:\/\/ftp3.syscom.mx\/usuarios\/ftp\/single_page\/epcom_powerline\/ciudad.png' alt='Cuidado del Medio Ambiente'><\/p>\n<p style='margin: 0; font-size: 14px;'>Cuidado del Medio Ambiente<\/p>\n<\/div>\n<div style='flex: 1 1 150px; min-width: 150px; text-align: center;'><img style='width: 80px; height: 80px; margin-bottom: 10px; border: 1px solid rgba(150&comma;150&comma;150&comma;0.3); border-radius: 8px;' src='https:\/\/ftp3.syscom.mx\/usuarios\/ftp\/single_page\/epcom_powerline\/conexion.png' alt='Conexi\u00f3n Sencilla'><\/p>\n<p style='margin: 0; font-size: 14px;'>Conexi\u00f3n Sencilla<\/p>\n<\/div>\n<\/div>\n<\/div>\n<\/div>\n<hr style='border: 0; border-top: 1px solid rgba(150&comma; 150&comma; 150&comma; 0.3); margin: 30px 0;'><\/div>\n","protected":false},"excerpt":{"rendered":"<p>Kit Solar Interconexion  \/ 8kW  220Vca \/ Inversor HUAWEI\/ Montaje Incluido<\/p>\n","protected":false},"featured_media":38377,"comment_status":"open","ping_status":"closed","template":"","meta":[],"product_brand":[],"product_cat":[1129],"product_tag":[964,1159,1130],"class_list":{"0":"post-38378","1":"product","2":"type-product","3":"status-publish","4":"has-post-thumbnail","6":"product_cat-kit-solar-interconexion","7":"product_tag-energia-solar","8":"product_tag-huawei-fusionsolar","9":"product_tag-kit-solar-interconexion","11":"first","12":"outofstock","13":"sale","14":"shipping-taxable","15":"purchasable","16":"product-type-simple"},"_links":{"self":[{"href":"https:\/\/soydeaqui.ddns.net\/pachuca\/index.php\/wp-json\/wp\/v2\/product\/38378","targetHints":{"allow":["GET"]}}],"collection":[{"href":"https:\/\/soydeaqui.ddns.net\/pachuca\/index.php\/wp-json\/wp\/v2\/product"}],"about":[{"href":"https:\/\/soydeaqui.ddns.net\/pachuca\/index.php\/wp-json\/wp\/v2\/types\/product"}],"replies":[{"embeddable":true,"href":"https:\/\/soydeaqui.ddns.net\/pachuca\/index.php\/wp-json\/wp\/v2\/comments?post=38378"}],"wp:featuredmedia":[{"embeddable":true,"href":"https:\/\/soydeaqui.ddns.net\/pachuca\/index.php\/wp-json\/wp\/v2\/media\/38377"}],"wp:attachment":[{"href":"https:\/\/soydeaqui.ddns.net\/pachuca\/index.php\/wp-json\/wp\/v2\/media?parent=38378"}],"wp:term":[{"taxonomy":"product_brand","embeddable":true,"href":"https:\/\/soydeaqui.ddns.net\/pachuca\/index.php\/wp-json\/wp\/v2\/product_brand?post=38378"},{"taxonomy":"product_cat","embeddable":true,"href":"https:\/\/soydeaqui.ddns.net\/pachuca\/index.php\/wp-json\/wp\/v2\/product_cat?post=38378"},{"taxonomy":"product_tag","embeddable":true,"href":"https:\/\/soydeaqui.ddns.net\/pachuca\/index.php\/wp-json\/wp\/v2\/product_tag?post=38378"}],"curies":[{"name":"wp","href":"https:\/\/api.w.org\/{rel}","templated":true}]}}